{"id":25403,"date":"2025-06-12T10:28:55","date_gmt":"2025-06-12T07:28:55","guid":{"rendered":"https:\/\/www.khas.edu.tr\/?page_id=25403"},"modified":"2025-07-21T13:07:13","modified_gmt":"2025-07-21T10:07:13","slug":"nm-history","status":"publish","type":"page","link":"https:\/\/www.khas.edu.tr\/en\/nm-history\/","title":{"rendered":"nm-History"},"content":{"rendered":"\t\t<div data-elementor-type=\"wp-page\" data-elementor-id=\"25403\" class=\"elementor elementor-25403 elementor-23115\">\n\t\t\t\t<div class=\"elementor-element elementor-element-9369659 e-flex e-con-boxed e-con e-parent\" data-id=\"9369659\" data-element_type=\"container\" data-e-type=\"container\">\n\t\t\t\t\t<div class=\"e-con-inner\">\n\t\t\t\t<div class=\"elementor-element elementor-element-26f3740 elementor-widget elementor-widget-heading\" data-id=\"26f3740\" data-element_type=\"widget\" data-e-type=\"widget\" data-widget_type=\"heading.default\">\n\t\t\t\t<div class=\"elementor-widget-container\">\n\t\t\t\t\t<h3 class=\"elementor-heading-title elementor-size-default\">History<\/h3>\t\t\t\t<\/div>\n\t\t\t\t<\/div>\n\t\t\t\t<div class=\"elementor-element elementor-element-4e38e75 elementor-widget-divider--view-line elementor-widget elementor-widget-divider\" data-id=\"4e38e75\" data-element_type=\"widget\" data-e-type=\"widget\" data-widget_type=\"divider.default\">\n\t\t\t\t<div class=\"elementor-widget-container\">\n\t\t\t\t\t\t\t<div class=\"elementor-divider\">\n\t\t\t<span class=\"elementor-divider-separator\">\n\t\t\t\t\t\t<\/span>\n\t\t<\/div>\n\t\t\t\t\t\t<\/div>\n\t\t\t\t<\/div>\n\t\t\t\t\t<\/div>\n\t\t\t\t<\/div>\n\t\t<div class=\"elementor-element elementor-element-c770876 e-flex e-con-boxed e-con e-parent\" data-id=\"c770876\" data-element_type=\"container\" data-e-type=\"container\">\n\t\t\t\t\t<div class=\"e-con-inner\">\n\t\t\t\t<div class=\"elementor-element elementor-element-21f8570 elementor-widget elementor-widget-text-editor\" data-id=\"21f8570\" data-element_type=\"widget\" data-e-type=\"widget\" data-widget_type=\"text-editor.default\">\n\t\t\t\t<div class=\"elementor-widget-container\">\n\t\t\t\t\t\t\t\t\t<p>In 2004, a decision was made to establish a traditional-digital media production center within the Faculty of Communication at Kadir Has University, operating under the direct supervision of the Rector. The center\u2019s name was jointly determined by Rector Y\u00fccel Y\u0131lmaz, journalist and producer of the <em>Pusula<\/em> news program Mithat Bereket, and his brother \u00d6zer Bereket. The center commenced its operations in July 2004 under the title <em>Pusula Academy<\/em>.<\/p><p>In collaboration with students, the center engaged in content production not only within the classroom but also across emerging fields such as mobile communication and online journalism. For example, they developed Turkey\u2019s first multimedia-based (MMS) visual news service in partnership with Turkcell. Additionally, in cooperation with AVEA\u2014another mobile operator at the time\u2014they initiated campaign-driven content projects such as \u201c\u00c7ek, G\u00f6nder, Yay\u0131nlayal\u0131m\u201d. These endeavors represented significant innovations in the new media landscape of that period.<\/p><p>These production practices and evolving approaches to media conceptualization laid the groundwork for the establishment of a new academic department within the faculty. The initiative was spearheaded by \u0130smail Hakk\u0131 Polat, Mithat Bereket, and \u00d6zer Bereket, who dedicated considerable effort to the development of the curriculum and the submission of the program proposal to the Turkish Higher Education Council (Y\u00d6K).<\/p><p>The proposed name \u201cNew Media\u201d initially sparked debate at both the university and Y\u00d6K levels. Although the program was initially rejected due to its unprecedented nature within the national context, the eventual approval of the New Media Department by Y\u00d6K was largely attributable to the efforts and credibility of esteemed journalist Mithat Bereket, who played an active role in the presentation process. The department, officially established in 2009, became the first in Turkey to be founded under the name \u201cNew Media.\u201d<\/p><p>The department\u2019s founding chair was Prof. Dr. Murat Akser. He was subsequently succeeded by Dr. \u00c7i\u011fdem Bozda\u011f, Dr. Eylem Yanarda\u011fo\u011flu, and Dr. Aylin Sunam Audry. As of January 2025, the department has been chaired by Dr. G\u00f6zde C\u00f6bek. Beginning in 2025, the department adopted its new name: <em>Department of New Media and Communication<\/em>.<\/p><p>The department\u2019s founding story is personally recounted by \u0130smail Hakk\u0131 Polat.<\/p>\t\t\t\t\t\t\t\t<\/div>\n\t\t\t\t<\/div>\n\t\t\t\t\t<\/div>\n\t\t\t\t<\/div>\n\t\t<div class=\"elementor-element elementor-element-4ea668e e-flex e-con-boxed e-con e-parent\" data-id=\"4ea668e\" data-element_type=\"container\" data-e-type=\"container\">\n\t\t\t\t\t<div class=\"e-con-inner\">\n\t\t\t\t<div class=\"elementor-element elementor-element-ea57dc7 elementor-widget elementor-widget-video\" data-id=\"ea57dc7\" data-element_type=\"widget\" data-e-type=\"widget\" data-settings=\"{&quot;youtube_url&quot;:&quot;https:\\\/\\\/youtu.be\\\/HEiEcMs6-j8&quot;,&quot;video_type&quot;:&quot;youtube&quot;,&quot;controls&quot;:&quot;yes&quot;}\" data-widget_type=\"video.default\">\n\t\t\t\t<div class=\"elementor-widget-container\">\n\t\t\t\t\t\t\t<div class=\"elementor-wrapper elementor-open-inline\">\n\t\t\t<div class=\"elementor-video\"><\/div>\t\t<\/div>\n\t\t\t\t\t\t<\/div>\n\t\t\t\t<\/div>\n\t\t\t\t\t<\/div>\n\t\t\t\t<\/div>\n\t\t<div class=\"elementor-element elementor-element-fb26ccc e-flex e-con-boxed e-con e-parent\" data-id=\"fb26ccc\" data-element_type=\"container\" data-e-type=\"container\">\n\t\t\t\t\t<div class=\"e-con-inner\">\n\t\t\t\t<div class=\"elementor-element elementor-element-f009b00 elementor-widget elementor-widget-heading\" data-id=\"f009b00\" data-element_type=\"widget\" data-e-type=\"widget\" data-widget_type=\"heading.default\">\n\t\t\t\t<div class=\"elementor-widget-container\">\n\t\t\t\t\t<h3 class=\"elementor-heading-title elementor-size-default\">Mission<\/h3>\t\t\t\t<\/div>\n\t\t\t\t<\/div>\n\t\t\t\t<div class=\"elementor-element elementor-element-ade82f9 elementor-widget-divider--view-line elementor-widget elementor-widget-divider\" data-id=\"ade82f9\" data-element_type=\"widget\" data-e-type=\"widget\" data-widget_type=\"divider.default\">\n\t\t\t\t<div class=\"elementor-widget-container\">\n\t\t\t\t\t\t\t<div class=\"elementor-divider\">\n\t\t\t<span class=\"elementor-divider-separator\">\n\t\t\t\t\t\t<\/span>\n\t\t<\/div>\n\t\t\t\t\t\t<\/div>\n\t\t\t\t<\/div>\n\t\t\t\t\t<\/div>\n\t\t\t\t<\/div>\n\t\t<div class=\"elementor-element elementor-element-21eea01 e-flex e-con-boxed e-con e-parent\" data-id=\"21eea01\" data-element_type=\"container\" data-e-type=\"container\">\n\t\t\t\t\t<div class=\"e-con-inner\">\n\t\t\t\t<div class=\"elementor-element elementor-element-81cb2d7 elementor-widget elementor-widget-text-editor\" data-id=\"81cb2d7\" data-element_type=\"widget\" data-e-type=\"widget\" data-widget_type=\"text-editor.default\">\n\t\t\t\t<div class=\"elementor-widget-container\">\n\t\t\t\t\t\t\t\t\t<p><em>New media<\/em> refers to the rapidly evolving communication tools that have emerged as a result of the convergence between information technologies, communication networks, and the media industry\u2014such as websites, news portals, search engines, blogs, wikis, and social media platforms developed over the internet and mobile networks. Today, traditional media outlets such as newspapers, radio, and television increasingly tend to operate in an integrated manner through new media platforms. This transformation underscores the critical importance of expertise in the field of new media.<\/p><p>As the first academic department established in this field, our Department of New Media and Communication aims to equip students with the ability to understand the unique platforms of digital and mobile communication, develop data-driven communication strategies, and produce content tailored to these channels.<\/p><p>Within our program, we train individuals who can take on key roles in an increasingly digitalized world, who are capable of anticipating and adapting to communication- and technology-based transformations, and who are grounded in both professional competencies and universal values.<\/p><p>\u00a0<\/p>\t\t\t\t\t\t\t\t<\/div>\n\t\t\t\t<\/div>\n\t\t\t\t\t<\/div>\n\t\t\t\t<\/div>\n\t\t\t\t<\/div>\n\t\t","protected":false},"excerpt":{"rendered":"<p>History In 2004, a decision was made to establish a traditional-digital media production center within the Faculty of Communication at Kadir Has University, operating under the direct supervision of the Rector. The center\u2019s name was jointly determined by Rector Y\u00fccel Y\u0131lmaz, journalist and producer of the Pusula news program Mithat Bereket, and his brother \u00d6zer [&hellip;]<\/p>\n","protected":false},"author":2,"featured_media":0,"parent":0,"menu_order":0,"comment_status":"closed","ping_status":"closed","template":"","meta":{"slim_seo":{"title":"nm-History - Kadir Has University","description":"History In 2004, a decision was made to establish a traditional-digital media production center within the Faculty of Communication at Kadir Has University, ope"},"footnotes":""},"birimler":[75],"class_list":["post-25403","page","type-page","status-publish","hentry","birimler-new-media-communication"],"_links":{"self":[{"href":"https:\/\/www.khas.edu.tr\/en\/wp-json\/wp\/v2\/pages\/25403","targetHints":{"allow":["GET"]}}],"collection":[{"href":"https:\/\/www.khas.edu.tr\/en\/wp-json\/wp\/v2\/pages"}],"about":[{"href":"https:\/\/www.khas.edu.tr\/en\/wp-json\/wp\/v2\/types\/page"}],"author":[{"embeddable":true,"href":"https:\/\/www.khas.edu.tr\/en\/wp-json\/wp\/v2\/users\/2"}],"replies":[{"embeddable":true,"href":"https:\/\/www.khas.edu.tr\/en\/wp-json\/wp\/v2\/comments?post=25403"}],"version-history":[{"count":4,"href":"https:\/\/www.khas.edu.tr\/en\/wp-json\/wp\/v2\/pages\/25403\/revisions"}],"predecessor-version":[{"id":25491,"href":"https:\/\/www.khas.edu.tr\/en\/wp-json\/wp\/v2\/pages\/25403\/revisions\/25491"}],"wp:attachment":[{"href":"https:\/\/www.khas.edu.tr\/en\/wp-json\/wp\/v2\/media?parent=25403"}],"wp:term":[{"taxonomy":"birimler","embeddable":true,"href":"https:\/\/www.khas.edu.tr\/en\/wp-json\/wp\/v2\/birimler?post=25403"}],"curies":[{"name":"wp","href":"https:\/\/api.w.org\/{rel}","templated":true}]}}