{"id":25370,"date":"2025-07-18T10:10:55","date_gmt":"2025-07-18T07:10:55","guid":{"rendered":"https:\/\/www.khas.edu.tr\/?page_id=25370"},"modified":"2025-11-21T17:22:19","modified_gmt":"2025-11-21T14:22:19","slug":"if-commissions","status":"publish","type":"page","link":"https:\/\/www.khas.edu.tr\/en\/if-commissions\/","title":{"rendered":"Commissions"},"content":{"rendered":"\t\t<div data-elementor-type=\"wp-page\" data-elementor-id=\"25370\" class=\"elementor elementor-25370 elementor-25366\">\n\t\t\t\t<div class=\"elementor-element elementor-element-392364a5 e-flex e-con-boxed e-con e-parent\" data-id=\"392364a5\" data-element_type=\"container\" data-e-type=\"container\">\n\t\t\t\t\t<div class=\"e-con-inner\">\n\t\t\t\t<div class=\"elementor-element elementor-element-5efbba6 elementor-widget elementor-widget-text-editor\" data-id=\"5efbba6\" data-element_type=\"widget\" data-e-type=\"widget\" data-widget_type=\"text-editor.default\">\n\t\t\t\t<div class=\"elementor-widget-container\">\n\t\t\t\t\t\t\t\t\t<table style=\"width: 100%; border-collapse: collapse; margin: 10px 0;\" border=\"1\" cellspacing=\"0\" cellpadding=\"6\">\n<tbody>\n<tr>\n<th style=\"background: #e0e0e0; text-align: left;\" colspan=\"2\">BOLOGNA COORDINATION \u2013 SAP and CURRICULUM COMMISSION<\/th>\n<\/tr>\n<tr>\n<td>Assoc. Prof. \u0130rem \u0130nceo\u011flu<\/td>\n<td>Head of Public Relations and Publicity Department (*)<\/td>\n<\/tr>\n<tr>\n<td>Assoc. Prof. Defne Karaosmano\u011flu<\/td>\n<td>Public Relations and Publicity Department Representative<\/td>\n<\/tr>\n<tr>\n<td>Asst. Prof. Perrin \u00d6\u011f\u00fcn Emre<\/td>\n<td>Head of Advertising Department and Representative (*)<\/td>\n<\/tr>\n<tr>\n<td>Asst. Prof. Esin Pa\u00e7a Cengiz<\/td>\n<td>Head of Radio, Television and Cinema Department (*)<\/td>\n<\/tr>\n<tr>\n<td>Asst. Prof. Mine Bertan Y\u0131lmaz<\/td>\n<td>Advertising<\/td>\n<\/tr>\n<tr>\n<td>Asst. Prof. Elif Ak\u00e7al\u0131<\/td>\n<td>Radio, Television and Cinema Department Representative<\/td>\n<\/tr>\n<tr>\n<td>Asst. Prof. Defne T\u00fcz\u00fcn<\/td>\n<td>Radio, Television and Cinema Department<\/td>\n<\/tr>\n<tr>\n<td>Asst. Prof. Emre Sunter<\/td>\n<td>Head of Visual Communication Design Department and Representative (*)<\/td>\n<\/tr>\n<tr>\n<td>Asst. Prof. G\u00f6zde C\u00f6bek<\/td>\n<td>Head of New Media and Communication Department (*)<\/td>\n<\/tr>\n<tr>\n<td>Asst. Prof. Onur Sesig\u00fcr<\/td>\n<td>New Media and Communication Department Representative<\/td>\n<\/tr>\n<tr>\n<td colspan=\"2\"><em>Note: The Commission consists of the Dean, Vice Deans and Heads of Departments as natural members, as well as the names listed above. (*)<\/em><\/td>\n<\/tr>\n\n<tr>\n<th style=\"background: #e0e0e0; text-align: left;\" colspan=\"2\">SOCIAL MEDIA AND WEB COMMISSION<\/th>\n<\/tr>\n<tr>\n<td>Specialist Livanur Damra Bakmaz<\/td>\n<td>Faculty and New Media and Communication Department Representative<\/td>\n<\/tr>\n<tr>\n<td>Senior Specialist Ali Do\u011fan<\/td>\n<td>Advertising Department Representative<\/td>\n<\/tr>\n<tr>\n<td>Res. Asst. G\u00fcl\u00e7in \u00c7aktu\u011f Kurt<\/td>\n<td>Radio, Television and Cinema Department Representative<\/td>\n<\/tr>\n<tr>\n<td>Res. Asst. Arda Baran Keskin<\/td>\n<td>Visual Communication Design Department Representative<\/td>\n<\/tr>\n\n<tr>\n<th style=\"background: #e0e0e0; text-align: left;\" colspan=\"2\">DOUBLE MAJOR \u2013 MINOR \u2013 HORIZONTAL TRANSFER AND ADAPTATION COMMISSION<\/th>\n<\/tr>\n<tr>\n<td>Prof. Dr. Banu Baybars Hawks<\/td>\n<td>Advertising Department Representative \/ Faculty and Public Relations and Publicity Department Representative<\/td>\n<\/tr>\n<tr>\n<td>Asst. Prof. Onur Sesig\u00fcr<\/td>\n<td>New Media and Communication Department Representative<\/td>\n<\/tr>\n<tr>\n<td>Asst. Prof. \u0130dil Ak\u0131n<\/td>\n<td>New Media and Communication Department Representative<\/td>\n<\/tr>\n<tr>\n<td>Prof. Dr. Melis Behlil<\/td>\n<td>Radio, Television and Cinema Department Representative<\/td>\n<\/tr>\n<tr>\n<td>Lecturer Doruk Kumkumo\u011flu<\/td>\n<td>Visual Communication Design Department Representative<\/td>\n<\/tr>\n\n<tr>\n<th style=\"background: #e0e0e0; text-align: left;\" colspan=\"2\">ERASMUS COMMISSION<\/th>\n<\/tr>\n<tr>\n<td>Assoc. Prof. \u0130rem \u0130nceo\u011flu<\/td>\n<td>Faculty and Public Relations and Publicity Department Representative<\/td>\n<\/tr>\n<tr>\n<td>Asst. Prof. Defne Karaosmano\u011flu<\/td>\n<td>Advertising Department Representative<\/td>\n<\/tr>\n<tr>\n<td>Assoc. Prof. \u0130rem \u0130nceo\u011flu<\/td>\n<td>New Media and Communication Department Representative<\/td>\n<\/tr>\n<tr>\n<td>Asst. Prof. Esin Pa\u00e7a Cengiz<\/td>\n<td>Radio, Television and Cinema Department Representative<\/td>\n<\/tr>\n<tr>\n<td>Assoc. Prof. Balca Arda<\/td>\n<td>Visual Communication Design Department Representative<\/td>\n<\/tr>\n\n<tr>\n<th style=\"background: #e0e0e0; text-align: left;\" colspan=\"2\">INTERNSHIP COMMISSION<\/th>\n<\/tr>\n<tr>\n<td>Asst. Prof. \u0130dil Ak\u0131n<\/td>\n<td>Public Relations and Publicity Department Representative<\/td>\n<\/tr>\n<tr>\n<td>Asst. Prof. Defne T\u00fcz\u00fcn<\/td>\n<td>Radio, Television and Cinema Department Representative<\/td>\n<\/tr>\n<tr>\n<td>Asst. Prof. Onur Serdan \u00c7arbo\u011fa<\/td>\n<td>Advertising Department Representative<\/td>\n<\/tr>\n<tr>\n<td>Res. Asst. B\u00fc\u015fra Sa\u011flam<\/td>\n<td>New Media and Communication Department Representative<\/td>\n<\/tr>\n<tr>\n<td>Asst. Prof. Emre S\u00fcnter<\/td>\n<td>Visual Communication Design Department Representative<\/td>\n<\/tr>\n\n<tr>\n<th style=\"background: #e0e0e0; text-align: left;\" colspan=\"2\">PROMOTION COMMISSION<\/th>\n<\/tr>\n<tr>\n<td>Asst. Prof. Perrin \u00d6\u011f\u00fcn Emre<\/td>\n<td>Department Chair (Coordination)<\/td>\n<\/tr>\n<tr>\n<td>Assoc. Prof. \u0130rem \u0130nceo\u011flu<\/td>\n<td>Department Chair (Coordination)<\/td>\n<\/tr>\n<tr>\n<td>Asst. Prof. Esin Pa\u00e7a Cengiz<\/td>\n<td>Department Chair (Coordination)<\/td>\n<\/tr>\n<tr>\n<td>Asst. Prof. G\u00f6zde C\u00f6bek<\/td>\n<td>Department Chair (Coordination)<\/td>\n<\/tr>\n<tr>\n<td>Asst. Prof. Emre S\u00fcnter<\/td>\n<td>Department Chair (Coordination)<\/td>\n<\/tr>\n\n<tr>\n<th style=\"background: #e0e0e0; text-align: left;\" colspan=\"2\">ADDICTION PREVENTION COMMISSION<\/th>\n<\/tr>\n<tr>\n<td>Asst. Prof. \u0130dil Ak\u0131n<\/td>\n<td>Chair<\/td>\n<\/tr>\n<tr>\n<td>Asst. Prof. Mine Bertan Y\u0131lmaz<\/td>\n<td>Member<\/td>\n<\/tr>\n<tr>\n<td>Asst. Prof. Onur Serdan \u00c7arbo\u011fa<\/td>\n<td>Member<\/td>\n<\/tr>\n<\/tbody>\n<\/table>\n\t\t\t\t\t\t\t\t<\/div>\n\t\t\t\t<\/div>\n\t\t\t\t\t<\/div>\n\t\t\t\t<\/div>\n\t\t\t\t<\/div>\n\t\t","protected":false},"excerpt":{"rendered":"<p>BOLOGNA COORDINATION \u2013 SAP and CURRICULUM COMMISSION Assoc. Prof. \u0130rem \u0130nceo\u011flu Head of Public Relations and Publicity Department (*) Assoc. Prof. Defne Karaosmano\u011flu Public Relations and Publicity Department Representative Asst. Prof. Perrin \u00d6\u011f\u00fcn Emre Head of Advertising Department and Representative (*) Asst. Prof. Esin Pa\u00e7a Cengiz Head of Radio, Television and Cinema Department (*) Asst. [&hellip;]<\/p>\n","protected":false},"author":2,"featured_media":0,"parent":0,"menu_order":0,"comment_status":"closed","ping_status":"closed","template":"","meta":{"slim_seo":{"title":"Commissions - Kadir Has University","description":"BOLOGNA COORDINATION \u2013 SAP and CURRICULUM COMMISSION Assoc. Prof. \u0130rem \u0130nceo\u011flu Head of Public Relations and Publicity Department (*) Assoc. Prof. Defne Karaosm"},"footnotes":""},"birimler":[80],"class_list":["post-25370","page","type-page","status-publish","hentry","birimler-comm"],"_links":{"self":[{"href":"https:\/\/www.khas.edu.tr\/en\/wp-json\/wp\/v2\/pages\/25370","targetHints":{"allow":["GET"]}}],"collection":[{"href":"https:\/\/www.khas.edu.tr\/en\/wp-json\/wp\/v2\/pages"}],"about":[{"href":"https:\/\/www.khas.edu.tr\/en\/wp-json\/wp\/v2\/types\/page"}],"author":[{"embeddable":true,"href":"https:\/\/www.khas.edu.tr\/en\/wp-json\/wp\/v2\/users\/2"}],"replies":[{"embeddable":true,"href":"https:\/\/www.khas.edu.tr\/en\/wp-json\/wp\/v2\/comments?post=25370"}],"version-history":[{"count":11,"href":"https:\/\/www.khas.edu.tr\/en\/wp-json\/wp\/v2\/pages\/25370\/revisions"}],"predecessor-version":[{"id":32772,"href":"https:\/\/www.khas.edu.tr\/en\/wp-json\/wp\/v2\/pages\/25370\/revisions\/32772"}],"wp:attachment":[{"href":"https:\/\/www.khas.edu.tr\/en\/wp-json\/wp\/v2\/media?parent=25370"}],"wp:term":[{"taxonomy":"birimler","embeddable":true,"href":"https:\/\/www.khas.edu.tr\/en\/wp-json\/wp\/v2\/birimler?post=25370"}],"curies":[{"name":"wp","href":"https:\/\/api.w.org\/{rel}","templated":true}]}}