{"id":24535,"date":"2025-06-24T09:44:43","date_gmt":"2025-06-24T06:44:43","guid":{"rendered":"https:\/\/www.khas.edu.tr\/?page_id=24535"},"modified":"2025-07-10T13:02:04","modified_gmt":"2025-07-10T10:02:04","slug":"internship-experiences","status":"publish","type":"page","link":"https:\/\/www.khas.edu.tr\/en\/internship-experiences\/","title":{"rendered":"Internship Experiences"},"content":{"rendered":"\t\t<div data-elementor-type=\"wp-page\" data-elementor-id=\"24535\" class=\"elementor elementor-24535 elementor-23876\">\n\t\t\t\t<div class=\"elementor-element elementor-element-a552045 e-flex e-con-boxed e-con e-parent\" data-id=\"a552045\" data-element_type=\"container\" data-e-type=\"container\">\n\t\t\t\t\t<div class=\"e-con-inner\">\n\t\t\t\t<div class=\"elementor-element elementor-element-b893f4a elementor-widget elementor-widget-image\" data-id=\"b893f4a\" data-element_type=\"widget\" data-e-type=\"widget\" data-widget_type=\"image.default\">\n\t\t\t\t<div class=\"elementor-widget-container\">\n\t\t\t\t\t\t\t\t\t\t\t\t\t\t\t<img fetchpriority=\"high\" decoding=\"async\" width=\"2560\" height=\"1146\" src=\"https:\/\/www.khas.edu.tr\/wp-content\/uploads\/2025\/06\/staj-scaled.jpg\" class=\"attachment-full size-full wp-image-24376\" alt=\"\" srcset=\"https:\/\/www.khas.edu.tr\/wp-content\/uploads\/2025\/06\/staj-scaled.jpg 2560w, https:\/\/www.khas.edu.tr\/wp-content\/uploads\/2025\/06\/staj-300x134.jpg 300w, https:\/\/www.khas.edu.tr\/wp-content\/uploads\/2025\/06\/staj-1024x459.jpg 1024w, https:\/\/www.khas.edu.tr\/wp-content\/uploads\/2025\/06\/staj-768x344.jpg 768w, https:\/\/www.khas.edu.tr\/wp-content\/uploads\/2025\/06\/staj-1536x688.jpg 1536w, https:\/\/www.khas.edu.tr\/wp-content\/uploads\/2025\/06\/staj-2048x917.jpg 2048w\" sizes=\"(max-width: 2560px) 100vw, 2560px\" \/>\t\t\t\t\t\t\t\t\t\t\t\t\t\t\t<\/div>\n\t\t\t\t<\/div>\n\t\t\t\t\t<\/div>\n\t\t\t\t<\/div>\n\t\t<div class=\"elementor-element elementor-element-ce31d13 e-flex e-con-boxed e-con e-parent\" data-id=\"ce31d13\" data-element_type=\"container\" data-e-type=\"container\">\n\t\t\t\t\t<div class=\"e-con-inner\">\n\t\t\t\t<div class=\"elementor-element elementor-element-bbac2bd elementor-widget elementor-widget-text-editor\" data-id=\"bbac2bd\" data-element_type=\"widget\" data-e-type=\"widget\" data-widget_type=\"text-editor.default\">\n\t\t\t\t<div class=\"elementor-widget-container\">\n\t\t\t\t\t\t\t\t\t<section class=\"elementor-section elementor-top-section elementor-element elementor-element-891fb36 elementor-section-stretched elementor-section-boxed elementor-section-height-default elementor-section-height-default\" data-id=\"891fb36\" data-element_type=\"section\" data-settings=\"{&quot;stretch_section&quot;:&quot;section-stretched&quot;,&quot;tmea_shape_divider_top&quot;:&quot;none&quot;,&quot;tmea_shape_divider_bottom&quot;:&quot;none&quot;}\"><div class=\"elementor-container elementor-column-gap-default\"><div class=\"elementor-column elementor-col-100 elementor-top-column elementor-element elementor-element-eb78e48\" data-id=\"eb78e48\" data-element_type=\"column\"><div class=\"elementor-widget-wrap elementor-element-populated\"><div class=\"elementor-element elementor-element-cafeef5 elementor-widget elementor-widget-text-editor\" data-id=\"cafeef5\" data-element_type=\"widget\" data-widget_type=\"text-editor.default\"><div class=\"elementor-widget-container\"><p>adHAS students have the chance to meet the industry while studying, thanks to lecturers from successful advertising agencies and the projects they do in their classes. These introductions can lead to internship experiences starting in 3rd and 4th grade!<\/p><\/div><\/div><\/div><\/div><\/div><\/section>\t\t\t\t\t\t\t\t<\/div>\n\t\t\t\t<\/div>\n\t\t\t\t\t<\/div>\n\t\t\t\t<\/div>\n\t\t<div class=\"elementor-element elementor-element-af012b4 e-con-full e-flex e-con e-parent\" data-id=\"af012b4\" data-element_type=\"container\" data-e-type=\"container\">\n\t\t\t\t<div class=\"elementor-element elementor-element-24d3db9 elementor-widget elementor-widget-html\" data-id=\"24d3db9\" data-element_type=\"widget\" data-e-type=\"widget\" data-widget_type=\"html.default\">\n\t\t\t\t<div class=\"elementor-widget-container\">\n\t\t\t\t\t<style>\r\n.personnel-grid {\r\n  display: grid;\r\n  grid-template-columns: 1fr;\r\n  gap: 20px;\r\n  max-width: 100%;\r\n  padding: 0 10px;\r\n}\r\n\r\n.person-card {\r\n  background: #fff;\r\n  border: 1px solid #ddd;\r\n  border-radius: 10px;\r\n  overflow: hidden;\r\n  text-align: center;\r\n  padding: 15px;\r\n  box-shadow: 0 2px 8px rgba(0,0,0,0.05);\r\n}\r\n\r\n.person-card img {\r\n  width: 100%;\r\n  height: 250px; \/* Sabit y\u00fckseklik *\/\r\n  object-fit: cover;\r\n  border-radius: 8px;\r\n  margin-bottom: 10px;\r\n}\r\n\r\n.person-card h3 {\r\n  font-size: 1.1rem;\r\n  margin: 4px 0;\r\n  color: #222;\r\n}\r\n\r\n.person-card p {\r\n  margin: 2px 0;\r\n  font-size: 0.95rem;\r\n  color: #555;\r\n}\r\n\r\n@media (min-width: 600px) {\r\n  .personnel-grid {\r\n    grid-template-columns: repeat(3, 1fr);\r\n  }\r\n}\r\n\r\n@media (min-width: 900px) {\r\n  .personnel-grid {\r\n    grid-template-columns: repeat(4, 1fr);\r\n  }\r\n}\r\n<\/style>\r\n\r\n<div class=\"personnel-grid\">\r\n\r\n  <div class=\"person-card\">\r\n    <img decoding=\"async\" src=\"https:\/\/www.khas.edu.tr\/wp-content\/uploads\/2025\/06\/Resim3.jpg\" alt=\"Nazl\u0131han Abdiko\u011flu\">\r\n    <h3>Nazl\u0131han Abdiko\u011flu<\/h3>\r\n    <p>Pixiu Digital \/ Creative Intern (Jan-Jun 2023)<\/p>\r\n    <p>Tribal Worldwide Istanbul \/ Trainee Copywriter (Jun-Aug 2023)<\/p>\r\n    <p>Senfonico \/ Intern Copywriter (Aug 2023-Feb 2024)<\/p>\r\n    <p>HALKEGMAG \/ Intern (Dec 2024 - Mar 2025)<\/p>\r\n  <\/div>\r\n\r\n  <div class=\"person-card\">\r\n    <img decoding=\"async\" src=\"https:\/\/www.khas.edu.tr\/wp-content\/uploads\/2025\/06\/Resim16.png\" alt=\"Beril Dan\u0131\u015fmaz\">\r\n    <h3>Beril Dan\u0131\u015fmaz<\/h3>\r\n    <p>Cubedots \/ Marketing Intern<\/p>\r\n    <p>MullenLowe Istanbul \/ Digital Media Intern<\/p>\r\n    <p>Korni\u015fon Ajans \/ Influencer Marketing Intern<\/p>\r\n  <\/div>\r\n\r\n  <div class=\"person-card\">\r\n    <img decoding=\"async\" src=\"https:\/\/www.khas.edu.tr\/wp-content\/uploads\/2025\/06\/Resim15.png\" alt=\"\u0130layda Dilan Ate\u015f\">\r\n    <h3>\u0130layda Dilan Ate\u015f<\/h3>\r\n    <p>Tribal Worldwide Istanbul \/ Copywriter<\/p>\r\n    <p>CROP Experience Agency \/ Social Media Manager<\/p>\r\n    <p>Poddy \/ Social Media Manager<\/p>\r\n    <p>4129 \/ Social Media Manager<\/p>\r\n  <\/div>\r\n\r\n  <div class=\"person-card\">\r\n    <img decoding=\"async\" src=\"https:\/\/www.khas.edu.tr\/wp-content\/uploads\/2025\/06\/Resim14.png\" alt=\"Melisa \u00c7al\u0131\u015fkan\">\r\n    <h3>Melisa \u00c7al\u0131\u015fkan<\/h3>\r\n    <p>PunchBBDO \/ Copywriter<\/p>\r\n    <p>team \u00d7 (Omnicom) \/ Copywriter<\/p>\r\n    <p>Muse \u0130stanbul \/ Copywriter<\/p>\r\n    <p>YW \/ Junior Copywriter<\/p>\r\n  <\/div>\r\n\r\n  <div class=\"person-card\">\r\n    <img decoding=\"async\" src=\"https:\/\/www.khas.edu.tr\/wp-content\/uploads\/2025\/06\/Resim13.png\" alt=\"Erva Y\u0131lmaz\">\r\n    <h3>Erva Y\u0131lmaz <\/h3>\r\n    <p>PHD Turkey \/ Junior TV Executive<\/p>\r\n    <p>Onedio.com \/ Sales Freelancer<\/p>\r\n    <p>beeviral.co \/ Growth Specialist<\/p>\r\n    <p>Trompet \/ Junior Creative<\/p>\r\n  <\/div>\r\n\r\n  <div class=\"person-card\">\r\n    <img decoding=\"async\" src=\"https:\/\/www.khas.edu.tr\/wp-content\/uploads\/2025\/06\/Resim12.png\" alt=\"\u015eeyma Tekin\">\r\n    <h3>\u015eeyma Tekin<\/h3>\r\n    <p>Medina Turgul DDB \/ Account Manager<\/p>\r\n    <p>Happy People Project \/ Jr Account Executive<\/p>\r\n    <p>Rafineri \/ Account Executive Intern<\/p>\r\n    <p>Busch Gardens Tampa \/ Summer Staff<\/p>\r\n    <p>YW \/ Account Executive & Social Media Account<\/p>\r\n  <\/div>\r\n\r\n  <div class=\"person-card\">\r\n    <img decoding=\"async\" src=\"https:\/\/www.khas.edu.tr\/wp-content\/uploads\/2025\/06\/Resim11.png\" alt=\"\u00c7a\u011fla Ek\u015fi O\u011flu\">\r\n    <h3>\u00c7a\u011fla Ek\u015fi O\u011flu <\/h3>\r\n    <p>WPP Media \/ Programmatic Executive<\/p>\r\n    <p>Related Digital \/ Long-Term Account Executive Intern<\/p>\r\n    <p>Kollektif \/ Copywriting Intern<\/p>\r\n    <p>Circus \/ Media Planning \/ Buying Intern<\/p>\r\n  <\/div>\r\n\r\n  <div class=\"person-card\">\r\n    <img decoding=\"async\" src=\"https:\/\/www.khas.edu.tr\/wp-content\/uploads\/2025\/06\/Resim10.png\" alt=\"Artun Er<\">\r\n    <h3>Artun Er<\/h3>\r\n    <p>Tribal Worldwide Istanbul \/ Copywriter<\/p>\r\n    <p>Kar\u0131nca Casting \/ Kast Direkt\u00f6rl\u00fc\u011f\u00fc<\/p>\r\n    <p>Pickle \/ Copywriting Intern<\/p>\r\n  <\/div>\r\n\r\n  <div class=\"person-card\">\r\n    <img decoding=\"async\" src=\"https:\/\/www.khas.edu.tr\/wp-content\/uploads\/2025\/06\/Resim9.jpg\" alt=\"Emine Nura \u015eahin\">\r\n    <h3>Emine Nura \u015eahin<\/h3>\r\n    <p>Beije \/ Brand & Content Intern<\/p>\r\n  <\/div>\r\n\r\n  <div class=\"person-card\">\r\n    <img decoding=\"async\" src=\"https:\/\/www.khas.edu.tr\/wp-content\/uploads\/2025\/06\/Resim8.jpg\" alt=\"Birol \u015eahin\">\r\n    <h3>Birol \u015eahin<\/h3>\r\n    <p>MullenLowe Istanbul \/ Creative Intern<\/p>\r\n    <p>UP School \/ Marketing Intern<\/p>\r\n  <\/div>\r\n\r\n  <div class=\"person-card\">\r\n    <img decoding=\"async\" src=\"https:\/\/www.khas.edu.tr\/wp-content\/uploads\/2025\/06\/Resim7.png\" alt=\"Ceren Y\u0131ld\u0131r\u0131m\">\r\n    <h3>Ceren Y\u0131ld\u0131r\u0131m<\/h3>\r\n    <p>Pixiu Digital \/ Social Media Intern<\/p>\r\n    <p>Senfonico \/ Social Media Intern<\/p>\r\n  <\/div>\r\n\r\n  <div class=\"person-card\">\r\n    <img decoding=\"async\" src=\"https:\/\/www.khas.edu.tr\/wp-content\/uploads\/2025\/06\/Resim6.png\" alt=\"Asl\u0131 Y\u0131lmaz\">\r\n    <h3>Asl\u0131 Y\u0131lmaz<\/h3>\r\n    <p>Otoko\u00e7 Otomotiv \/ Digital Platforms Intern<\/p>\r\n  <\/div>\r\n\r\n  <div class=\"person-card\">\r\n    <img decoding=\"async\" src=\"https:\/\/www.khas.edu.tr\/wp-content\/uploads\/2025\/06\/Resim5.png\" alt=\"Nisan G\u00f6rg\u00fcl\u00fc\">\r\n    <h3>Nisan G\u00f6rg\u00fcl\u00fc<\/h3>\r\n    <p>The Others \u2013 Brand Experience Agency \/ Creative Intern<\/p>\r\n    <p>Tribal Worldwide Istanbul \/ Trainee Account Executive<\/p>\r\n  <\/div>\r\n\r\n  <div class=\"person-card\">\r\n    <img decoding=\"async\" src=\"https:\/\/www.khas.edu.tr\/wp-content\/uploads\/2025\/06\/Resim4.png\" alt=\"Tuana Ye\u011fin\">\r\n    <h3>Tuana Ye\u011fin<\/h3>\r\n    <p>Happy People Project \/ Account Executive Intern<\/p>\r\n  <\/div>\r\n  \r\n\r\n  \r\n<\/p>\r\n  <\/div>\r\n\r\n<\/div>\r\n\t\t\t\t<\/div>\n\t\t\t\t<\/div>\n\t\t\t\t<\/div>\n\t\t\t\t<\/div>\n\t\t","protected":false},"excerpt":{"rendered":"<p>adHAS students have the chance to meet the industry while studying, thanks to lecturers from successful advertising agencies and the projects they do in their classes. These introductions can lead to internship experiences starting in 3rd and 4th grade! Nazl\u0131han Abdiko\u011flu Pixiu Digital \/ Creative Intern (Jan-Jun 2023) Tribal Worldwide Istanbul \/ Trainee Copywriter (Jun-Aug [&hellip;]<\/p>\n","protected":false},"author":2,"featured_media":0,"parent":0,"menu_order":0,"comment_status":"closed","ping_status":"closed","template":"","meta":{"slim_seo":{"title":"Internship Experiences - Kadir Has University","description":"adHAS students have the chance to meet the industry while studying, thanks to lecturers from successful advertising agencies and the projects they do in their c"},"footnotes":""},"birimler":[76],"class_list":["post-24535","page","type-page","status-publish","hentry","birimler-adhas"],"_links":{"self":[{"href":"https:\/\/www.khas.edu.tr\/en\/wp-json\/wp\/v2\/pages\/24535","targetHints":{"allow":["GET"]}}],"collection":[{"href":"https:\/\/www.khas.edu.tr\/en\/wp-json\/wp\/v2\/pages"}],"about":[{"href":"https:\/\/www.khas.edu.tr\/en\/wp-json\/wp\/v2\/types\/page"}],"author":[{"embeddable":true,"href":"https:\/\/www.khas.edu.tr\/en\/wp-json\/wp\/v2\/users\/2"}],"replies":[{"embeddable":true,"href":"https:\/\/www.khas.edu.tr\/en\/wp-json\/wp\/v2\/comments?post=24535"}],"version-history":[{"count":7,"href":"https:\/\/www.khas.edu.tr\/en\/wp-json\/wp\/v2\/pages\/24535\/revisions"}],"predecessor-version":[{"id":25021,"href":"https:\/\/www.khas.edu.tr\/en\/wp-json\/wp\/v2\/pages\/24535\/revisions\/25021"}],"wp:attachment":[{"href":"https:\/\/www.khas.edu.tr\/en\/wp-json\/wp\/v2\/media?parent=24535"}],"wp:term":[{"taxonomy":"birimler","embeddable":true,"href":"https:\/\/www.khas.edu.tr\/en\/wp-json\/wp\/v2\/birimler?post=24535"}],"curies":[{"name":"wp","href":"https:\/\/api.w.org\/{rel}","templated":true}]}}