{"id":22520,"date":"2025-05-29T09:56:04","date_gmt":"2025-05-29T06:56:04","guid":{"rendered":"https:\/\/www.khas.edu.tr\/?page_id=22520"},"modified":"2025-05-29T09:58:25","modified_gmt":"2025-05-29T06:58:25","slug":"academic-advisory-board","status":"publish","type":"page","link":"https:\/\/www.khas.edu.tr\/en\/academic-advisory-board\/","title":{"rendered":"Academic Advisory Board"},"content":{"rendered":"\t\t<div data-elementor-type=\"wp-page\" data-elementor-id=\"22520\" class=\"elementor elementor-22520 elementor-22515\">\n\t\t\t\t<div class=\"elementor-element elementor-element-f19d604 e-flex e-con-boxed e-con e-parent\" data-id=\"f19d604\" data-element_type=\"container\" data-e-type=\"container\">\n\t\t\t\t\t<div class=\"e-con-inner\">\n\t\t\t\t<div class=\"elementor-element elementor-element-dd2560f elementor-widget elementor-widget-heading\" data-id=\"dd2560f\" data-element_type=\"widget\" data-e-type=\"widget\" data-widget_type=\"heading.default\">\n\t\t\t\t<div class=\"elementor-widget-container\">\n\t\t\t\t\t<h2 class=\"elementor-heading-title elementor-size-default\">Interior Architecture Department Academic Advisory Board Members<\/h2>\t\t\t\t<\/div>\n\t\t\t\t<\/div>\n\t\t\t\t\t<\/div>\n\t\t\t\t<\/div>\n\t\t<div class=\"elementor-element elementor-element-cdedcc8 e-flex e-con-boxed e-con e-parent\" data-id=\"cdedcc8\" data-element_type=\"container\" data-e-type=\"container\">\n\t\t\t\t\t<div class=\"e-con-inner\">\n\t\t\t\t<div class=\"elementor-element elementor-element-b2f2142 elementor-widget-divider--view-line elementor-widget elementor-widget-divider\" data-id=\"b2f2142\" data-element_type=\"widget\" data-e-type=\"widget\" data-widget_type=\"divider.default\">\n\t\t\t\t<div class=\"elementor-widget-container\">\n\t\t\t\t\t\t\t<div class=\"elementor-divider\">\n\t\t\t<span class=\"elementor-divider-separator\">\n\t\t\t\t\t\t<\/span>\n\t\t<\/div>\n\t\t\t\t\t\t<\/div>\n\t\t\t\t<\/div>\n\t\t\t\t\t<\/div>\n\t\t\t\t<\/div>\n\t\t<div class=\"elementor-element elementor-element-a1b65cf e-flex e-con-boxed e-con e-parent\" data-id=\"a1b65cf\" data-element_type=\"container\" data-e-type=\"container\">\n\t\t\t\t\t<div class=\"e-con-inner\">\n\t\t\t\t<div class=\"elementor-element elementor-element-ec23910 elementor-widget elementor-widget-text-editor\" data-id=\"ec23910\" data-element_type=\"widget\" data-e-type=\"widget\" data-widget_type=\"text-editor.default\">\n\t\t\t\t<div class=\"elementor-widget-container\">\n\t\t\t\t\t\t\t\t\t<p>&#8211; Aynur Y\u0131lmaz, Director of IDEALIST Interior Architecture Association<br \/>&#8211; Mustafa Toner, Toner Architecture<br \/>&#8211; Sezin Nas, Galata University Interior Architecture, Research. Assist., (KHAS undergraduate graduate)<br \/>&#8211; Prof. Dr. Sezin Hatice Tanr\u0131\u00f6ver, Bah\u00e7e\u015fehir University, Department of Interior Architecture and Environmental Design<\/p>\t\t\t\t\t\t\t\t<\/div>\n\t\t\t\t<\/div>\n\t\t\t\t\t<\/div>\n\t\t\t\t<\/div>\n\t\t\t\t<\/div>\n\t\t","protected":false},"excerpt":{"rendered":"<p>Interior Architecture Department Academic Advisory Board Members &#8211; Aynur Y\u0131lmaz, Director of IDEALIST Interior Architecture Association&#8211; Mustafa Toner, Toner Architecture&#8211; Sezin Nas, Galata University Interior Architecture, Research. Assist., (KHAS undergraduate graduate)&#8211; Prof. Dr. Sezin Hatice Tanr\u0131\u00f6ver, Bah\u00e7e\u015fehir University, Department of Interior Architecture and Environmental Design<\/p>\n","protected":false},"author":6,"featured_media":0,"parent":0,"menu_order":0,"comment_status":"closed","ping_status":"closed","template":"","meta":{"slim_seo":{"title":"Academic Advisory Board - Kadir Has University","description":"Interior Architecture Department Academic Advisory Board Members - Aynur Y\u0131lmaz, Director of IDEALIST Interior Architecture Association - Mustafa Toner, Toner A"},"footnotes":""},"birimler":[65],"class_list":["post-22520","page","type-page","status-publish","hentry","birimler-iaed"],"_links":{"self":[{"href":"https:\/\/www.khas.edu.tr\/en\/wp-json\/wp\/v2\/pages\/22520","targetHints":{"allow":["GET"]}}],"collection":[{"href":"https:\/\/www.khas.edu.tr\/en\/wp-json\/wp\/v2\/pages"}],"about":[{"href":"https:\/\/www.khas.edu.tr\/en\/wp-json\/wp\/v2\/types\/page"}],"author":[{"embeddable":true,"href":"https:\/\/www.khas.edu.tr\/en\/wp-json\/wp\/v2\/users\/6"}],"replies":[{"embeddable":true,"href":"https:\/\/www.khas.edu.tr\/en\/wp-json\/wp\/v2\/comments?post=22520"}],"version-history":[{"count":4,"href":"https:\/\/www.khas.edu.tr\/en\/wp-json\/wp\/v2\/pages\/22520\/revisions"}],"predecessor-version":[{"id":22527,"href":"https:\/\/www.khas.edu.tr\/en\/wp-json\/wp\/v2\/pages\/22520\/revisions\/22527"}],"wp:attachment":[{"href":"https:\/\/www.khas.edu.tr\/en\/wp-json\/wp\/v2\/media?parent=22520"}],"wp:term":[{"taxonomy":"birimler","embeddable":true,"href":"https:\/\/www.khas.edu.tr\/en\/wp-json\/wp\/v2\/birimler?post=22520"}],"curies":[{"name":"wp","href":"https:\/\/api.w.org\/{rel}","templated":true}]}}