{"id":22452,"date":"2025-05-28T15:51:51","date_gmt":"2025-05-28T12:51:51","guid":{"rendered":"https:\/\/www.khas.edu.tr\/?page_id=22452"},"modified":"2025-05-28T15:56:06","modified_gmt":"2025-05-28T12:56:06","slug":"th-sectoral-collaborations","status":"publish","type":"page","link":"https:\/\/www.khas.edu.tr\/en\/th-sectoral-collaborations\/","title":{"rendered":"th-Sectoral Collaborations"},"content":{"rendered":"\t\t<div data-elementor-type=\"wp-page\" data-elementor-id=\"22452\" class=\"elementor elementor-22452 elementor-22447\">\n\t\t\t\t<div class=\"elementor-element elementor-element-4ac4492 e-flex e-con-boxed e-con e-parent\" data-id=\"4ac4492\" data-element_type=\"container\" data-e-type=\"container\">\n\t\t\t\t\t<div class=\"e-con-inner\">\n\t\t\t\t<div class=\"elementor-element elementor-element-4eb2286 elementor-widget elementor-widget-heading\" data-id=\"4eb2286\" data-element_type=\"widget\" data-e-type=\"widget\" data-widget_type=\"heading.default\">\n\t\t\t\t<div class=\"elementor-widget-container\">\n\t\t\t\t\t<h2 class=\"elementor-heading-title elementor-size-default\">Current Sectoral Collaborations<\/h2>\t\t\t\t<\/div>\n\t\t\t\t<\/div>\n\t\t\t\t\t<\/div>\n\t\t\t\t<\/div>\n\t\t<div class=\"elementor-element elementor-element-8a982be e-flex e-con-boxed e-con e-parent\" data-id=\"8a982be\" data-element_type=\"container\" data-e-type=\"container\">\n\t\t\t\t\t<div class=\"e-con-inner\">\n\t\t\t\t<div class=\"elementor-element elementor-element-299dbd2 elementor-widget-divider--view-line elementor-widget elementor-widget-divider\" data-id=\"299dbd2\" data-element_type=\"widget\" data-e-type=\"widget\" data-widget_type=\"divider.default\">\n\t\t\t\t<div class=\"elementor-widget-container\">\n\t\t\t\t\t\t\t<div class=\"elementor-divider\">\n\t\t\t<span class=\"elementor-divider-separator\">\n\t\t\t\t\t\t<\/span>\n\t\t<\/div>\n\t\t\t\t\t\t<\/div>\n\t\t\t\t<\/div>\n\t\t\t\t\t<\/div>\n\t\t\t\t<\/div>\n\t\t<div class=\"elementor-element elementor-element-4135e0b e-flex e-con-boxed e-con e-parent\" data-id=\"4135e0b\" data-element_type=\"container\" data-e-type=\"container\">\n\t\t\t\t\t<div class=\"e-con-inner\">\n\t\t\t\t<div class=\"elementor-element elementor-element-d818103 elementor-widget elementor-widget-text-editor\" data-id=\"d818103\" data-element_type=\"widget\" data-e-type=\"widget\" data-widget_type=\"text-editor.default\">\n\t\t\t\t<div class=\"elementor-widget-container\">\n\t\t\t\t\t\t\t\t\t<ul><li>AxisSyllabusTurkey<\/li><li>Bah\u00e7e Galata<\/li><li>Columbia University<\/li><li>\u00c7AK &#8211; \u00c7\u0131plak Ayaklar Kumpanyas\u0131<\/li><li>D22<\/li><li>Hope Alkazar<\/li><li>Mimar Sinan G\u00fczel Sanatlar \u00dcniversitesi\u00a0<\/li><li>NYU &#8211; Abu Dhabi<\/li><li>Oyuncular Sendikas\u0131<\/li><li>Uluslararas\u0131 IO Tiyatro Ferstivali<\/li><li>Zorlu PSM<\/li><\/ul>\t\t\t\t\t\t\t\t<\/div>\n\t\t\t\t<\/div>\n\t\t\t\t\t<\/div>\n\t\t\t\t<\/div>\n\t\t<div class=\"elementor-element elementor-element-180fca8 e-flex e-con-boxed e-con e-parent\" data-id=\"180fca8\" data-element_type=\"container\" data-e-type=\"container\">\n\t\t\t\t\t<div class=\"e-con-inner\">\n\t\t\t\t<div class=\"elementor-element elementor-element-c0d84c8 elementor-widget elementor-widget-heading\" data-id=\"c0d84c8\" data-element_type=\"widget\" data-e-type=\"widget\" data-widget_type=\"heading.default\">\n\t\t\t\t<div class=\"elementor-widget-container\">\n\t\t\t\t\t<h2 class=\"elementor-heading-title elementor-size-default\">Sectoral and Artistic Collaborations:\u202f <\/h2>\t\t\t\t<\/div>\n\t\t\t\t<\/div>\n\t\t\t\t\t<\/div>\n\t\t\t\t<\/div>\n\t\t<div class=\"elementor-element elementor-element-13b1a89 e-flex e-con-boxed e-con e-parent\" data-id=\"13b1a89\" data-element_type=\"container\" data-e-type=\"container\">\n\t\t\t\t\t<div class=\"e-con-inner\">\n\t\t\t\t<div class=\"elementor-element elementor-element-6a25d25 elementor-widget elementor-widget-text-editor\" data-id=\"6a25d25\" data-element_type=\"widget\" data-e-type=\"widget\" data-widget_type=\"text-editor.default\">\n\t\t\t\t<div class=\"elementor-widget-container\">\n\t\t\t\t\t\t\t\t\t<p>NDA (National Institute of Ancient Drama) &#8211; Swedish National Children and Youth Theater Unga Klara &#8211; European Network of Research and Documentation of Performances of Ancient Greek Drama &#8211; Amsterdam University of the Arts \/AHK &#8211; HKU (University of the Arts, Utrecht, Netherlands) + GLEJ (Production House, Ljubljana, Slovenia) &#8211; Theater an der Ruhr, Germany (since 2015) &#8211; Istanbul State Theater &#8211; Istanbul City Theaters &#8211; Istanbul Foundation for Culture and Arts \/ IKSV &#8211; METU Theater Festival &#8211; Bilkent Theater Festival &#8211; Nil\u00fcfer Municipality City Theater &#8211; Arter &#8211; Istanbul Modern &#8211; SALT &#8211; Yap\u0131 Kredi Culture and Arts &#8211; Zorlu PSM &#8211; P\u00fcrtela\u015f &#8211; Theater Hemhal &#8211; DasDas &#8211; Hope Alkazar &#8211; \u00c7\u0131plak Ayaklar Kumpanyas\u0131 &#8211; Akbank Sanat &#8211; Mordem Sanat &#8211; Beykoz Kundura &#8211; Turkish Theater Foundation &#8211; ENKA Sanat &#8211; The Impulse Company &#8211; AxisSyllabusTurkey<\/p>\t\t\t\t\t\t\t\t<\/div>\n\t\t\t\t<\/div>\n\t\t\t\t\t<\/div>\n\t\t\t\t<\/div>\n\t\t\t\t<\/div>\n\t\t","protected":false},"excerpt":{"rendered":"<p>Current Sectoral Collaborations AxisSyllabusTurkey Bah\u00e7e Galata Columbia University \u00c7AK &#8211; \u00c7\u0131plak Ayaklar Kumpanyas\u0131 D22 Hope Alkazar Mimar Sinan G\u00fczel Sanatlar \u00dcniversitesi\u00a0 NYU &#8211; Abu Dhabi Oyuncular Sendikas\u0131 Uluslararas\u0131 IO Tiyatro Ferstivali Zorlu PSM Sectoral and Artistic Collaborations:\u202f NDA (National Institute of Ancient Drama) &#8211; Swedish National Children and Youth Theater Unga Klara &#8211; European Network [&hellip;]<\/p>\n","protected":false},"author":6,"featured_media":0,"parent":0,"menu_order":0,"comment_status":"closed","ping_status":"closed","template":"","meta":{"slim_seo":{"title":"th-Sectoral Collaborations - Kadir Has University","description":"Current Sectoral Collaborations AxisSyllabusTurkey Bah\u00e7e Galata Columbia University \u00c7AK - \u00c7\u0131plak Ayaklar Kumpanyas\u0131 D22 Hope Alkazar Mimar Sinan G\u00fczel Sanatlar"},"footnotes":""},"birimler":[63],"class_list":["post-22452","page","type-page","status-publish","hentry","birimler-theatre"],"_links":{"self":[{"href":"https:\/\/www.khas.edu.tr\/en\/wp-json\/wp\/v2\/pages\/22452","targetHints":{"allow":["GET"]}}],"collection":[{"href":"https:\/\/www.khas.edu.tr\/en\/wp-json\/wp\/v2\/pages"}],"about":[{"href":"https:\/\/www.khas.edu.tr\/en\/wp-json\/wp\/v2\/types\/page"}],"author":[{"embeddable":true,"href":"https:\/\/www.khas.edu.tr\/en\/wp-json\/wp\/v2\/users\/6"}],"replies":[{"embeddable":true,"href":"https:\/\/www.khas.edu.tr\/en\/wp-json\/wp\/v2\/comments?post=22452"}],"version-history":[{"count":4,"href":"https:\/\/www.khas.edu.tr\/en\/wp-json\/wp\/v2\/pages\/22452\/revisions"}],"predecessor-version":[{"id":22456,"href":"https:\/\/www.khas.edu.tr\/en\/wp-json\/wp\/v2\/pages\/22452\/revisions\/22456"}],"wp:attachment":[{"href":"https:\/\/www.khas.edu.tr\/en\/wp-json\/wp\/v2\/media?parent=22452"}],"wp:term":[{"taxonomy":"birimler","embeddable":true,"href":"https:\/\/www.khas.edu.tr\/en\/wp-json\/wp\/v2\/birimler?post=22452"}],"curies":[{"name":"wp","href":"https:\/\/api.w.org\/{rel}","templated":true}]}}