{"id":22438,"date":"2025-05-28T15:46:03","date_gmt":"2025-05-28T12:46:03","guid":{"rendered":"https:\/\/www.khas.edu.tr\/?page_id=22438"},"modified":"2026-03-02T10:19:29","modified_gmt":"2026-03-02T07:19:29","slug":"th-academic-advisory-board","status":"publish","type":"page","link":"https:\/\/www.khas.edu.tr\/en\/th-academic-advisory-board\/","title":{"rendered":"Academic Advisory Board"},"content":{"rendered":"\t\t<div data-elementor-type=\"wp-page\" data-elementor-id=\"22438\" class=\"elementor elementor-22438 elementor-22430\">\n\t\t\t\t<div class=\"elementor-element elementor-element-7d909bc e-flex e-con-boxed e-con e-parent\" data-id=\"7d909bc\" data-element_type=\"container\" data-e-type=\"container\">\n\t\t\t\t\t<div class=\"e-con-inner\">\n\t\t\t\t<div class=\"elementor-element elementor-element-ceb2a98 elementor-widget elementor-widget-heading\" data-id=\"ceb2a98\" data-element_type=\"widget\" data-e-type=\"widget\" data-widget_type=\"heading.default\">\n\t\t\t\t<div class=\"elementor-widget-container\">\n\t\t\t\t\t<h2 class=\"elementor-heading-title elementor-size-default\">Theater Department Academic Advisory Board Members<\/h2>\t\t\t\t<\/div>\n\t\t\t\t<\/div>\n\t\t\t\t\t<\/div>\n\t\t\t\t<\/div>\n\t\t<div class=\"elementor-element elementor-element-30b9031 e-flex e-con-boxed e-con e-parent\" data-id=\"30b9031\" data-element_type=\"container\" data-e-type=\"container\">\n\t\t\t\t\t<div class=\"e-con-inner\">\n\t\t\t\t<div class=\"elementor-element elementor-element-47fed96 elementor-widget-divider--view-line elementor-widget elementor-widget-divider\" data-id=\"47fed96\" data-element_type=\"widget\" data-e-type=\"widget\" data-widget_type=\"divider.default\">\n\t\t\t\t<div class=\"elementor-widget-container\">\n\t\t\t\t\t\t\t<div class=\"elementor-divider\">\n\t\t\t<span class=\"elementor-divider-separator\">\n\t\t\t\t\t\t<\/span>\n\t\t<\/div>\n\t\t\t\t\t\t<\/div>\n\t\t\t\t<\/div>\n\t\t\t\t\t<\/div>\n\t\t\t\t<\/div>\n\t\t<div class=\"elementor-element elementor-element-4c5cfb9 e-flex e-con-boxed e-con e-parent\" data-id=\"4c5cfb9\" data-element_type=\"container\" data-e-type=\"container\">\n\t\t\t\t\t<div class=\"e-con-inner\">\n\t\t\t\t<div class=\"elementor-element elementor-element-35ed915 elementor-widget elementor-widget-text-editor\" data-id=\"35ed915\" data-element_type=\"widget\" data-e-type=\"widget\" data-widget_type=\"text-editor.default\">\n\t\t\t\t<div class=\"elementor-widget-container\">\n\t\t\t\t\t\t\t\t\t<ul>\n  <li>Assoc. Prof. Dr. Nilg\u00fcn Firidino\u011flu (Istanbul University \/ Theatre Criticism and Dramaturgy)<\/li>\n  <li>Assoc. Prof. Ebru Soyuerden (MSGS\u00dc \/ Theatre)<\/li>\n  <li>Dr. Seda \u0130lter (Birkbeck, University of London)<\/li>\n  <li>Kerem Kurdo\u011flu (Director)<\/li>\n  <li>Nezaket Erden (KHAS Film and Drama MA alumna \/ Actress)<\/li>\n  <li>Kerem Arslano\u011flu (KHAS Theatre BA graduate \/ Actor)<\/li>\n  <li>\u015eevval \u00c7ak\u0131r (Program Coordinator Specialist \/ Paribu Art)<\/li>\n<\/ul>\t\t\t\t\t\t\t\t<\/div>\n\t\t\t\t<\/div>\n\t\t\t\t\t<\/div>\n\t\t\t\t<\/div>\n\t\t\t\t<\/div>\n\t\t","protected":false},"excerpt":{"rendered":"<p>Theater Department Academic Advisory Board Members Assoc. Prof. Dr. Nilg\u00fcn Firidino\u011flu (Istanbul University \/ Theatre Criticism and Dramaturgy) Assoc. Prof. Ebru Soyuerden (MSGS\u00dc \/ Theatre) Dr. Seda \u0130lter (Birkbeck, University of London) Kerem Kurdo\u011flu (Director) Nezaket Erden (KHAS Film and Drama MA alumna \/ Actress) Kerem Arslano\u011flu (KHAS Theatre BA graduate \/ Actor) \u015eevval \u00c7ak\u0131r [&hellip;]<\/p>\n","protected":false},"author":6,"featured_media":0,"parent":0,"menu_order":0,"comment_status":"closed","ping_status":"closed","template":"","meta":{"slim_seo":{"title":"Academic Advisory Board - Kadir Has University","description":"Theater Department Academic Advisory Board Members Assoc. Prof. Dr. Nilg\u00fcn Firidino\u011flu (Istanbul University \/ Theatre Criticism and Dramaturgy) Assoc. Prof. Ebr"},"footnotes":""},"birimler":[63],"class_list":["post-22438","page","type-page","status-publish","hentry","birimler-theatre"],"_links":{"self":[{"href":"https:\/\/www.khas.edu.tr\/en\/wp-json\/wp\/v2\/pages\/22438","targetHints":{"allow":["GET"]}}],"collection":[{"href":"https:\/\/www.khas.edu.tr\/en\/wp-json\/wp\/v2\/pages"}],"about":[{"href":"https:\/\/www.khas.edu.tr\/en\/wp-json\/wp\/v2\/types\/page"}],"author":[{"embeddable":true,"href":"https:\/\/www.khas.edu.tr\/en\/wp-json\/wp\/v2\/users\/6"}],"replies":[{"embeddable":true,"href":"https:\/\/www.khas.edu.tr\/en\/wp-json\/wp\/v2\/comments?post=22438"}],"version-history":[{"count":8,"href":"https:\/\/www.khas.edu.tr\/en\/wp-json\/wp\/v2\/pages\/22438\/revisions"}],"predecessor-version":[{"id":37291,"href":"https:\/\/www.khas.edu.tr\/en\/wp-json\/wp\/v2\/pages\/22438\/revisions\/37291"}],"wp:attachment":[{"href":"https:\/\/www.khas.edu.tr\/en\/wp-json\/wp\/v2\/media?parent=22438"}],"wp:term":[{"taxonomy":"birimler","embeddable":true,"href":"https:\/\/www.khas.edu.tr\/en\/wp-json\/wp\/v2\/birimler?post=22438"}],"curies":[{"name":"wp","href":"https:\/\/api.w.org\/{rel}","templated":true}]}}