{"id":22415,"date":"2025-05-28T15:26:08","date_gmt":"2025-05-28T12:26:08","guid":{"rendered":"https:\/\/www.khas.edu.tr\/?page_id=22415"},"modified":"2026-04-10T08:23:58","modified_gmt":"2026-04-10T05:23:58","slug":"id-industrial-design-department-academic-advisory-board-members","status":"publish","type":"page","link":"https:\/\/www.khas.edu.tr\/en\/id-industrial-design-department-academic-advisory-board-members\/","title":{"rendered":"Academic Advisory Board"},"content":{"rendered":"\t\t<div data-elementor-type=\"wp-page\" data-elementor-id=\"22415\" class=\"elementor elementor-22415 elementor-22403\">\n\t\t\t\t<div class=\"elementor-element elementor-element-f126390 e-flex e-con-boxed e-con e-parent\" data-id=\"f126390\" data-element_type=\"container\" data-e-type=\"container\">\n\t\t\t\t\t<div class=\"e-con-inner\">\n\t\t\t\t<div class=\"elementor-element elementor-element-9f80b86 elementor-widget elementor-widget-heading\" data-id=\"9f80b86\" data-element_type=\"widget\" data-e-type=\"widget\" data-widget_type=\"heading.default\">\n\t\t\t\t<div class=\"elementor-widget-container\">\n\t\t\t\t\t<h2 class=\"elementor-heading-title elementor-size-default\">Industrial Design Department Academic Advisory Board Members\n<p><span style=\"font-size: 1.75rem\"><\/span><\/p><\/h2>\t\t\t\t<\/div>\n\t\t\t\t<\/div>\n\t\t\t\t<div class=\"elementor-element elementor-element-ce3c6d5 elementor-widget-divider--view-line elementor-widget elementor-widget-divider\" data-id=\"ce3c6d5\" data-element_type=\"widget\" data-e-type=\"widget\" data-widget_type=\"divider.default\">\n\t\t\t\t<div class=\"elementor-widget-container\">\n\t\t\t\t\t\t\t<div class=\"elementor-divider\">\n\t\t\t<span class=\"elementor-divider-separator\">\n\t\t\t\t\t\t<\/span>\n\t\t<\/div>\n\t\t\t\t\t\t<\/div>\n\t\t\t\t<\/div>\n\t\t\t\t\t<\/div>\n\t\t\t\t<\/div>\n\t\t<div class=\"elementor-element elementor-element-f0e40f0 e-flex e-con-boxed e-con e-parent\" data-id=\"f0e40f0\" data-element_type=\"container\" data-e-type=\"container\">\n\t\t\t\t\t<div class=\"e-con-inner\">\n\t\t\t\t<div class=\"elementor-element elementor-element-6b4b59b elementor-widget elementor-widget-text-editor\" data-id=\"6b4b59b\" data-element_type=\"widget\" data-e-type=\"widget\" data-widget_type=\"text-editor.default\">\n\t\t\t\t<div class=\"elementor-widget-container\">\n\t\t\t\t\t\t\t\t\t<p>&#8211; Hakan \u00c7oban, Deputy Secretary General, Istanbul Chamber of Industry<\/p><p>&#8211; Serta\u00e7 Ersay\u0131n, Board Member, World Design Organization (WDO) YEKON President,<\/p><p>&#8211; \u00dcmit ALTUN, Industrial Designer, UM Design<\/p><p>&#8211; De\u011fer Demircan Ac\u0131l\u0131o\u011flu, Glass Products and Glass Packaging Design Director, \u015ei\u015fe Cam Sanayi A\u015e<\/p><p>&#8211; Deniz Ova, Managing Director, Salt Online; Former Director of Design Biennial, \u0130KSV<\/p><p>&#8211; Onur KO\u00c7AN, Design Strategist, Office of Strategic Initiatives, Municipality of Alabama<\/p>\t\t\t\t\t\t\t\t<\/div>\n\t\t\t\t<\/div>\n\t\t\t\t\t<\/div>\n\t\t\t\t<\/div>\n\t\t\t\t<\/div>\n\t\t","protected":false},"excerpt":{"rendered":"<p>Industrial Design Department Academic Advisory Board Members &#8211; Hakan \u00c7oban, Deputy Secretary General, Istanbul Chamber of Industry &#8211; Serta\u00e7 Ersay\u0131n, Board Member, World Design Organization (WDO) YEKON President, &#8211; \u00dcmit ALTUN, Industrial Designer, UM Design &#8211; De\u011fer Demircan Ac\u0131l\u0131o\u011flu, Glass Products and Glass Packaging Design Director, \u015ei\u015fe Cam Sanayi A\u015e &#8211; Deniz Ova, Managing Director, [&hellip;]<\/p>\n","protected":false},"author":6,"featured_media":0,"parent":0,"menu_order":0,"comment_status":"closed","ping_status":"closed","template":"","meta":{"slim_seo":{"title":"Academic Advisory Board - Kadir Has University","description":"Industrial Design Department Academic Advisory Board Members - Hakan \u00c7oban, Deputy Secretary General, Istanbul Chamber of Industry - Serta\u00e7 Ersay\u0131n, Board Membe"},"footnotes":""},"birimler":[66],"class_list":["post-22415","page","type-page","status-publish","hentry","birimler-id"],"_links":{"self":[{"href":"https:\/\/www.khas.edu.tr\/en\/wp-json\/wp\/v2\/pages\/22415","targetHints":{"allow":["GET"]}}],"collection":[{"href":"https:\/\/www.khas.edu.tr\/en\/wp-json\/wp\/v2\/pages"}],"about":[{"href":"https:\/\/www.khas.edu.tr\/en\/wp-json\/wp\/v2\/types\/page"}],"author":[{"embeddable":true,"href":"https:\/\/www.khas.edu.tr\/en\/wp-json\/wp\/v2\/users\/6"}],"replies":[{"embeddable":true,"href":"https:\/\/www.khas.edu.tr\/en\/wp-json\/wp\/v2\/comments?post=22415"}],"version-history":[{"count":6,"href":"https:\/\/www.khas.edu.tr\/en\/wp-json\/wp\/v2\/pages\/22415\/revisions"}],"predecessor-version":[{"id":24670,"href":"https:\/\/www.khas.edu.tr\/en\/wp-json\/wp\/v2\/pages\/22415\/revisions\/24670"}],"wp:attachment":[{"href":"https:\/\/www.khas.edu.tr\/en\/wp-json\/wp\/v2\/media?parent=22415"}],"wp:term":[{"taxonomy":"birimler","embeddable":true,"href":"https:\/\/www.khas.edu.tr\/en\/wp-json\/wp\/v2\/birimler?post=22415"}],"curies":[{"name":"wp","href":"https:\/\/api.w.org\/{rel}","templated":true}]}}