{"id":22218,"date":"2025-03-19T16:27:29","date_gmt":"2025-03-19T13:27:29","guid":{"rendered":"https:\/\/www.khas.edu.tr\/?page_id=22218"},"modified":"2025-05-28T11:17:58","modified_gmt":"2025-05-28T08:17:58","slug":"tubitak-bideb-fundings","status":"publish","type":"page","link":"https:\/\/www.khas.edu.tr\/en\/tubitak-bideb-fundings\/","title":{"rendered":"T\u00dcB\u0130TAK B\u0130DEB Fundings"},"content":{"rendered":"\t\t<div data-elementor-type=\"wp-page\" data-elementor-id=\"22218\" class=\"elementor elementor-22218 elementor-13254\">\n\t\t\t\t<div class=\"elementor-element elementor-element-25f2ac8 e-flex e-con-boxed e-con e-parent\" data-id=\"25f2ac8\" data-element_type=\"container\" data-e-type=\"container\">\n\t\t\t\t\t<div class=\"e-con-inner\">\n\t\t\t\t<div class=\"elementor-element elementor-element-1de4d76 elementor-widget elementor-widget-text-editor\" data-id=\"1de4d76\" data-element_type=\"widget\" data-e-type=\"widget\" data-widget_type=\"text-editor.default\">\n\t\t\t\t<div class=\"elementor-widget-container\">\n\t\t\t\t\t\t\t\t\t<h3>2218 \u2013 Domestic Postdoctoral Research Scholarship Program<\/h3>\n<h3><font color=\"#7e7e7e\"><span style=\"font-size: 16px; font-weight: 400;\">Within the scope of the program; researchers who have a doctoral degree or a specialization or art competency degree in medicine, dentistry, pharmacy and veterinary medicine or who will have a relevant degree are supported to continue their postdoctoral studies in state or foundation higher education institutions providing education in Turkey, research infrastructures that have received qualifications within the scope of 6550*, public research institutes, private sector organizations with R&amp;D or design centers** or capital companies located in Turkey within the scope of technoparks.<\/span><\/font><\/h3>\n<h3><font color=\"#7e7e7e\"><span style=\"font-size: 16px;\">For detailed information:<\/span><\/font><\/h3>\n<h3><a href=\"https:\/\/www.tubitak.gov.tr\/tr\/burslar\/doktora-sonrasi\/arastirma-burs-programlari\/icerik-2218-yurt-ici-doktora-sonrasi-arastirma-burs-programi\" style=\"font-weight: 400; font-size: 16px;\">https:\/\/www.tubitak.gov.tr\/tr\/burslar\/doktora-sonrasi\/arastirma-burs-programlari\/icerik-2218-yurt-ici-doktora-sonrasi-arastirma-burs-programi<\/a><\/h3>\n<div><br><\/div>\n<h3>2219 \u2013 Postdoctoral Research Scholarship Program Abroad<\/h3>\n<h3><font color=\"#7e7e7e\"><span style=\"font-size: 16px; font-weight: 400;\">Within the scope of the program, scientists who will conduct research abroad with a doctoral degree or a specialization or artistic competency degree in medicine, dentistry, pharmacy and veterinary medicine are supported.<\/span><\/font><\/h3>\n<h3><font color=\"#7e7e7e\"><span style=\"font-size: 16px;\">For detailed information:<\/span><\/font><\/h3>\n<h3><a href=\"https:\/\/www.tubitak.gov.tr\/tr\/burslar\/doktora-sonrasi\/arastirma-burs-programlari\/icerik-2219-yurt-disi-doktora-sonrasi-arastirma-burs-programi\" style=\"font-weight: 400; font-size: 16px;\">https:\/\/www.tubitak.gov.tr\/tr\/burslar\/doktora-sonrasi\/arastirma-burs-programlari\/icerik-2219-yurt-disi-doktora-sonrasi-arastirma-burs-programi<\/a><\/h3>\n<div><br><\/div>\n<h3>2221 \u2013 Guest or Sabbatical Scientist Support Program<\/h3>\n<h3><font color=\"#7e7e7e\"><span style=\"font-size: 16px; font-weight: 400;\">Guest\/Academic leave scientists who have completed their doctorate and are working abroad in a job that requires a doctorate degree (having been working at a university, research center or private sector for at least 4 years as of the application date) are encouraged to come to Turkey and are supported to carry out all kinds of academic and R&amp;D activities such as conducting research, working in laboratories, developing products, organizing conferences\/congresses, giving seminars, providing part-time education, writing joint projects.<\/span><\/font><\/h3>\n<h3><font color=\"#7e7e7e\"><span style=\"font-size: 16px; font-weight: 400;\">In addition, scientists who want to spend their Academic Leave Period (sabbatical) in Turkey are also supported within the scope of the program.<\/span><\/font><\/h3>\n<h3><font color=\"#7e7e7e\"><span style=\"font-size: 16px;\">For detailed information:<\/span><\/font><\/h3>\n<h3><a href=\"https:\/\/www.tubitak.gov.tr\/tr\/burslar\/yabancilara-yonelik\/arastirma-burs-programlari\/icerik-2221-konuk-bilim-insani-destekleme\" style=\"font-weight: 400; font-size: 16px;\">https:\/\/www.tubitak.gov.tr\/tr\/burslar\/yabancilara-yonelik\/arastirma-burs-programlari\/icerik-2221-konuk-bilim-insani-destekleme<\/a><\/h3>\n<div><br><\/div>\n<h3>2247 \u2013 A National Leading Researchers Program<\/h3>\n<h3><font color=\"#7e7e7e\"><span style=\"font-size: 16px; font-weight: 400;\">Within the scope of the 2247-A National Leading Researchers Program, projects that contain goals aimed at providing groundbreaking developments for our country in all areas of science and technology, and that have the potential to make significant discoveries and\/or inventions, and domestic scientists who will carry out these projects are supported.<\/span><\/font><\/h3>\n<h3><font color=\"#7e7e7e\"><span style=\"font-size: 16px;\">For detailed information:<\/span><\/font><\/h3>\n<h3><a href=\"https:\/\/www.tubitak.gov.tr\/tr\/burslar\/doktora-sonrasi\/arastirma-burs-programlari\/icerik-2247-a-ulusal-lider-arastirmacilar-programi\" style=\"font-weight: 400; font-size: 16px;\">https:\/\/www.tubitak.gov.tr\/tr\/burslar\/doktora-sonrasi\/arastirma-burs-programlari\/icerik-2247-a-ulusal-lider-arastirmacilar-programi<\/a><\/h3>\n<div><br><\/div>\n<h3>2232 \u2013 A International Leading Researchers Program<\/h3>\n<h3><font color=\"#7e7e7e\"><span style=\"font-size: 16px; font-weight: 400;\">Within the scope of the program, in order to contribute to projects to be carried out in research areas of strategic importance for our country, qualified researchers, especially Turkish scientists, who have distinguished themselves with high-level scientific and\/or technological studies in their fields and have experience working abroad, are encouraged to come to Turkey from abroad and to continue their studies in Turkey&#8217;s leading state or foundation higher education institutions, research infrastructures qualified within the scope of 6550, public research institutes, private sector organizations with R&amp;D or design centers or capital companies located in Turkey within the scope of technoparks.<\/span><\/font><\/h3>\n<h3><font color=\"#7e7e7e\"><span style=\"font-size: 16px;\">For detailed information:<\/span><\/font><\/h3>\n<h3><a href=\"https:\/\/www.tubitak.gov.tr\/tr\/burslar\/doktora-sonrasi\/arastirma-burs-programlari\/icerik-2232-a-uluslararasi-lider-arastirmacilar-programi\" style=\"font-weight: 400; font-size: 16px;\">https:\/\/www.tubitak.gov.tr\/tr\/burslar\/doktora-sonrasi\/arastirma-burs-programlari\/icerik-2232-a-uluslararasi-lider-arastirmacilar-programi<\/a><span style=\"color: rgb(126, 126, 126); font-weight: 400; font-size: 16px;\">&nbsp;&nbsp;<\/span><\/h3>\n<div><span style=\"color: rgb(126, 126, 126); font-weight: 400; font-size: 16px;\"><br><\/span><\/div>\n<h3>2232 \u2013 B International Young Researchers Program<\/h3>\n<h3><font color=\"#7e7e7e\"><span style=\"font-size: 16px; font-weight: 400;\">Within the scope of the program, in order to contribute to projects to be carried out in research areas of strategic importance for our country, young researchers under the age of 40, especially Turkish scientists who have distinguished themselves with high-level scientific and\/or technological studies in their fields and have experience working abroad, are encouraged to come to Turkey from abroad and to continue their studies in Turkey&#8217;s leading state or foundation higher education institutions.<\/span><\/font><\/h3>\n<h3><font color=\"#7e7e7e\"><span style=\"font-size: 16px;\">For detailed information:<\/span><\/font><\/h3>\n<h3><a href=\"https:\/\/www.tubitak.gov.tr\/tr\/burslar\/doktora-sonrasi\/arastirma-burs-programlari\/icerik-2232-b-uluslararasi-genc-arastirmacilar-programi\" style=\"font-weight: 400; font-size: 16px;\">https:\/\/www.tubitak.gov.tr\/tr\/burslar\/doktora-sonrasi\/arastirma-burs-programlari\/icerik-2232-b-uluslararasi-genc-arastirmacilar-programi<\/a><\/h3>\n<div><br><\/div>\n<h3>2247 \u2013 C Intern Researcher Scholarship Program (STAR)<\/h3>\n<h3><font color=\"#7e7e7e\"><span style=\"font-size: 16px; font-weight: 400;\">It is aimed for our young people studying at the undergraduate level to gain R&amp;D culture, take the first step into the research ecosystem and be encouraged to conduct research by being included in research projects carried out in T\u00dcB\u0130TAK Centers and Institutes or supported by T\u00dcB\u0130TAK.<\/span><\/font><\/h3>\n<h3><font color=\"#7e7e7e\"><span style=\"font-size: 16px;\">For detailed information:<\/span><\/font><\/h3><h3><a href=\"https:\/\/www.tubitak.gov.tr\/tr\/burslar\/lisans\/burs-programlari\/icerik-2247-c-stajyer-arastirmaci-burs-programi-star\" style=\"font-weight: 400; font-size: 16px;\">https:\/\/www.tubitak.gov.tr\/tr\/burslar\/lisans\/burs-programlari\/icerik-2247-c-stajyer-arastirmaci-burs-programi-star<\/a><\/h3>\t\t\t\t\t\t\t\t<\/div>\n\t\t\t\t<\/div>\n\t\t\t\t\t<\/div>\n\t\t\t\t<\/div>\n\t\t\t\t<\/div>\n\t\t","protected":false},"excerpt":{"rendered":"<p>2218 \u2013 Domestic Postdoctoral Research Scholarship Program Within the scope of the program; researchers who have a doctoral degree or a specialization or art competency degree in medicine, dentistry, pharmacy and veterinary medicine or who will have a relevant degree are supported to continue their postdoctoral studies in state or foundation higher education institutions providing [&hellip;]<\/p>\n","protected":false},"author":6,"featured_media":0,"parent":0,"menu_order":0,"comment_status":"closed","ping_status":"closed","template":"","meta":{"slim_seo":{"title":"T\u00dcB\u0130TAK B\u0130DEB Fundings - Kadir Has University","description":"2218 \u2013 Domestic Postdoctoral Research Scholarship Program Within the scope of the program; researchers who have a doctoral degree or a specialization or art com"},"footnotes":""},"birimler":[123],"class_list":["post-22218","page","type-page","status-publish","hentry","birimler-rd"],"_links":{"self":[{"href":"https:\/\/www.khas.edu.tr\/en\/wp-json\/wp\/v2\/pages\/22218","targetHints":{"allow":["GET"]}}],"collection":[{"href":"https:\/\/www.khas.edu.tr\/en\/wp-json\/wp\/v2\/pages"}],"about":[{"href":"https:\/\/www.khas.edu.tr\/en\/wp-json\/wp\/v2\/types\/page"}],"author":[{"embeddable":true,"href":"https:\/\/www.khas.edu.tr\/en\/wp-json\/wp\/v2\/users\/6"}],"replies":[{"embeddable":true,"href":"https:\/\/www.khas.edu.tr\/en\/wp-json\/wp\/v2\/comments?post=22218"}],"version-history":[{"count":4,"href":"https:\/\/www.khas.edu.tr\/en\/wp-json\/wp\/v2\/pages\/22218\/revisions"}],"predecessor-version":[{"id":22225,"href":"https:\/\/www.khas.edu.tr\/en\/wp-json\/wp\/v2\/pages\/22218\/revisions\/22225"}],"wp:attachment":[{"href":"https:\/\/www.khas.edu.tr\/en\/wp-json\/wp\/v2\/media?parent=22218"}],"wp:term":[{"taxonomy":"birimler","embeddable":true,"href":"https:\/\/www.khas.edu.tr\/en\/wp-json\/wp\/v2\/birimler?post=22218"}],"curies":[{"name":"wp","href":"https:\/\/api.w.org\/{rel}","templated":true}]}}