{"id":22196,"date":"2025-03-20T09:13:47","date_gmt":"2025-03-20T06:13:47","guid":{"rendered":"https:\/\/www.khas.edu.tr\/?page_id=22196"},"modified":"2025-05-29T15:14:29","modified_gmt":"2025-05-29T12:14:29","slug":"rd-national-programs","status":"publish","type":"page","link":"https:\/\/www.khas.edu.tr\/en\/rd-national-programs\/","title":{"rendered":"National Programs"},"content":{"rendered":"\t\t<div data-elementor-type=\"wp-page\" data-elementor-id=\"22196\" class=\"elementor elementor-22196 elementor-13407\">\n\t\t\t\t<div class=\"elementor-element elementor-element-8b2c030 e-flex e-con-boxed e-con e-parent\" data-id=\"8b2c030\" data-element_type=\"container\" data-e-type=\"container\">\n\t\t\t\t\t<div class=\"e-con-inner\">\n\t\t\t\t<div class=\"elementor-element elementor-element-0c1cfd2 elementor-widget elementor-widget-heading\" data-id=\"0c1cfd2\" data-element_type=\"widget\" data-e-type=\"widget\" data-widget_type=\"heading.default\">\n\t\t\t\t<div class=\"elementor-widget-container\">\n\t\t\t\t\t<h3 class=\"elementor-heading-title elementor-size-default\"><a href=\"https:\/\/www.khas.edu.tr\/en\/tubitak-ardeb-funds\/\">T\u00dcB\u0130TAK ARDEB Fundings<\/a><\/h3>\t\t\t\t<\/div>\n\t\t\t\t<\/div>\n\t\t\t\t\t<\/div>\n\t\t\t\t<\/div>\n\t\t<div class=\"elementor-element elementor-element-2930a86 e-flex e-con-boxed e-con e-parent\" data-id=\"2930a86\" data-element_type=\"container\" data-e-type=\"container\">\n\t\t\t\t\t<div class=\"e-con-inner\">\n\t\t\t\t<div class=\"elementor-element elementor-element-38b1cc3 elementor-widget-divider--view-line elementor-widget elementor-widget-divider\" data-id=\"38b1cc3\" data-element_type=\"widget\" data-e-type=\"widget\" data-widget_type=\"divider.default\">\n\t\t\t\t<div class=\"elementor-widget-container\">\n\t\t\t\t\t\t\t<div class=\"elementor-divider\">\n\t\t\t<span class=\"elementor-divider-separator\">\n\t\t\t\t\t\t<\/span>\n\t\t<\/div>\n\t\t\t\t\t\t<\/div>\n\t\t\t\t<\/div>\n\t\t\t\t\t<\/div>\n\t\t\t\t<\/div>\n\t\t<div class=\"elementor-element elementor-element-2559686 e-flex e-con-boxed e-con e-parent\" data-id=\"2559686\" data-element_type=\"container\" data-e-type=\"container\">\n\t\t\t\t\t<div class=\"e-con-inner\">\n\t\t\t\t<div class=\"elementor-element elementor-element-b579a35 elementor-widget elementor-widget-heading\" data-id=\"b579a35\" data-element_type=\"widget\" data-e-type=\"widget\" data-widget_type=\"heading.default\">\n\t\t\t\t<div class=\"elementor-widget-container\">\n\t\t\t\t\t<h3 class=\"elementor-heading-title elementor-size-default\"><a href=\"https:\/\/www.khas.edu.tr\/en\/tubitak-bideb-fundings\/\">T\u00dcB\u0130TAK B\u0130DEB Fundings<\/a><\/h3>\t\t\t\t<\/div>\n\t\t\t\t<\/div>\n\t\t\t\t\t<\/div>\n\t\t\t\t<\/div>\n\t\t<div class=\"elementor-element elementor-element-1065bb0 e-flex e-con-boxed e-con e-parent\" data-id=\"1065bb0\" data-element_type=\"container\" data-e-type=\"container\">\n\t\t\t\t\t<div class=\"e-con-inner\">\n\t\t\t\t<div class=\"elementor-element elementor-element-f7843aa elementor-widget-divider--view-line elementor-widget elementor-widget-divider\" data-id=\"f7843aa\" data-element_type=\"widget\" data-e-type=\"widget\" data-widget_type=\"divider.default\">\n\t\t\t\t<div class=\"elementor-widget-container\">\n\t\t\t\t\t\t\t<div class=\"elementor-divider\">\n\t\t\t<span class=\"elementor-divider-separator\">\n\t\t\t\t\t\t<\/span>\n\t\t<\/div>\n\t\t\t\t\t\t<\/div>\n\t\t\t\t<\/div>\n\t\t\t\t\t<\/div>\n\t\t\t\t<\/div>\n\t\t<div class=\"elementor-element elementor-element-5067676 e-flex e-con-boxed e-con e-parent\" data-id=\"5067676\" data-element_type=\"container\" data-e-type=\"container\">\n\t\t\t\t\t<div class=\"e-con-inner\">\n\t\t\t\t<div class=\"elementor-element elementor-element-8e274c5 elementor-widget elementor-widget-heading\" data-id=\"8e274c5\" data-element_type=\"widget\" data-e-type=\"widget\" data-widget_type=\"heading.default\">\n\t\t\t\t<div class=\"elementor-widget-container\">\n\t\t\t\t\t<h3 class=\"elementor-heading-title elementor-size-default\"><a href=\"https:\/\/www.khas.edu.tr\/en\/tubitak-teydeb-fundings\/\">T\u00dcB\u0130TAK TEYDEB <span style=\"font-size: 1.375rem\">Fundings<\/span><span style=\"font-size: 1.375rem\"><\/span><br><\/a><\/h3>\t\t\t\t<\/div>\n\t\t\t\t<\/div>\n\t\t\t\t\t<\/div>\n\t\t\t\t<\/div>\n\t\t<div class=\"elementor-element elementor-element-503d4e2 e-flex e-con-boxed e-con e-parent\" data-id=\"503d4e2\" data-element_type=\"container\" data-e-type=\"container\">\n\t\t\t\t\t<div class=\"e-con-inner\">\n\t\t\t\t<div class=\"elementor-element elementor-element-2a2eb84 elementor-widget-divider--view-line elementor-widget elementor-widget-divider\" data-id=\"2a2eb84\" data-element_type=\"widget\" data-e-type=\"widget\" data-widget_type=\"divider.default\">\n\t\t\t\t<div class=\"elementor-widget-container\">\n\t\t\t\t\t\t\t<div class=\"elementor-divider\">\n\t\t\t<span class=\"elementor-divider-separator\">\n\t\t\t\t\t\t<\/span>\n\t\t<\/div>\n\t\t\t\t\t\t<\/div>\n\t\t\t\t<\/div>\n\t\t\t\t\t<\/div>\n\t\t\t\t<\/div>\n\t\t<div class=\"elementor-element elementor-element-a68c0bb e-flex e-con-boxed e-con e-parent\" data-id=\"a68c0bb\" data-element_type=\"container\" data-e-type=\"container\">\n\t\t\t\t\t<div class=\"e-con-inner\">\n\t\t\t\t<div class=\"elementor-element elementor-element-377fa97 elementor-widget elementor-widget-heading\" data-id=\"377fa97\" data-element_type=\"widget\" data-e-type=\"widget\" data-widget_type=\"heading.default\">\n\t\t\t\t<div class=\"elementor-widget-container\">\n\t\t\t\t\t<h3 class=\"elementor-heading-title elementor-size-default\"><a href=\"https:\/\/www.khas.edu.tr\/en\/tubitak-international-support-funds\/\">T\u00dcB\u0130TAK \u0130nternational Support <span style=\"font-size: 1.375rem\">Fundings<\/span><span style=\"font-size: 1.375rem\"><\/span><br><\/a><\/h3>\t\t\t\t<\/div>\n\t\t\t\t<\/div>\n\t\t\t\t\t<\/div>\n\t\t\t\t<\/div>\n\t\t<div class=\"elementor-element elementor-element-5f758d9 e-flex e-con-boxed e-con e-parent\" data-id=\"5f758d9\" data-element_type=\"container\" data-e-type=\"container\">\n\t\t\t\t\t<div class=\"e-con-inner\">\n\t\t\t\t<div class=\"elementor-element elementor-element-696a640 elementor-widget-divider--view-line elementor-widget elementor-widget-divider\" data-id=\"696a640\" data-element_type=\"widget\" data-e-type=\"widget\" data-widget_type=\"divider.default\">\n\t\t\t\t<div class=\"elementor-widget-container\">\n\t\t\t\t\t\t\t<div class=\"elementor-divider\">\n\t\t\t<span class=\"elementor-divider-separator\">\n\t\t\t\t\t\t<\/span>\n\t\t<\/div>\n\t\t\t\t\t\t<\/div>\n\t\t\t\t<\/div>\n\t\t\t\t\t<\/div>\n\t\t\t\t<\/div>\n\t\t<div class=\"elementor-element elementor-element-d07b0fc e-flex e-con-boxed e-con e-parent\" data-id=\"d07b0fc\" data-element_type=\"container\" data-e-type=\"container\">\n\t\t\t\t\t<div class=\"e-con-inner\">\n\t\t\t\t<div class=\"elementor-element elementor-element-7314439 elementor-widget elementor-widget-heading\" data-id=\"7314439\" data-element_type=\"widget\" data-e-type=\"widget\" data-widget_type=\"heading.default\">\n\t\t\t\t<div class=\"elementor-widget-container\">\n\t\t\t\t\t<h3 class=\"elementor-heading-title elementor-size-default\"><a href=\"https:\/\/www.khas.edu.tr\/en\/other-national-fundings\/\">Other National <span style=\"font-size: 1.375rem\">Fundings<\/span><span style=\"font-size: 1.375rem\"><\/span><br><\/a><\/h3>\t\t\t\t<\/div>\n\t\t\t\t<\/div>\n\t\t\t\t\t<\/div>\n\t\t\t\t<\/div>\n\t\t<div class=\"elementor-element elementor-element-c2e4e0c e-flex e-con-boxed e-con e-parent\" data-id=\"c2e4e0c\" data-element_type=\"container\" data-e-type=\"container\">\n\t\t\t\t\t<div class=\"e-con-inner\">\n\t\t\t\t<div class=\"elementor-element elementor-element-621d09a elementor-widget-divider--view-line elementor-widget elementor-widget-divider\" data-id=\"621d09a\" data-element_type=\"widget\" data-e-type=\"widget\" data-widget_type=\"divider.default\">\n\t\t\t\t<div class=\"elementor-widget-container\">\n\t\t\t\t\t\t\t<div class=\"elementor-divider\">\n\t\t\t<span class=\"elementor-divider-separator\">\n\t\t\t\t\t\t<\/span>\n\t\t<\/div>\n\t\t\t\t\t\t<\/div>\n\t\t\t\t<\/div>\n\t\t\t\t\t<\/div>\n\t\t\t\t<\/div>\n\t\t\t\t<\/div>\n\t\t","protected":false},"excerpt":{"rendered":"<p>T\u00dcB\u0130TAK ARDEB Fundings T\u00dcB\u0130TAK B\u0130DEB Fundings T\u00dcB\u0130TAK TEYDEB Fundings T\u00dcB\u0130TAK \u0130nternational Support Fundings Other National Fundings<\/p>\n","protected":false},"author":6,"featured_media":0,"parent":0,"menu_order":0,"comment_status":"closed","ping_status":"closed","template":"","meta":{"slim_seo":{"title":"National Programs - Kadir Has University","description":"T\u00dcB\u0130TAK ARDEB Fundings T\u00dcB\u0130TAK B\u0130DEB Fundings T\u00dcB\u0130TAK TEYDEB Fundings T\u00dcB\u0130TAK \u0130nternational Support Fundings Other National Fundings"},"footnotes":""},"birimler":[123],"class_list":["post-22196","page","type-page","status-publish","hentry","birimler-rd"],"_links":{"self":[{"href":"https:\/\/www.khas.edu.tr\/en\/wp-json\/wp\/v2\/pages\/22196","targetHints":{"allow":["GET"]}}],"collection":[{"href":"https:\/\/www.khas.edu.tr\/en\/wp-json\/wp\/v2\/pages"}],"about":[{"href":"https:\/\/www.khas.edu.tr\/en\/wp-json\/wp\/v2\/types\/page"}],"author":[{"embeddable":true,"href":"https:\/\/www.khas.edu.tr\/en\/wp-json\/wp\/v2\/users\/6"}],"replies":[{"embeddable":true,"href":"https:\/\/www.khas.edu.tr\/en\/wp-json\/wp\/v2\/comments?post=22196"}],"version-history":[{"count":23,"href":"https:\/\/www.khas.edu.tr\/en\/wp-json\/wp\/v2\/pages\/22196\/revisions"}],"predecessor-version":[{"id":22694,"href":"https:\/\/www.khas.edu.tr\/en\/wp-json\/wp\/v2\/pages\/22196\/revisions\/22694"}],"wp:attachment":[{"href":"https:\/\/www.khas.edu.tr\/en\/wp-json\/wp\/v2\/media?parent=22196"}],"wp:term":[{"taxonomy":"birimler","embeddable":true,"href":"https:\/\/www.khas.edu.tr\/en\/wp-json\/wp\/v2\/birimler?post=22196"}],"curies":[{"name":"wp","href":"https:\/\/api.w.org\/{rel}","templated":true}]}}