{"id":21984,"date":"2025-05-26T14:26:15","date_gmt":"2025-05-26T11:26:15","guid":{"rendered":"https:\/\/www.khas.edu.tr\/?page_id=21984"},"modified":"2025-05-26T14:38:37","modified_gmt":"2025-05-26T11:38:37","slug":"treasures-of-istanbul-museums-on-the-trail-of-history-and-culture","status":"publish","type":"page","link":"https:\/\/www.khas.edu.tr\/en\/treasures-of-istanbul-museums-on-the-trail-of-history-and-culture\/","title":{"rendered":"Treasures of Istanbul: Museums on the Trail of History and Culture"},"content":{"rendered":"\t\t<div data-elementor-type=\"wp-page\" data-elementor-id=\"21984\" class=\"elementor elementor-21984\">\n\t\t\t\t<div class=\"elementor-element elementor-element-48c5110 e-flex e-con-boxed e-con e-parent\" data-id=\"48c5110\" data-element_type=\"container\" data-e-type=\"container\">\n\t\t\t\t\t<div class=\"e-con-inner\">\n\t\t\t\t<div class=\"elementor-element elementor-element-ebb90cb elementor-widget elementor-widget-text-editor\" data-id=\"ebb90cb\" data-element_type=\"widget\" data-e-type=\"widget\" data-widget_type=\"text-editor.default\">\n\t\t\t\t<div class=\"elementor-widget-container\">\n\t\t\t\t\t\t\t\t\t<p>Istanbul is a city that has hosted countless civilisations throughout its thousands of years of history and has valuable museums that carry this rich heritage to the present day. These museums, which harbour a different story in every corner, offer visitors the opportunity to travel in time, get to know different cultures and step into the fascinating world of art.<\/p>\t\t\t\t\t\t\t\t<\/div>\n\t\t\t\t<\/div>\n\t\t\t\t\t<\/div>\n\t\t\t\t<\/div>\n\t\t<div class=\"elementor-element elementor-element-1aeec1b e-flex e-con-boxed e-con e-parent\" data-id=\"1aeec1b\" data-element_type=\"container\" data-e-type=\"container\">\n\t\t\t\t\t<div class=\"e-con-inner\">\n\t\t\t\t<div class=\"elementor-element elementor-element-30ec19b elementor-widget elementor-widget-heading\" data-id=\"30ec19b\" data-element_type=\"widget\" data-e-type=\"widget\" data-widget_type=\"heading.default\">\n\t\t\t\t<div class=\"elementor-widget-container\">\n\t\t\t\t\t<h4 class=\"elementor-heading-title elementor-size-default\">History Museums Tracing the Traces of the Past:<\/h4>\t\t\t\t<\/div>\n\t\t\t\t<\/div>\n\t\t\t\t\t<\/div>\n\t\t\t\t<\/div>\n\t\t<div class=\"elementor-element elementor-element-65b1a58 e-flex e-con-boxed e-con e-parent\" data-id=\"65b1a58\" data-element_type=\"container\" data-e-type=\"container\">\n\t\t\t\t\t<div class=\"e-con-inner\">\n\t\t<div class=\"elementor-element elementor-element-9889da2 e-con-full e-flex e-con e-child\" data-id=\"9889da2\" data-element_type=\"container\" data-e-type=\"container\">\n\t\t\t\t<div class=\"elementor-element elementor-element-043af6d elementor-widget elementor-widget-image\" data-id=\"043af6d\" data-element_type=\"widget\" data-e-type=\"widget\" data-widget_type=\"image.default\">\n\t\t\t\t<div class=\"elementor-widget-container\">\n\t\t\t\t\t\t\t\t\t\t\t\t\t\t\t<img fetchpriority=\"high\" decoding=\"async\" width=\"600\" height=\"900\" src=\"https:\/\/www.khas.edu.tr\/wp-content\/uploads\/2025\/05\/bogaz1-scaled-1-683x1024.jpg\" class=\"attachment-large size-large wp-image-21990\" alt=\"Bogaz1 scaled\" srcset=\"https:\/\/www.khas.edu.tr\/wp-content\/uploads\/2025\/05\/bogaz1-scaled-1-683x1024.jpg 683w, https:\/\/www.khas.edu.tr\/wp-content\/uploads\/2025\/05\/bogaz1-scaled-1-200x300.jpg 200w, https:\/\/www.khas.edu.tr\/wp-content\/uploads\/2025\/05\/bogaz1-scaled-1-768x1152.jpg 768w, https:\/\/www.khas.edu.tr\/wp-content\/uploads\/2025\/05\/bogaz1-scaled-1-1024x1536.jpg 1024w, https:\/\/www.khas.edu.tr\/wp-content\/uploads\/2025\/05\/bogaz1-scaled-1-1366x2048.jpg 1366w, https:\/\/www.khas.edu.tr\/wp-content\/uploads\/2025\/05\/bogaz1-scaled-1.jpg 1707w\" sizes=\"(max-width: 600px) 100vw, 600px\" \/>\t\t\t\t\t\t\t\t\t\t\t\t\t\t\t<\/div>\n\t\t\t\t<\/div>\n\t\t\t\t<\/div>\n\t\t<div class=\"elementor-element elementor-element-5cfee14 e-con-full e-flex e-con e-child\" data-id=\"5cfee14\" data-element_type=\"container\" data-e-type=\"container\">\n\t\t\t\t<div class=\"elementor-element elementor-element-3c2e36f elementor-widget elementor-widget-text-editor\" data-id=\"3c2e36f\" data-element_type=\"widget\" data-e-type=\"widget\" data-widget_type=\"text-editor.default\">\n\t\t\t\t<div class=\"elementor-widget-container\">\n\t\t\t\t\t\t\t\t\t<p data-pm-slice=\"0 0 []\">The museums that best reflect the historical texture of Istanbul are undoubtedly history museums. In these museums, you can find unique artefacts from the Byzantine and Ottoman Empires, palace ruins, historical documents and much more.<\/p><p>&#8211; Topkapi Palace Museum: Topkap\u0131 Palace, the heart of the Ottoman Empire, is a time capsule with its magnificent architecture and valuable collections. From the Treasury Department to the Department of Holy Relics, from the Collection of Sultan Portraits to the Harem, every corner offers a different splendour.<\/p>\t\t\t\t\t\t\t\t<\/div>\n\t\t\t\t<\/div>\n\t\t\t\t<div class=\"elementor-element elementor-element-928204f elementor-widget elementor-widget-text-editor\" data-id=\"928204f\" data-element_type=\"widget\" data-e-type=\"widget\" data-widget_type=\"text-editor.default\">\n\t\t\t\t<div class=\"elementor-widget-container\">\n\t\t\t\t\t\t\t\t\t<p><strong>&#8211; Museum of Turkish and Islamic Art<\/strong>: This museum, which has a rich collection of the most important works of art of the Islamic world, exhibits valuable pieces from carpets to ceramics, from woodwork to metal art.<\/p>\t\t\t\t\t\t\t\t<\/div>\n\t\t\t\t<\/div>\n\t\t\t\t<div class=\"elementor-element elementor-element-a73cc09 elementor-widget elementor-widget-text-editor\" data-id=\"a73cc09\" data-element_type=\"widget\" data-e-type=\"widget\" data-widget_type=\"text-editor.default\">\n\t\t\t\t<div class=\"elementor-widget-container\">\n\t\t\t\t\t\t\t\t\t<p><strong>&#8211; Great Palace Mosaic Museum: This<\/strong> museum, where magnificent mosaics from the Byzantine Empire period are exhibited, reveals the understanding of art and lifestyle of the period.<\/p>\t\t\t\t\t\t\t\t<\/div>\n\t\t\t\t<\/div>\n\t\t\t\t<div class=\"elementor-element elementor-element-aa074a7 elementor-widget elementor-widget-text-editor\" data-id=\"aa074a7\" data-element_type=\"widget\" data-e-type=\"widget\" data-widget_type=\"text-editor.default\">\n\t\t\t\t<div class=\"elementor-widget-container\">\n\t\t\t\t\t\t\t\t\t<p><strong>&#8211; Istanbul Archaeological Museums:<\/strong> This complex, which includes the Archaeological Museum, the Museum of Ancient Oriental Art and the Tiled Pavilion Museum, offers a wide range of artefacts from the Palaeolithic Age to the Ottoman Period. Especially the Sarcophagus of Alexander and the Tablets of the Treaty Text are worth seeing.<\/p>\t\t\t\t\t\t\t\t<\/div>\n\t\t\t\t<\/div>\n\t\t\t\t<\/div>\n\t\t\t\t\t<\/div>\n\t\t\t\t<\/div>\n\t\t<div class=\"elementor-element elementor-element-777b6e3 e-flex e-con-boxed e-con e-parent\" data-id=\"777b6e3\" data-element_type=\"container\" data-e-type=\"container\">\n\t\t\t\t\t<div class=\"e-con-inner\">\n\t\t\t\t<div class=\"elementor-element elementor-element-673c3aa elementor-widget elementor-widget-text-editor\" data-id=\"673c3aa\" data-element_type=\"widget\" data-e-type=\"widget\" data-widget_type=\"text-editor.default\">\n\t\t\t\t<div class=\"elementor-widget-container\">\n\t\t\t\t\t\t\t\t\t<p><strong>&#8211; Rumeli Fortress Museum:<\/strong> Rumeli Fortress, which had a strategic importance before the conquest of Istanbul, can be visited as an open-air museum today. It is also a pleasure to watch the magnificent view of the Bosphorus from the towers of the fortress.<\/p><p><strong>Doors to the Fascinating World of Art:<\/strong><\/p><p>Istanbul hosts special museums for visitors who are interested in different branches of art. Offering a wide range of works from modern and contemporary art to traditional arts, these museums are unmissable stops for art lovers.<\/p><p><strong>&#8211; Istanbul Museum of Modern Art:<\/strong> Turkey&#8217;s first modern and contemporary art museum, Istanbul Modern exhibits important works in many different disciplines from painting to sculpture, photography to video art. Not to mention experiencing art against the Bosphorus view.<\/p><p><strong>&#8211; Pera Museum:<\/strong> Attracting attention with its different thematic exhibitions, Orientalist painting collection and K\u00fctahya tile and ceramics collection, Pera Museum is an ideal spot to meet with art in the lively atmosphere of Beyo\u011flu.<\/p><p><strong>&#8211; Sak\u0131p Sabanc\u0131 Museum:<\/strong> Located in the historical Atl\u0131 K\u00f6\u015fk in Emirgan, the museum attracts art lovers with its rich calligraphy collection, painting exhibitions and periodical events. The lush green garden of the museum is also worth seeing.<\/p><p><strong>&#8211; Maritime Museum:<\/strong> Turkey&#8217;s largest maritime museum, the Maritime Museum houses thousands of artefacts from the Ottoman and Republican maritime history. It offers a wide range of artefacts from models of ships to uniforms, maps to weapon collections.<\/p>\t\t\t\t\t\t\t\t<\/div>\n\t\t\t\t<\/div>\n\t\t\t\t\t<\/div>\n\t\t\t\t<\/div>\n\t\t<div class=\"elementor-element elementor-element-fc2a37f e-flex e-con-boxed e-con e-parent\" data-id=\"fc2a37f\" data-element_type=\"container\" data-e-type=\"container\">\n\t\t\t\t\t<div class=\"e-con-inner\">\n\t\t\t\t<div class=\"elementor-element elementor-element-f04207a elementor-widget elementor-widget-heading\" data-id=\"f04207a\" data-element_type=\"widget\" data-e-type=\"widget\" data-widget_type=\"heading.default\">\n\t\t\t\t<div class=\"elementor-widget-container\">\n\t\t\t\t\t<h4 class=\"elementor-heading-title elementor-size-default\">Must-see Istanbul Museums List:<\/h4>\t\t\t\t<\/div>\n\t\t\t\t<\/div>\n\t\t\t\t\t<\/div>\n\t\t\t\t<\/div>\n\t\t<div class=\"elementor-element elementor-element-fba44dc e-flex e-con-boxed e-con e-parent\" data-id=\"fba44dc\" data-element_type=\"container\" data-e-type=\"container\">\n\t\t\t\t\t<div class=\"e-con-inner\">\n\t\t<div class=\"elementor-element elementor-element-2e3ee38 e-con-full e-flex e-con e-child\" data-id=\"2e3ee38\" data-element_type=\"container\" data-e-type=\"container\">\n\t\t\t\t<div class=\"elementor-element elementor-element-9fec8f5 elementor-widget elementor-widget-text-editor\" data-id=\"9fec8f5\" data-element_type=\"widget\" data-e-type=\"widget\" data-widget_type=\"text-editor.default\">\n\t\t\t\t<div class=\"elementor-widget-container\">\n\t\t\t\t\t\t\t\t\t<p data-pm-slice=\"0 0 []\">When you come to Istanbul, even if your time is limited, here are some museums you should definitely visit:<\/p><p>1. Rezzan Has Museum: Located on our campus, the museum hosts many collections from Anatolia and Mesopotamia. It continues to bring the past together with the present with different events and sessions.<\/p><p>2. Hagia Sophia Museum: One of the most impressive buildings in the world with its historical and architectural importance.<\/p>\t\t\t\t\t\t\t\t<\/div>\n\t\t\t\t<\/div>\n\t\t\t\t<\/div>\n\t\t<div class=\"elementor-element elementor-element-81d700a e-con-full e-flex e-con e-child\" data-id=\"81d700a\" data-element_type=\"container\" data-e-type=\"container\">\n\t\t\t\t<div class=\"elementor-element elementor-element-264a919 elementor-widget elementor-widget-image\" data-id=\"264a919\" data-element_type=\"widget\" data-e-type=\"widget\" data-widget_type=\"image.default\">\n\t\t\t\t<div class=\"elementor-widget-container\">\n\t\t\t\t\t\t\t\t\t\t\t\t\t\t\t<img decoding=\"async\" width=\"600\" height=\"329\" src=\"https:\/\/www.khas.edu.tr\/wp-content\/uploads\/2025\/05\/rezzan-has.jpg\" class=\"attachment-large size-large wp-image-21993\" alt=\"Rezzan has\" srcset=\"https:\/\/www.khas.edu.tr\/wp-content\/uploads\/2025\/05\/rezzan-has.jpg 869w, https:\/\/www.khas.edu.tr\/wp-content\/uploads\/2025\/05\/rezzan-has-300x165.jpg 300w, https:\/\/www.khas.edu.tr\/wp-content\/uploads\/2025\/05\/rezzan-has-768x422.jpg 768w\" sizes=\"(max-width: 600px) 100vw, 600px\" \/>\t\t\t\t\t\t\t\t\t\t\t\t\t\t\t<\/div>\n\t\t\t\t<\/div>\n\t\t\t\t<\/div>\n\t\t\t\t\t<\/div>\n\t\t\t\t<\/div>\n\t\t<div class=\"elementor-element elementor-element-71c47ee e-flex e-con-boxed e-con e-parent\" data-id=\"71c47ee\" data-element_type=\"container\" data-e-type=\"container\">\n\t\t\t\t\t<div class=\"e-con-inner\">\n\t\t\t\t<div class=\"elementor-element elementor-element-48964ae elementor-widget elementor-widget-text-editor\" data-id=\"48964ae\" data-element_type=\"widget\" data-e-type=\"widget\" data-widget_type=\"text-editor.default\">\n\t\t\t\t<div class=\"elementor-widget-container\">\n\t\t\t\t\t\t\t\t\t<ol start=\"3\"><li><strong> Topkapi Palace Museum: The<\/strong> palace and its collections revealing the splendour of the Ottoman Empire.<\/li><li><strong> Museum of Turkish and Islamic Art:<\/strong> The museum where the most distinguished examples of Islamic art are exhibited.<\/li><li><strong> Istanbul Archaeological Museums:<\/strong> A comprehensive museum complex with thousands of years of artefacts from different civilisations.<\/li><li><strong> Basilica Cistern:<\/strong> A fascinating structure with its underground mystical atmosphere and historical texture.<\/li><li><strong> Istanbul Museum of Modern Art:<\/strong> The museum where important works of modern and contemporary art of Turkey are exhibited.<\/li><li><strong> Pera Museum:<\/strong> It draws attention with its different art collections and thematic exhibitions.<\/li><li><strong> Dolmabah\u00e7e Palace Museum:<\/strong> The magnificent palace belonging to the last periods of the Ottoman Empire.<\/li><li><strong> Rahmi M. Ko\u00e7 Museum:<\/strong> It appeals to visitors of all ages with its interesting collections on the history of transport, industry and communication (located on the shores of the Golden Horn).<\/li><li><strong> Miniat\u00fcrk:<\/strong> An open-air museum where miniatures of important buildings from different regions of Turkey are exhibited (located on the shores of the Golden Horn).<\/li><\/ol><p><strong><em>Tips<\/em><\/strong><\/p><p>&#8211; When planning your museum visits, be sure to check opening and closing times.<\/p><p>&#8211; Consider buying tickets online to avoid ticket queues during peak periods.<\/p><p>&#8211; Pay attention to the rules about taking photos in museums.<\/p><p>&#8211; By purchasing a MuseumCard, you can enter many museums at a discount or free of charge.<\/p><p>&#8211; You can make your trip more enjoyable by choosing museums according to your interests.<\/p><p>&#8211; You can learn more about the artefacts by reading the information boards inside the museums.<\/p><p>Istanbul&#8217;s museums offer a unique opportunity to discover the rich history, culture and art of the city. By visiting these museums, you will take a journey into the past and witness the universal language of art and culture. Make time for a few museums on your Istanbul trip and discover the treasures of this historical city! Pleasant discoveries in advance!<\/p>\t\t\t\t\t\t\t\t<\/div>\n\t\t\t\t<\/div>\n\t\t\t\t\t<\/div>\n\t\t\t\t<\/div>\n\t\t\t\t<\/div>\n\t\t","protected":false},"excerpt":{"rendered":"<p>Istanbul is a city that has hosted countless civilisations throughout its thousands of years of history and has valuable museums that carry this rich heritage to the present day. These museums, which harbour a different story in every corner, offer visitors the opportunity to travel in time, get to know different cultures and step into [&hellip;]<\/p>\n","protected":false},"author":2,"featured_media":0,"parent":0,"menu_order":0,"comment_status":"closed","ping_status":"closed","template":"","meta":{"slim_seo":{"title":"Treasures of Istanbul: Museums on the Trail of History and Culture - Kadir Has University","description":"Istanbul is a city that has hosted countless civilisations throughout its thousands of years of history and has valuable museums that carry this rich heritage t"},"footnotes":""},"birimler":[168,159],"class_list":["post-21984","page","type-page","status-publish","hentry","birimler-global","birimler-international"],"_links":{"self":[{"href":"https:\/\/www.khas.edu.tr\/en\/wp-json\/wp\/v2\/pages\/21984","targetHints":{"allow":["GET"]}}],"collection":[{"href":"https:\/\/www.khas.edu.tr\/en\/wp-json\/wp\/v2\/pages"}],"about":[{"href":"https:\/\/www.khas.edu.tr\/en\/wp-json\/wp\/v2\/types\/page"}],"author":[{"embeddable":true,"href":"https:\/\/www.khas.edu.tr\/en\/wp-json\/wp\/v2\/users\/2"}],"replies":[{"embeddable":true,"href":"https:\/\/www.khas.edu.tr\/en\/wp-json\/wp\/v2\/comments?post=21984"}],"version-history":[{"count":7,"href":"https:\/\/www.khas.edu.tr\/en\/wp-json\/wp\/v2\/pages\/21984\/revisions"}],"predecessor-version":[{"id":22000,"href":"https:\/\/www.khas.edu.tr\/en\/wp-json\/wp\/v2\/pages\/21984\/revisions\/22000"}],"wp:attachment":[{"href":"https:\/\/www.khas.edu.tr\/en\/wp-json\/wp\/v2\/media?parent=21984"}],"wp:term":[{"taxonomy":"birimler","embeddable":true,"href":"https:\/\/www.khas.edu.tr\/en\/wp-json\/wp\/v2\/birimler?post=21984"}],"curies":[{"name":"wp","href":"https:\/\/api.w.org\/{rel}","templated":true}]}}