{"id":21931,"date":"2025-05-26T13:50:31","date_gmt":"2025-05-26T10:50:31","guid":{"rendered":"https:\/\/www.khas.edu.tr\/?page_id=21931"},"modified":"2025-05-26T14:07:37","modified_gmt":"2025-05-26T11:07:37","slug":"goldenhorn-neighborhood","status":"publish","type":"page","link":"https:\/\/www.khas.edu.tr\/en\/goldenhorn-neighborhood\/","title":{"rendered":"Goldenhorn (Neighborhood)"},"content":{"rendered":"\t\t<div data-elementor-type=\"wp-page\" data-elementor-id=\"21931\" class=\"elementor elementor-21931\">\n\t\t\t\t\t\t<section class=\"elementor-section elementor-top-section elementor-element elementor-element-f463793 elementor-section-boxed elementor-section-height-default elementor-section-height-default\" data-id=\"f463793\" data-element_type=\"section\" data-e-type=\"section\">\n\t\t\t\t\t\t<div class=\"elementor-container elementor-column-gap-default\">\n\t\t\t\t\t<div class=\"elementor-column elementor-col-100 elementor-top-column elementor-element elementor-element-cc949f2\" data-id=\"cc949f2\" data-element_type=\"column\" data-e-type=\"column\">\n\t\t\t<div class=\"elementor-widget-wrap elementor-element-populated\">\n\t\t\t\t\t\t<div class=\"elementor-element elementor-element-13cb8c5 elementor-widget elementor-widget-text-editor\" data-id=\"13cb8c5\" data-element_type=\"widget\" data-e-type=\"widget\" data-widget_type=\"text-editor.default\">\n\t\t\t\t<div class=\"elementor-widget-container\">\n\t\t\t\t\t\t\t\t\t<p>Balat, located on the shores of the Golden Horn in the Fatih district of Istanbul, promises a journey through time with the location of our school. This neighbourhood, which fascinates its visitors with its colourful houses, narrow streets, historical buildings and warm atmosphere, has been increasing its popularity in recent years.<\/p>\t\t\t\t\t\t\t\t<\/div>\n\t\t\t\t<\/div>\n\t\t\t\t\t<\/div>\n\t\t<\/div>\n\t\t\t\t\t<\/div>\n\t\t<\/section>\n\t\t<div class=\"elementor-element elementor-element-c7e6f6a e-flex e-con-boxed e-con e-parent\" data-id=\"c7e6f6a\" data-element_type=\"container\" data-e-type=\"container\">\n\t\t\t\t\t<div class=\"e-con-inner\">\n\t\t<div class=\"elementor-element elementor-element-d644ba7 e-con-full e-flex e-con e-child\" data-id=\"d644ba7\" data-element_type=\"container\" data-e-type=\"container\">\n\t\t\t\t<div class=\"elementor-element elementor-element-38f4062 elementor-widget elementor-widget-image\" data-id=\"38f4062\" data-element_type=\"widget\" data-e-type=\"widget\" data-widget_type=\"image.default\">\n\t\t\t\t<div class=\"elementor-widget-container\">\n\t\t\t\t\t\t\t\t\t\t\t\t\t\t\t<img fetchpriority=\"high\" decoding=\"async\" width=\"600\" height=\"900\" src=\"https:\/\/www.khas.edu.tr\/wp-content\/uploads\/2025\/05\/balat1-scaled-1-683x1024.jpg\" class=\"attachment-large size-large wp-image-21934\" alt=\"Balat1 scaled.jpg\" srcset=\"https:\/\/www.khas.edu.tr\/wp-content\/uploads\/2025\/05\/balat1-scaled-1-683x1024.jpg 683w, https:\/\/www.khas.edu.tr\/wp-content\/uploads\/2025\/05\/balat1-scaled-1-200x300.jpg 200w, https:\/\/www.khas.edu.tr\/wp-content\/uploads\/2025\/05\/balat1-scaled-1-768x1152.jpg 768w, https:\/\/www.khas.edu.tr\/wp-content\/uploads\/2025\/05\/balat1-scaled-1-1024x1536.jpg 1024w, https:\/\/www.khas.edu.tr\/wp-content\/uploads\/2025\/05\/balat1-scaled-1-1366x2048.jpg 1366w, https:\/\/www.khas.edu.tr\/wp-content\/uploads\/2025\/05\/balat1-scaled-1.jpg 1707w\" sizes=\"(max-width: 600px) 100vw, 600px\" \/>\t\t\t\t\t\t\t\t\t\t\t\t\t\t\t<\/div>\n\t\t\t\t<\/div>\n\t\t\t\t<\/div>\n\t\t<div class=\"elementor-element elementor-element-093c063 e-con-full e-flex e-con e-child\" data-id=\"093c063\" data-element_type=\"container\" data-e-type=\"container\">\n\t\t\t\t<div class=\"elementor-element elementor-element-bd5efff elementor-widget elementor-widget-text-editor\" data-id=\"bd5efff\" data-element_type=\"widget\" data-e-type=\"widget\" data-widget_type=\"text-editor.default\">\n\t\t\t\t<div class=\"elementor-widget-container\">\n\t\t\t\t\t\t\t\t\t<p><strong>Historical Discovery in the Early Morning:<\/strong><\/p><p>The ideal spot to start the day by breathing in the historical texture of Balat is <strong>Fener Greek High School<\/strong>. This historical school, which attracts attention with its red bricks and imposing structure, is one of the important symbols that make up the silhouette of Balat. Afterwards, you can visit the nearby <strong>Sveti Stefan Bulgarian Church (Iron Church)<\/strong>. Admired for its unique iron structure, this church is an impressive synthesis of gothic and Byzantine architecture.<\/p>\t\t\t\t\t\t\t\t<\/div>\n\t\t\t\t<\/div>\n\t\t\t\t<div class=\"elementor-element elementor-element-d54429d elementor-widget elementor-widget-text-editor\" data-id=\"d54429d\" data-element_type=\"widget\" data-e-type=\"widget\" data-widget_type=\"text-editor.default\">\n\t\t\t\t<div class=\"elementor-widget-container\">\n\t\t\t\t\t\t\t\t\t<p><strong>Getting Lost in the Colourful Streets:<\/strong><\/p><p>The real magic of Balat begins with getting lost in the narrow streets lined with colourful houses. The bay window houses on <strong>Kiremit Street, Merdivenli Slope<\/strong> and <strong>Vodina Street<\/strong> are a paradise for photography enthusiasts. As you walk through these streets, where you will encounter a different colour at every corner, you can trace the traces of the past and soak up the unique atmosphere of the neighbourhood.<\/p>\t\t\t\t\t\t\t\t<\/div>\n\t\t\t\t<\/div>\n\t\t\t\t<\/div>\n\t\t\t\t\t<\/div>\n\t\t\t\t<\/div>\n\t\t<div class=\"elementor-element elementor-element-b5b2a60 e-flex e-con-boxed e-con e-parent\" data-id=\"b5b2a60\" data-element_type=\"container\" data-e-type=\"container\">\n\t\t\t\t\t<div class=\"e-con-inner\">\n\t\t<div class=\"elementor-element elementor-element-5c30706 e-con-full e-flex e-con e-child\" data-id=\"5c30706\" data-element_type=\"container\" data-e-type=\"container\">\n\t\t\t\t<div class=\"elementor-element elementor-element-7eadb7d elementor-widget elementor-widget-text-editor\" data-id=\"7eadb7d\" data-element_type=\"widget\" data-e-type=\"widget\" data-widget_type=\"text-editor.default\">\n\t\t\t\t<div class=\"elementor-widget-container\">\n\t\t\t\t\t\t\t\t\t<p><strong>Lunch Break: Flavour Stops<\/strong><\/p><p>When you get tired, you can take a break in Balat&#8217;s cosy cafes and restaurants. You can taste freshly baked bagels and pastries from the <strong>historical bakeries<\/strong> you will come across in the side streets of the neighbourhood, relax in nostalgic coffees or try traditional Turkish and international cuisine in <strong>stylish restaurants<\/strong>. You can find many different options especially on <strong>Vodina Street<\/strong>.<\/p>\t\t\t\t\t\t\t\t<\/div>\n\t\t\t\t<\/div>\n\t\t\t\t<\/div>\n\t\t<div class=\"elementor-element elementor-element-b493886 e-con-full e-flex e-con e-child\" data-id=\"b493886\" data-element_type=\"container\" data-e-type=\"container\">\n\t\t\t\t<div class=\"elementor-element elementor-element-8672f71 elementor-widget elementor-widget-image\" data-id=\"8672f71\" data-element_type=\"widget\" data-e-type=\"widget\" data-widget_type=\"image.default\">\n\t\t\t\t<div class=\"elementor-widget-container\">\n\t\t\t\t\t\t\t\t\t\t\t\t\t\t\t<img decoding=\"async\" width=\"600\" height=\"400\" src=\"https:\/\/www.khas.edu.tr\/wp-content\/uploads\/2025\/05\/balat3-scaled-1-1024x683.jpg\" class=\"attachment-large size-large wp-image-21936\" alt=\"Balat3 scaled.jpg\" srcset=\"https:\/\/www.khas.edu.tr\/wp-content\/uploads\/2025\/05\/balat3-scaled-1-1024x683.jpg 1024w, https:\/\/www.khas.edu.tr\/wp-content\/uploads\/2025\/05\/balat3-scaled-1-300x200.jpg 300w, https:\/\/www.khas.edu.tr\/wp-content\/uploads\/2025\/05\/balat3-scaled-1-768x512.jpg 768w, https:\/\/www.khas.edu.tr\/wp-content\/uploads\/2025\/05\/balat3-scaled-1-1536x1024.jpg 1536w, https:\/\/www.khas.edu.tr\/wp-content\/uploads\/2025\/05\/balat3-scaled-1-2048x1366.jpg 2048w\" sizes=\"(max-width: 600px) 100vw, 600px\" \/>\t\t\t\t\t\t\t\t\t\t\t\t\t\t\t<\/div>\n\t\t\t\t<\/div>\n\t\t\t\t<\/div>\n\t\t\t\t\t<\/div>\n\t\t\t\t<\/div>\n\t\t<div class=\"elementor-element elementor-element-95cb367 e-flex e-con-boxed e-con e-parent\" data-id=\"95cb367\" data-element_type=\"container\" data-e-type=\"container\">\n\t\t\t\t\t<div class=\"e-con-inner\">\n\t\t\t\t<div class=\"elementor-element elementor-element-1903178 elementor-widget elementor-widget-text-editor\" data-id=\"1903178\" data-element_type=\"widget\" data-e-type=\"widget\" data-widget_type=\"text-editor.default\">\n\t\t\t\t<div class=\"elementor-widget-container\">\n\t\t\t\t\t\t\t\t\t<p><strong>For Art and Antique Lovers:<\/strong><\/p><p>Balat has started to host <strong>many art galleries, workshops and antique shops<\/strong> in recent years. You can come across interesting artefacts and objects in these places while strolling through the narrow streets of the neighbourhood. Especially the shops on <strong>Y\u0131ld\u0131r\u0131m Street<\/strong> are among the stops not to be missed for antique enthusiasts.<\/p><p><strong>Afternoon Pleasure and View:<\/strong><\/p><p>At the end of the day, you can go to <strong>Pierre Loti <\/strong>Hill for a pleasant break against the Golden Horn view. From this hill, which you can easily reach by cable car, you can sip your tea or coffee accompanied by the colourful houses of Balat and the fascinating view of the Golden Horn.<\/p><p><strong>Getting to Balat:<\/strong><\/p><p>Getting to Balat is quite easy. Since the location of our campus is in the centre of Balat, you will be in this magical atmosphere when you leave the school.<\/p><p><strong><em>Tips:<\/em><\/strong><\/p><p>&#8211; Choose <strong>comfortable shoes<\/strong> to walk comfortably in the narrow streets of Balat.<\/p><p>&#8211; Don&#8217;t forget to take water with you, the temperature can be high especially in summer.<\/p><p>&#8211; You can immortalise the unique beauties of Balat by taking your camera with you.<\/p><p>&#8211; Balat can be quite crowded on weekends, you can choose weekdays for a quieter trip.<\/p><p>&#8211; Do not hesitate to chat with the locals, they can give you interesting information about the neighbourhood.<\/p><p>Balat is a hidden paradise of Istanbul waiting to be discovered. This neighbourhood, which will fascinate you with its historical texture, colourful atmosphere and friendly people, will allow you to collect unforgettable memories! Enjoy your discoveries in advance!<\/p>\t\t\t\t\t\t\t\t<\/div>\n\t\t\t\t<\/div>\n\t\t\t\t\t<\/div>\n\t\t\t\t<\/div>\n\t\t\t\t<\/div>\n\t\t","protected":false},"excerpt":{"rendered":"<p>Balat, located on the shores of the Golden Horn in the Fatih district of Istanbul, promises a journey through time with the location of our school. This neighbourhood, which fascinates its visitors with its colourful houses, narrow streets, historical buildings and warm atmosphere, has been increasing its popularity in recent years. Historical Discovery in the [&hellip;]<\/p>\n","protected":false},"author":6,"featured_media":0,"parent":0,"menu_order":0,"comment_status":"closed","ping_status":"closed","template":"","meta":{"slim_seo":{"title":"Goldenhorn (Neighborhood) - Kadir Has University","description":"Balat, located on the shores of the Golden Horn in the Fatih district of Istanbul, promises a journey through time with the location of our school. This neighbo"},"footnotes":""},"birimler":[168,159],"class_list":["post-21931","page","type-page","status-publish","hentry","birimler-global","birimler-international"],"_links":{"self":[{"href":"https:\/\/www.khas.edu.tr\/en\/wp-json\/wp\/v2\/pages\/21931","targetHints":{"allow":["GET"]}}],"collection":[{"href":"https:\/\/www.khas.edu.tr\/en\/wp-json\/wp\/v2\/pages"}],"about":[{"href":"https:\/\/www.khas.edu.tr\/en\/wp-json\/wp\/v2\/types\/page"}],"author":[{"embeddable":true,"href":"https:\/\/www.khas.edu.tr\/en\/wp-json\/wp\/v2\/users\/6"}],"replies":[{"embeddable":true,"href":"https:\/\/www.khas.edu.tr\/en\/wp-json\/wp\/v2\/comments?post=21931"}],"version-history":[{"count":19,"href":"https:\/\/www.khas.edu.tr\/en\/wp-json\/wp\/v2\/pages\/21931\/revisions"}],"predecessor-version":[{"id":21963,"href":"https:\/\/www.khas.edu.tr\/en\/wp-json\/wp\/v2\/pages\/21931\/revisions\/21963"}],"wp:attachment":[{"href":"https:\/\/www.khas.edu.tr\/en\/wp-json\/wp\/v2\/media?parent=21931"}],"wp:term":[{"taxonomy":"birimler","embeddable":true,"href":"https:\/\/www.khas.edu.tr\/en\/wp-json\/wp\/v2\/birimler?post=21931"}],"curies":[{"name":"wp","href":"https:\/\/api.w.org\/{rel}","templated":true}]}}