{"id":21890,"date":"2025-05-23T14:04:19","date_gmt":"2025-05-23T11:04:19","guid":{"rendered":"https:\/\/www.khas.edu.tr\/?page_id=21890"},"modified":"2025-05-28T16:45:34","modified_gmt":"2025-05-28T13:45:34","slug":"contact-2","status":"publish","type":"page","link":"https:\/\/www.khas.edu.tr\/en\/contact-2\/","title":{"rendered":"Contact"},"content":{"rendered":"\t\t<div data-elementor-type=\"wp-page\" data-elementor-id=\"21890\" class=\"elementor elementor-21890 elementor-21806\">\n\t\t\t\t<div class=\"elementor-element elementor-element-dddeeb5 e-grid e-con-boxed e-con e-parent\" data-id=\"dddeeb5\" data-element_type=\"container\" data-e-type=\"container\">\n\t\t\t\t\t<div class=\"e-con-inner\">\n\t\t\t\t<div class=\"elementor-element elementor-element-ac63b90 elementor-widget elementor-widget-shortcode\" data-id=\"ac63b90\" data-element_type=\"widget\" data-e-type=\"widget\" data-widget_type=\"shortcode.default\">\n\t\t\t\t<div class=\"elementor-widget-container\">\n\t\t\t\t\t\t\t<div class=\"elementor-shortcode\"><div id=\"khas-form-message-7\" style=\"display:none;\" class=\"alert\" role=\"alert\"><\/div><form id=\"khas-form-7\" class=\"khas-smtp-form\" method=\"post\"><input type=\"hidden\" name=\"form_id\" value=\"7\"><div class=\"container py-5\">\r\n    <div class=\"row justify-content-center\">\r\n        <div class=\"col-12\">\r\n            <div class=\"card shadow-sm\">\r\n                <div class=\"card-body p-4\">\r\n                    <div class=\"row g-3\">\r\n                        <div class=\"col-md-6\">\r\n                            <label for=\"ad\" class=\"form-label\">First Name<\/label>\r\n                            <input type=\"text\" class=\"form-control\" name=\"ad\" id=\"ad\" required>\r\n                        <\/div>\r\n                        <div class=\"col-md-6\">\r\n                            <label for=\"soyad\" class=\"form-label\">Last Name<\/label>\r\n                            <input type=\"text\" class=\"form-control\" name=\"soyad\" id=\"soyad\" required>\r\n                        <\/div>\r\n                        <div class=\"col-12\">\r\n                            <label for=\"email\" class=\"form-label\">Email Address<\/label>\r\n                            <input type=\"email\" class=\"form-control\" name=\"email\" id=\"email\" required>\r\n                        <\/div>\r\n                        <div class=\"col-12\">\r\n                            <label for=\"mesaj\" class=\"form-label\">Your Message<\/label>\r\n                            <textarea class=\"form-control\" name=\"mesaj\" id=\"mesaj\" rows=\"4\" required><\/textarea>\r\n                        <\/div>\r\n                        <div class=\"col-12\">\r\n                            \n    <div class=\"row\">\n        <div class=\"col-12\">\n            <div class=\"form-check mb-3\">\n                <input class=\"form-check-input\" type=\"checkbox\" id=\"kvkkCheck\" required>\n                <label class=\"form-check-label\" style=\"font-size:14px;\" for=\"kvkkCheck\">\n                    I have read and approved the <a href=\"\" target=\"_blank\" style=\"color: blue; text-decoration: underline;\">Informative and Clarification Text<\/a> within the scope of \"Personal Data Protection Law\".\n                <\/label>\n            <\/div>\n        <\/div>\n    <\/div>\n    <div class=\"g-recaptcha mb-3\" data-sitekey=\"6Le49tsqAAAAACAmj8gGpsEccVk9QZiIAZlXjcPO\"><\/div>\r\n                        <\/div>\r\n                        <div class=\"col-12\">\r\n                            <button type=\"submit\" class=\"btn btn-secondary\">Submit<\/button>\r\n                        <\/div>\r\n                    <\/div>\r\n                <\/div>\r\n            <\/div>\r\n        <\/div>\r\n    <\/div>\r\n<\/div>\r\n<\/form>\n    <script>\n    jQuery(document).ready(function($) {\n        $('#khas-form-7').on('submit', function(e) {\n            e.preventDefault();\n            \n            if (grecaptcha.getResponse() == '') {\n                alert('L\u00fctfen robot olmad\u0131\u011f\u0131n\u0131z\u0131 do\u011frulay\u0131n.');\n                return false;\n            }\n\n            var form = $(this);\n            var messageDiv = $('#khas-form-message-7');\n            var submitButton = form.find('button[type=\"submit\"]');\n            var formData = new FormData(this);\n            \n            \/\/ AJAX verilerini ekle\n            formData.append('action', 'khas_smtp_send_mail');\n            formData.append('g-recaptcha-response', grecaptcha.getResponse());\n            \n            \/\/ Submit butonunu devre d\u0131\u015f\u0131 b\u0131rak\n            submitButton.prop('disabled', true);\n            submitButton.html('G\u00f6nderiliyor...');\n            \n            $.ajax({\n                url: 'https:\/\/www.khas.edu.tr\/wp-admin\/admin-ajax.php',\n                type: 'POST',\n                data: formData,\n                processData: false,\n                contentType: false,\n                success: function(response) {\n                    if (response.success) {\n                        messageDiv.removeClass('alert-danger').addClass('alert-success');\n                        messageDiv.html('Mesaj\u0131n\u0131z ba\u015far\u0131yla g\u00f6nderildi.');\n                        form[0].reset();\n                        grecaptcha.reset();\n                    } else {\n                        messageDiv.removeClass('alert-success').addClass('alert-danger');\n                        messageDiv.html(response.data.message || 'Bir hata olu\u015ftu.');\n                    }\n                },\n                error: function() {\n                    messageDiv.removeClass('alert-success').addClass('alert-danger');\n                    messageDiv.html('Bir hata olu\u015ftu. L\u00fctfen daha sonra tekrar deneyin.');\n                },\n                complete: function() {\n                    messageDiv.show();\n                    submitButton.prop('disabled', false);\n                    submitButton.html('G\u00f6nder');\n                }\n            });\n        });\n    });\n    <\/script><\/div>\n\t\t\t\t\t\t<\/div>\n\t\t\t\t<\/div>\n\t\t\t\t<div class=\"elementor-element elementor-element-394fe29 elementor-widget elementor-widget-text-editor\" data-id=\"394fe29\" data-element_type=\"widget\" data-e-type=\"widget\" data-widget_type=\"text-editor.default\">\n\t\t\t\t<div class=\"elementor-widget-container\">\n\t\t\t\t\t\t\t\t\t<div class=\"elementor-element elementor-element-e67fe8d e-flex e-con-boxed e-con e-parent e-lazyloaded\" data-id=\"e67fe8d\" data-element_type=\"container\"><div class=\"e-con-inner\"><div class=\"elementor-element elementor-element-11a4c27 elementor-widget elementor-widget-heading\" data-id=\"11a4c27\" data-element_type=\"widget\" data-widget_type=\"heading.default\"><div class=\"elementor-widget-container\"><h3 class=\"elementor-heading-title elementor-size-default\"><span style=\"color: var( --e-global-color-primary ); font-family: var( --e-global-typography-primary-font-family ), Sans-serif; font-size: 1.125rem; font-weight: var( --e-global-typography-primary-font-weight ); text-align: var(--text-align); background-color: var(--x-body-bg);\">A257 \u2013 A248<\/span><\/h3><\/div><\/div><\/div><\/div><div class=\"elementor-element elementor-element-78e695e e-flex e-con-boxed e-con e-parent e-lazyloaded\" data-id=\"78e695e\" data-element_type=\"container\"><div class=\"e-con-inner\"><div class=\"elementor-element elementor-element-08e1fe0 elementor-widget elementor-widget-text-editor\" data-id=\"08e1fe0\" data-element_type=\"widget\" data-widget_type=\"text-editor.default\"><div class=\"elementor-widget-container\"><p>E-mail: odek@khas.edu.tr<\/p><p><span style=\"text-align: var(--text-align); font-family: var( --e-global-typography-text-font-family ), Sans-serif; background-color: var(--x-body-bg); font-size: var(--x-body-font-size); display: inline !important;\"><b style=\"color: var( --e-global-color-text );\">Emrah Karao\u011fuz<\/b><b><br \/><\/b><\/span><a class=\"cursor-pointer\" style=\"text-align: var(--text-align); font-family: var( --e-global-typography-text-font-family ), Sans-serif; font-weight: var( --e-global-typography-text-font-weight ); background-color: var(--x-body-bg); font-size: var(--x-body-font-size); display: inline !important;\" rel=\"noopener\" data-start=\"881\" data-end=\"907\">emrah.karaoguz@khas.edu.tr<br \/><\/a><span style=\"text-align: var(--text-align); color: var( --e-global-color-text ); font-family: var( --e-global-typography-text-font-family ), Sans-serif; font-weight: var( --e-global-typography-text-font-weight ); background-color: var(--x-body-bg); font-size: var(--x-body-font-size);\">Ext: 1666<\/span><\/p><\/div><\/div><\/div><div class=\"e-con-inner\"><div class=\"elementor-element elementor-element-5c05218 elementor-widget elementor-widget-text-editor\" data-id=\"5c05218\" data-element_type=\"widget\" data-widget_type=\"text-editor.default\"><div class=\"elementor-widget-container\"><p data-start=\"929\" data-end=\"948\"><strong>Asl\u0131 Akta\u015f<br \/><\/strong><a class=\"cursor-pointer\" rel=\"noopener\" data-start=\"954\" data-end=\"976\">asli.aktas@khas.edu.tr<br \/><\/a>Ext: 1124<\/p><\/div><\/div><\/div><\/div>\t\t\t\t\t\t\t\t<\/div>\n\t\t\t\t<\/div>\n\t\t\t\t\t<\/div>\n\t\t\t\t<\/div>\n\t\t\t\t<\/div>\n\t\t","protected":false},"excerpt":{"rendered":"<p>A257 \u2013 A248 E-mail: odek@khas.edu.tr Emrah Karao\u011fuzemrah.karaoguz@khas.edu.trExt: 1666 Asl\u0131 Akta\u015fasli.aktas@khas.edu.trExt: 1124<\/p>\n","protected":false},"author":6,"featured_media":0,"parent":0,"menu_order":0,"comment_status":"closed","ping_status":"closed","template":"","meta":{"slim_seo":{"title":"Contact - Kadir Has University","description":"First Name Last Name Email Address Your Message I have read and approved the Informative and Clarification Text within the scope of \"Personal Data Protection La"},"footnotes":""},"birimler":[171],"class_list":["post-21890","page","type-page","status-publish","hentry","birimler-dean-of-students"],"_links":{"self":[{"href":"https:\/\/www.khas.edu.tr\/en\/wp-json\/wp\/v2\/pages\/21890","targetHints":{"allow":["GET"]}}],"collection":[{"href":"https:\/\/www.khas.edu.tr\/en\/wp-json\/wp\/v2\/pages"}],"about":[{"href":"https:\/\/www.khas.edu.tr\/en\/wp-json\/wp\/v2\/types\/page"}],"author":[{"embeddable":true,"href":"https:\/\/www.khas.edu.tr\/en\/wp-json\/wp\/v2\/users\/6"}],"replies":[{"embeddable":true,"href":"https:\/\/www.khas.edu.tr\/en\/wp-json\/wp\/v2\/comments?post=21890"}],"version-history":[{"count":7,"href":"https:\/\/www.khas.edu.tr\/en\/wp-json\/wp\/v2\/pages\/21890\/revisions"}],"predecessor-version":[{"id":22507,"href":"https:\/\/www.khas.edu.tr\/en\/wp-json\/wp\/v2\/pages\/21890\/revisions\/22507"}],"wp:attachment":[{"href":"https:\/\/www.khas.edu.tr\/en\/wp-json\/wp\/v2\/media?parent=21890"}],"wp:term":[{"taxonomy":"birimler","embeddable":true,"href":"https:\/\/www.khas.edu.tr\/en\/wp-json\/wp\/v2\/birimler?post=21890"}],"curies":[{"name":"wp","href":"https:\/\/api.w.org\/{rel}","templated":true}]}}