{"id":20727,"date":"2025-05-20T13:36:32","date_gmt":"2025-05-20T10:36:32","guid":{"rendered":"https:\/\/www.khas.edu.tr\/?page_id=20727"},"modified":"2025-06-02T17:41:04","modified_gmt":"2025-06-02T14:41:04","slug":"ydy-contact","status":"publish","type":"page","link":"https:\/\/www.khas.edu.tr\/en\/ydy-contact\/","title":{"rendered":"Contact"},"content":{"rendered":"\t\t<div data-elementor-type=\"wp-page\" data-elementor-id=\"20727\" class=\"elementor elementor-20727 elementor-20718\">\n\t\t\t\t<div class=\"elementor-element elementor-element-b55af03 e-flex e-con-boxed e-con e-parent\" data-id=\"b55af03\" data-element_type=\"container\" data-e-type=\"container\">\n\t\t\t\t\t<div class=\"e-con-inner\">\n\t\t<div class=\"elementor-element elementor-element-50b0174 e-con-full e-flex e-con e-child\" data-id=\"50b0174\" data-element_type=\"container\" data-e-type=\"container\">\n\t\t\t\t<div class=\"elementor-element elementor-element-e7b2cf3 elementor-widget elementor-widget-text-editor\" data-id=\"e7b2cf3\" data-element_type=\"widget\" data-e-type=\"widget\" data-widget_type=\"text-editor.default\">\n\t\t\t\t<div class=\"elementor-widget-container\">\n\t\t\t\t\t\t\t\t\t<h4><strong>KHAS SCHOOL OF FOREIGN LANGUAGES ADMINISTRATIVE OFFICE<\/strong><\/h4><p><strong>Address:<\/strong>\u00a0Cibali Mahallesi, \u00dcsk\u00fcpl\u00fc Caddesi, No: 17 34083, Fatih, \u0130stanbul\/TURKEY<\/p><p><strong>E-mail:\u00a0<\/strong><strong><a href=\"mailto:prep@khas.edu.tr\">prep@khas.edu.tr<\/a><\/strong><\/p><p><strong>Telephone:<\/strong>\u00a0+90 212 533 6532<\/p><p><strong>Fax:<\/strong>\u00a0+90 212 441 4534<\/p>\t\t\t\t\t\t\t\t<\/div>\n\t\t\t\t<\/div>\n\t\t\t\t<div class=\"elementor-element elementor-element-f3ed5ed elementor-widget-divider--view-line elementor-widget elementor-widget-divider\" data-id=\"f3ed5ed\" data-element_type=\"widget\" data-e-type=\"widget\" data-widget_type=\"divider.default\">\n\t\t\t\t<div class=\"elementor-widget-container\">\n\t\t\t\t\t\t\t<div class=\"elementor-divider\">\n\t\t\t<span class=\"elementor-divider-separator\">\n\t\t\t\t\t\t<\/span>\n\t\t<\/div>\n\t\t\t\t\t\t<\/div>\n\t\t\t\t<\/div>\n\t\t\t\t<div class=\"elementor-element elementor-element-b88ed5c elementor-widget elementor-widget-text-editor\" data-id=\"b88ed5c\" data-element_type=\"widget\" data-e-type=\"widget\" data-widget_type=\"text-editor.default\">\n\t\t\t\t<div class=\"elementor-widget-container\">\n\t\t\t\t\t\t\t\t\t<h4>PLEASE <a href=\"https:\/\/www.khas.edu.tr\/ulasim\/\">CLICK\u00a0<\/a>TO VIEW THE DETAILS ABOUT ACCESSING OUR CAMPUS.<\/h4>\t\t\t\t\t\t\t\t<\/div>\n\t\t\t\t<\/div>\n\t\t\t\t<\/div>\n\t\t<div class=\"elementor-element elementor-element-216d618 e-con-full e-flex e-con e-child\" data-id=\"216d618\" data-element_type=\"container\" data-e-type=\"container\">\n\t\t\t\t<div class=\"elementor-element elementor-element-3950c52 elementor-widget elementor-widget-image\" data-id=\"3950c52\" data-element_type=\"widget\" data-e-type=\"widget\" data-widget_type=\"image.default\">\n\t\t\t\t<div class=\"elementor-widget-container\">\n\t\t\t\t\t\t\t\t\t\t\t\t\t\t\t<img fetchpriority=\"high\" decoding=\"async\" width=\"600\" height=\"849\" src=\"https:\/\/www.khas.edu.tr\/wp-content\/uploads\/2025\/05\/kroki_en-scaled-1-724x1024.jpg\" class=\"attachment-large size-large wp-image-20443\" alt=\"\" srcset=\"https:\/\/www.khas.edu.tr\/wp-content\/uploads\/2025\/05\/kroki_en-scaled-1-724x1024.jpg 724w, https:\/\/www.khas.edu.tr\/wp-content\/uploads\/2025\/05\/kroki_en-scaled-1-212x300.jpg 212w, https:\/\/www.khas.edu.tr\/wp-content\/uploads\/2025\/05\/kroki_en-scaled-1-768x1086.jpg 768w, https:\/\/www.khas.edu.tr\/wp-content\/uploads\/2025\/05\/kroki_en-scaled-1-1086x1536.jpg 1086w, https:\/\/www.khas.edu.tr\/wp-content\/uploads\/2025\/05\/kroki_en-scaled-1-1448x2048.jpg 1448w, https:\/\/www.khas.edu.tr\/wp-content\/uploads\/2025\/05\/kroki_en-scaled-1.jpg 1810w\" sizes=\"(max-width: 600px) 100vw, 600px\" \/>\t\t\t\t\t\t\t\t\t\t\t\t\t\t\t<\/div>\n\t\t\t\t<\/div>\n\t\t\t\t<\/div>\n\t\t\t\t\t<\/div>\n\t\t\t\t<\/div>\n\t\t<div class=\"elementor-element elementor-element-c0dc336 e-flex e-con-boxed e-con e-parent\" data-id=\"c0dc336\" data-element_type=\"container\" data-e-type=\"container\">\n\t\t\t\t\t<div class=\"e-con-inner\">\n\t\t\t\t<div class=\"elementor-element elementor-element-76b8f22 elementor-widget elementor-widget-google_maps\" data-id=\"76b8f22\" data-element_type=\"widget\" data-e-type=\"widget\" data-widget_type=\"google_maps.default\">\n\t\t\t\t<div class=\"elementor-widget-container\">\n\t\t\t\t\t\t\t<div class=\"elementor-custom-embed\">\n\t\t\t<iframe loading=\"lazy\"\n\t\t\t\t\tsrc=\"https:\/\/maps.google.com\/maps?q=Kadir%20Has%20%C3%9Cniversitesi&#038;t=m&#038;z=16&#038;output=embed&#038;iwloc=near\"\n\t\t\t\t\ttitle=\"Kadir Has \u00dcniversitesi\"\n\t\t\t\t\taria-label=\"Kadir Has \u00dcniversitesi\"\n\t\t\t><\/iframe>\n\t\t<\/div>\n\t\t\t\t\t\t<\/div>\n\t\t\t\t<\/div>\n\t\t\t\t\t<\/div>\n\t\t\t\t<\/div>\n\t\t\t\t<\/div>\n\t\t","protected":false},"excerpt":{"rendered":"<p>KHAS SCHOOL OF FOREIGN LANGUAGES ADMINISTRATIVE OFFICE Address:\u00a0Cibali Mahallesi, \u00dcsk\u00fcpl\u00fc Caddesi, No: 17 34083, Fatih, \u0130stanbul\/TURKEY E-mail:\u00a0prep@khas.edu.tr Telephone:\u00a0+90 212 533 6532 Fax:\u00a0+90 212 441 4534 PLEASE CLICK\u00a0TO VIEW THE DETAILS ABOUT ACCESSING OUR CAMPUS.<\/p>\n","protected":false},"author":2,"featured_media":0,"parent":0,"menu_order":0,"comment_status":"closed","ping_status":"closed","template":"","meta":{"slim_seo":{"title":"Contact - Kadir Has University","description":"KHAS SCHOOL OF FOREIGN LANGUAGES ADMINISTRATIVE OFFICE Address: \u00a0Cibali Mahallesi, \u00dcsk\u00fcpl\u00fc Caddesi, No: 17 34083, Fatih, \u0130stanbul\/TURKEY E-mail:\u00a0 prep@khas.edu."},"footnotes":""},"birimler":[165],"class_list":["post-20727","page","type-page","status-publish","hentry","birimler-sfl"],"_links":{"self":[{"href":"https:\/\/www.khas.edu.tr\/en\/wp-json\/wp\/v2\/pages\/20727","targetHints":{"allow":["GET"]}}],"collection":[{"href":"https:\/\/www.khas.edu.tr\/en\/wp-json\/wp\/v2\/pages"}],"about":[{"href":"https:\/\/www.khas.edu.tr\/en\/wp-json\/wp\/v2\/types\/page"}],"author":[{"embeddable":true,"href":"https:\/\/www.khas.edu.tr\/en\/wp-json\/wp\/v2\/users\/2"}],"replies":[{"embeddable":true,"href":"https:\/\/www.khas.edu.tr\/en\/wp-json\/wp\/v2\/comments?post=20727"}],"version-history":[{"count":8,"href":"https:\/\/www.khas.edu.tr\/en\/wp-json\/wp\/v2\/pages\/20727\/revisions"}],"predecessor-version":[{"id":22960,"href":"https:\/\/www.khas.edu.tr\/en\/wp-json\/wp\/v2\/pages\/20727\/revisions\/22960"}],"wp:attachment":[{"href":"https:\/\/www.khas.edu.tr\/en\/wp-json\/wp\/v2\/media?parent=20727"}],"wp:term":[{"taxonomy":"birimler","embeddable":true,"href":"https:\/\/www.khas.edu.tr\/en\/wp-json\/wp\/v2\/birimler?post=20727"}],"curies":[{"name":"wp","href":"https:\/\/api.w.org\/{rel}","templated":true}]}}