{"id":20678,"date":"2025-05-20T12:08:09","date_gmt":"2025-05-20T09:08:09","guid":{"rendered":"https:\/\/www.khas.edu.tr\/?page_id=20678"},"modified":"2025-09-10T10:33:59","modified_gmt":"2025-09-10T07:33:59","slug":"sfl-administration","status":"publish","type":"page","link":"https:\/\/www.khas.edu.tr\/en\/sfl-administration\/","title":{"rendered":"Administration"},"content":{"rendered":"\t\t<div data-elementor-type=\"wp-page\" data-elementor-id=\"20678\" class=\"elementor elementor-20678 elementor-20655\">\n\t\t\t\t<div class=\"elementor-element elementor-element-ea084b7 e-flex e-con-boxed e-con e-parent\" data-id=\"ea084b7\" data-element_type=\"container\" data-e-type=\"container\">\n\t\t\t\t\t<div class=\"e-con-inner\">\n\t\t\t\t<div class=\"elementor-element elementor-element-1c79022 elementor-widget elementor-widget-heading\" data-id=\"1c79022\" data-element_type=\"widget\" data-e-type=\"widget\" data-widget_type=\"heading.default\">\n\t\t\t\t<div class=\"elementor-widget-container\">\n\t\t\t\t\t<h3 class=\"elementor-heading-title elementor-size-default\">Director<\/h3>\t\t\t\t<\/div>\n\t\t\t\t<\/div>\n\t\t\t\t<div class=\"elementor-element elementor-element-6002c3f elementor-widget elementor-widget-heading\" data-id=\"6002c3f\" data-element_type=\"widget\" data-e-type=\"widget\" data-widget_type=\"heading.default\">\n\t\t\t\t<div class=\"elementor-widget-container\">\n\t\t\t\t\t<h5 class=\"elementor-heading-title elementor-size-default\"><a href=\"https:\/\/www.khas.edu.tr\/en\/academic-staff\/2355\/\">G\u00fcrsel KAHRAMAN<\/a><\/h5>\t\t\t\t<\/div>\n\t\t\t\t<\/div>\n\t\t\t\t<div class=\"elementor-element elementor-element-fa23ad4 elementor-widget-divider--view-line elementor-widget elementor-widget-divider\" data-id=\"fa23ad4\" data-element_type=\"widget\" data-e-type=\"widget\" data-widget_type=\"divider.default\">\n\t\t\t\t<div class=\"elementor-widget-container\">\n\t\t\t\t\t\t\t<div class=\"elementor-divider\">\n\t\t\t<span class=\"elementor-divider-separator\">\n\t\t\t\t\t\t<\/span>\n\t\t<\/div>\n\t\t\t\t\t\t<\/div>\n\t\t\t\t<\/div>\n\t\t\t\t<div class=\"elementor-element elementor-element-c7585e4 elementor-widget elementor-widget-heading\" data-id=\"c7585e4\" data-element_type=\"widget\" data-e-type=\"widget\" data-widget_type=\"heading.default\">\n\t\t\t\t<div class=\"elementor-widget-container\">\n\t\t\t\t\t<h3 class=\"elementor-heading-title elementor-size-default\">Assistant Directors<\/h3>\t\t\t\t<\/div>\n\t\t\t\t<\/div>\n\t\t\t\t<div class=\"elementor-element elementor-element-93d1c0e elementor-widget elementor-widget-heading\" data-id=\"93d1c0e\" data-element_type=\"widget\" data-e-type=\"widget\" data-widget_type=\"heading.default\">\n\t\t\t\t<div class=\"elementor-widget-container\">\n\t\t\t\t\t<h5 class=\"elementor-heading-title elementor-size-default\"><a href=\"https:\/\/www.khas.edu.tr\/en\/academic-staff\/2223\/\">Bedi CANANO\u011eLU<\/a><\/h5>\t\t\t\t<\/div>\n\t\t\t\t<\/div>\n\t\t\t\t<div class=\"elementor-element elementor-element-742403d elementor-widget-divider--view-line elementor-widget elementor-widget-divider\" data-id=\"742403d\" data-element_type=\"widget\" data-e-type=\"widget\" data-widget_type=\"divider.default\">\n\t\t\t\t<div class=\"elementor-widget-container\">\n\t\t\t\t\t\t\t<div class=\"elementor-divider\">\n\t\t\t<span class=\"elementor-divider-separator\">\n\t\t\t\t\t\t<\/span>\n\t\t<\/div>\n\t\t\t\t\t\t<\/div>\n\t\t\t\t<\/div>\n\t\t\t\t<div class=\"elementor-element elementor-element-6a6ccf6 elementor-widget elementor-widget-heading\" data-id=\"6a6ccf6\" data-element_type=\"widget\" data-e-type=\"widget\" data-widget_type=\"heading.default\">\n\t\t\t\t<div class=\"elementor-widget-container\">\n\t\t\t\t\t<h3 class=\"elementor-heading-title elementor-size-default\">Academic Program Coordinator<\/h3>\t\t\t\t<\/div>\n\t\t\t\t<\/div>\n\t\t\t\t<div class=\"elementor-element elementor-element-27083d6 elementor-widget elementor-widget-heading\" data-id=\"27083d6\" data-element_type=\"widget\" data-e-type=\"widget\" data-widget_type=\"heading.default\">\n\t\t\t\t<div class=\"elementor-widget-container\">\n\t\t\t\t\t<h5 class=\"elementor-heading-title elementor-size-default\"><a href=\"https:\/\/www.khas.edu.tr\/akademisyenlerimiz\/181\/\">Belk\u0131s KILIN\u00c7 SADAK<\/a><\/h5>\t\t\t\t<\/div>\n\t\t\t\t<\/div>\n\t\t\t\t<div class=\"elementor-element elementor-element-6fb6dd6 elementor-widget-divider--view-line elementor-widget elementor-widget-divider\" data-id=\"6fb6dd6\" data-element_type=\"widget\" data-e-type=\"widget\" data-widget_type=\"divider.default\">\n\t\t\t\t<div class=\"elementor-widget-container\">\n\t\t\t\t\t\t\t<div class=\"elementor-divider\">\n\t\t\t<span class=\"elementor-divider-separator\">\n\t\t\t\t\t\t<\/span>\n\t\t<\/div>\n\t\t\t\t\t\t<\/div>\n\t\t\t\t<\/div>\n\t\t\t\t<div class=\"elementor-element elementor-element-25446bc elementor-widget elementor-widget-heading\" data-id=\"25446bc\" data-element_type=\"widget\" data-e-type=\"widget\" data-widget_type=\"heading.default\">\n\t\t\t\t<div class=\"elementor-widget-container\">\n\t\t\t\t\t<h3 class=\"elementor-heading-title elementor-size-default\">Administrative Affairs Manager<\/h3>\t\t\t\t<\/div>\n\t\t\t\t<\/div>\n\t\t\t\t<div class=\"elementor-element elementor-element-c75132f elementor-widget elementor-widget-heading\" data-id=\"c75132f\" data-element_type=\"widget\" data-e-type=\"widget\" data-widget_type=\"heading.default\">\n\t\t\t\t<div class=\"elementor-widget-container\">\n\t\t\t\t\t<h5 class=\"elementor-heading-title elementor-size-default\"><a href=\"https:\/\/www.khas.edu.tr\/akademisyenlerimiz\/1809\/\">Banu SEZER <\/a><\/h5>\t\t\t\t<\/div>\n\t\t\t\t<\/div>\n\t\t\t\t<div class=\"elementor-element elementor-element-6c1c8aa elementor-widget elementor-widget-heading\" data-id=\"6c1c8aa\" data-element_type=\"widget\" data-e-type=\"widget\" data-widget_type=\"heading.default\">\n\t\t\t\t<div class=\"elementor-widget-container\">\n\t\t\t\t\t<h5 class=\"elementor-heading-title elementor-size-default\"><a href=\"https:\/\/www.khas.edu.tr\/akademisyenlerimiz\/1809\/\">banu.sezer@khas.edu.tr&nbsp;| Dahili: 2112<\/a><\/h5>\t\t\t\t<\/div>\n\t\t\t\t<\/div>\n\t\t\t\t<div class=\"elementor-element elementor-element-90d05d5 elementor-widget-divider--view-line elementor-widget elementor-widget-divider\" data-id=\"90d05d5\" data-element_type=\"widget\" data-e-type=\"widget\" data-widget_type=\"divider.default\">\n\t\t\t\t<div class=\"elementor-widget-container\">\n\t\t\t\t\t\t\t<div class=\"elementor-divider\">\n\t\t\t<span class=\"elementor-divider-separator\">\n\t\t\t\t\t\t<\/span>\n\t\t<\/div>\n\t\t\t\t\t\t<\/div>\n\t\t\t\t<\/div>\n\t\t\t\t<div class=\"elementor-element elementor-element-e5f4e81 elementor-widget elementor-widget-heading\" data-id=\"e5f4e81\" data-element_type=\"widget\" data-e-type=\"widget\" data-widget_type=\"heading.default\">\n\t\t\t\t<div class=\"elementor-widget-container\">\n\t\t\t\t\t<h3 class=\"elementor-heading-title elementor-size-default\">Administrative Affairs Specialist<\/h3>\t\t\t\t<\/div>\n\t\t\t\t<\/div>\n\t\t\t\t<div class=\"elementor-element elementor-element-5399e0e elementor-widget elementor-widget-heading\" data-id=\"5399e0e\" data-element_type=\"widget\" data-e-type=\"widget\" data-widget_type=\"heading.default\">\n\t\t\t\t<div class=\"elementor-widget-container\">\n\t\t\t\t\t<h5 class=\"elementor-heading-title elementor-size-default\"><a href=\"https:\/\/www.khas.edu.tr\/akademisyenlerimiz\/1809\/\">\u0130brahim Hasan CAMC\u0130<\/a><\/h5>\t\t\t\t<\/div>\n\t\t\t\t<\/div>\n\t\t\t\t<div class=\"elementor-element elementor-element-e8b6a9b elementor-widget elementor-widget-heading\" data-id=\"e8b6a9b\" data-element_type=\"widget\" data-e-type=\"widget\" data-widget_type=\"heading.default\">\n\t\t\t\t<div class=\"elementor-widget-container\">\n\t\t\t\t\t<h5 class=\"elementor-heading-title elementor-size-default\"><a href=\"https:\/\/www.khas.edu.tr\/akademisyenlerimiz\/1809\/\">hasan.camci@khas.edu.tr&nbsp;| Dahili: 2121<\/a><\/h5>\t\t\t\t<\/div>\n\t\t\t\t<\/div>\n\t\t\t\t\t<\/div>\n\t\t\t\t<\/div>\n\t\t\t\t<\/div>\n\t\t","protected":false},"excerpt":{"rendered":"<p>Director G\u00fcrsel KAHRAMAN Assistant Directors Bedi CANANO\u011eLU Academic Program Coordinator Belk\u0131s KILIN\u00c7 SADAK Administrative Affairs Manager Banu SEZER banu.sezer@khas.edu.tr&nbsp;| Dahili: 2112 Administrative Affairs Specialist \u0130brahim Hasan CAMC\u0130 hasan.camci@khas.edu.tr&nbsp;| Dahili: 2121<\/p>\n","protected":false},"author":2,"featured_media":0,"parent":0,"menu_order":0,"comment_status":"closed","ping_status":"closed","template":"","meta":{"slim_seo":{"title":"Administration - Kadir Has University","description":"Director G\u00fcrsel KAHRAMAN Assistant Directors Bedi CANANO\u011eLU Academic Program Coordinator Belk\u0131s KILIN\u00c7 SADAK Administrative Affairs Manager Banu SEZER banu.seze"},"footnotes":""},"birimler":[165],"class_list":["post-20678","page","type-page","status-publish","hentry","birimler-sfl"],"_links":{"self":[{"href":"https:\/\/www.khas.edu.tr\/en\/wp-json\/wp\/v2\/pages\/20678","targetHints":{"allow":["GET"]}}],"collection":[{"href":"https:\/\/www.khas.edu.tr\/en\/wp-json\/wp\/v2\/pages"}],"about":[{"href":"https:\/\/www.khas.edu.tr\/en\/wp-json\/wp\/v2\/types\/page"}],"author":[{"embeddable":true,"href":"https:\/\/www.khas.edu.tr\/en\/wp-json\/wp\/v2\/users\/2"}],"replies":[{"embeddable":true,"href":"https:\/\/www.khas.edu.tr\/en\/wp-json\/wp\/v2\/comments?post=20678"}],"version-history":[{"count":14,"href":"https:\/\/www.khas.edu.tr\/en\/wp-json\/wp\/v2\/pages\/20678\/revisions"}],"predecessor-version":[{"id":27738,"href":"https:\/\/www.khas.edu.tr\/en\/wp-json\/wp\/v2\/pages\/20678\/revisions\/27738"}],"wp:attachment":[{"href":"https:\/\/www.khas.edu.tr\/en\/wp-json\/wp\/v2\/media?parent=20678"}],"wp:term":[{"taxonomy":"birimler","embeddable":true,"href":"https:\/\/www.khas.edu.tr\/en\/wp-json\/wp\/v2\/birimler?post=20678"}],"curies":[{"name":"wp","href":"https:\/\/api.w.org\/{rel}","templated":true}]}}