{"id":20440,"date":"2025-05-20T08:54:01","date_gmt":"2025-05-20T05:54:01","guid":{"rendered":"https:\/\/www.khas.edu.tr\/?page_id=20440"},"modified":"2025-12-18T15:53:23","modified_gmt":"2025-12-18T12:53:23","slug":"inter-contact","status":"publish","type":"page","link":"https:\/\/www.khas.edu.tr\/en\/inter-contact\/","title":{"rendered":"CONTACT"},"content":{"rendered":"\t\t<div data-elementor-type=\"wp-page\" data-elementor-id=\"20440\" class=\"elementor elementor-20440\">\n\t\t\t\t<div class=\"elementor-element elementor-element-e3e56c0 e-flex e-con-boxed e-con e-parent\" data-id=\"e3e56c0\" data-element_type=\"container\" data-e-type=\"container\">\n\t\t\t\t\t<div class=\"e-con-inner\">\n\t\t\t\t<div class=\"elementor-element elementor-element-a2e3ddd elementor-widget elementor-widget-heading\" data-id=\"a2e3ddd\" data-element_type=\"widget\" data-e-type=\"widget\" data-widget_type=\"heading.default\">\n\t\t\t\t<div class=\"elementor-widget-container\">\n\t\t\t\t\t<h2 class=\"elementor-heading-title elementor-size-default\">INTERNATIONAL OFFICE<\/h2>\t\t\t\t<\/div>\n\t\t\t\t<\/div>\n\t\t\t\t\t<\/div>\n\t\t\t\t<\/div>\n\t\t<div class=\"elementor-element elementor-element-2cabc61 e-flex e-con-boxed e-con e-parent\" data-id=\"2cabc61\" data-element_type=\"container\" data-e-type=\"container\">\n\t\t\t\t\t<div class=\"e-con-inner\">\n\t\t<div class=\"elementor-element elementor-element-ff605ed e-con-full e-flex e-con e-child\" data-id=\"ff605ed\" data-element_type=\"container\" data-e-type=\"container\">\n\t\t\t\t<div class=\"elementor-element elementor-element-a77596f elementor-widget elementor-widget-text-editor\" data-id=\"a77596f\" data-element_type=\"widget\" data-e-type=\"widget\" data-widget_type=\"text-editor.default\">\n\t\t\t\t<div class=\"elementor-widget-container\">\n\t\t\t\t\t\t\t\t\t<p><strong>Can Alper \u015eAH\u0130N\u00a0<\/strong><br \/>Manager<br \/><a href=\"mailto:alper.sahin@khas.edu.tr\">alper.sahin@khas.edu.tr<\/a><br \/>Ext. 1704<\/p><p><strong>Arma\u011fan G\u00dcLY\u00dcZ<\/strong><br \/>Senior International Marketing and Recruitment Specialist<br \/><a href=\"mailto:armagan.gulyuz@khas.edu.tr\">armagan.gulyuz@khas.edu.tr<\/a><br \/><a href=\"mailto:international@khas.edu.tr\">international@khas.edu.tr<\/a><br \/>Ext. 1702<\/p><p><strong>Melis ERLER<\/strong><br \/>International Marketing and Recruitment Specialist<br \/><a href=\"mailto:melis.erler@khas.edu.tr\">melis.erler@khas.edu.tr<\/a><br \/>Ext. 1707<\/p><p><strong>Leyla AL\u0130YEVA<\/strong><br \/>International Marketing and Recruitment Specialist<br \/><a href=\"mailto:melis.erler@khas.edu.tr\">leyla.aliyeva@khas.edu.tr<\/a><br \/>Ext. 1700<\/p><p><strong>Phone:<\/strong>\u00a0+90 212 533 02 51<br \/><strong>Address:<\/strong>\u00a0Cibali Mah. Kadir Has Cad. 34083 Fatih \/ \u0130stanbul, TURKEY<\/p>\t\t\t\t\t\t\t\t<\/div>\n\t\t\t\t<\/div>\n\t\t\t\t<\/div>\n\t\t<div class=\"elementor-element elementor-element-1a91f19 e-con-full e-flex e-con e-child\" data-id=\"1a91f19\" data-element_type=\"container\" data-e-type=\"container\">\n\t\t\t\t<div class=\"elementor-element elementor-element-1f98370 elementor-widget elementor-widget-image\" data-id=\"1f98370\" data-element_type=\"widget\" data-e-type=\"widget\" data-widget_type=\"image.default\">\n\t\t\t\t<div class=\"elementor-widget-container\">\n\t\t\t\t\t\t\t\t\t\t\t\t\t\t\t<img fetchpriority=\"high\" decoding=\"async\" width=\"600\" height=\"849\" src=\"https:\/\/www.khas.edu.tr\/wp-content\/uploads\/2025\/05\/kroki_en-scaled-1-724x1024.jpg\" class=\"attachment-large size-large wp-image-20443\" alt=\"\" srcset=\"https:\/\/www.khas.edu.tr\/wp-content\/uploads\/2025\/05\/kroki_en-scaled-1-724x1024.jpg 724w, https:\/\/www.khas.edu.tr\/wp-content\/uploads\/2025\/05\/kroki_en-scaled-1-212x300.jpg 212w, https:\/\/www.khas.edu.tr\/wp-content\/uploads\/2025\/05\/kroki_en-scaled-1-768x1086.jpg 768w, https:\/\/www.khas.edu.tr\/wp-content\/uploads\/2025\/05\/kroki_en-scaled-1-1086x1536.jpg 1086w, https:\/\/www.khas.edu.tr\/wp-content\/uploads\/2025\/05\/kroki_en-scaled-1-1448x2048.jpg 1448w, https:\/\/www.khas.edu.tr\/wp-content\/uploads\/2025\/05\/kroki_en-scaled-1.jpg 1810w\" sizes=\"(max-width: 600px) 100vw, 600px\" \/>\t\t\t\t\t\t\t\t\t\t\t\t\t\t\t<\/div>\n\t\t\t\t<\/div>\n\t\t\t\t<\/div>\n\t\t\t\t\t<\/div>\n\t\t\t\t<\/div>\n\t\t<div class=\"elementor-element elementor-element-eb87293 e-flex e-con-boxed e-con e-parent\" data-id=\"eb87293\" data-element_type=\"container\" data-e-type=\"container\">\n\t\t\t\t\t<div class=\"e-con-inner\">\n\t\t\t\t<div class=\"elementor-element elementor-element-0504a74 elementor-widget-divider--view-line elementor-widget elementor-widget-divider\" data-id=\"0504a74\" data-element_type=\"widget\" data-e-type=\"widget\" data-widget_type=\"divider.default\">\n\t\t\t\t<div class=\"elementor-widget-container\">\n\t\t\t\t\t\t\t<div class=\"elementor-divider\">\n\t\t\t<span class=\"elementor-divider-separator\">\n\t\t\t\t\t\t<\/span>\n\t\t<\/div>\n\t\t\t\t\t\t<\/div>\n\t\t\t\t<\/div>\n\t\t\t\t\t<\/div>\n\t\t\t\t<\/div>\n\t\t<div class=\"elementor-element elementor-element-2c8e76c e-flex e-con-boxed e-con e-parent\" data-id=\"2c8e76c\" data-element_type=\"container\" data-e-type=\"container\">\n\t\t\t\t\t<div class=\"e-con-inner\">\n\t\t\t\t<div class=\"elementor-element elementor-element-0a5f52d elementor-widget elementor-widget-heading\" data-id=\"0a5f52d\" data-element_type=\"widget\" data-e-type=\"widget\" data-widget_type=\"heading.default\">\n\t\t\t\t<div class=\"elementor-widget-container\">\n\t\t\t\t\t<h2 class=\"elementor-heading-title elementor-size-default\">KHAS GRADUATE PROGRAMS<\/h2>\t\t\t\t<\/div>\n\t\t\t\t<\/div>\n\t\t\t\t<div class=\"elementor-element elementor-element-057277a elementor-widget elementor-widget-thim-ekits-button\" data-id=\"057277a\" data-element_type=\"widget\" data-e-type=\"widget\" data-widget_type=\"thim-ekits-button.default\">\n\t\t\t\t<div class=\"elementor-widget-container\">\n\t\t\t\t\t\n\t\t<div class=\"thim-ekits-button\">\n\t\t\t<a href=\"https:\/\/sgs.khas.edu.tr\/en\" role=\"button\">\n\t\t\t\t<span class=\"button-content-wrapper\">\n\t\t\t\t\tClick to view the website of KHAS School of Graduate Studies \t\t\t\t<\/span>\n\t\t\t<\/a>\n\t\t<\/div>\n\n\t\t\t\t\t\t<\/div>\n\t\t\t\t<\/div>\n\t\t\t\t<div class=\"elementor-element elementor-element-76d6a5a elementor-widget-divider--view-line elementor-widget elementor-widget-divider\" data-id=\"76d6a5a\" data-element_type=\"widget\" data-e-type=\"widget\" data-widget_type=\"divider.default\">\n\t\t\t\t<div class=\"elementor-widget-container\">\n\t\t\t\t\t\t\t<div class=\"elementor-divider\">\n\t\t\t<span class=\"elementor-divider-separator\">\n\t\t\t\t\t\t<\/span>\n\t\t<\/div>\n\t\t\t\t\t\t<\/div>\n\t\t\t\t<\/div>\n\t\t\t\t\t<\/div>\n\t\t\t\t<\/div>\n\t\t<div class=\"elementor-element elementor-element-d5d68d0 e-flex e-con-boxed e-con e-parent\" data-id=\"d5d68d0\" data-element_type=\"container\" data-e-type=\"container\">\n\t\t\t\t\t<div class=\"e-con-inner\">\n\t\t\t\t<div class=\"elementor-element elementor-element-7866ca1 elementor-widget elementor-widget-google_maps\" data-id=\"7866ca1\" data-element_type=\"widget\" data-e-type=\"widget\" data-widget_type=\"google_maps.default\">\n\t\t\t\t<div class=\"elementor-widget-container\">\n\t\t\t\t\t\t\t<div class=\"elementor-custom-embed\">\n\t\t\t<iframe loading=\"lazy\"\n\t\t\t\t\tsrc=\"https:\/\/maps.google.com\/maps?q=Kadir%20Has%20%C3%9Cniversitesi%2C%20Cibali%2C%20%C4%B0stanbul&#038;t=m&#038;z=16&#038;output=embed&#038;iwloc=near\"\n\t\t\t\t\ttitle=\"Kadir Has \u00dcniversitesi, Cibali, \u0130stanbul\"\n\t\t\t\t\taria-label=\"Kadir Has \u00dcniversitesi, Cibali, \u0130stanbul\"\n\t\t\t><\/iframe>\n\t\t<\/div>\n\t\t\t\t\t\t<\/div>\n\t\t\t\t<\/div>\n\t\t\t\t\t<\/div>\n\t\t\t\t<\/div>\n\t\t\t\t<\/div>\n\t\t","protected":false},"excerpt":{"rendered":"<p>INTERNATIONAL OFFICE Can Alper \u015eAH\u0130N\u00a0Manageralper.sahin@khas.edu.trExt. 1704 Arma\u011fan G\u00dcLY\u00dcZSenior International Marketing and Recruitment Specialistarmagan.gulyuz@khas.edu.trinternational@khas.edu.trExt. 1702 Melis ERLERInternational Marketing and Recruitment Specialistmelis.erler@khas.edu.trExt. 1707 Leyla AL\u0130YEVAInternational Marketing and Recruitment Specialistleyla.aliyeva@khas.edu.trExt. 1700 Phone:\u00a0+90 212 533 02 51Address:\u00a0Cibali Mah. Kadir Has Cad. 34083 Fatih \/ \u0130stanbul, TURKEY KHAS GRADUATE PROGRAMS Click to view the website of KHAS School of Graduate [&hellip;]<\/p>\n","protected":false},"author":2,"featured_media":0,"parent":0,"menu_order":0,"comment_status":"closed","ping_status":"closed","template":"","meta":{"slim_seo":{"title":"CONTACT - Kadir Has University","description":"INTERNATIONAL OFFICE Can Alper \u015eAH\u0130N\u00a0 Manager alper.sahin@khas.edu.tr Ext. 1704 Arma\u011fan G\u00dcLY\u00dcZ Senior International Marketing and Recruitment Specialist armagan"},"footnotes":""},"birimler":[159,158],"class_list":["post-20440","page","type-page","status-publish","hentry","birimler-international","birimler-uluslararasi"],"_links":{"self":[{"href":"https:\/\/www.khas.edu.tr\/en\/wp-json\/wp\/v2\/pages\/20440","targetHints":{"allow":["GET"]}}],"collection":[{"href":"https:\/\/www.khas.edu.tr\/en\/wp-json\/wp\/v2\/pages"}],"about":[{"href":"https:\/\/www.khas.edu.tr\/en\/wp-json\/wp\/v2\/types\/page"}],"author":[{"embeddable":true,"href":"https:\/\/www.khas.edu.tr\/en\/wp-json\/wp\/v2\/users\/2"}],"replies":[{"embeddable":true,"href":"https:\/\/www.khas.edu.tr\/en\/wp-json\/wp\/v2\/comments?post=20440"}],"version-history":[{"count":5,"href":"https:\/\/www.khas.edu.tr\/en\/wp-json\/wp\/v2\/pages\/20440\/revisions"}],"predecessor-version":[{"id":22666,"href":"https:\/\/www.khas.edu.tr\/en\/wp-json\/wp\/v2\/pages\/20440\/revisions\/22666"}],"wp:attachment":[{"href":"https:\/\/www.khas.edu.tr\/en\/wp-json\/wp\/v2\/media?parent=20440"}],"wp:term":[{"taxonomy":"birimler","embeddable":true,"href":"https:\/\/www.khas.edu.tr\/en\/wp-json\/wp\/v2\/birimler?post=20440"}],"curies":[{"name":"wp","href":"https:\/\/api.w.org\/{rel}","templated":true}]}}