{"id":20081,"date":"2025-05-16T10:41:57","date_gmt":"2025-05-16T07:41:57","guid":{"rendered":"https:\/\/www.khas.edu.tr\/?page_id=20081"},"modified":"2025-05-16T14:03:47","modified_gmt":"2025-05-16T11:03:47","slug":"architecture-double-major-program","status":"publish","type":"page","link":"https:\/\/www.khas.edu.tr\/en\/architecture-double-major-program\/","title":{"rendered":"Architecture-Double Major Program"},"content":{"rendered":"\t\t<div data-elementor-type=\"wp-page\" data-elementor-id=\"20081\" class=\"elementor elementor-20081\">\n\t\t\t\t<div class=\"elementor-element elementor-element-42f4084 e-flex e-con-boxed e-con e-parent\" data-id=\"42f4084\" data-element_type=\"container\" data-e-type=\"container\">\n\t\t\t\t\t<div class=\"e-con-inner\">\n\t\t\t\t<div class=\"elementor-element elementor-element-03cef4e elementor-widget elementor-widget-text-editor\" data-id=\"03cef4e\" data-element_type=\"widget\" data-e-type=\"widget\" data-widget_type=\"text-editor.default\">\n\t\t\t\t<div class=\"elementor-widget-container\">\n\t\t\t\t\t\t\t\t\t<!DOCTYPE html>\n<html lang=\"tr\">\n<head>\n    <meta charset=\"UTF-8\">\n    <meta name=\"viewport\" content=\"width=device-width, initial-scale=1.0\">\n    <title>KHAS Mimarl\u0131k B\u00f6l\u00fcm\u00fc \u00c7ift Anadal Program\u0131<\/title>\n    <style>\n        body {\n            font-family: Arial, sans-serif;\n            line-height: 1.6;\n            margin: 0;\n            padding: 0;\n            background-color: #f4f4f4;\n        }\n\n        h2, h3, h4 {\n            text-align: center;\n            color: #333;\n        }\n\n        p {\n            text-align: center;\n            color: #555;\n        }\n\n        table {\n            width: 100%;\n            margin: 20px 0;\n            border-collapse: collapse;\n        }\n\n        table th, table td {\n            padding: 10px;\n            text-align: left;\n            border: 1px solid #ddd;\n        }\n\n        table th {\n            background-color: #f2f2f2;\n            color: #333;\n        }\n\n        table tr:nth-child(even) {\n            background-color: #f9f9f9;\n        }\n\n        table tr:hover {\n            background-color: #f1f1f1;\n        }\n\n        .total {\n            font-weight: bold;\n            background-color: #f2f2f2;\n        }\n\n        hr {\n            border: 0;\n            border-top: 1px solid #ccc;\n            margin: 30px 0;\n        }\n    <\/style>\n<\/head>\n<body>\n\n    <h2>KHAS Faculty of Art and Design<\/h2>\n    <h3>Department of Architecture<\/h3>\n    <h4>Double Major Undergraduate Program for Interior Architecture and Environmental Design Students<\/h4>\n    <p><strong>\u0130\u00e7 Mimarl\u0131k ve \u00c7evre Tasar\u0131m\u0131 B\u00f6l\u00fcm\u00fc \u00d6\u011frencileri i\u00e7in Mimarl\u0131k B\u00f6l\u00fcm\u00fc \u00c7ift Anadal Program\u0131 (\u00c7AP)<\/strong><\/p>\n\n    <hr>\n\n    <h4>FIRST YEAR: FALL<\/h4>\n    <table>\n        <thead>\n            <tr>\n                <th>CODE<\/th>\n                <th>COURSE NAME<\/th>\n                <th>HR\/W<\/th>\n                <th>T+P+L<\/th>\n                <th>CR<\/th>\n                <th>ECTS<\/th>\n                <th>Status<\/th>\n            <\/tr>\n        <\/thead>\n        <tbody>\n            <tr>\n                <td>ARCH 101<\/td>\n                <td>Basic Design in Architecture<\/td>\n                <td>9<\/td>\n                <td>3+6+0<\/td>\n                <td>6<\/td>\n                <td>10<\/td>\n                <td>Common<\/td>\n            <\/tr>\n            <tr>\n                <td>ARCH 113<\/td>\n                <td>Graphic and Visual Communication in Architecture<\/td>\n                <td>4<\/td>\n                <td>2+2+0<\/td>\n                <td>3<\/td>\n                <td>6<\/td>\n                <td>Common<\/td>\n            <\/tr>\n            <tr>\n                <td>ARCH 111<\/td>\n                <td>Introduction to Art and Architecture<\/td>\n                <td>3<\/td>\n                <td>3+0+0<\/td>\n                <td>3<\/td>\n                <td>4<\/td>\n                <td>IA 100 (Exempt)<\/td>\n            <\/tr>\n            <tr>\n                <td>MA 131<\/td>\n                <td>Mathematics<\/td>\n                <td>3<\/td>\n                <td>3+0+0<\/td>\n                <td>3<\/td>\n                <td>6<\/td>\n                <td><strong>Must be taken<\/strong><\/td>\n            <\/tr>\n            <tr>\n                <td>EL 101<\/td>\n                <td>English I<\/td>\n                <td>3<\/td>\n                <td>3+0+0<\/td>\n                <td>3<\/td>\n                <td>4<\/td>\n                <td>Common<\/td>\n            <\/tr>\n            <tr>\n                <td>TD 101<\/td>\n                <td>T\u00fcrk Dili I<\/td>\n                <td>2<\/td>\n                <td>2+0+0<\/td>\n                <td>2<\/td>\n                <td>1<\/td>\n                <td>Common<\/td>\n            <\/tr>\n            <tr>\n                <td>AT 101<\/td>\n                <td>Atat\u00fcrk \u0130lke ve \u0130nk\u0131laplar\u0131 I<\/td>\n                <td>2<\/td>\n                <td>2+0+0<\/td>\n                <td>2<\/td>\n                <td>1<\/td>\n                <td>Common<\/td>\n            <\/tr>\n            <tr class=\"total\">\n                <td colspan=\"4\"><\/td>\n                <td><strong>Total: 22<\/strong><\/td>\n                <td><strong>ECTS: 32<\/strong><\/td>\n                <td><\/td>\n            <\/tr>\n        <\/tbody>\n    <\/table>\n\n    <hr>\n\n    <h4>FIRST YEAR: SPRING<\/h4>\n    <table>\n        <thead>\n            <tr>\n                <th>CODE<\/th>\n                <th>COURSE NAME<\/th>\n                <th>HR\/W<\/th>\n                <th>T+P+L<\/th>\n                <th>CR<\/th>\n                <th>ECTS<\/th>\n                <th>Status<\/th>\n            <\/tr>\n        <\/thead>\n        <tbody>\n            <tr>\n                <td>ARCH 102<\/td>\n                <td>Foundations of Architectural Design<\/td>\n                <td>9<\/td>\n                <td>3+6+0<\/td>\n                <td>6<\/td>\n                <td>12<\/td>\n                <td>IA 102 (Exempt)<\/td>\n            <\/tr>\n            <tr>\n                <td>ARCH 114<\/td>\n                <td>Architectural Representation<\/td>\n                <td>4<\/td>\n                <td>2+2+0<\/td>\n                <td>3<\/td>\n                <td>6<\/td>\n                <td>Common<\/td>\n            <\/tr>\n            <tr>\n                <td>ARCH 112<\/td>\n                <td>Keywords in Architecture<\/td>\n                <td>3<\/td>\n                <td>3+0+0<\/td>\n                <td>3<\/td>\n                <td>4<\/td>\n                <td>IA 102 (Exempt)<\/td>\n            <\/tr>\n            <tr>\n                <td>EL 102<\/td>\n                <td>English II<\/td>\n                <td>3<\/td>\n                <td>3+0+0<\/td>\n                <td>3<\/td>\n                <td>4<\/td>\n                <td>Common<\/td>\n            <\/tr>\n            <tr>\n                <td>TD 102<\/td>\n                <td>T\u00fcrk Dili II<\/td>\n                <td>2<\/td>\n                <td>2+0+0<\/td>\n                <td>2<\/td>\n                <td>1<\/td>\n                <td>Common<\/td>\n            <\/tr>\n            <tr>\n                <td>AT 102<\/td>\n                <td>Atat\u00fcrk \u0130lke ve \u0130nk\u0131laplar\u0131 II<\/td>\n                <td>2<\/td>\n                <td>2+0+0<\/td>\n                <td>2<\/td>\n                <td>1<\/td>\n                <td>Common<\/td>\n            <\/tr>\n            <tr class=\"total\">\n                <td colspan=\"4\"><\/td>\n                <td><strong>Total: 19<\/strong><\/td>\n                <td><strong>ECTS: 28<\/strong><\/td>\n                <td><\/td>\n            <\/tr>\n        <\/tbody>\n    <\/table>\n\n    <hr>\n\n    <h4>SECOND YEAR: FALL<\/h4>\n    <table>\n        <thead>\n            <tr>\n                <th>CODE<\/th>\n                <th>COURSE NAME<\/th>\n                <th>HR\/W<\/th>\n                <th>T+P+L<\/th>\n                <th>CR<\/th>\n                <th>ECTS<\/th>\n                <th>Status<\/th>\n            <\/tr>\n        <\/thead>\n        <tbody>\n            <tr>\n                <td>ARCH 201<\/td>\n                <td>Architectural Design I<\/td>\n                <td>9<\/td>\n                <td>3+6+0<\/td>\n                <td>6<\/td>\n                <td>9<\/td>\n                <td>IA 101 (Exempt)<\/td>\n            <\/tr>\n            <tr>\n                <td>ARCH 210<\/td>\n                <td>Computation and Design<\/td>\n                <td>4<\/td>\n                <td>2+2+0<\/td>\n                <td>3<\/td>\n                <td>4<\/td>\n                <td>IA 215 (Exempt)<\/td>\n            <\/tr>\n            <tr>\n                <td>ARCH 221<\/td>\n                <td>History and Theory of Architecture I<\/td>\n                <td>3<\/td>\n                <td>3+0+0<\/td>\n                <td>3<\/td>\n                <td>4<\/td>\n                <td>Common<\/td>\n            <\/tr>\n            <tr>\n                <td>ARCH 233<\/td>\n                <td>Structural Systems I<\/td>\n                <td>3<\/td>\n                <td>3+0+0<\/td>\n                <td>3<\/td>\n                <td>4<\/td>\n                <td><strong>Must be taken<\/strong><\/td>\n            <\/tr>\n            <tr>\n                <td>ARCH 255<\/td>\n                <td>Building Technologies and Materials I<\/td>\n                <td>4<\/td>\n                <td>2+2+0<\/td>\n                <td>3<\/td>\n                <td>4<\/td>\n                <td>IA 251 (Exempt)<\/td>\n            <\/tr>\n            <tr>\n                <td>EL 201<\/td>\n                <td>English III<\/td>\n                <td>3<\/td>\n                <td>3+0+0<\/td>\n                <td>3<\/td>\n                <td>4<\/td>\n                <td>Common<\/td>\n            <\/tr>\n            <tr>\n                <td>KH 100<\/td>\n                <td>Sosyal Sorumluluk<\/td>\n                <td>0<\/td>\n                <td>0<\/td>\n                <td>0<\/td>\n                <td>1<\/td>\n                <td>Common<\/td>\n            <\/tr>\n            <tr class=\"total\">\n                <td colspan=\"4\"><\/td>\n                <td><strong>Total: 21<\/strong><\/td>\n                <td><strong>ECTS: 30<\/strong><\/td>\n                <td><\/td>\n            <\/tr>\n        <\/tbody>\n    <\/table>\n\n    <hr>\n\n<\/body>\n<\/html>\n\t\t\t\t\t\t\t\t<\/div>\n\t\t\t\t<\/div>\n\t\t\t\t\t<\/div>\n\t\t\t\t<\/div>\n\t\t\t\t<\/div>\n\t\t","protected":false},"excerpt":{"rendered":"","protected":false},"author":2,"featured_media":0,"parent":0,"menu_order":0,"comment_status":"closed","ping_status":"closed","template":"","meta":{"slim_seo":{"title":"Architecture-Double Major Program - Kadir Has University","description":""},"footnotes":""},"birimler":[64],"class_list":["post-20081","page","type-page","status-publish","hentry","birimler-arch"],"_links":{"self":[{"href":"https:\/\/www.khas.edu.tr\/en\/wp-json\/wp\/v2\/pages\/20081","targetHints":{"allow":["GET"]}}],"collection":[{"href":"https:\/\/www.khas.edu.tr\/en\/wp-json\/wp\/v2\/pages"}],"about":[{"href":"https:\/\/www.khas.edu.tr\/en\/wp-json\/wp\/v2\/types\/page"}],"author":[{"embeddable":true,"href":"https:\/\/www.khas.edu.tr\/en\/wp-json\/wp\/v2\/users\/2"}],"replies":[{"embeddable":true,"href":"https:\/\/www.khas.edu.tr\/en\/wp-json\/wp\/v2\/comments?post=20081"}],"version-history":[{"count":1,"href":"https:\/\/www.khas.edu.tr\/en\/wp-json\/wp\/v2\/pages\/20081\/revisions"}],"predecessor-version":[{"id":20082,"href":"https:\/\/www.khas.edu.tr\/en\/wp-json\/wp\/v2\/pages\/20081\/revisions\/20082"}],"wp:attachment":[{"href":"https:\/\/www.khas.edu.tr\/en\/wp-json\/wp\/v2\/media?parent=20081"}],"wp:term":[{"taxonomy":"birimler","embeddable":true,"href":"https:\/\/www.khas.edu.tr\/en\/wp-json\/wp\/v2\/birimler?post=20081"}],"curies":[{"name":"wp","href":"https:\/\/api.w.org\/{rel}","templated":true}]}}