{"id":19976,"date":"2025-04-25T15:41:11","date_gmt":"2025-04-25T12:41:11","guid":{"rendered":"https:\/\/www.khas.edu.tr\/?page_id=19976"},"modified":"2025-05-16T11:21:55","modified_gmt":"2025-05-16T08:21:55","slug":"clo-sports-team","status":"publish","type":"page","link":"https:\/\/www.khas.edu.tr\/en\/clo-sports-team\/","title":{"rendered":"clo-Sports Team"},"content":{"rendered":"\t\t<div data-elementor-type=\"wp-page\" data-elementor-id=\"19976\" class=\"elementor elementor-19976 elementor-18512\">\n\t\t\t\t<div class=\"elementor-element elementor-element-8434651 e-flex e-con-boxed e-con e-parent\" data-id=\"8434651\" data-element_type=\"container\" data-e-type=\"container\">\n\t\t\t\t\t<div class=\"e-con-inner\">\n\t\t\t\t<div class=\"elementor-element elementor-element-c7af456 elementor-widget elementor-widget-heading\" data-id=\"c7af456\" data-element_type=\"widget\" data-e-type=\"widget\" data-widget_type=\"heading.default\">\n\t\t\t\t<div class=\"elementor-widget-container\">\n\t\t\t\t\t<h2 class=\"elementor-heading-title elementor-size-default\">Team<\/h2>\t\t\t\t<\/div>\n\t\t\t\t<\/div>\n\t\t\t\t<div class=\"elementor-element elementor-element-fa6435f elementor-widget-divider--view-line elementor-widget elementor-widget-divider\" data-id=\"fa6435f\" data-element_type=\"widget\" data-e-type=\"widget\" data-widget_type=\"divider.default\">\n\t\t\t\t<div class=\"elementor-widget-container\">\n\t\t\t\t\t\t\t<div class=\"elementor-divider\">\n\t\t\t<span class=\"elementor-divider-separator\">\n\t\t\t\t\t\t<\/span>\n\t\t<\/div>\n\t\t\t\t\t\t<\/div>\n\t\t\t\t<\/div>\n\t\t\t\t\t<\/div>\n\t\t\t\t<\/div>\n\t\t<div class=\"elementor-element elementor-element-0845bfd e-flex e-con-boxed e-con e-parent\" data-id=\"0845bfd\" data-element_type=\"container\" data-e-type=\"container\">\n\t\t\t\t\t<div class=\"e-con-inner\">\n\t\t<div class=\"elementor-element elementor-element-dc34935 e-con-full e-flex e-con e-child\" data-id=\"dc34935\" data-element_type=\"container\" data-e-type=\"container\">\n\t\t<div class=\"elementor-element elementor-element-12d8051 e-con-full e-flex e-con e-child\" data-id=\"12d8051\" data-element_type=\"container\" data-e-type=\"container\">\n\t\t\t\t<div class=\"elementor-element elementor-element-7da2874 elementor-widget elementor-widget-image\" data-id=\"7da2874\" data-element_type=\"widget\" data-e-type=\"widget\" data-widget_type=\"image.default\">\n\t\t\t\t<div class=\"elementor-widget-container\">\n\t\t\t\t\t\t\t\t\t\t\t\t\t\t\t<img fetchpriority=\"high\" decoding=\"async\" width=\"250\" height=\"300\" src=\"https:\/\/www.khas.edu.tr\/wp-content\/uploads\/2025\/05\/ekip22.jpg\" class=\"attachment-full size-full wp-image-18725\" alt=\"\" \/>\t\t\t\t\t\t\t\t\t\t\t\t\t\t\t<\/div>\n\t\t\t\t<\/div>\n\t\t\t\t<div class=\"elementor-element elementor-element-6b9fab0 elementor-widget elementor-widget-heading\" data-id=\"6b9fab0\" data-element_type=\"widget\" data-e-type=\"widget\" data-widget_type=\"heading.default\">\n\t\t\t\t<div class=\"elementor-widget-container\">\n\t\t\t\t\t<h4 class=\"elementor-heading-title elementor-size-default\">Alen Nars\u00fcz<\/h4>\t\t\t\t<\/div>\n\t\t\t\t<\/div>\n\t\t\t\t<div class=\"elementor-element elementor-element-811191e elementor-widget elementor-widget-text-editor\" data-id=\"811191e\" data-element_type=\"widget\" data-e-type=\"widget\" data-widget_type=\"text-editor.default\">\n\t\t\t\t<div class=\"elementor-widget-container\">\n\t\t\t\t\t\t\t\t\t<p><a href=\"mailto:alen.narsuz@khas.edu.tr\">Sport Specialist<\/a><\/p><p><a href=\"mailto:alen.narsuz@khas.edu.tr\">alen.narsuz@khas.edu.tr<\/a><br \/>+90 (212) 533 65 32 &#8211; 4504<\/p>\t\t\t\t\t\t\t\t<\/div>\n\t\t\t\t<\/div>\n\t\t\t\t<\/div>\n\t\t\t\t<\/div>\n\t\t<div class=\"elementor-element elementor-element-94ce9e8 e-con-full e-flex e-con e-child\" data-id=\"94ce9e8\" data-element_type=\"container\" data-e-type=\"container\">\n\t\t\t\t<div class=\"elementor-element elementor-element-6b1149b elementor-widget elementor-widget-text-editor\" data-id=\"6b1149b\" data-element_type=\"widget\" data-e-type=\"widget\" data-widget_type=\"text-editor.default\">\n\t\t\t\t<div class=\"elementor-widget-container\">\n\t\t\t\t\t\t\t\t\t<p>She graduated from Marmara University School of Physical Education and Sports, Department of Coaching. Between 1990 and 2000, he played volleyball professionally for Eczac\u0131ba\u015f\u0131, Be\u015fikta\u015f, Marmara College, Alt\u0131nyurt and \u015ei\u015fli sports clubs. He has 6 Turkish Championships on club basis. He has coached Eczac\u0131ba\u015f\u0131, Es Spor, \u015ei\u015fli, Istanbul Metropolitan Municipality teams. He has the highest 5th Level Volleyball Coaching and International Volleyball Coaching certificates. He is the coach of Men&#8217;s and Women&#8217;s Volleyball Teams at our university.<\/p><p>Translated with DeepL.com (free version)<\/p>\t\t\t\t\t\t\t\t<\/div>\n\t\t\t\t<\/div>\n\t\t\t\t<\/div>\n\t\t\t\t\t<\/div>\n\t\t\t\t<\/div>\n\t\t<div class=\"elementor-element elementor-element-84a954b e-flex e-con-boxed e-con e-parent\" data-id=\"84a954b\" data-element_type=\"container\" data-e-type=\"container\">\n\t\t\t\t\t<div class=\"e-con-inner\">\n\t\t\t\t<div class=\"elementor-element elementor-element-c0873d6 elementor-widget-divider--view-line elementor-widget elementor-widget-divider\" data-id=\"c0873d6\" data-element_type=\"widget\" data-e-type=\"widget\" data-widget_type=\"divider.default\">\n\t\t\t\t<div class=\"elementor-widget-container\">\n\t\t\t\t\t\t\t<div class=\"elementor-divider\">\n\t\t\t<span class=\"elementor-divider-separator\">\n\t\t\t\t\t\t<\/span>\n\t\t<\/div>\n\t\t\t\t\t\t<\/div>\n\t\t\t\t<\/div>\n\t\t\t\t\t<\/div>\n\t\t\t\t<\/div>\n\t\t<div class=\"elementor-element elementor-element-cefba90 e-flex e-con-boxed e-con e-parent\" data-id=\"cefba90\" data-element_type=\"container\" data-e-type=\"container\">\n\t\t\t\t\t<div class=\"e-con-inner\">\n\t\t<div class=\"elementor-element elementor-element-f9d78c6 e-con-full e-flex e-con e-child\" data-id=\"f9d78c6\" data-element_type=\"container\" data-e-type=\"container\">\n\t\t<div class=\"elementor-element elementor-element-597d0cd e-con-full e-flex e-con e-child\" data-id=\"597d0cd\" data-element_type=\"container\" data-e-type=\"container\">\n\t\t\t\t<div class=\"elementor-element elementor-element-ff1388b elementor-widget elementor-widget-image\" data-id=\"ff1388b\" data-element_type=\"widget\" data-e-type=\"widget\" data-widget_type=\"image.default\">\n\t\t\t\t<div class=\"elementor-widget-container\">\n\t\t\t\t\t\t\t\t\t\t\t\t\t\t\t<img decoding=\"async\" width=\"250\" height=\"330\" src=\"https:\/\/www.khas.edu.tr\/wp-content\/uploads\/2025\/05\/ekip18.jpg\" class=\"attachment-full size-full wp-image-18727\" alt=\"\" srcset=\"https:\/\/www.khas.edu.tr\/wp-content\/uploads\/2025\/05\/ekip18.jpg 250w, https:\/\/www.khas.edu.tr\/wp-content\/uploads\/2025\/05\/ekip18-227x300.jpg 227w\" sizes=\"(max-width: 250px) 100vw, 250px\" \/>\t\t\t\t\t\t\t\t\t\t\t\t\t\t\t<\/div>\n\t\t\t\t<\/div>\n\t\t\t\t<div class=\"elementor-element elementor-element-dfad96f elementor-widget elementor-widget-heading\" data-id=\"dfad96f\" data-element_type=\"widget\" data-e-type=\"widget\" data-widget_type=\"heading.default\">\n\t\t\t\t<div class=\"elementor-widget-container\">\n\t\t\t\t\t<h4 class=\"elementor-heading-title elementor-size-default\">Aysel Damar<\/h4>\t\t\t\t<\/div>\n\t\t\t\t<\/div>\n\t\t\t\t<div class=\"elementor-element elementor-element-3799ec2 elementor-widget elementor-widget-text-editor\" data-id=\"3799ec2\" data-element_type=\"widget\" data-e-type=\"widget\" data-widget_type=\"text-editor.default\">\n\t\t\t\t<div class=\"elementor-widget-container\">\n\t\t\t\t\t\t\t\t\t<p>Sport Specialist<br \/><a href=\"mailto:aysel.damar@khas.edu.tr\">aysel.damar@khas.edu.tr<\/a><br \/>+90 (212) 533 65 32 &#8211; 4502<\/p>\t\t\t\t\t\t\t\t<\/div>\n\t\t\t\t<\/div>\n\t\t\t\t<\/div>\n\t\t\t\t<\/div>\n\t\t<div class=\"elementor-element elementor-element-c398a25 e-con-full e-flex e-con e-child\" data-id=\"c398a25\" data-element_type=\"container\" data-e-type=\"container\">\n\t\t\t\t<div class=\"elementor-element elementor-element-9300bcc elementor-widget elementor-widget-text-editor\" data-id=\"9300bcc\" data-element_type=\"widget\" data-e-type=\"widget\" data-widget_type=\"text-editor.default\">\n\t\t\t\t<div class=\"elementor-widget-container\">\n\t\t\t\t\t\t\t\t\t<p>He graduated from \u00c7ukurova University, Department of Physical Education Teaching. She completed her master&#8217;s degree in Curriculum and Instruction at Y\u0131ld\u0131z Technical University. He completed the Sports Law &amp; Management and Sports Communication Certificate Programs at Kadir Has University. Damar, who grew up in the Bota\u015f Sports sub-structure, has Turkish Championships and degrees in various categories. She worked as Hatay D\u00f6rtyol Women&#8217;s Basketball Team, Anadolu S.K Team, UPS S.K Star Team Coach and Sakarya University 2nd League Women&#8217;s Basketball Team Coach. In 2010, she won the Social Responsibility Project Award with the Basketball School she organized at Kadir Has University. She was appointed as U16 Star Girls National Team Manager in 2013-2014, 2014-2015 and U20 U20 U20 Girls National Team Manager in 2015-2016. He is a member of the basketball technical committee of the Turkish University Sports Federation and a member of the board of directors of the Istanbul Provincial Coordination Board. He coaches Basketball Women &#8211; Men Teams, Basketball 3&#215;3 Women &#8211; Men Teams and Korfball Team at our university.<\/p>\t\t\t\t\t\t\t\t<\/div>\n\t\t\t\t<\/div>\n\t\t\t\t<\/div>\n\t\t\t\t\t<\/div>\n\t\t\t\t<\/div>\n\t\t<div class=\"elementor-element elementor-element-643220e e-flex e-con-boxed e-con e-parent\" data-id=\"643220e\" data-element_type=\"container\" data-e-type=\"container\">\n\t\t\t\t\t<div class=\"e-con-inner\">\n\t\t\t\t<div class=\"elementor-element elementor-element-39042c7 elementor-widget-divider--view-line elementor-widget elementor-widget-divider\" data-id=\"39042c7\" data-element_type=\"widget\" data-e-type=\"widget\" data-widget_type=\"divider.default\">\n\t\t\t\t<div class=\"elementor-widget-container\">\n\t\t\t\t\t\t\t<div class=\"elementor-divider\">\n\t\t\t<span class=\"elementor-divider-separator\">\n\t\t\t\t\t\t<\/span>\n\t\t<\/div>\n\t\t\t\t\t\t<\/div>\n\t\t\t\t<\/div>\n\t\t\t\t\t<\/div>\n\t\t\t\t<\/div>\n\t\t<div class=\"elementor-element elementor-element-fc321a3 e-flex e-con-boxed e-con e-parent\" data-id=\"fc321a3\" data-element_type=\"container\" data-e-type=\"container\">\n\t\t\t\t\t<div class=\"e-con-inner\">\n\t\t<div class=\"elementor-element elementor-element-3ce7641 e-con-full e-flex e-con e-child\" data-id=\"3ce7641\" data-element_type=\"container\" data-e-type=\"container\">\n\t\t<div class=\"elementor-element elementor-element-5bd3473 e-con-full e-flex e-con e-child\" data-id=\"5bd3473\" data-element_type=\"container\" data-e-type=\"container\">\n\t\t\t\t<div class=\"elementor-element elementor-element-ac585d9 elementor-widget elementor-widget-image\" data-id=\"ac585d9\" data-element_type=\"widget\" data-e-type=\"widget\" data-widget_type=\"image.default\">\n\t\t\t\t<div class=\"elementor-widget-container\">\n\t\t\t\t\t\t\t\t\t\t\t\t\t\t\t<img decoding=\"async\" width=\"245\" height=\"330\" src=\"https:\/\/www.khas.edu.tr\/wp-content\/uploads\/2025\/05\/ekip1.png\" class=\"attachment-full size-full wp-image-18729\" alt=\"\" srcset=\"https:\/\/www.khas.edu.tr\/wp-content\/uploads\/2025\/05\/ekip1.png 245w, https:\/\/www.khas.edu.tr\/wp-content\/uploads\/2025\/05\/ekip1-223x300.png 223w\" sizes=\"(max-width: 245px) 100vw, 245px\" \/>\t\t\t\t\t\t\t\t\t\t\t\t\t\t\t<\/div>\n\t\t\t\t<\/div>\n\t\t\t\t<div class=\"elementor-element elementor-element-60432d2 elementor-widget elementor-widget-heading\" data-id=\"60432d2\" data-element_type=\"widget\" data-e-type=\"widget\" data-widget_type=\"heading.default\">\n\t\t\t\t<div class=\"elementor-widget-container\">\n\t\t\t\t\t<h4 class=\"elementor-heading-title elementor-size-default\">Tun\u00e7 Kip\n<\/h4>\t\t\t\t<\/div>\n\t\t\t\t<\/div>\n\t\t\t\t<div class=\"elementor-element elementor-element-7a9f196 elementor-widget elementor-widget-text-editor\" data-id=\"7a9f196\" data-element_type=\"widget\" data-e-type=\"widget\" data-widget_type=\"text-editor.default\">\n\t\t\t\t<div class=\"elementor-widget-container\">\n\t\t\t\t\t\t\t\t\t<p>Sport Specialist<br \/><a href=\"mailto:tunc.kip@khas.edu.tr\">tunc.kip@khas.edu.tr<\/a><br \/>+90 (212) 533 65 32 &#8211; 4505<\/p>\t\t\t\t\t\t\t\t<\/div>\n\t\t\t\t<\/div>\n\t\t\t\t<\/div>\n\t\t\t\t<\/div>\n\t\t<div class=\"elementor-element elementor-element-817a953 e-con-full e-flex e-con e-child\" data-id=\"817a953\" data-element_type=\"container\" data-e-type=\"container\">\n\t\t\t\t<div class=\"elementor-element elementor-element-92dee2d elementor-widget elementor-widget-text-editor\" data-id=\"92dee2d\" data-element_type=\"widget\" data-e-type=\"widget\" data-widget_type=\"text-editor.default\">\n\t\t\t\t<div class=\"elementor-widget-container\">\n\t\t\t\t\t\t\t\t\t<p>He graduated from Hali\u00e7 University Besyo, Sports Management. He played professional football between 1999 and 2007. He grew up in Be\u015fikta\u015f infrastructure and worked professionally in Be\u015fikta\u015f, G\u00f6ztepe, Ak\u00e7aabatsebatspor, Hazar Lankeran (Azerbaijan), Elaz\u0131\u011fspor, T\u00fcrktelekom Spor, Erzincan Spor. He played 16 times for the youth national team and 13 times for the senior national team. Tun\u00e7 Kip, who has a Uefa B coaching license, has been coaching Kadir Has University Football and Futsal Team since 2012.<\/p>\t\t\t\t\t\t\t\t<\/div>\n\t\t\t\t<\/div>\n\t\t\t\t<\/div>\n\t\t\t\t\t<\/div>\n\t\t\t\t<\/div>\n\t\t<div class=\"elementor-element elementor-element-6d19800 e-flex e-con-boxed e-con e-parent\" data-id=\"6d19800\" data-element_type=\"container\" data-e-type=\"container\">\n\t\t\t\t\t<div class=\"e-con-inner\">\n\t\t\t\t<div class=\"elementor-element elementor-element-7208f8a elementor-widget-divider--view-line elementor-widget elementor-widget-divider\" data-id=\"7208f8a\" data-element_type=\"widget\" data-e-type=\"widget\" data-widget_type=\"divider.default\">\n\t\t\t\t<div class=\"elementor-widget-container\">\n\t\t\t\t\t\t\t<div class=\"elementor-divider\">\n\t\t\t<span class=\"elementor-divider-separator\">\n\t\t\t\t\t\t<\/span>\n\t\t<\/div>\n\t\t\t\t\t\t<\/div>\n\t\t\t\t<\/div>\n\t\t\t\t\t<\/div>\n\t\t\t\t<\/div>\n\t\t<div class=\"elementor-element elementor-element-922c136 e-flex e-con-boxed e-con e-parent\" data-id=\"922c136\" data-element_type=\"container\" data-e-type=\"container\">\n\t\t\t\t\t<div class=\"e-con-inner\">\n\t\t<div class=\"elementor-element elementor-element-291ac2a e-con-full e-flex e-con e-child\" data-id=\"291ac2a\" data-element_type=\"container\" data-e-type=\"container\">\n\t\t<div class=\"elementor-element elementor-element-4c57f3e e-con-full e-flex e-con e-child\" data-id=\"4c57f3e\" data-element_type=\"container\" data-e-type=\"container\">\n\t\t\t\t<div class=\"elementor-element elementor-element-2e214e9 elementor-widget elementor-widget-image\" data-id=\"2e214e9\" data-element_type=\"widget\" data-e-type=\"widget\" data-widget_type=\"image.default\">\n\t\t\t\t<div class=\"elementor-widget-container\">\n\t\t\t\t\t\t\t\t\t\t\t\t\t\t\t<img loading=\"lazy\" decoding=\"async\" width=\"250\" height=\"330\" src=\"https:\/\/www.khas.edu.tr\/wp-content\/uploads\/2025\/05\/ekip16.jpg\" class=\"attachment-full size-full wp-image-18735\" alt=\"\" srcset=\"https:\/\/www.khas.edu.tr\/wp-content\/uploads\/2025\/05\/ekip16.jpg 250w, https:\/\/www.khas.edu.tr\/wp-content\/uploads\/2025\/05\/ekip16-227x300.jpg 227w\" sizes=\"(max-width: 250px) 100vw, 250px\" \/>\t\t\t\t\t\t\t\t\t\t\t\t\t\t\t<\/div>\n\t\t\t\t<\/div>\n\t\t\t\t<div class=\"elementor-element elementor-element-daf1c57 elementor-widget elementor-widget-heading\" data-id=\"daf1c57\" data-element_type=\"widget\" data-e-type=\"widget\" data-widget_type=\"heading.default\">\n\t\t\t\t<div class=\"elementor-widget-container\">\n\t\t\t\t\t<h4 class=\"elementor-heading-title elementor-size-default\">Burkay G\u00fcnay<\/h4>\t\t\t\t<\/div>\n\t\t\t\t<\/div>\n\t\t\t\t<div class=\"elementor-element elementor-element-764ee30 elementor-widget elementor-widget-text-editor\" data-id=\"764ee30\" data-element_type=\"widget\" data-e-type=\"widget\" data-widget_type=\"text-editor.default\">\n\t\t\t\t<div class=\"elementor-widget-container\">\n\t\t\t\t\t\t\t\t\t<p><a href=\"mailto:burkay.gunay@khas.edu.tr\">Periodic Club Advisor (Rowing Team Coach)<\/a><\/p><p><a href=\"mailto:burkay.gunay@khas.edu.tr\"><br \/>burkay.gunay@khas.edu.tr<\/a><br \/>+90 (212) 533 65 32 &#8211;<\/p>\t\t\t\t\t\t\t\t<\/div>\n\t\t\t\t<\/div>\n\t\t\t\t<\/div>\n\t\t\t\t<\/div>\n\t\t<div class=\"elementor-element elementor-element-8638ba5 e-con-full e-flex e-con e-child\" data-id=\"8638ba5\" data-element_type=\"container\" data-e-type=\"container\">\n\t\t\t\t<div class=\"elementor-element elementor-element-ca4b3c7 elementor-widget elementor-widget-text-editor\" data-id=\"ca4b3c7\" data-element_type=\"widget\" data-e-type=\"widget\" data-widget_type=\"text-editor.default\">\n\t\t\t\t<div class=\"elementor-widget-container\">\n\t\t\t\t\t\t\t\t\t<p>He graduated from Hali\u00e7 University Besyo, Sports Management. He played professional football between 1999 and 2007. He grew up in Be\u015fikta\u015f infrastructure and worked professionally in Be\u015fikta\u015f, G\u00f6ztepe, Ak\u00e7aabatsebatspor, Hazar Lankeran (Azerbaijan), Elaz\u0131\u011fspor, T\u00fcrktelekom Spor, Erzincan Spor. He played 16 times for the youth national team and 13 times for the senior national team. Tun\u00e7 Kip, who has a Uefa B coaching license, has been coaching Kadir Has University Football and Futsal Team since 2012.<\/p>\t\t\t\t\t\t\t\t<\/div>\n\t\t\t\t<\/div>\n\t\t\t\t<\/div>\n\t\t\t\t\t<\/div>\n\t\t\t\t<\/div>\n\t\t<div class=\"elementor-element elementor-element-a3da145 e-flex e-con-boxed e-con e-parent\" data-id=\"a3da145\" data-element_type=\"container\" data-e-type=\"container\">\n\t\t\t\t\t<div class=\"e-con-inner\">\n\t\t\t\t<div class=\"elementor-element elementor-element-cb211b8 elementor-widget-divider--view-line elementor-widget elementor-widget-divider\" data-id=\"cb211b8\" data-element_type=\"widget\" data-e-type=\"widget\" data-widget_type=\"divider.default\">\n\t\t\t\t<div class=\"elementor-widget-container\">\n\t\t\t\t\t\t\t<div class=\"elementor-divider\">\n\t\t\t<span class=\"elementor-divider-separator\">\n\t\t\t\t\t\t<\/span>\n\t\t<\/div>\n\t\t\t\t\t\t<\/div>\n\t\t\t\t<\/div>\n\t\t\t\t\t<\/div>\n\t\t\t\t<\/div>\n\t\t<div class=\"elementor-element elementor-element-b759eda e-flex e-con-boxed e-con e-parent\" data-id=\"b759eda\" data-element_type=\"container\" data-e-type=\"container\">\n\t\t\t\t\t<div class=\"e-con-inner\">\n\t\t<div class=\"elementor-element elementor-element-27edfac e-con-full e-flex e-con e-child\" data-id=\"27edfac\" data-element_type=\"container\" data-e-type=\"container\">\n\t\t<div class=\"elementor-element elementor-element-c6d78aa e-con-full e-flex e-con e-child\" data-id=\"c6d78aa\" data-element_type=\"container\" data-e-type=\"container\">\n\t\t\t\t<div class=\"elementor-element elementor-element-50c4d96 elementor-widget elementor-widget-image\" data-id=\"50c4d96\" data-element_type=\"widget\" data-e-type=\"widget\" data-widget_type=\"image.default\">\n\t\t\t\t<div class=\"elementor-widget-container\">\n\t\t\t\t\t\t\t\t\t\t\t\t\t\t\t<img loading=\"lazy\" decoding=\"async\" width=\"250\" height=\"330\" src=\"https:\/\/www.khas.edu.tr\/wp-content\/uploads\/2025\/05\/ekip15.jpg\" class=\"attachment-full size-full wp-image-18737\" alt=\"\" srcset=\"https:\/\/www.khas.edu.tr\/wp-content\/uploads\/2025\/05\/ekip15.jpg 250w, https:\/\/www.khas.edu.tr\/wp-content\/uploads\/2025\/05\/ekip15-227x300.jpg 227w\" sizes=\"(max-width: 250px) 100vw, 250px\" \/>\t\t\t\t\t\t\t\t\t\t\t\t\t\t\t<\/div>\n\t\t\t\t<\/div>\n\t\t\t\t<div class=\"elementor-element elementor-element-2312fb6 elementor-widget elementor-widget-heading\" data-id=\"2312fb6\" data-element_type=\"widget\" data-e-type=\"widget\" data-widget_type=\"heading.default\">\n\t\t\t\t<div class=\"elementor-widget-container\">\n\t\t\t\t\t<h4 class=\"elementor-heading-title elementor-size-default\">Orkun Oktay\n<\/h4>\t\t\t\t<\/div>\n\t\t\t\t<\/div>\n\t\t\t\t<div class=\"elementor-element elementor-element-7a01041 elementor-widget elementor-widget-text-editor\" data-id=\"7a01041\" data-element_type=\"widget\" data-e-type=\"widget\" data-widget_type=\"text-editor.default\">\n\t\t\t\t<div class=\"elementor-widget-container\">\n\t\t\t\t\t\t\t\t\t<p><a href=\"mailto:orkunoktay@khas.edu.tr\">Sports Assistant Specialist<\/a><\/p><p><a href=\"mailto:orkunoktay@khas.edu.tr\">orkunoktay@khas.edu.tr<\/a><br \/>+90 (212) 533 65 32 &#8211; 4503<\/p>\t\t\t\t\t\t\t\t<\/div>\n\t\t\t\t<\/div>\n\t\t\t\t<\/div>\n\t\t\t\t<\/div>\n\t\t<div class=\"elementor-element elementor-element-174c349 e-con-full e-flex e-con e-child\" data-id=\"174c349\" data-element_type=\"container\" data-e-type=\"container\">\n\t\t\t\t<div class=\"elementor-element elementor-element-ff6a332 elementor-widget elementor-widget-text-editor\" data-id=\"ff6a332\" data-element_type=\"widget\" data-e-type=\"widget\" data-widget_type=\"text-editor.default\">\n\t\t\t\t<div class=\"elementor-widget-container\">\n\t\t\t\t\t\t\t\t\t<p>He graduated from Anadolu University, Department of Management and Organization, Sports Management Program. He worked as a Fitness Coach, Sports Center and Fitness Coordinator at Majestik Fitness Center, Sportika and Moda Fitness Form Club between 1994-2007. He has 2nd Level Fitness Coaching certificate and First Aid certificate. Since 2007, she has been working as a Fitness Coach at Kadir Has University.<\/p>\t\t\t\t\t\t\t\t<\/div>\n\t\t\t\t<\/div>\n\t\t\t\t<\/div>\n\t\t\t\t\t<\/div>\n\t\t\t\t<\/div>\n\t\t\t\t<\/div>\n\t\t","protected":false},"excerpt":{"rendered":"<p>Team Alen Nars\u00fcz Sport Specialist alen.narsuz@khas.edu.tr+90 (212) 533 65 32 &#8211; 4504 She graduated from Marmara University School of Physical Education and Sports, Department of Coaching. Between 1990 and 2000, he played volleyball professionally for Eczac\u0131ba\u015f\u0131, Be\u015fikta\u015f, Marmara College, Alt\u0131nyurt and \u015ei\u015fli sports clubs. He has 6 Turkish Championships on club basis. He has coached [&hellip;]<\/p>\n","protected":false},"author":6,"featured_media":0,"parent":0,"menu_order":0,"comment_status":"closed","ping_status":"closed","template":"","meta":{"slim_seo":{"title":"clo-Sports Team - Kadir Has University","description":"Team Alen Nars\u00fcz Sport Specialist alen.narsuz@khas.edu.tr +90 (212) 533 65 32 - 4504 She graduated from Marmara University School of Physical Education and Spor"},"footnotes":""},"birimler":[38],"class_list":["post-19976","page","type-page","status-publish","hentry","birimler-khas-homepage"],"_links":{"self":[{"href":"https:\/\/www.khas.edu.tr\/en\/wp-json\/wp\/v2\/pages\/19976","targetHints":{"allow":["GET"]}}],"collection":[{"href":"https:\/\/www.khas.edu.tr\/en\/wp-json\/wp\/v2\/pages"}],"about":[{"href":"https:\/\/www.khas.edu.tr\/en\/wp-json\/wp\/v2\/types\/page"}],"author":[{"embeddable":true,"href":"https:\/\/www.khas.edu.tr\/en\/wp-json\/wp\/v2\/users\/6"}],"replies":[{"embeddable":true,"href":"https:\/\/www.khas.edu.tr\/en\/wp-json\/wp\/v2\/comments?post=19976"}],"version-history":[{"count":7,"href":"https:\/\/www.khas.edu.tr\/en\/wp-json\/wp\/v2\/pages\/19976\/revisions"}],"predecessor-version":[{"id":19984,"href":"https:\/\/www.khas.edu.tr\/en\/wp-json\/wp\/v2\/pages\/19976\/revisions\/19984"}],"wp:attachment":[{"href":"https:\/\/www.khas.edu.tr\/en\/wp-json\/wp\/v2\/media?parent=19976"}],"wp:term":[{"taxonomy":"birimler","embeddable":true,"href":"https:\/\/www.khas.edu.tr\/en\/wp-json\/wp\/v2\/birimler?post=19976"}],"curies":[{"name":"wp","href":"https:\/\/api.w.org\/{rel}","templated":true}]}}