{"id":19944,"date":"2025-05-16T10:52:42","date_gmt":"2025-05-16T07:52:42","guid":{"rendered":"https:\/\/www.khas.edu.tr\/?page_id=19944"},"modified":"2026-03-10T14:13:14","modified_gmt":"2026-03-10T11:13:14","slug":"architecture-department-advisory-board","status":"publish","type":"page","link":"https:\/\/www.khas.edu.tr\/en\/architecture-department-advisory-board\/","title":{"rendered":"Architecture-Department Advisory Board"},"content":{"rendered":"\t\t<div data-elementor-type=\"wp-page\" data-elementor-id=\"19944\" class=\"elementor elementor-19944 elementor-19930\">\n\t\t\t\t<div class=\"elementor-element elementor-element-63e6bdd e-flex e-con-boxed e-con e-parent\" data-id=\"63e6bdd\" data-element_type=\"container\" data-e-type=\"container\">\n\t\t\t\t\t<div class=\"e-con-inner\">\n\t\t\t\t<div class=\"elementor-element elementor-element-8a9f3b8 elementor-widget elementor-widget-heading\" data-id=\"8a9f3b8\" data-element_type=\"widget\" data-e-type=\"widget\" data-widget_type=\"heading.default\">\n\t\t\t\t<div class=\"elementor-widget-container\">\n\t\t\t\t\t<h2 class=\"elementor-heading-title elementor-size-default\">Department Advisory Board<\/h2>\t\t\t\t<\/div>\n\t\t\t\t<\/div>\n\t\t\t\t<div class=\"elementor-element elementor-element-8b5625f elementor-widget-divider--view-line elementor-widget elementor-widget-divider\" data-id=\"8b5625f\" data-element_type=\"widget\" data-e-type=\"widget\" data-widget_type=\"divider.default\">\n\t\t\t\t<div class=\"elementor-widget-container\">\n\t\t\t\t\t\t\t<div class=\"elementor-divider\">\n\t\t\t<span class=\"elementor-divider-separator\">\n\t\t\t\t\t\t<\/span>\n\t\t<\/div>\n\t\t\t\t\t\t<\/div>\n\t\t\t\t<\/div>\n\t\t\t\t\t<\/div>\n\t\t\t\t<\/div>\n\t\t<div class=\"elementor-element elementor-element-53b9869 e-flex e-con-boxed e-con e-parent\" data-id=\"53b9869\" data-element_type=\"container\" data-e-type=\"container\">\n\t\t\t\t\t<div class=\"e-con-inner\">\n\t\t\t\t<div class=\"elementor-element elementor-element-3705bbb elementor-widget elementor-widget-text-editor\" data-id=\"3705bbb\" data-element_type=\"widget\" data-e-type=\"widget\" data-widget_type=\"text-editor.default\">\n\t\t\t\t<div class=\"elementor-widget-container\">\n\t\t\t\t\t\t\t\t\t<ul>\n  <li>\n    <div class=\"x_elementToProof\">Prof. Dr. \u015eebnem Y\u00fccel, Dean, Faculty of Art, Design and Architecture \u2013 MEF University<\/div>\n  <\/li>\n  <li>\n    <div class=\"x_elementToProof\">Assoc. Prof. Dr. F. P\u0131nar Arabac\u0131o\u011flu, Department of Architecture \u2013 Y\u0131ld\u0131z Technical University, MiAK-MAK Member<\/div>\n  <\/li>\n  <li>\n    <div class=\"x_elementToProof\">Dr. Mine Din\u00e7er, Department of Architecture \u2013 Bah\u00e7e\u015fehir University<\/div>\n  <\/li>\n  <li>\n    <div class=\"x_elementToProof\">B\u00fc\u015fra Al, Architect \u2013 Plugofis<\/div>\n  <\/li>\n  <li>\n    <div class=\"x_elementToProof\">Caner Bilgin, Architect \u2013 Bilgin Studio<\/div>\n  <\/li>\n  <li>\n    <div class=\"x_elementToProof\">B\u00fcke Uygur, Architect \u2013 AA School of Architecture (Alumna)<\/div>\n  <\/li>\n<\/ul>\t\t\t\t\t\t\t\t<\/div>\n\t\t\t\t<\/div>\n\t\t\t\t\t<\/div>\n\t\t\t\t<\/div>\n\t\t\t\t<\/div>\n\t\t","protected":false},"excerpt":{"rendered":"<p>Department Advisory Board Prof. Dr. \u015eebnem Y\u00fccel, Dean, Faculty of Art, Design and Architecture \u2013 MEF University Assoc. Prof. Dr. F. P\u0131nar Arabac\u0131o\u011flu, Department of Architecture \u2013 Y\u0131ld\u0131z Technical University, MiAK-MAK Member Dr. Mine Din\u00e7er, Department of Architecture \u2013 Bah\u00e7e\u015fehir University B\u00fc\u015fra Al, Architect \u2013 Plugofis Caner Bilgin, Architect \u2013 Bilgin Studio B\u00fcke Uygur, Architect [&hellip;]<\/p>\n","protected":false},"author":2,"featured_media":0,"parent":0,"menu_order":0,"comment_status":"closed","ping_status":"closed","template":"","meta":{"slim_seo":{"title":"Architecture-Department Advisory Board - Kadir Has University","description":"Department Advisory Board Prof. Dr. \u015eebnem Y\u00fccel, Dean, Faculty of Art, Design and Architecture \u2013 MEF University Assoc. Prof. Dr. F. P\u0131nar Arabac\u0131o\u011flu, Departme"},"footnotes":""},"birimler":[64],"class_list":["post-19944","page","type-page","status-publish","hentry","birimler-arch"],"_links":{"self":[{"href":"https:\/\/www.khas.edu.tr\/en\/wp-json\/wp\/v2\/pages\/19944","targetHints":{"allow":["GET"]}}],"collection":[{"href":"https:\/\/www.khas.edu.tr\/en\/wp-json\/wp\/v2\/pages"}],"about":[{"href":"https:\/\/www.khas.edu.tr\/en\/wp-json\/wp\/v2\/types\/page"}],"author":[{"embeddable":true,"href":"https:\/\/www.khas.edu.tr\/en\/wp-json\/wp\/v2\/users\/2"}],"replies":[{"embeddable":true,"href":"https:\/\/www.khas.edu.tr\/en\/wp-json\/wp\/v2\/comments?post=19944"}],"version-history":[{"count":7,"href":"https:\/\/www.khas.edu.tr\/en\/wp-json\/wp\/v2\/pages\/19944\/revisions"}],"predecessor-version":[{"id":37852,"href":"https:\/\/www.khas.edu.tr\/en\/wp-json\/wp\/v2\/pages\/19944\/revisions\/37852"}],"wp:attachment":[{"href":"https:\/\/www.khas.edu.tr\/en\/wp-json\/wp\/v2\/media?parent=19944"}],"wp:term":[{"taxonomy":"birimler","embeddable":true,"href":"https:\/\/www.khas.edu.tr\/en\/wp-json\/wp\/v2\/birimler?post=19944"}],"curies":[{"name":"wp","href":"https:\/\/api.w.org\/{rel}","templated":true}]}}