{"id":19917,"date":"2025-04-25T15:39:33","date_gmt":"2025-04-25T12:39:33","guid":{"rendered":"https:\/\/www.khas.edu.tr\/?page_id=19917"},"modified":"2025-11-06T11:31:53","modified_gmt":"2025-11-06T08:31:53","slug":"clo-sports-at-khas","status":"publish","type":"page","link":"https:\/\/www.khas.edu.tr\/en\/clo-sports-at-khas\/","title":{"rendered":"Sports at KHAS"},"content":{"rendered":"\t\t<div data-elementor-type=\"wp-page\" data-elementor-id=\"19917\" class=\"elementor elementor-19917 elementor-18510\">\n\t\t\t\t<div class=\"elementor-element elementor-element-353ad291 e-flex e-con-boxed e-con e-parent\" data-id=\"353ad291\" data-element_type=\"container\" data-e-type=\"container\">\n\t\t\t\t\t<div class=\"e-con-inner\">\n\t\t\t\t<div class=\"elementor-element elementor-element-4d303692 elementor-widget elementor-widget-text-editor\" data-id=\"4d303692\" data-element_type=\"widget\" data-e-type=\"widget\" data-widget_type=\"text-editor.default\">\n\t\t\t\t<div class=\"elementor-widget-container\">\n\t\t\t\t\t\t\t\t\t<p>Kadir Has University is active in many sports disciplines. Our university\u2019s sports activities aim not only to develop students\u2019 skills and talents, but also to provide quality leisure time, enhance physical abilities beyond academic and cultural pursuits, and contribute to overall physical health. At the same time, our sports teams represent the university in various disciplines at the University Sports Federation competitions. Teams that perform well in championships and achieve national rankings also qualify to participate in the EUSA European Games.<\/p><p>Sports activities at our university are conducted by expert coaches in the following areas:<\/p><ul class=\"wp-block-list\"><li>University team training<\/li><li>Individual coaching<\/li><li>Inter\u2011university events<\/li><li>On\u2011campus sports events<\/li><li>International competitions<\/li><li>Special programs for the physical and mental development of both athletes and sedentary students<\/li><\/ul><p>Our university has the necessary infrastructure and technical support for team formation, participation in sports events, and event organization. Beyond these facilities, the most important incentive is that students who participate in sports activities receive scholarships according to their performance.<\/p><p>Student\u2011athletes who represent the university in an official team and meet the conditions specified in the <a href=\"https:\/\/my.khas.edu.tr\/uploads\/files\/mevzuat\/lisans-burs-yonergesi6.pdf\" target=\"_blank\" rel=\"noreferrer noopener\">Undergraduate Scholarship Directive<\/a> are awarded varying levels of the <strong>Athlete Scholarship<\/strong>. Students wishing to apply must complete the <a href=\"https:\/\/form.khas.edu.tr\/spor-bursu-aday-ogrenci\/\" target=\"_blank\" rel=\"noreferrer noopener\"><strong>Prospective Student\u2011Athlete Scholarship Application Form<\/strong><\/a>. Additionally, under a protocol with the Ministry of Youth and Sports covering national team athletes, the \u201cNational Representation Scholarship\u201d for the 2025\u20132026 academic year is awarded based on an evaluation by the University Scholarship Commission; successful applicants will be notified in writing before the end of the enrollment period. Priority sports for this scholarship\u2014subject to available slots\u2014are rowing, swimming, fencing, squash, basketball, volleyball, taekwondo, wrestling, karate, judo, sailing, athletics, skiing, and chess. Each sport has one slot.<\/p><p>Applications are submitted by completing the <a href=\"https:\/\/form.khas.edu.tr\/spor-bursu-aday-ogrenci\/\" target=\"_blank\" rel=\"noreferrer noopener\"><strong>Prospective Student\u2011Athlete Scholarship Application Form<\/strong><\/a>. Results will be sent to the contact address provided on the form.<\/p><p><strong>Application deadline:\u00a0<\/strong><\/p><p><strong>2025\u201326 Sports Teams\u00a0<\/strong><\/p><p>Applications are submitted by completing the <a href=\"https:\/\/form.khas.edu.tr\/spor-bursu-aday-ogrenci\/\" target=\"_blank\" rel=\"noreferrer noopener\"><strong>Prospective Student\u2011Athlete Scholarship Application Form<\/strong><\/a>. Results will be sent to the contact address provided on the form on the selection date.<\/p><p>To request a sports hall reservation (Academic \/ Administrative), <a href=\"https:\/\/my.khas.edu.tr\/forms\/basvuru\/spor_salonu_create\" target=\"_blank\" rel=\"noreferrer noopener\">click here<\/a>.<\/p><p>To request a sports hall reservation (Student), <a href=\"https:\/\/web.archive.org\/web\/20250612161359\/https:\/\/stu-my.khas.edu.tr\/forms\/basvuru\/spor_salonu_create\" target=\"_blank\" rel=\"noreferrer noopener\">click here<\/a>.<\/p><p>To request a sports hall reservation (Alumnus), <a href=\"https:\/\/forms.office.com\/r\/Gb8TTS13YV\" target=\"_blank\" rel=\"noreferrer noopener\">click here<\/a>.<\/p><p>To submit the \u201cProof of Achievement in Sports Teams\u201d form, <a href=\"https:\/\/form.khas.edu.tr\/spor-takimi-derece-gorev\/1\/\" target=\"_blank\" rel=\"noreferrer noopener\">click here<\/a>.<\/p><p>To submit the \u201cProof of Participation in Sports Teams\u201d form, <a href=\"https:\/\/form.khas.edu.tr\/spor-takimi-derece-gorev\/2\/\" target=\"_blank\" rel=\"noreferrer noopener\">click here<\/a>.<\/p><p>\u00a0<\/p><div class=\"x_elementToProof\"><b data-olk-copy-source=\"MessageBody\">KHAS\u00a0TOURNAMENT\u00a0\u00a0\ud83c\udfd0\u00a0\ud83c\udfc0\u00a0\ud83c\udfd3\u00a0\ud83c\udfaf<\/b><\/div><div class=\"x_elementToProof\"><b><a id=\"OWA80852e34-3892-a318-66b3-8236efc5bad3\" class=\"x_OWAAutoLink\" title=\"\u00d6zg\u00fcn URL: https:\/\/forms.office.com\/r\/tsbCEtb0Cg. Bu ba\u011flant\u0131ya g\u00fcveniyorsan\u0131z t\u0131klay\u0131n veya dokunun.\" href=\"https:\/\/forms.office.com\/r\/tsbCEtb0Cg\" data-auth=\"NotApplicable\" data-linkindex=\"1\">https:\/\/forms.office.com\/r\/tsbCEtb0Cg<\/a>\u00a0 \u00a0 \u00a0 \u00a0 \u00a0Darts final application:24 November<br \/><a id=\"OWAb888ed10-b982-4e62-ae2b-d3bf97f17333\" class=\"x_OWAAutoLink\" title=\"\u00d6zg\u00fcn URL: https:\/\/forms.office.com\/r\/wEwNUX7W9P. Bu ba\u011flant\u0131ya g\u00fcveniyorsan\u0131z t\u0131klay\u0131n veya dokunun.\" href=\"https:\/\/forms.office.com\/r\/wEwNUX7W9P\" data-auth=\"NotApplicable\" data-linkindex=\"2\">https:\/\/forms.office.com\/r\/wEwNUX7W9P<\/a>\u00a0 \u00a0 Basketball final application:17 November<br \/><a id=\"OWA6311c3d7-1d94-ec2e-c20c-138d1fbf5b31\" class=\"x_OWAAutoLink\" title=\"\u00d6zg\u00fcn URL: https:\/\/forms.office.com\/r\/fXaidBNffM. Bu ba\u011flant\u0131ya g\u00fcveniyorsan\u0131z t\u0131klay\u0131n veya dokunun.\" href=\"https:\/\/forms.office.com\/r\/fXaidBNffM\" data-auth=\"NotApplicable\" data-linkindex=\"3\">https:\/\/forms.office.com\/r\/fXaidBNffM\u00a0<\/a>\u00a0 \u00a0 \u00a0 \u00a0 \u00a0Volleyball final application:18 November<br \/><a id=\"OWA2c9039d9-c41f-7d4b-3fc5-00df3af072e8\" class=\"x_OWAAutoLink\" title=\"\u00d6zg\u00fcn URL: https:\/\/forms.office.com\/r\/mHnbK75bPX. Bu ba\u011flant\u0131ya g\u00fcveniyorsan\u0131z t\u0131klay\u0131n veya dokunun.\" href=\"https:\/\/forms.office.com\/r\/mHnbK75bPX\" data-auth=\"NotApplicable\" data-linkindex=\"4\">https:\/\/forms.office.com\/r\/mHnbK75bPX<\/a>\u00a0 \u00a0Table Tennis\u00a0final application:16 November<\/b><\/div>\t\t\t\t\t\t\t\t<\/div>\n\t\t\t\t<\/div>\n\t\t\t\t\t<\/div>\n\t\t\t\t<\/div>\n\t\t\t\t<\/div>\n\t\t","protected":false},"excerpt":{"rendered":"<p>Kadir Has University is active in many sports disciplines. Our university\u2019s sports activities aim not only to develop students\u2019 skills and talents, but also to provide quality leisure time, enhance physical abilities beyond academic and cultural pursuits, and contribute to overall physical health. At the same time, our sports teams represent the university in various [&hellip;]<\/p>\n","protected":false},"author":6,"featured_media":0,"parent":0,"menu_order":0,"comment_status":"closed","ping_status":"closed","template":"","meta":{"slim_seo":{"title":"Sports at KHAS - Kadir Has University","description":"Kadir Has University is active in many sports disciplines. Our university\u2019s sports activities aim not only to develop students\u2019 skills and talents, but also to"},"footnotes":"[]"},"birimler":[38],"class_list":["post-19917","page","type-page","status-publish","hentry","birimler-khas-homepage"],"_links":{"self":[{"href":"https:\/\/www.khas.edu.tr\/en\/wp-json\/wp\/v2\/pages\/19917","targetHints":{"allow":["GET"]}}],"collection":[{"href":"https:\/\/www.khas.edu.tr\/en\/wp-json\/wp\/v2\/pages"}],"about":[{"href":"https:\/\/www.khas.edu.tr\/en\/wp-json\/wp\/v2\/types\/page"}],"author":[{"embeddable":true,"href":"https:\/\/www.khas.edu.tr\/en\/wp-json\/wp\/v2\/users\/6"}],"replies":[{"embeddable":true,"href":"https:\/\/www.khas.edu.tr\/en\/wp-json\/wp\/v2\/comments?post=19917"}],"version-history":[{"count":17,"href":"https:\/\/www.khas.edu.tr\/en\/wp-json\/wp\/v2\/pages\/19917\/revisions"}],"predecessor-version":[{"id":31443,"href":"https:\/\/www.khas.edu.tr\/en\/wp-json\/wp\/v2\/pages\/19917\/revisions\/31443"}],"wp:attachment":[{"href":"https:\/\/www.khas.edu.tr\/en\/wp-json\/wp\/v2\/media?parent=19917"}],"wp:term":[{"taxonomy":"birimler","embeddable":true,"href":"https:\/\/www.khas.edu.tr\/en\/wp-json\/wp\/v2\/birimler?post=19917"}],"curies":[{"name":"wp","href":"https:\/\/api.w.org\/{rel}","templated":true}]}}