{"id":18033,"date":"2025-04-15T16:16:18","date_gmt":"2025-04-15T13:16:18","guid":{"rendered":"https:\/\/www.khas.edu.tr\/?page_id=18033"},"modified":"2025-08-28T11:13:35","modified_gmt":"2025-08-28T08:13:35","slug":"online-processes-and-application-forms","status":"publish","type":"page","link":"https:\/\/www.khas.edu.tr\/en\/online-processes-and-application-forms\/","title":{"rendered":"Online Processes and Application Forms"},"content":{"rendered":"\t\t<div data-elementor-type=\"wp-page\" data-elementor-id=\"18033\" class=\"elementor elementor-18033 elementor-16251\">\n\t\t\t\t<div class=\"elementor-element elementor-element-3f0046d e-flex e-con-boxed e-con e-parent\" data-id=\"3f0046d\" data-element_type=\"container\" data-e-type=\"container\">\n\t\t\t\t\t<div class=\"e-con-inner\">\n\t\t<div class=\"elementor-element elementor-element-2e60185 e-con-full e-flex e-con e-child\" data-id=\"2e60185\" data-element_type=\"container\" data-e-type=\"container\">\n\t\t<div class=\"elementor-element elementor-element-a0b6a59 e-con-full e-flex e-con e-child\" data-id=\"a0b6a59\" data-element_type=\"container\" data-e-type=\"container\">\n\t\t\t\t<div class=\"elementor-element elementor-element-7dfbd2b elementor-widget elementor-widget-heading\" data-id=\"7dfbd2b\" data-element_type=\"widget\" data-e-type=\"widget\" data-widget_type=\"heading.default\">\n\t\t\t\t<div class=\"elementor-widget-container\">\n\t\t\t\t\t<h2 class=\"elementor-heading-title elementor-size-default\"><a href=\"https:\/\/www.khas.edu.tr\/wp-content\/uploads\/2025\/08\/Kayitli-Ogrenci-Islemleri-SPARKS_EN-1.pdf\">Manage All Your Student Tasks with One Click!<\/a><\/h2>\t\t\t\t<\/div>\n\t\t\t\t<\/div>\n\t\t\t\t<\/div>\n\t\t\t\t<div class=\"elementor-element elementor-element-5e47931 thim-ekit-team-default elementor-widget elementor-widget-thim-ekits-team\" data-id=\"5e47931\" data-element_type=\"widget\" data-e-type=\"widget\" data-settings=\"{&quot;row_gap&quot;:{&quot;unit&quot;:&quot;px&quot;,&quot;size&quot;:35,&quot;sizes&quot;:[]},&quot;row_gap_tablet&quot;:{&quot;unit&quot;:&quot;px&quot;,&quot;size&quot;:&quot;&quot;,&quot;sizes&quot;:[]},&quot;row_gap_mobile&quot;:{&quot;unit&quot;:&quot;px&quot;,&quot;size&quot;:&quot;&quot;,&quot;sizes&quot;:[]}}\" data-widget_type=\"thim-ekits-team.default\">\n\t\t\t\t<div class=\"elementor-widget-container\">\n\t\t\t\t\t\n\t\t<div class=\"thim-ekit-team\">\n\t\t\t<div class=\"thim-ekit-team__inner\">\n\t\t\t\t\t\t\t\t\t\t<div class=\"thim-ekit-team__article post-18033 page type-page status-publish hentry\">\n\t\t\t\t\t\t\t\t\t<div class=\"thim-ekit-team__thumbnail\">\n\t\t\t<a class=\"thim-ekit-team__link\" href=\"https:\/\/www.khas.edu.tr\/wp-content\/uploads\/2025\/08\/Kayitli-Ogrenci-Islemleri-SPARKS_EN-1.pdf\">\t\t\t<div class=\"thim-ekit-team__image\">\n\t\t\t\t<img fetchpriority=\"high\" decoding=\"async\" width=\"300\" height=\"191\" src=\"https:\/\/www.khas.edu.tr\/wp-content\/uploads\/2025\/04\/1-300x191.png\" class=\"attachment-medium size-medium wp-image-17126\" alt=\"1\" srcset=\"https:\/\/www.khas.edu.tr\/wp-content\/uploads\/2025\/04\/1-300x191.png 300w, https:\/\/www.khas.edu.tr\/wp-content\/uploads\/2025\/04\/1.png 717w\" sizes=\"(max-width: 300px) 100vw, 300px\" \/>\t\t\t<\/div>\n\t\t\t<\/a>\t\t\t<div class=\"thim-ekit-team__list-social\"><\/div>\t\t<\/div>\n\t\t\t\t<div class=\"thim-ekit-team__content\">\n\t\t<a class=\"thim-ekit-team__member-name\" href=\"https:\/\/www.khas.edu.tr\/wp-content\/uploads\/2025\/08\/Kayitli-Ogrenci-Islemleri-SPARKS_EN-1.pdf\">SPARKS<\/a>\t\t<\/div>\n\t\t\t\t\t\t\t\t<\/div>\n\t\t\t\t\t\t\t\t\t<\/div>\n\t\t<\/div>\n\n\t\t\t\t\t\t<\/div>\n\t\t\t\t<\/div>\n\t\t\t\t<div class=\"elementor-element elementor-element-f9b9af0 elementor-widget elementor-widget-heading\" data-id=\"f9b9af0\" data-element_type=\"widget\" data-e-type=\"widget\" data-widget_type=\"heading.default\">\n\t\t\t\t<div class=\"elementor-widget-container\">\n\t\t\t\t\t<h2 class=\"elementor-heading-title elementor-size-default\"><a href=\"https:\/\/www.khas.edu.tr\/wp-content\/uploads\/2025\/08\/Kayitli-Ogrenci-Basvuru-Formlari-MyKHAS_EN-1.pdf\">All Application Forms <br>in One Place!<\/a><\/h2>\t\t\t\t<\/div>\n\t\t\t\t<\/div>\n\t\t\t\t<div class=\"elementor-element elementor-element-7aa4c3e thim-ekit-team-default elementor-widget elementor-widget-thim-ekits-team\" data-id=\"7aa4c3e\" data-element_type=\"widget\" data-e-type=\"widget\" data-settings=\"{&quot;row_gap&quot;:{&quot;unit&quot;:&quot;px&quot;,&quot;size&quot;:35,&quot;sizes&quot;:[]},&quot;row_gap_tablet&quot;:{&quot;unit&quot;:&quot;px&quot;,&quot;size&quot;:&quot;&quot;,&quot;sizes&quot;:[]},&quot;row_gap_mobile&quot;:{&quot;unit&quot;:&quot;px&quot;,&quot;size&quot;:&quot;&quot;,&quot;sizes&quot;:[]}}\" data-widget_type=\"thim-ekits-team.default\">\n\t\t\t\t<div class=\"elementor-widget-container\">\n\t\t\t\t\t\n\t\t<div class=\"thim-ekit-team\">\n\t\t\t<div class=\"thim-ekit-team__inner\">\n\t\t\t\t\t\t\t\t\t\t<div class=\"thim-ekit-team__article post-18033 page type-page status-publish hentry\">\n\t\t\t\t\t\t\t\t\t<div class=\"thim-ekit-team__thumbnail\">\n\t\t\t<a class=\"thim-ekit-team__link\" href=\"https:\/\/www.khas.edu.tr\/wp-content\/uploads\/2025\/08\/Kayitli-Ogrenci-Basvuru-Formlari-MyKHAS_EN-1.pdf\">\t\t\t<div class=\"thim-ekit-team__image\">\n\t\t\t\t<img decoding=\"async\" width=\"300\" height=\"190\" src=\"https:\/\/www.khas.edu.tr\/wp-content\/uploads\/2025\/04\/2-1-300x190.png\" class=\"attachment-medium size-medium wp-image-17128\" alt=\"2\" srcset=\"https:\/\/www.khas.edu.tr\/wp-content\/uploads\/2025\/04\/2-1-300x190.png 300w, https:\/\/www.khas.edu.tr\/wp-content\/uploads\/2025\/04\/2-1.png 718w\" sizes=\"(max-width: 300px) 100vw, 300px\" \/>\t\t\t<\/div>\n\t\t\t<\/a>\t\t\t<div class=\"thim-ekit-team__list-social\"><\/div>\t\t<\/div>\n\t\t\t\t<div class=\"thim-ekit-team__content\">\n\t\t<a class=\"thim-ekit-team__member-name\" href=\"https:\/\/www.khas.edu.tr\/wp-content\/uploads\/2025\/08\/Kayitli-Ogrenci-Basvuru-Formlari-MyKHAS_EN-1.pdf\">MyKHAS<\/a>\t\t<\/div>\n\t\t\t\t\t\t\t\t<\/div>\n\t\t\t\t\t\t\t\t\t<\/div>\n\t\t<\/div>\n\n\t\t\t\t\t\t<\/div>\n\t\t\t\t<\/div>\n\t\t\t\t<\/div>\n\t\t<div class=\"elementor-element elementor-element-e843e7f e-con-full e-flex e-con e-child\" data-id=\"e843e7f\" data-element_type=\"container\" data-e-type=\"container\">\n\t\t<div class=\"elementor-element elementor-element-3c825d3 e-con-full e-flex e-con e-child\" data-id=\"3c825d3\" data-element_type=\"container\" data-e-type=\"container\">\n\t\t\t\t<div class=\"elementor-element elementor-element-c2fb761 elementor-widget elementor-widget-heading\" data-id=\"c2fb761\" data-element_type=\"widget\" data-e-type=\"widget\" data-widget_type=\"heading.default\">\n\t\t\t\t<div class=\"elementor-widget-container\">\n\t\t\t\t\t<h2 class=\"elementor-heading-title elementor-size-default\"><a href=\"https:\/\/www.khas.edu.tr\/wp-content\/uploads\/2025\/08\/Mezun-Ogrenci-Islemleri-ve-Basvuru-Formlari-Mezun-MyKHAS_EN-1.pdf\">Graduate Student Transactions and Application Forms!<\/a><\/h2>\t\t\t\t<\/div>\n\t\t\t\t<\/div>\n\t\t\t\t<\/div>\n\t\t\t\t<div class=\"elementor-element elementor-element-a4b529a elementor-widget__width-initial thim-ekit-team-default elementor-widget elementor-widget-thim-ekits-team\" data-id=\"a4b529a\" data-element_type=\"widget\" data-e-type=\"widget\" data-settings=\"{&quot;row_gap&quot;:{&quot;unit&quot;:&quot;px&quot;,&quot;size&quot;:35,&quot;sizes&quot;:[]},&quot;row_gap_tablet&quot;:{&quot;unit&quot;:&quot;px&quot;,&quot;size&quot;:&quot;&quot;,&quot;sizes&quot;:[]},&quot;row_gap_mobile&quot;:{&quot;unit&quot;:&quot;px&quot;,&quot;size&quot;:&quot;&quot;,&quot;sizes&quot;:[]}}\" data-widget_type=\"thim-ekits-team.default\">\n\t\t\t\t<div class=\"elementor-widget-container\">\n\t\t\t\t\t\n\t\t<div class=\"thim-ekit-team\">\n\t\t\t<div class=\"thim-ekit-team__inner\">\n\t\t\t\t\t\t\t\t\t\t<div class=\"thim-ekit-team__article post-18033 page type-page status-publish hentry\">\n\t\t\t\t\t\t\t\t\t<div class=\"thim-ekit-team__thumbnail\">\n\t\t\t<a class=\"thim-ekit-team__link\" href=\"https:\/\/www.khas.edu.tr\/wp-content\/uploads\/2025\/08\/Mezun-Ogrenci-Islemleri-ve-Basvuru-Formlari-Mezun-MyKHAS_EN-1.pdf\">\t\t\t<div class=\"thim-ekit-team__image\">\n\t\t\t\t<img decoding=\"async\" width=\"300\" height=\"190\" src=\"https:\/\/www.khas.edu.tr\/wp-content\/uploads\/2025\/04\/3-2-300x190.png\" class=\"attachment-medium size-medium wp-image-17124\" alt=\"3\" srcset=\"https:\/\/www.khas.edu.tr\/wp-content\/uploads\/2025\/04\/3-2-300x190.png 300w, https:\/\/www.khas.edu.tr\/wp-content\/uploads\/2025\/04\/3-2.png 717w\" sizes=\"(max-width: 300px) 100vw, 300px\" \/>\t\t\t<\/div>\n\t\t\t<\/a>\t\t\t<div class=\"thim-ekit-team__list-social\"><\/div>\t\t<\/div>\n\t\t\t\t<div class=\"thim-ekit-team__content\">\n\t\t<a class=\"thim-ekit-team__member-name\" href=\"https:\/\/www.khas.edu.tr\/wp-content\/uploads\/2025\/08\/Mezun-Ogrenci-Islemleri-ve-Basvuru-Formlari-Mezun-MyKHAS_EN-1.pdf\">Graduate MyKHAS<\/a>\t\t<\/div>\n\t\t\t\t\t\t\t\t<\/div>\n\t\t\t\t\t\t\t\t\t<\/div>\n\t\t<\/div>\n\n\t\t\t\t\t\t<\/div>\n\t\t\t\t<\/div>\n\t\t\t\t<\/div>\n\t\t<div class=\"elementor-element elementor-element-0a90031 e-con-full e-flex e-con e-child\" data-id=\"0a90031\" data-element_type=\"container\" data-e-type=\"container\">\n\t\t\t\t<div class=\"elementor-element elementor-element-2913ea2 elementor-widget elementor-widget-shortcode\" data-id=\"2913ea2\" data-element_type=\"widget\" data-e-type=\"widget\" data-widget_type=\"shortcode.default\">\n\t\t\t\t<div class=\"elementor-widget-container\">\n\t\t\t\t\t\t\t<div class=\"elementor-shortcode\"><ul class=\"navbar-nav px-4 py-2\" style=\"border-left:1px solid #3d3d3d20;\"><li class=\"nav-item my-0\"><a class=\"nav-link d-flex align-items-center rounded-pill \" href=\"https:\/\/www.khas.edu.tr\/ogrenci-isleri-direktorlugu\/\" ><span class=\"fw-bold\">\u00d6\u011frenci \u0130\u015fleri Direkt\u00f6rl\u00fc\u011f\u00fc<\/span><\/a><\/li><li class=\"nav-item my-0\"><a class=\"nav-link d-flex align-items-center rounded-pill \" href=\"https:\/\/akademiktakvim.khas.edu.tr\/\" ><span class=\"fw-bold\">Akademik Takvim<\/span><\/a><\/li><li class=\"nav-item my-0\"><a class=\"nav-link d-flex align-items-center rounded-pill \" href=\"https:\/\/www.khas.edu.tr\/azami-sure\/\" ><span class=\"fw-bold\">Azami S\u00fcre<\/span><\/a><\/li><li class=\"nav-item my-0\"><a class=\"nav-link d-flex align-items-center rounded-pill collapsed\" href=\"#sidebar-menu-item-12904\" data-bs-toggle=\"collapse\" role=\"button\" aria-expanded=\"false\" aria-controls=\"sidebar-menu-item-12904\"><span class=\"fw-bold\">Coursera<\/span><i class=\"bi bi-chevron-down ms-auto dropdown-icon\"><\/i><\/a><div class=\"collapse\" id=\"sidebar-menu-item-12904\" style=\"\"><ul class=\"nav nav-sm flex-column mt-1 mb-2 ps-1\"><li class=\"nav-item\"><a href=\"https:\/\/www.khas.edu.tr\/coursera-hakkinda\/\" class=\" my-0 py-0 nav-link\"><i class=\"bi bi-dash\"><\/i> Coursera Hakk\u0131nda<\/a><\/li><li class=\"nav-item\"><a href=\"https:\/\/www.khas.edu.tr\/coursera-sikca-sorulan-sorular\/\" class=\" my-0 py-0 nav-link\"><i class=\"bi bi-dash\"><\/i> Coursera\u00a0S\u0131k\u00e7a Sorulan Sorular<\/a><\/li><li class=\"nav-item\"><a href=\"https:\/\/www.khas.edu.tr\/coursera-sunum\/\" class=\" my-0 py-0 nav-link\"><i class=\"bi bi-dash\"><\/i> Coursera Sunum<\/a><\/li><\/ul><\/div><\/li><li class=\"nav-item my-0\"><a class=\"nav-link d-flex align-items-center rounded-pill collapsed\" href=\"#sidebar-menu-item-12903\" data-bs-toggle=\"collapse\" role=\"button\" aria-expanded=\"false\" aria-controls=\"sidebar-menu-item-12903\"><span class=\"fw-bold\">\u00c7ift Anadal \u2013 Yandal<\/span><i class=\"bi bi-chevron-down ms-auto dropdown-icon\"><\/i><\/a><div class=\"collapse\" id=\"sidebar-menu-item-12903\" style=\"\"><ul class=\"nav nav-sm flex-column mt-1 mb-2 ps-1\"><li class=\"nav-item\"><a href=\"https:\/\/www.khas.edu.tr\/basvuru\/\" class=\" my-0 py-0 nav-link\"><i class=\"bi bi-dash\"><\/i> Ba\u015fvuru<\/a><\/li><li class=\"nav-item\"><a href=\"https:\/\/www.khas.edu.tr\/cift-anadal-yandal\/\" class=\" my-0 py-0 nav-link\"><i class=\"bi bi-dash\"><\/i> \u00c7ap \u2013 Yandal Hakk\u0131nda<\/a><\/li><li class=\"nav-item\"><a href=\"https:\/\/www.khas.edu.tr\/cap-yandal-sikca-sorulan-sorular\/\" class=\" my-0 py-0 nav-link\"><i class=\"bi bi-dash\"><\/i> \u00c7ap \u2013 Yandal S\u0131k\u00e7a Sorulan Sorular<\/a><\/li><li class=\"nav-item\"><a href=\"https:\/\/www.khas.edu.tr\/cap-yandal-sunum\/\" class=\" my-0 py-0 nav-link\"><i class=\"bi bi-dash\"><\/i> \u00c7ap \u2013 Yandal Sunum<\/a><\/li><li class=\"nav-item\"><a href=\"https:\/\/www.khas.edu.tr\/iletisim-ve-program-koordinatorleri\/\" class=\" my-0 py-0 nav-link\"><i class=\"bi bi-dash\"><\/i> \u0130leti\u015fim ve Program Koordinat\u00f6rleri<\/a><\/li><li class=\"nav-item\"><a href=\"https:\/\/www.khas.edu.tr\/kontenjanlar\/\" class=\" my-0 py-0 nav-link\"><i class=\"bi bi-dash\"><\/i> Kontenjanlar<\/a><\/li><li class=\"nav-item\"><a href=\"https:\/\/www.khas.edu.tr\/muafiyet-islemleri\/\" class=\" my-0 py-0 nav-link\"><i class=\"bi bi-dash\"><\/i> Muafiyet \u0130\u015flemleri<\/a><\/li><li class=\"nav-item\"><a href=\"https:\/\/www.khas.edu.tr\/programlar-ve-mufredatlar\/\" class=\" my-0 py-0 nav-link\"><i class=\"bi bi-dash\"><\/i> Programlar ve M\u00fcfredatlar<\/a><\/li><\/ul><\/div><\/li><li class=\"nav-item my-0\"><a class=\"nav-link d-flex align-items-center rounded-pill \" href=\"https:\/\/www.khas.edu.tr\/ogrenci-isleri-direktorlugu\/ders-kayit\/\" ><span class=\"fw-bold\">Ders Kay\u0131t<\/span><\/a><\/li><li class=\"nav-item my-0\"><a class=\"nav-link d-flex align-items-center rounded-pill \" href=\"https:\/\/www.khas.edu.tr\/dersten-cekilme\/\" ><span class=\"fw-bold\">Dersten \u00c7ekilme<\/span><\/a><\/li><li class=\"nav-item my-0\"><a class=\"nav-link d-flex align-items-center rounded-pill \" href=\"https:\/\/www.khas.edu.tr\/wp-content\/uploads\/2026\/02\/Disiplin-Surecleri-1.pdf\" ><span class=\"fw-bold\">Disiplin S\u00fcre\u00e7leri<\/span><\/a><\/li><li class=\"nav-item my-0\"><a class=\"nav-link d-flex align-items-center rounded-pill \" href=\"https:\/\/www.khas.edu.tr\/ogrenci-isleri-direktorlugu-iletisim\/\" ><span class=\"fw-bold\">Ekibimiz<\/span><\/a><\/li><li class=\"nav-item my-0\"><a class=\"nav-link d-flex align-items-center rounded-pill collapsed\" href=\"#sidebar-menu-item-14330\" data-bs-toggle=\"collapse\" role=\"button\" aria-expanded=\"false\" aria-controls=\"sidebar-menu-item-14330\"><span class=\"fw-bold\">Erasmus \u2013 Exchange<\/span><i class=\"bi bi-chevron-down ms-auto dropdown-icon\"><\/i><\/a><div class=\"collapse\" id=\"sidebar-menu-item-14330\" style=\"\"><ul class=\"nav nav-sm flex-column mt-1 mb-2 ps-1\"><li class=\"nav-item\"><a href=\"https:\/\/www.khas.edu.tr\/gelen-ogrenci-surecleri\/\" class=\" my-0 py-0 nav-link\"><i class=\"bi bi-dash\"><\/i> Gelen \u00d6\u011frenci S\u00fcre\u00e7leri<\/a><\/li><li class=\"nav-item\"><a href=\"https:\/\/www.khas.edu.tr\/gelen-ogrenci-sunumu\/\" class=\" my-0 py-0 nav-link\"><i class=\"bi bi-dash\"><\/i> Gelen \u00d6\u011frenci Sunumu<\/a><\/li><li class=\"nav-item\"><a href=\"https:\/\/www.khas.edu.tr\/giden-ogrenci-surecleri\/\" class=\" my-0 py-0 nav-link\"><i class=\"bi bi-dash\"><\/i> Giden \u00d6\u011frenci S\u00fcre\u00e7leri<\/a><\/li><\/ul><\/div><\/li><li class=\"nav-item my-0\"><a class=\"nav-link d-flex align-items-center rounded-pill \" href=\"https:\/\/www.khas.edu.tr\/intibak-ders-listesi\/\" ><span class=\"fw-bold\">\u0130ntibak Ders Listesi<\/span><\/a><\/li><li class=\"nav-item my-0\"><a class=\"nav-link d-flex align-items-center rounded-pill \" href=\"https:\/\/www.khas.edu.tr\/kayit-dondurma\/\" ><span class=\"fw-bold\">Kay\u0131t Dondurma<\/span><\/a><\/li><li class=\"nav-item my-0\"><a class=\"nav-link d-flex align-items-center rounded-pill collapsed\" href=\"#sidebar-menu-item-38452\" data-bs-toggle=\"collapse\" role=\"button\" aria-expanded=\"false\" aria-controls=\"sidebar-menu-item-38452\"><span class=\"fw-bold\">Kay\u0131t \u0130\u015flemleri<\/span><i class=\"bi bi-chevron-down ms-auto dropdown-icon\"><\/i><\/a><div class=\"collapse\" id=\"sidebar-menu-item-38452\" style=\"\"><ul class=\"nav nav-sm flex-column mt-1 mb-2 ps-1\"><li class=\"nav-item\"><a href=\"https:\/\/www.khas.edu.tr\/yks-kayit\/\" class=\" my-0 py-0 nav-link\"><i class=\"bi bi-dash\"><\/i> YKS Kay\u0131t<\/a><\/li><li class=\"nav-item\"><a href=\"https:\/\/www.khas.edu.tr\/ozel-yetenek-kayit\/\" class=\" my-0 py-0 nav-link\"><i class=\"bi bi-dash\"><\/i> \u00d6zel Yetenek Kay\u0131t<\/a><\/li><li class=\"nav-item\"><a href=\"https:\/\/www.khas.edu.tr\/uluslararasi-ogrenci-kayit\/\" class=\" my-0 py-0 nav-link\"><i class=\"bi bi-dash\"><\/i> Uluslararas\u0131 \u00d6\u011frenci Kay\u0131t<\/a><\/li><\/ul><\/div><\/li><li class=\"nav-item my-0\"><a class=\"nav-link d-flex align-items-center rounded-pill \" href=\"https:\/\/www.khas.edu.tr\/kayit-yenileme\/\" ><span class=\"fw-bold\">Kay\u0131t Yenileme<\/span><\/a><\/li><li class=\"nav-item my-0\"><a class=\"nav-link d-flex align-items-center rounded-pill \" href=\"https:\/\/www.khas.edu.tr\/mezuniyet-sureci\/\" ><span class=\"fw-bold\">Mezuniyet S\u00fcreci<\/span><\/a><\/li><li class=\"nav-item my-0\"><a class=\"nav-link d-flex align-items-center rounded-pill \" href=\"https:\/\/www.khas.edu.tr\/online-islemler-ve-basvuru-formlari\/\" ><span class=\"fw-bold\">Online \u0130\u015flemler ve Ba\u015fvuru Formlar\u0131<\/span><\/a><\/li><li class=\"nav-item my-0\"><a class=\"nav-link d-flex align-items-center rounded-pill \" href=\"https:\/\/www.khas.edu.tr\/ozel-ogrenci\/\" ><span class=\"fw-bold\">\u00d6zel \u00d6\u011frenci<\/span><\/a><\/li><li class=\"nav-item my-0\"><a class=\"nav-link d-flex align-items-center rounded-pill \" href=\"https:\/\/www.khas.edu.tr\/sikca-sorulan-sorular\/\" ><span class=\"fw-bold\">S\u0131k\u00e7a Sorulan Sorular<\/span><\/a><\/li><li class=\"nav-item my-0\"><a class=\"nav-link d-flex align-items-center rounded-pill \" href=\"https:\/\/www.khas.edu.tr\/wp-content\/uploads\/2024\/12\/Tek-Ders-ve-Not-Yukseltme-Infografi.pdf\" ><span class=\"fw-bold\">Tek Ders ve Not Y\u00fckseltme S\u0131navlar\u0131<\/span><\/a><\/li><li class=\"nav-item my-0\"><a class=\"nav-link d-flex align-items-center rounded-pill \" href=\"https:\/\/www.khas.edu.tr\/yardim-dokumanlari\/\" ><span class=\"fw-bold\">Yard\u0131m Dok\u00fcmanlar\u0131<\/span><\/a><\/li><li class=\"nav-item my-0\"><a class=\"nav-link d-flex align-items-center rounded-pill \" href=\"https:\/\/www.khas.edu.tr\/yatay-gecis\/\" ><span class=\"fw-bold\">Yatay Ge\u00e7i\u015f<\/span><\/a><\/li><li class=\"nav-item my-0\"><a class=\"nav-link d-flex align-items-center rounded-pill \" href=\"https:\/\/www.khas.edu.tr\/yaz-ogretimi\/\" ><span class=\"fw-bold\">Yaz \u00d6\u011fretimi<\/span><\/a><\/li><li class=\"nav-item my-0\"><a class=\"nav-link d-flex align-items-center rounded-pill \" href=\"https:\/\/www.khas.edu.tr\/yonetmelikler-ve-yonergeler\/\" ><span class=\"fw-bold\">Y\u00f6netmelikler ve Y\u00f6nergeler<\/span><\/a><\/li><\/ul>\n<\/div>\n\t\t\t\t\t\t<\/div>\n\t\t\t\t<\/div>\n\t\t\t\t<\/div>\n\t\t\t\t\t<\/div>\n\t\t\t\t<\/div>\n\t\t\t\t<\/div>\n\t\t","protected":false},"excerpt":{"rendered":"<p>Manage All Your Student Tasks with One Click! SPARKS All Application Forms in One Place! MyKHAS Graduate Student Transactions and Application Forms! Graduate MyKHAS<\/p>\n","protected":false},"author":5,"featured_media":0,"parent":0,"menu_order":0,"comment_status":"closed","ping_status":"closed","template":"","meta":{"slim_seo":{"title":"Online Processes and Application Forms - Kadir Has University","description":"Manage All Your Student Tasks with One Click! SPARKS All Application Forms in One Place! MyKHAS Graduate Student Transactions and Application Forms! Graduate My"},"footnotes":""},"birimler":[],"class_list":["post-18033","page","type-page","status-publish","hentry"],"_links":{"self":[{"href":"https:\/\/www.khas.edu.tr\/en\/wp-json\/wp\/v2\/pages\/18033","targetHints":{"allow":["GET"]}}],"collection":[{"href":"https:\/\/www.khas.edu.tr\/en\/wp-json\/wp\/v2\/pages"}],"about":[{"href":"https:\/\/www.khas.edu.tr\/en\/wp-json\/wp\/v2\/types\/page"}],"author":[{"embeddable":true,"href":"https:\/\/www.khas.edu.tr\/en\/wp-json\/wp\/v2\/users\/5"}],"replies":[{"embeddable":true,"href":"https:\/\/www.khas.edu.tr\/en\/wp-json\/wp\/v2\/comments?post=18033"}],"version-history":[{"count":37,"href":"https:\/\/www.khas.edu.tr\/en\/wp-json\/wp\/v2\/pages\/18033\/revisions"}],"predecessor-version":[{"id":27363,"href":"https:\/\/www.khas.edu.tr\/en\/wp-json\/wp\/v2\/pages\/18033\/revisions\/27363"}],"wp:attachment":[{"href":"https:\/\/www.khas.edu.tr\/en\/wp-json\/wp\/v2\/media?parent=18033"}],"wp:term":[{"taxonomy":"birimler","embeddable":true,"href":"https:\/\/www.khas.edu.tr\/en\/wp-json\/wp\/v2\/birimler?post=18033"}],"curies":[{"name":"wp","href":"https:\/\/api.w.org\/{rel}","templated":true}]}}