{"id":17123,"date":"2025-04-16T11:46:06","date_gmt":"2025-04-16T08:46:06","guid":{"rendered":"https:\/\/www.khas.edu.tr\/?page_id=17123"},"modified":"2025-04-16T14:46:44","modified_gmt":"2025-04-16T11:46:44","slug":"ie-research-groups","status":"publish","type":"page","link":"https:\/\/www.khas.edu.tr\/en\/ie-research-groups\/","title":{"rendered":"ie-Research Groups"},"content":{"rendered":"\t\t<div data-elementor-type=\"wp-page\" data-elementor-id=\"17123\" class=\"elementor elementor-17123 elementor-17008\">\n\t\t\t\t<div class=\"elementor-element elementor-element-cfd5564 e-flex e-con-boxed e-con e-parent\" data-id=\"cfd5564\" data-element_type=\"container\" data-e-type=\"container\">\n\t\t\t\t\t<div class=\"e-con-inner\">\n\t\t\t\t<div class=\"elementor-element elementor-element-15fcdaf elementor-widget elementor-widget-heading\" data-id=\"15fcdaf\" data-element_type=\"widget\" data-e-type=\"widget\" data-widget_type=\"heading.default\">\n\t\t\t\t<div class=\"elementor-widget-container\">\n\t\t\t\t\t<h3 class=\"elementor-heading-title elementor-size-default\">Enerji, Do\u011fal Kaynaklar ve \u00c7evre Y\u00f6netimi (ENREM) Ara\u015ft\u0131rma Laboratuvar\u0131 <\/h3>\t\t\t\t<\/div>\n\t\t\t\t<\/div>\n\t\t\t\t<div class=\"elementor-element elementor-element-bd2beb2 elementor-widget elementor-widget-heading\" data-id=\"bd2beb2\" data-element_type=\"widget\" data-e-type=\"widget\" data-widget_type=\"heading.default\">\n\t\t\t\t<div class=\"elementor-widget-container\">\n\t\t\t\t\t<span class=\"elementor-heading-title elementor-size-default\">Prof. Dr. Ahmet Y\u00fccekaya <\/span>\t\t\t\t<\/div>\n\t\t\t\t<\/div>\n\t\t\t\t<div class=\"elementor-element elementor-element-c19c19f elementor-widget elementor-widget-button\" data-id=\"c19c19f\" data-element_type=\"widget\" data-e-type=\"widget\" data-widget_type=\"button.default\">\n\t\t\t\t<div class=\"elementor-widget-container\">\n\t\t\t\t\t\t\t\t\t<div class=\"elementor-button-wrapper\">\n\t\t\t\t\t<a class=\"elementor-button elementor-button-link elementor-size-sm\" href=\"https:\/\/www.khas.edu.tr\/ie-enerji-dogal-kaynaklar-ve-cevre-yonetimi-enrem-arastirma-laboratuvari\/\">\n\t\t\t\t\t\t<span class=\"elementor-button-content-wrapper\">\n\t\t\t\t\t\t\t\t\t<span class=\"elementor-button-text\">Detayl\u0131 Bilgi<\/span>\n\t\t\t\t\t<\/span>\n\t\t\t\t\t<\/a>\n\t\t\t\t<\/div>\n\t\t\t\t\t\t\t\t<\/div>\n\t\t\t\t<\/div>\n\t\t\t\t<div class=\"elementor-element elementor-element-5946c81 elementor-widget-divider--view-line elementor-widget elementor-widget-divider\" data-id=\"5946c81\" data-element_type=\"widget\" data-e-type=\"widget\" data-widget_type=\"divider.default\">\n\t\t\t\t<div class=\"elementor-widget-container\">\n\t\t\t\t\t\t\t<div class=\"elementor-divider\">\n\t\t\t<span class=\"elementor-divider-separator\">\n\t\t\t\t\t\t<\/span>\n\t\t<\/div>\n\t\t\t\t\t\t<\/div>\n\t\t\t\t<\/div>\n\t\t\t\t\t<\/div>\n\t\t\t\t<\/div>\n\t\t<div class=\"elementor-element elementor-element-9daa83b e-flex e-con-boxed e-con e-parent\" data-id=\"9daa83b\" data-element_type=\"container\" data-e-type=\"container\">\n\t\t\t\t\t<div class=\"e-con-inner\">\n\t\t\t\t<div class=\"elementor-element elementor-element-7e9939c elementor-widget elementor-widget-heading\" data-id=\"7e9939c\" data-element_type=\"widget\" data-e-type=\"widget\" data-widget_type=\"heading.default\">\n\t\t\t\t<div class=\"elementor-widget-container\">\n\t\t\t\t\t<h3 class=\"elementor-heading-title elementor-size-default\">Enerji, Kaynak ve \u00c7evre Ekonomisi (EREE) Ara\u015ft\u0131rma Laboratuvar\u0131<\/h3>\t\t\t\t<\/div>\n\t\t\t\t<\/div>\n\t\t\t\t<div class=\"elementor-element elementor-element-25a87d8 elementor-widget elementor-widget-heading\" data-id=\"25a87d8\" data-element_type=\"widget\" data-e-type=\"widget\" data-widget_type=\"heading.default\">\n\t\t\t\t<div class=\"elementor-widget-container\">\n\t\t\t\t\t<span class=\"elementor-heading-title elementor-size-default\">Prof. Dr. Ahmet Y\u00fccekaya<\/span>\t\t\t\t<\/div>\n\t\t\t\t<\/div>\n\t\t\t\t<div class=\"elementor-element elementor-element-84b151b elementor-widget elementor-widget-button\" data-id=\"84b151b\" data-element_type=\"widget\" data-e-type=\"widget\" data-widget_type=\"button.default\">\n\t\t\t\t<div class=\"elementor-widget-container\">\n\t\t\t\t\t\t\t\t\t<div class=\"elementor-button-wrapper\">\n\t\t\t\t\t<a class=\"elementor-button elementor-button-link elementor-size-sm\" href=\"https:\/\/www.khas.edu.tr\/ie-enerji-kaynak-ve-cevre-ekonomisi-eree-arastirma-laboratuvari\/\">\n\t\t\t\t\t\t<span class=\"elementor-button-content-wrapper\">\n\t\t\t\t\t\t\t\t\t<span class=\"elementor-button-text\">Detayl\u0131 Bilgi<\/span>\n\t\t\t\t\t<\/span>\n\t\t\t\t\t<\/a>\n\t\t\t\t<\/div>\n\t\t\t\t\t\t\t\t<\/div>\n\t\t\t\t<\/div>\n\t\t\t\t<div class=\"elementor-element elementor-element-0ff97f5 elementor-widget-divider--view-line elementor-widget elementor-widget-divider\" data-id=\"0ff97f5\" data-element_type=\"widget\" data-e-type=\"widget\" data-widget_type=\"divider.default\">\n\t\t\t\t<div class=\"elementor-widget-container\">\n\t\t\t\t\t\t\t<div class=\"elementor-divider\">\n\t\t\t<span class=\"elementor-divider-separator\">\n\t\t\t\t\t\t<\/span>\n\t\t<\/div>\n\t\t\t\t\t\t<\/div>\n\t\t\t\t<\/div>\n\t\t\t\t\t<\/div>\n\t\t\t\t<\/div>\n\t\t<div class=\"elementor-element elementor-element-561271e e-flex e-con-boxed e-con e-parent\" data-id=\"561271e\" data-element_type=\"container\" data-e-type=\"container\">\n\t\t\t\t\t<div class=\"e-con-inner\">\n\t\t\t\t<div class=\"elementor-element elementor-element-04679df elementor-widget elementor-widget-heading\" data-id=\"04679df\" data-element_type=\"widget\" data-e-type=\"widget\" data-widget_type=\"heading.default\">\n\t\t\t\t<div class=\"elementor-widget-container\">\n\t\t\t\t\t<h3 class=\"elementor-heading-title elementor-size-default\">Matematiksel Epidemiyoloji (EPIKHAS) Ara\u015ft\u0131rma Laboratuvar\u0131<\/h3>\t\t\t\t<\/div>\n\t\t\t\t<\/div>\n\t\t\t\t<div class=\"elementor-element elementor-element-b543b3c elementor-widget elementor-widget-heading\" data-id=\"b543b3c\" data-element_type=\"widget\" data-e-type=\"widget\" data-widget_type=\"heading.default\">\n\t\t\t\t<div class=\"elementor-widget-container\">\n\t\t\t\t\t<span class=\"elementor-heading-title elementor-size-default\">Prof. Dr. Ahmet Y\u00fccekaya<\/span>\t\t\t\t<\/div>\n\t\t\t\t<\/div>\n\t\t\t\t<div class=\"elementor-element elementor-element-a57aaa2 elementor-widget elementor-widget-button\" data-id=\"a57aaa2\" data-element_type=\"widget\" data-e-type=\"widget\" data-widget_type=\"button.default\">\n\t\t\t\t<div class=\"elementor-widget-container\">\n\t\t\t\t\t\t\t\t\t<div class=\"elementor-button-wrapper\">\n\t\t\t\t\t<a class=\"elementor-button elementor-button-link elementor-size-sm\" href=\"#\">\n\t\t\t\t\t\t<span class=\"elementor-button-content-wrapper\">\n\t\t\t\t\t\t\t\t\t<span class=\"elementor-button-text\">Detayl\u0131 Bilgi<\/span>\n\t\t\t\t\t<\/span>\n\t\t\t\t\t<\/a>\n\t\t\t\t<\/div>\n\t\t\t\t\t\t\t\t<\/div>\n\t\t\t\t<\/div>\n\t\t\t\t<div class=\"elementor-element elementor-element-1b771a1 elementor-widget-divider--view-line elementor-widget elementor-widget-divider\" data-id=\"1b771a1\" data-element_type=\"widget\" data-e-type=\"widget\" data-widget_type=\"divider.default\">\n\t\t\t\t<div class=\"elementor-widget-container\">\n\t\t\t\t\t\t\t<div class=\"elementor-divider\">\n\t\t\t<span class=\"elementor-divider-separator\">\n\t\t\t\t\t\t<\/span>\n\t\t<\/div>\n\t\t\t\t\t\t<\/div>\n\t\t\t\t<\/div>\n\t\t\t\t\t<\/div>\n\t\t\t\t<\/div>\n\t\t<div class=\"elementor-element elementor-element-42fadb8 e-flex e-con-boxed e-con e-parent\" data-id=\"42fadb8\" data-element_type=\"container\" data-e-type=\"container\">\n\t\t\t\t\t<div class=\"e-con-inner\">\n\t\t\t\t\t<\/div>\n\t\t\t\t<\/div>\n\t\t\t\t<\/div>\n\t\t","protected":false},"excerpt":{"rendered":"<p>Enerji, Do\u011fal Kaynaklar ve \u00c7evre Y\u00f6netimi (ENREM) Ara\u015ft\u0131rma Laboratuvar\u0131 Prof. Dr. Ahmet Y\u00fccekaya Detayl\u0131 Bilgi Enerji, Kaynak ve \u00c7evre Ekonomisi (EREE) Ara\u015ft\u0131rma Laboratuvar\u0131 Prof. Dr. Ahmet Y\u00fccekaya Detayl\u0131 Bilgi Matematiksel Epidemiyoloji (EPIKHAS) Ara\u015ft\u0131rma Laboratuvar\u0131 Prof. Dr. Ahmet Y\u00fccekaya Detayl\u0131 Bilgi<\/p>\n","protected":false},"author":2,"featured_media":0,"parent":0,"menu_order":0,"comment_status":"closed","ping_status":"closed","template":"","meta":{"slim_seo":{"title":"ie-Research Groups - Kadir Has University","description":"Enerji, Do\u011fal Kaynaklar ve \u00c7evre Y\u00f6netimi (ENREM) Ara\u015ft\u0131rma Laboratuvar\u0131 Prof. Dr. Ahmet Y\u00fccekaya Detayl\u0131 Bilgi Enerji, Kaynak ve \u00c7evre Ekonomisi (EREE) Ara\u015ft\u0131r"},"footnotes":""},"birimler":[71],"class_list":["post-17123","page","type-page","status-publish","hentry","birimler-ie"],"_links":{"self":[{"href":"https:\/\/www.khas.edu.tr\/en\/wp-json\/wp\/v2\/pages\/17123","targetHints":{"allow":["GET"]}}],"collection":[{"href":"https:\/\/www.khas.edu.tr\/en\/wp-json\/wp\/v2\/pages"}],"about":[{"href":"https:\/\/www.khas.edu.tr\/en\/wp-json\/wp\/v2\/types\/page"}],"author":[{"embeddable":true,"href":"https:\/\/www.khas.edu.tr\/en\/wp-json\/wp\/v2\/users\/2"}],"replies":[{"embeddable":true,"href":"https:\/\/www.khas.edu.tr\/en\/wp-json\/wp\/v2\/comments?post=17123"}],"version-history":[{"count":4,"href":"https:\/\/www.khas.edu.tr\/en\/wp-json\/wp\/v2\/pages\/17123\/revisions"}],"predecessor-version":[{"id":17136,"href":"https:\/\/www.khas.edu.tr\/en\/wp-json\/wp\/v2\/pages\/17123\/revisions\/17136"}],"wp:attachment":[{"href":"https:\/\/www.khas.edu.tr\/en\/wp-json\/wp\/v2\/media?parent=17123"}],"wp:term":[{"taxonomy":"birimler","embeddable":true,"href":"https:\/\/www.khas.edu.tr\/en\/wp-json\/wp\/v2\/birimler?post=17123"}],"curies":[{"name":"wp","href":"https:\/\/api.w.org\/{rel}","templated":true}]}}