{"id":17034,"date":"2025-04-16T12:03:55","date_gmt":"2025-04-16T09:03:55","guid":{"rendered":"https:\/\/www.khas.edu.tr\/?page_id=17034"},"modified":"2025-04-16T12:09:46","modified_gmt":"2025-04-16T09:09:46","slug":"ie-energy-resource-and-environmental-economics-eree-research-lab","status":"publish","type":"page","link":"https:\/\/www.khas.edu.tr\/en\/ie-energy-resource-and-environmental-economics-eree-research-lab\/","title":{"rendered":"ie-Energy, Resource and Environmental Economics (EREE) Research Lab"},"content":{"rendered":"\t\t<div data-elementor-type=\"wp-page\" data-elementor-id=\"17034\" class=\"elementor elementor-17034 elementor-17026\">\n\t\t\t\t<div class=\"elementor-element elementor-element-a0fd2c0 e-flex e-con-boxed e-con e-parent\" data-id=\"a0fd2c0\" data-element_type=\"container\" data-e-type=\"container\">\n\t\t\t\t\t<div class=\"e-con-inner\">\n\t\t\t\t<div class=\"elementor-element elementor-element-953f42d elementor-widget elementor-widget-heading\" data-id=\"953f42d\" data-element_type=\"widget\" data-e-type=\"widget\" data-widget_type=\"heading.default\">\n\t\t\t\t<div class=\"elementor-widget-container\">\n\t\t\t\t\t<h3 class=\"elementor-heading-title elementor-size-default\">Coordinator<\/h3>\t\t\t\t<\/div>\n\t\t\t\t<\/div>\n\t\t\t\t<div class=\"elementor-element elementor-element-72b5d5e elementor-widget-divider--view-line elementor-widget elementor-widget-divider\" data-id=\"72b5d5e\" data-element_type=\"widget\" data-e-type=\"widget\" data-widget_type=\"divider.default\">\n\t\t\t\t<div class=\"elementor-widget-container\">\n\t\t\t\t\t\t\t<div class=\"elementor-divider\">\n\t\t\t<span class=\"elementor-divider-separator\">\n\t\t\t\t\t\t<\/span>\n\t\t<\/div>\n\t\t\t\t\t\t<\/div>\n\t\t\t\t<\/div>\n\t\t\t\t<div class=\"elementor-element elementor-element-f4bab19 elementor-widget elementor-widget-heading\" data-id=\"f4bab19\" data-element_type=\"widget\" data-e-type=\"widget\" data-widget_type=\"heading.default\">\n\t\t\t\t<div class=\"elementor-widget-container\">\n\t\t\t\t\t<span class=\"elementor-heading-title elementor-size-default\">Prof. Dr. Ahmet Y\u00fccekaya<\/span>\t\t\t\t<\/div>\n\t\t\t\t<\/div>\n\t\t\t\t<div class=\"elementor-element elementor-element-53afb56 elementor-widget-divider--view-line elementor-widget elementor-widget-divider\" data-id=\"53afb56\" data-element_type=\"widget\" data-e-type=\"widget\" data-widget_type=\"divider.default\">\n\t\t\t\t<div class=\"elementor-widget-container\">\n\t\t\t\t\t\t\t<div class=\"elementor-divider\">\n\t\t\t<span class=\"elementor-divider-separator\">\n\t\t\t\t\t\t<\/span>\n\t\t<\/div>\n\t\t\t\t\t\t<\/div>\n\t\t\t\t<\/div>\n\t\t\t\t<div class=\"elementor-element elementor-element-0b7bdd7 elementor-widget elementor-widget-heading\" data-id=\"0b7bdd7\" data-element_type=\"widget\" data-e-type=\"widget\" data-widget_type=\"heading.default\">\n\t\t\t\t<div class=\"elementor-widget-container\">\n\t\t\t\t\t<h4 class=\"elementor-heading-title elementor-size-default\">Project Team<\/h4>\t\t\t\t<\/div>\n\t\t\t\t<\/div>\n\t\t\t\t<div class=\"elementor-element elementor-element-b387ea9 elementor-widget elementor-widget-text-editor\" data-id=\"b387ea9\" data-element_type=\"widget\" data-e-type=\"widget\" data-widget_type=\"text-editor.default\">\n\t\t\t\t<div class=\"elementor-widget-container\">\n\t\t\t\t\t\t\t\t\t<ul><li>Prof. Dr. Ay\u015fe H\u00fcmeyra Bilge, faculty member, KHAS<\/li><li>Dr. Mustafa Hekimo\u011flu, faculty member, KHAS<\/li><li>Dr. Esra A\u011fca Aktun\u00e7, faculty member, KHAS<\/li><li>Prof. Dr. Meltem Ucal, faculty member, KHAS<\/li><li>Assoc. Prof. Pelin G\u00fcl\u015fah Canbolat, faculty member, KHAS &amp; Ko\u00e7 University<\/li><li>Erg\u00fcn Y\u00fckseltan, PhD Candidate, KHAS<\/li><li>Dr. B\u00fc\u015fra \u00dclk\u00fc, MSc student, KHAS<\/li><li>Dr. Emre \u00c7elebi, faculty member, Yeditepe University<\/li><\/ul>\t\t\t\t\t\t\t\t<\/div>\n\t\t\t\t<\/div>\n\t\t\t\t<div class=\"elementor-element elementor-element-5f3893f elementor-widget elementor-widget-heading\" data-id=\"5f3893f\" data-element_type=\"widget\" data-e-type=\"widget\" data-widget_type=\"heading.default\">\n\t\t\t\t<div class=\"elementor-widget-container\">\n\t\t\t\t\t<span class=\"elementor-heading-title elementor-size-default\">Area of Research<\/span>\t\t\t\t<\/div>\n\t\t\t\t<\/div>\n\t\t\t\t<div class=\"elementor-element elementor-element-9528746 elementor-widget-divider--view-line elementor-widget elementor-widget-divider\" data-id=\"9528746\" data-element_type=\"widget\" data-e-type=\"widget\" data-widget_type=\"divider.default\">\n\t\t\t\t<div class=\"elementor-widget-container\">\n\t\t\t\t\t\t\t<div class=\"elementor-divider\">\n\t\t\t<span class=\"elementor-divider-separator\">\n\t\t\t\t\t\t<\/span>\n\t\t<\/div>\n\t\t\t\t\t\t<\/div>\n\t\t\t\t<\/div>\n\t\t\t\t<div class=\"elementor-element elementor-element-2ced1c7 elementor-widget elementor-widget-text-editor\" data-id=\"2ced1c7\" data-element_type=\"widget\" data-e-type=\"widget\" data-widget_type=\"text-editor.default\">\n\t\t\t\t<div class=\"elementor-widget-container\">\n\t\t\t\t\t\t\t\t\t<p>EREE Lab&#8217;s primary goal is to analyze the energy supply and demand trends comprehensively, related problems with resources to generate energy, the energy resource supply chains, generation technologies, and the impact of energy supply from different resources on the environment. The energy, resources, and environment are vital components that complement each other, requiring integrated standard solutions to problems. The problems are multidimensional and require data analysis, optimization, trend analysis, forecasting, machine learning, and mathematical modeling.<\/p><p>Our research interest is broad and multidisciplinary, including engineering disciplines, economic models, and market designs.\u00a0<\/p>\t\t\t\t\t\t\t\t<\/div>\n\t\t\t\t<\/div>\n\t\t\t\t\t<\/div>\n\t\t\t\t<\/div>\n\t\t\t\t<\/div>\n\t\t","protected":false},"excerpt":{"rendered":"<p>Coordinator Prof. Dr. Ahmet Y\u00fccekaya Project Team Prof. Dr. Ay\u015fe H\u00fcmeyra Bilge, faculty member, KHAS Dr. Mustafa Hekimo\u011flu, faculty member, KHAS Dr. Esra A\u011fca Aktun\u00e7, faculty member, KHAS Prof. Dr. Meltem Ucal, faculty member, KHAS Assoc. Prof. Pelin G\u00fcl\u015fah Canbolat, faculty member, KHAS &amp; Ko\u00e7 University Erg\u00fcn Y\u00fckseltan, PhD Candidate, KHAS Dr. B\u00fc\u015fra \u00dclk\u00fc, MSc [&hellip;]<\/p>\n","protected":false},"author":2,"featured_media":0,"parent":0,"menu_order":0,"comment_status":"closed","ping_status":"closed","template":"","meta":{"slim_seo":{"title":"ie-Energy, Resource and Environmental Economics (EREE) Research Lab - Kadir Has University","description":"Coordinator Prof. Dr. Ahmet Y\u00fccekaya Project Team Prof. Dr. Ay\u015fe H\u00fcmeyra Bilge, faculty member, KHAS Dr. Mustafa Hekimo\u011flu, faculty member, KHAS Dr. Esra A\u011fca A"},"footnotes":""},"birimler":[71],"class_list":["post-17034","page","type-page","status-publish","hentry","birimler-ie"],"_links":{"self":[{"href":"https:\/\/www.khas.edu.tr\/en\/wp-json\/wp\/v2\/pages\/17034","targetHints":{"allow":["GET"]}}],"collection":[{"href":"https:\/\/www.khas.edu.tr\/en\/wp-json\/wp\/v2\/pages"}],"about":[{"href":"https:\/\/www.khas.edu.tr\/en\/wp-json\/wp\/v2\/types\/page"}],"author":[{"embeddable":true,"href":"https:\/\/www.khas.edu.tr\/en\/wp-json\/wp\/v2\/users\/2"}],"replies":[{"embeddable":true,"href":"https:\/\/www.khas.edu.tr\/en\/wp-json\/wp\/v2\/comments?post=17034"}],"version-history":[{"count":4,"href":"https:\/\/www.khas.edu.tr\/en\/wp-json\/wp\/v2\/pages\/17034\/revisions"}],"predecessor-version":[{"id":17038,"href":"https:\/\/www.khas.edu.tr\/en\/wp-json\/wp\/v2\/pages\/17034\/revisions\/17038"}],"wp:attachment":[{"href":"https:\/\/www.khas.edu.tr\/en\/wp-json\/wp\/v2\/media?parent=17034"}],"wp:term":[{"taxonomy":"birimler","embeddable":true,"href":"https:\/\/www.khas.edu.tr\/en\/wp-json\/wp\/v2\/birimler?post=17034"}],"curies":[{"name":"wp","href":"https:\/\/api.w.org\/{rel}","templated":true}]}}