{"id":16883,"date":"2025-04-15T22:43:07","date_gmt":"2025-04-15T19:43:07","guid":{"rendered":"https:\/\/www.khas.edu.tr\/?page_id=16883"},"modified":"2025-07-25T14:28:35","modified_gmt":"2025-07-25T11:28:35","slug":"ee-advisory-committee","status":"publish","type":"page","link":"https:\/\/www.khas.edu.tr\/en\/ee-advisory-committee\/","title":{"rendered":"Advisory Committee"},"content":{"rendered":"\t\t<div data-elementor-type=\"wp-page\" data-elementor-id=\"16883\" class=\"elementor elementor-16883 elementor-16875\">\n\t\t\t\t<div class=\"elementor-element elementor-element-6f4b2b2 elementor-hidden-desktop elementor-hidden-tablet elementor-hidden-mobile e-flex e-con-boxed e-con e-parent\" data-id=\"6f4b2b2\" data-element_type=\"container\" data-e-type=\"container\">\n\t\t\t\t\t<div class=\"e-con-inner\">\n\t\t\t\t<div class=\"elementor-element elementor-element-e7d3b2e elementor-widget elementor-widget-text-editor\" data-id=\"e7d3b2e\" data-element_type=\"widget\" data-e-type=\"widget\" data-widget_type=\"text-editor.default\">\n\t\t\t\t<div class=\"elementor-widget-container\">\n\t\t\t\t\t\t\t\t\t<h2><b>Advisors from Industry<\/b><\/h2><ul><li>Ahmet Alg\u0131n \u2013 <b>Savronik<\/b><\/li><li>Mohammad Aziziaghdam \u2013 <b>F\u0130GES<\/b><\/li><li>Dr. Murat Demirkan \u2013 <b>Analog Devices<\/b><\/li><li>Prof. Dr. Mustafa Ergen \u2013 <b>Ambeent<\/b>\u00a0 \u00a0<\/li><\/ul>\t\t\t\t\t\t\t\t<\/div>\n\t\t\t\t<\/div>\n\t\t\t\t<div class=\"elementor-element elementor-element-d4fe929 elementor-widget-divider--view-line elementor-widget elementor-widget-divider\" data-id=\"d4fe929\" data-element_type=\"widget\" data-e-type=\"widget\" data-widget_type=\"divider.default\">\n\t\t\t\t<div class=\"elementor-widget-container\">\n\t\t\t\t\t\t\t<div class=\"elementor-divider\">\n\t\t\t<span class=\"elementor-divider-separator\">\n\t\t\t\t\t\t<\/span>\n\t\t<\/div>\n\t\t\t\t\t\t<\/div>\n\t\t\t\t<\/div>\n\t\t\t\t\t<\/div>\n\t\t\t\t<\/div>\n\t\t<div class=\"elementor-element elementor-element-914021b e-flex e-con-boxed e-con e-parent\" data-id=\"914021b\" data-element_type=\"container\" data-e-type=\"container\">\n\t\t\t\t\t<div class=\"e-con-inner\">\n\t\t\t\t<div class=\"elementor-element elementor-element-44d6738 elementor-widget elementor-widget-text-editor\" data-id=\"44d6738\" data-element_type=\"widget\" data-e-type=\"widget\" data-widget_type=\"text-editor.default\">\n\t\t\t\t<div class=\"elementor-widget-container\">\n\t\t\t\t\t\t\t\t\t<ul> <li>Prof. Dr. O\u011fuzhan \u00c7i\u00e7eko\u011flu, Bo\u011fazi\u00e7i University, Department of Electrical and Electronics Engineering<\/li> <li>Prof. Dr. Hakan Ali \u00c7\u0131rpan, Istanbul Technical University, Department of Electronics and Communication Engineering<\/li> <li>Assoc. Prof. Dr. Eylem Erdo\u011fan, Izmir Institute of Technology, Department of Electrical and Electronics Engineering<\/li> <li>Erkan Solmaz, EMO Representative<\/li> <li>Hakk\u0131 Kaya Ocaka\u00e7an, EMO Representative<\/li> <li>Prof. Dr. Mustafa Ergen, Founder and CEO, Ambeent<\/li> <li>Dr. Alper Sar\u0131kan, Head of New Technologies Group, Karel Electronics<\/li> <li>Ece Demirkol, CEO, Multitek<\/li> <li>Ahmet \u015eenol, CTO and Co-Founder, Galaksity Smart City Technologies, Class of 2004<\/li> <li>\u0130lker G\u00fcne\u015f, Director of Digital Channels, Turkcell, Class of 2007<\/li> <li>Dr. Ya\u011fmur Sabucu Sandal, Team Lead for 5G\/6G Product and Solution Development, Siemens, Class of 2011<\/li> <li>U\u011fur \u00c7elikk\u0131ran, Strategic Business Development Manager, Honeywell, Class of 2014<\/li> <li>Havva Hilal Altunta\u015f, 5G RAN Software Engineer, Ulak Communications, Class of 2020<\/li> <li>Tunahan Akyol, Deep Learning Engineer, Havelsan, Class of 2020<\/li> <\/ul>\t\t\t\t\t\t\t\t<\/div>\n\t\t\t\t<\/div>\n\t\t\t\t<div class=\"elementor-element elementor-element-c277b11 elementor-hidden-desktop elementor-hidden-tablet elementor-hidden-mobile elementor-widget-divider--view-line elementor-widget elementor-widget-divider\" data-id=\"c277b11\" data-element_type=\"widget\" data-e-type=\"widget\" data-widget_type=\"divider.default\">\n\t\t\t\t<div class=\"elementor-widget-container\">\n\t\t\t\t\t\t\t<div class=\"elementor-divider\">\n\t\t\t<span class=\"elementor-divider-separator\">\n\t\t\t\t\t\t<\/span>\n\t\t<\/div>\n\t\t\t\t\t\t<\/div>\n\t\t\t\t<\/div>\n\t\t\t\t<div class=\"elementor-element elementor-element-09f64fe elementor-hidden-desktop elementor-hidden-tablet elementor-hidden-mobile elementor-widget elementor-widget-text-editor\" data-id=\"09f64fe\" data-element_type=\"widget\" data-e-type=\"widget\" data-widget_type=\"text-editor.default\">\n\t\t\t\t<div class=\"elementor-widget-container\">\n\t\t\t\t\t\t\t\t\t<h2><b>Graduates<\/b><\/h2><ul><li>U\u011fur \u00c7elikk\u0131ran \u2013\u00a0<b>Honeywell<\/b><\/li><li>Dr. Tezcan \u00c7o\u011falan \u2013\u00a0<b>InterDigital<\/b><\/li><li>Dr. Ya\u011fmur Sabuncu \u2013 <b>Siemens<\/b><\/li><li>Dr. Onur Ergen \u2013\u00a0<b>Ambeent<\/b>\u00a0\u00a0<\/li><li>Dr. Burak G\u00f6rkemli \u2013\u00a0<b>Argela<\/b><\/li><li>Bu\u011fra Kurug\u00f6ll\u00fc \u2013\u00a0<b>WAGO<\/b><\/li><li>Volkan \u00d6zt\u00fcrk \u2013\u00a0<b>Nokia<\/b><\/li><li>Dr. Tolga \u015eim\u015fek \u2013\u00a0<b>Siemens<\/b><\/li><\/ul>\t\t\t\t\t\t\t\t<\/div>\n\t\t\t\t<\/div>\n\t\t\t\t\t<\/div>\n\t\t\t\t<\/div>\n\t\t\t\t<\/div>\n\t\t","protected":false},"excerpt":{"rendered":"<p>Advisors from Industry Ahmet Alg\u0131n \u2013 Savronik Mohammad Aziziaghdam \u2013 F\u0130GES Dr. Murat Demirkan \u2013 Analog Devices Prof. Dr. Mustafa Ergen \u2013 Ambeent\u00a0 \u00a0 Prof. Dr. O\u011fuzhan \u00c7i\u00e7eko\u011flu, Bo\u011fazi\u00e7i University, Department of Electrical and Electronics Engineering Prof. Dr. Hakan Ali \u00c7\u0131rpan, Istanbul Technical University, Department of Electronics and Communication Engineering Assoc. Prof. Dr. Eylem Erdo\u011fan, [&hellip;]<\/p>\n","protected":false},"author":2,"featured_media":0,"parent":0,"menu_order":0,"comment_status":"closed","ping_status":"closed","template":"","meta":{"slim_seo":{"title":"Advisory Committee - Kadir Has University","description":"Advisors from Industry Ahmet Alg\u0131n \u2013 Savronik Mohammad Aziziaghdam \u2013 F\u0130GES Dr. Murat Demirkan \u2013 Analog Devices Prof. Dr. Mustafa Ergen \u2013 Ambeent \u00a0 \u00a0 Prof. Dr. O"},"footnotes":""},"birimler":[72],"class_list":["post-16883","page","type-page","status-publish","hentry","birimler-ee"],"_links":{"self":[{"href":"https:\/\/www.khas.edu.tr\/en\/wp-json\/wp\/v2\/pages\/16883","targetHints":{"allow":["GET"]}}],"collection":[{"href":"https:\/\/www.khas.edu.tr\/en\/wp-json\/wp\/v2\/pages"}],"about":[{"href":"https:\/\/www.khas.edu.tr\/en\/wp-json\/wp\/v2\/types\/page"}],"author":[{"embeddable":true,"href":"https:\/\/www.khas.edu.tr\/en\/wp-json\/wp\/v2\/users\/2"}],"replies":[{"embeddable":true,"href":"https:\/\/www.khas.edu.tr\/en\/wp-json\/wp\/v2\/comments?post=16883"}],"version-history":[{"count":8,"href":"https:\/\/www.khas.edu.tr\/en\/wp-json\/wp\/v2\/pages\/16883\/revisions"}],"predecessor-version":[{"id":25770,"href":"https:\/\/www.khas.edu.tr\/en\/wp-json\/wp\/v2\/pages\/16883\/revisions\/25770"}],"wp:attachment":[{"href":"https:\/\/www.khas.edu.tr\/en\/wp-json\/wp\/v2\/media?parent=16883"}],"wp:term":[{"taxonomy":"birimler","embeddable":true,"href":"https:\/\/www.khas.edu.tr\/en\/wp-json\/wp\/v2\/birimler?post=16883"}],"curies":[{"name":"wp","href":"https:\/\/api.w.org\/{rel}","templated":true}]}}