{"id":16633,"date":"2025-04-15T20:19:17","date_gmt":"2025-04-15T17:19:17","guid":{"rendered":"https:\/\/www.khas.edu.tr\/?page_id=16633"},"modified":"2025-04-15T20:22:27","modified_gmt":"2025-04-15T17:22:27","slug":"mbg-student-clubs","status":"publish","type":"page","link":"https:\/\/www.khas.edu.tr\/en\/mbg-student-clubs\/","title":{"rendered":"mbg-Student Clubs"},"content":{"rendered":"\t\t<div data-elementor-type=\"wp-page\" data-elementor-id=\"16633\" class=\"elementor elementor-16633 elementor-16624\">\n\t\t\t\t<div class=\"elementor-element elementor-element-77c3f11 e-flex e-con-boxed e-con e-parent\" data-id=\"77c3f11\" data-element_type=\"container\" data-e-type=\"container\">\n\t\t\t\t\t<div class=\"e-con-inner\">\n\t\t\t\t<div class=\"elementor-element elementor-element-1b1a0dc elementor-widget elementor-widget-heading\" data-id=\"1b1a0dc\" data-element_type=\"widget\" data-e-type=\"widget\" data-widget_type=\"heading.default\">\n\t\t\t\t<div class=\"elementor-widget-container\">\n\t\t\t\t\t<h2 class=\"elementor-heading-title elementor-size-default\">HASGEN  (GENETICS AND SCIENCE CLUB)<\/h2>\t\t\t\t<\/div>\n\t\t\t\t<\/div>\n\t\t\t\t<div class=\"elementor-element elementor-element-1ccfb8b elementor-widget-divider--view-line elementor-widget elementor-widget-divider\" data-id=\"1ccfb8b\" data-element_type=\"widget\" data-e-type=\"widget\" data-widget_type=\"divider.default\">\n\t\t\t\t<div class=\"elementor-widget-container\">\n\t\t\t\t\t\t\t<div class=\"elementor-divider\">\n\t\t\t<span class=\"elementor-divider-separator\">\n\t\t\t\t\t\t<\/span>\n\t\t<\/div>\n\t\t\t\t\t\t<\/div>\n\t\t\t\t<\/div>\n\t\t\t\t\t<\/div>\n\t\t\t\t<\/div>\n\t\t<div class=\"elementor-element elementor-element-8012bef e-flex e-con-boxed e-con e-parent\" data-id=\"8012bef\" data-element_type=\"container\" data-e-type=\"container\">\n\t\t\t\t\t<div class=\"e-con-inner\">\n\t\t\t\t<div class=\"elementor-element elementor-element-59c262f elementor-widget elementor-widget-text-editor\" data-id=\"59c262f\" data-element_type=\"widget\" data-e-type=\"widget\" data-widget_type=\"text-editor.default\">\n\t\t\t\t<div class=\"elementor-widget-container\">\n\t\t\t\t\t\t\t\t\t<p>The Genetics and Science Club (HASGEN), founded by KHAS Molecular Biology and Genetics students in 2018, is a social and academic student club that organizes seminars, events, and meetings in various disciplines, particularly genetics.<\/p><p>Since its establishment, HASGEN has organized several face-to-face and online events. Creating platforms to meet well-known academicians, HASGEN assembles all the students interested in engineering and science at Kadir Has University under the same roof.<\/p><p>Please feel free to contact us if you are interested in science, want to meet new people, and become part of this great family.<\/p><p>Stay with Science!<\/p><p><strong>Contact<\/strong><\/p><ul><li><a href=\"mailto:hasgen@khas.edu.tr\">hasgen@khas.edu.tr<\/a><\/li><li><a href=\"mailto:vahapgazi.fidan@stu.khas.edu.tr\">vahapgazi.fidan@stu.khas.edu.tr<\/a>\u00a0(Club President)<\/li><\/ul><p><strong>Follow us on Social Media<\/strong><\/p><ul><li>Instagram: @hasgenofficial<\/li><li>Twitter: @hasgenofficial<\/li><li>YouTube: Hasgen Official<\/li><\/ul><p><strong>2022-23 Academic Year Management Board<\/strong><\/p><ul><li>Club Advisor: Asst. Prof. M. Mustafa \u00c7etin<\/li><li>President: Vahap Gazi Fidan<\/li><li>Vice President: Dilvin Ayd\u0131n<\/li><li>General Secretary: Merve \u0130pek \u00d6zalt\u0131n<\/li><li>Secretary General Assistant Member: Fatma Beyza \u00c7aml\u0131o\u011flu<\/li><li>Project and Event Coordinator: M\u00fc\u015ferref Yuca<\/li><li>Project and Event Coordinator Assistant Member: Florihana Brina<\/li><li>Project and Event Coordinator Substitute Member: Resmiye Nur Suv<\/li><li>Social Media Coordinator: Ya\u011fmur Akarsu<\/li><li>Social Media Content Producer: G\u00fclce Alan<\/li><li>Social Media Coordinator Substitute Member: G\u00f6k\u00e7e Kavakyani<\/li><li>Sponsorship Coordinator: Melih Esen<\/li><li>Sponsorship Coordinator Assistant Member: El\u00e7in Kahraman<\/li><li>Accountant and Advisor: Deniz Altinok<\/li><\/ul>\t\t\t\t\t\t\t\t<\/div>\n\t\t\t\t<\/div>\n\t\t\t\t\t<\/div>\n\t\t\t\t<\/div>\n\t\t\t\t<\/div>\n\t\t","protected":false},"excerpt":{"rendered":"<p>HASGEN (GENETICS AND SCIENCE CLUB) The Genetics and Science Club (HASGEN), founded by KHAS Molecular Biology and Genetics students in 2018, is a social and academic student club that organizes seminars, events, and meetings in various disciplines, particularly genetics. Since its establishment, HASGEN has organized several face-to-face and online events. Creating platforms to meet well-known [&hellip;]<\/p>\n","protected":false},"author":2,"featured_media":0,"parent":0,"menu_order":0,"comment_status":"closed","ping_status":"closed","template":"","meta":{"slim_seo":{"title":"mbg-Student Clubs - Kadir Has University","description":"HASGEN (GENETICS AND SCIENCE CLUB) The Genetics and Science Club (HASGEN), founded by KHAS Molecular Biology and Genetics students in 2018, is a social and acad"},"footnotes":""},"birimler":[68],"class_list":["post-16633","page","type-page","status-publish","hentry","birimler-mbg"],"_links":{"self":[{"href":"https:\/\/www.khas.edu.tr\/en\/wp-json\/wp\/v2\/pages\/16633","targetHints":{"allow":["GET"]}}],"collection":[{"href":"https:\/\/www.khas.edu.tr\/en\/wp-json\/wp\/v2\/pages"}],"about":[{"href":"https:\/\/www.khas.edu.tr\/en\/wp-json\/wp\/v2\/types\/page"}],"author":[{"embeddable":true,"href":"https:\/\/www.khas.edu.tr\/en\/wp-json\/wp\/v2\/users\/2"}],"replies":[{"embeddable":true,"href":"https:\/\/www.khas.edu.tr\/en\/wp-json\/wp\/v2\/comments?post=16633"}],"version-history":[{"count":4,"href":"https:\/\/www.khas.edu.tr\/en\/wp-json\/wp\/v2\/pages\/16633\/revisions"}],"predecessor-version":[{"id":16637,"href":"https:\/\/www.khas.edu.tr\/en\/wp-json\/wp\/v2\/pages\/16633\/revisions\/16637"}],"wp:attachment":[{"href":"https:\/\/www.khas.edu.tr\/en\/wp-json\/wp\/v2\/media?parent=16633"}],"wp:term":[{"taxonomy":"birimler","embeddable":true,"href":"https:\/\/www.khas.edu.tr\/en\/wp-json\/wp\/v2\/birimler?post=16633"}],"curies":[{"name":"wp","href":"https:\/\/api.w.org\/{rel}","templated":true}]}}