{"id":16367,"date":"2025-04-15T17:26:46","date_gmt":"2025-04-15T14:26:46","guid":{"rendered":"https:\/\/www.khas.edu.tr\/?page_id=16367"},"modified":"2025-04-15T17:54:16","modified_gmt":"2025-04-15T14:54:16","slug":"pr-sector-partners","status":"publish","type":"page","link":"https:\/\/www.khas.edu.tr\/en\/pr-sector-partners\/","title":{"rendered":"pr-Sector Partners"},"content":{"rendered":"\t\t<div data-elementor-type=\"wp-page\" data-elementor-id=\"16367\" class=\"elementor elementor-16367 elementor-16345\">\n\t\t\t\t<div class=\"elementor-element elementor-element-928d103 e-flex e-con-boxed e-con e-parent\" data-id=\"928d103\" data-element_type=\"container\" data-e-type=\"container\">\n\t\t\t\t\t<div class=\"e-con-inner\">\n\t\t\t\t<div class=\"elementor-element elementor-element-b35cdd3 elementor-widget elementor-widget-text-editor\" data-id=\"b35cdd3\" data-element_type=\"widget\" data-e-type=\"widget\" data-widget_type=\"text-editor.default\">\n\t\t\t\t<div class=\"elementor-widget-container\">\n\t\t\t\t\t\t\t\t\t<p>Our department has sectoral cooperation with Support to Life Association, Aristo Communication PR Agency, \u015eeyda Taluk Education and Consultancy and Digital Media Research Association (NewsLabTurkey).<br \/>Our department is also in close cooperation with the Association of Communication Consultancy Companies, Reputation Management Institute, Corporate Social Responsibility Association of Turkey, Public Relations Association of Turkey, Panasonic Life Solutions and Akademetre and guides its graduates on various job and internship alternatives.<\/p><p>Translated with DeepL.com (free version)<\/p>\t\t\t\t\t\t\t\t<\/div>\n\t\t\t\t<\/div>\n\t\t\t\t\t<\/div>\n\t\t\t\t<\/div>\n\t\t<div class=\"elementor-element elementor-element-36d92d0 e-flex e-con-boxed e-con e-parent\" data-id=\"36d92d0\" data-element_type=\"container\" data-e-type=\"container\">\n\t\t\t\t\t<div class=\"e-con-inner\">\n\t\t<div class=\"elementor-element elementor-element-ac2f0de e-con-full e-flex e-con e-child\" data-id=\"ac2f0de\" data-element_type=\"container\" data-e-type=\"container\">\n\t\t\t\t<div class=\"elementor-element elementor-element-a0b91e1 elementor-widget elementor-widget-image\" data-id=\"a0b91e1\" data-element_type=\"widget\" data-e-type=\"widget\" data-widget_type=\"image.default\">\n\t\t\t\t<div class=\"elementor-widget-container\">\n\t\t\t\t\t\t\t\t\t\t\t\t\t\t\t<img fetchpriority=\"high\" decoding=\"async\" width=\"600\" height=\"600\" src=\"https:\/\/www.khas.edu.tr\/wp-content\/uploads\/2025\/04\/3.png\" class=\"attachment-large size-large wp-image-16355\" alt=\"\" srcset=\"https:\/\/www.khas.edu.tr\/wp-content\/uploads\/2025\/04\/3.png 1000w, https:\/\/www.khas.edu.tr\/wp-content\/uploads\/2025\/04\/3-300x300.png 300w, https:\/\/www.khas.edu.tr\/wp-content\/uploads\/2025\/04\/3-150x150.png 150w, https:\/\/www.khas.edu.tr\/wp-content\/uploads\/2025\/04\/3-768x768.png 768w\" sizes=\"(max-width: 600px) 100vw, 600px\" \/>\t\t\t\t\t\t\t\t\t\t\t\t\t\t\t<\/div>\n\t\t\t\t<\/div>\n\t\t\t\t<\/div>\n\t\t<div class=\"elementor-element elementor-element-dff60a8 e-con-full e-flex e-con e-child\" data-id=\"dff60a8\" data-element_type=\"container\" data-e-type=\"container\">\n\t\t\t\t<div class=\"elementor-element elementor-element-1211474 elementor-widget elementor-widget-text-editor\" data-id=\"1211474\" data-element_type=\"widget\" data-e-type=\"widget\" data-widget_type=\"text-editor.default\">\n\t\t\t\t<div class=\"elementor-widget-container\">\n\t\t\t\t\t\t\t\t\t<h2><strong>Aristo \u0130leti\u015fim Ajans\u0131<\/strong><\/h2><p>Aristo is an award-winning, young and dynamic 360-degree creative communication consultancy agency, a member of PRGN, who believes in creative communication philosophy with their expertise in public relations, media communication and publishing. With Artful, the in-house agency, they offer social media and creative works for Turkey&#8217;s and the world&#8217;s leading brands.<\/p>\t\t\t\t\t\t\t\t<\/div>\n\t\t\t\t<\/div>\n\t\t\t\t<\/div>\n\t\t\t\t\t<\/div>\n\t\t\t\t<\/div>\n\t\t<div class=\"elementor-element elementor-element-3c02294 e-flex e-con-boxed e-con e-parent\" data-id=\"3c02294\" data-element_type=\"container\" data-e-type=\"container\">\n\t\t\t\t\t<div class=\"e-con-inner\">\n\t\t<div class=\"elementor-element elementor-element-fbdcce6 e-con-full e-flex e-con e-child\" data-id=\"fbdcce6\" data-element_type=\"container\" data-e-type=\"container\">\n\t\t\t\t<div class=\"elementor-element elementor-element-8c3a629 elementor-widget elementor-widget-image\" data-id=\"8c3a629\" data-element_type=\"widget\" data-e-type=\"widget\" data-widget_type=\"image.default\">\n\t\t\t\t<div class=\"elementor-widget-container\">\n\t\t\t\t\t\t\t\t\t\t\t\t\t\t\t<img decoding=\"async\" width=\"600\" height=\"600\" src=\"https:\/\/www.khas.edu.tr\/wp-content\/uploads\/2025\/04\/2.png\" class=\"attachment-large size-large wp-image-16359\" alt=\"\" srcset=\"https:\/\/www.khas.edu.tr\/wp-content\/uploads\/2025\/04\/2.png 1000w, https:\/\/www.khas.edu.tr\/wp-content\/uploads\/2025\/04\/2-300x300.png 300w, https:\/\/www.khas.edu.tr\/wp-content\/uploads\/2025\/04\/2-150x150.png 150w, https:\/\/www.khas.edu.tr\/wp-content\/uploads\/2025\/04\/2-768x768.png 768w\" sizes=\"(max-width: 600px) 100vw, 600px\" \/>\t\t\t\t\t\t\t\t\t\t\t\t\t\t\t<\/div>\n\t\t\t\t<\/div>\n\t\t\t\t<\/div>\n\t\t<div class=\"elementor-element elementor-element-a30b09a e-con-full e-flex e-con e-child\" data-id=\"a30b09a\" data-element_type=\"container\" data-e-type=\"container\">\n\t\t\t\t<div class=\"elementor-element elementor-element-4dbf86c elementor-widget elementor-widget-text-editor\" data-id=\"4dbf86c\" data-element_type=\"widget\" data-e-type=\"widget\" data-widget_type=\"text-editor.default\">\n\t\t\t\t<div class=\"elementor-widget-container\">\n\t\t\t\t\t\t\t\t\t<h2><strong>Hayata Destek Derne\u011fi<\/strong><\/h2><p>Support to Life (Hayata Destek) is an independent humanitarian organization founded with the principle aim of helping disaster affected communities meet their basic needs and rights. They are active since 2005 with principles of humanity, impartiality, neutrality, independence and accountability. Currently, their primary areas of work are Emergency Assistance, Refugee Support, Child Protection in Seasonal Agriculture and Capacity Building.<\/p>\t\t\t\t\t\t\t\t<\/div>\n\t\t\t\t<\/div>\n\t\t\t\t<\/div>\n\t\t\t\t\t<\/div>\n\t\t\t\t<\/div>\n\t\t<div class=\"elementor-element elementor-element-5fea487 e-flex e-con-boxed e-con e-parent\" data-id=\"5fea487\" data-element_type=\"container\" data-e-type=\"container\">\n\t\t\t\t\t<div class=\"e-con-inner\">\n\t\t<div class=\"elementor-element elementor-element-e0ad96e e-con-full e-flex e-con e-child\" data-id=\"e0ad96e\" data-element_type=\"container\" data-e-type=\"container\">\n\t\t\t\t<div class=\"elementor-element elementor-element-21d9af3 elementor-widget elementor-widget-image\" data-id=\"21d9af3\" data-element_type=\"widget\" data-e-type=\"widget\" data-widget_type=\"image.default\">\n\t\t\t\t<div class=\"elementor-widget-container\">\n\t\t\t\t\t\t\t\t\t\t\t\t\t\t\t<img decoding=\"async\" width=\"600\" height=\"600\" src=\"https:\/\/www.khas.edu.tr\/wp-content\/uploads\/2025\/04\/4.png\" class=\"attachment-large size-large wp-image-16363\" alt=\"Giyotin\" srcset=\"https:\/\/www.khas.edu.tr\/wp-content\/uploads\/2025\/04\/4.png 1000w, https:\/\/www.khas.edu.tr\/wp-content\/uploads\/2025\/04\/4-300x300.png 300w, https:\/\/www.khas.edu.tr\/wp-content\/uploads\/2025\/04\/4-150x150.png 150w, https:\/\/www.khas.edu.tr\/wp-content\/uploads\/2025\/04\/4-768x768.png 768w\" sizes=\"(max-width: 600px) 100vw, 600px\" \/>\t\t\t\t\t\t\t\t\t\t\t\t\t\t\t<\/div>\n\t\t\t\t<\/div>\n\t\t\t\t<\/div>\n\t\t<div class=\"elementor-element elementor-element-7894237 e-con-full e-flex e-con e-child\" data-id=\"7894237\" data-element_type=\"container\" data-e-type=\"container\">\n\t\t\t\t<div class=\"elementor-element elementor-element-c2d38d3 elementor-widget elementor-widget-text-editor\" data-id=\"c2d38d3\" data-element_type=\"widget\" data-e-type=\"widget\" data-widget_type=\"text-editor.default\">\n\t\t\t\t<div class=\"elementor-widget-container\">\n\t\t\t\t\t\t\t\t\t<h2><strong>\u015eeyda Taluk<\/strong><\/h2><p>\u015eeyda Taluk provides consultancy services in political and social communication, leadership communication, lobbying, and stakeholder engagement ranging from politics to NGOs, from local governments to the business world. She shares the experience and knowledge she has accumulated in these fields through various corporate training, conferences, and seminars.<\/p>\t\t\t\t\t\t\t\t<\/div>\n\t\t\t\t<\/div>\n\t\t\t\t<\/div>\n\t\t\t\t\t<\/div>\n\t\t\t\t<\/div>\n\t\t<div class=\"elementor-element elementor-element-6ef134e e-flex e-con-boxed e-con e-parent\" data-id=\"6ef134e\" data-element_type=\"container\" data-e-type=\"container\">\n\t\t\t\t\t<div class=\"e-con-inner\">\n\t\t<div class=\"elementor-element elementor-element-f807f49 e-con-full e-flex e-con e-child\" data-id=\"f807f49\" data-element_type=\"container\" data-e-type=\"container\">\n\t\t\t\t<div class=\"elementor-element elementor-element-969f160 elementor-widget elementor-widget-image\" data-id=\"969f160\" data-element_type=\"widget\" data-e-type=\"widget\" data-widget_type=\"image.default\">\n\t\t\t\t<div class=\"elementor-widget-container\">\n\t\t\t\t\t\t\t\t\t\t\t\t\t\t\t<img loading=\"lazy\" decoding=\"async\" width=\"600\" height=\"600\" src=\"https:\/\/www.khas.edu.tr\/wp-content\/uploads\/2025\/04\/Sektor.png\" class=\"attachment-large size-large wp-image-16361\" alt=\"\" srcset=\"https:\/\/www.khas.edu.tr\/wp-content\/uploads\/2025\/04\/Sektor.png 1000w, https:\/\/www.khas.edu.tr\/wp-content\/uploads\/2025\/04\/Sektor-300x300.png 300w, https:\/\/www.khas.edu.tr\/wp-content\/uploads\/2025\/04\/Sektor-150x150.png 150w, https:\/\/www.khas.edu.tr\/wp-content\/uploads\/2025\/04\/Sektor-768x768.png 768w\" sizes=\"(max-width: 600px) 100vw, 600px\" \/>\t\t\t\t\t\t\t\t\t\t\t\t\t\t\t<\/div>\n\t\t\t\t<\/div>\n\t\t\t\t<\/div>\n\t\t<div class=\"elementor-element elementor-element-1b834ce e-con-full e-flex e-con e-child\" data-id=\"1b834ce\" data-element_type=\"container\" data-e-type=\"container\">\n\t\t\t\t<div class=\"elementor-element elementor-element-23d1a95 elementor-widget elementor-widget-text-editor\" data-id=\"23d1a95\" data-element_type=\"widget\" data-e-type=\"widget\" data-widget_type=\"text-editor.default\">\n\t\t\t\t<div class=\"elementor-widget-container\">\n\t\t\t\t\t\t\t\t\t<h2><strong>NewsLabTurkey<\/strong><\/h2><p>NewsLabTurkey aims to train corporate and individual actors in the Turkish journalism industry and future journalists on journalism practices and keep them informed of developments in this field.<\/p>\t\t\t\t\t\t\t\t<\/div>\n\t\t\t\t<\/div>\n\t\t\t\t<\/div>\n\t\t\t\t\t<\/div>\n\t\t\t\t<\/div>\n\t\t\t\t<\/div>\n\t\t","protected":false},"excerpt":{"rendered":"<p>Our department has sectoral cooperation with Support to Life Association, Aristo Communication PR Agency, \u015eeyda Taluk Education and Consultancy and Digital Media Research Association (NewsLabTurkey).Our department is also in close cooperation with the Association of Communication Consultancy Companies, Reputation Management Institute, Corporate Social Responsibility Association of Turkey, Public Relations Association of Turkey, Panasonic Life Solutions [&hellip;]<\/p>\n","protected":false},"author":2,"featured_media":0,"parent":0,"menu_order":0,"comment_status":"closed","ping_status":"closed","template":"","meta":{"slim_seo":{"title":"pr-Sector Partners - Kadir Has University","description":"Our department has sectoral cooperation with Support to Life Association, Aristo Communication PR Agency, \u015eeyda Taluk Education and Consultancy and Digital Medi"},"footnotes":""},"birimler":[78],"class_list":["post-16367","page","type-page","status-publish","hentry","birimler-pr"],"_links":{"self":[{"href":"https:\/\/www.khas.edu.tr\/en\/wp-json\/wp\/v2\/pages\/16367","targetHints":{"allow":["GET"]}}],"collection":[{"href":"https:\/\/www.khas.edu.tr\/en\/wp-json\/wp\/v2\/pages"}],"about":[{"href":"https:\/\/www.khas.edu.tr\/en\/wp-json\/wp\/v2\/types\/page"}],"author":[{"embeddable":true,"href":"https:\/\/www.khas.edu.tr\/en\/wp-json\/wp\/v2\/users\/2"}],"replies":[{"embeddable":true,"href":"https:\/\/www.khas.edu.tr\/en\/wp-json\/wp\/v2\/comments?post=16367"}],"version-history":[{"count":4,"href":"https:\/\/www.khas.edu.tr\/en\/wp-json\/wp\/v2\/pages\/16367\/revisions"}],"predecessor-version":[{"id":16371,"href":"https:\/\/www.khas.edu.tr\/en\/wp-json\/wp\/v2\/pages\/16367\/revisions\/16371"}],"wp:attachment":[{"href":"https:\/\/www.khas.edu.tr\/en\/wp-json\/wp\/v2\/media?parent=16367"}],"wp:term":[{"taxonomy":"birimler","embeddable":true,"href":"https:\/\/www.khas.edu.tr\/en\/wp-json\/wp\/v2\/birimler?post=16367"}],"curies":[{"name":"wp","href":"https:\/\/api.w.org\/{rel}","templated":true}]}}