{"id":16203,"date":"2025-04-15T14:08:31","date_gmt":"2025-04-15T11:08:31","guid":{"rendered":"https:\/\/www.khas.edu.tr\/?page_id=16203"},"modified":"2025-04-15T15:25:37","modified_gmt":"2025-04-15T12:25:37","slug":"rts-pos-vr","status":"publish","type":"page","link":"https:\/\/www.khas.edu.tr\/en\/rts-pos-vr\/","title":{"rendered":"rts-POS-VR"},"content":{"rendered":"\t\t<div data-elementor-type=\"wp-page\" data-elementor-id=\"16203\" class=\"elementor elementor-16203 elementor-16067\">\n\t\t\t\t<div class=\"elementor-element elementor-element-e8ad8a1 e-flex e-con-boxed e-con e-parent\" data-id=\"e8ad8a1\" data-element_type=\"container\" data-e-type=\"container\">\n\t\t\t\t\t<div class=\"e-con-inner\">\n\t\t\t\t<div class=\"elementor-element elementor-element-5aeae13 elementor-widget elementor-widget-heading\" data-id=\"5aeae13\" data-element_type=\"widget\" data-e-type=\"widget\" data-widget_type=\"heading.default\">\n\t\t\t\t<div class=\"elementor-widget-container\">\n\t\t\t\t\t<h3 class=\"elementor-heading-title elementor-size-default\">Coordinator<\/h3>\t\t\t\t<\/div>\n\t\t\t\t<\/div>\n\t\t\t\t\t<\/div>\n\t\t\t\t<\/div>\n\t\t<div class=\"elementor-element elementor-element-01f872e e-flex e-con-boxed e-con e-parent\" data-id=\"01f872e\" data-element_type=\"container\" data-e-type=\"container\">\n\t\t\t\t\t<div class=\"e-con-inner\">\n\t\t\t\t<div class=\"elementor-element elementor-element-2bc4e71 elementor-widget-divider--view-line elementor-widget elementor-widget-divider\" data-id=\"2bc4e71\" data-element_type=\"widget\" data-e-type=\"widget\" data-widget_type=\"divider.default\">\n\t\t\t\t<div class=\"elementor-widget-container\">\n\t\t\t\t\t\t\t<div class=\"elementor-divider\">\n\t\t\t<span class=\"elementor-divider-separator\">\n\t\t\t\t\t\t<\/span>\n\t\t<\/div>\n\t\t\t\t\t\t<\/div>\n\t\t\t\t<\/div>\n\t\t\t\t\t<\/div>\n\t\t\t\t<\/div>\n\t\t<div class=\"elementor-element elementor-element-8465d4d e-flex e-con-boxed e-con e-parent\" data-id=\"8465d4d\" data-element_type=\"container\" data-e-type=\"container\">\n\t\t\t\t\t<div class=\"e-con-inner\">\n\t\t\t\t<div class=\"elementor-element elementor-element-5a006ce elementor-widget elementor-widget-text-editor\" data-id=\"5a006ce\" data-element_type=\"widget\" data-e-type=\"widget\" data-widget_type=\"text-editor.default\">\n\t\t\t\t<div class=\"elementor-widget-container\">\n\t\t\t\t\t\t\t\t\t<p>Assoc. Prof. Melis Behlil<\/p>\t\t\t\t\t\t\t\t<\/div>\n\t\t\t\t<\/div>\n\t\t\t\t\t<\/div>\n\t\t\t\t<\/div>\n\t\t<div class=\"elementor-element elementor-element-8a19b4f e-flex e-con-boxed e-con e-parent\" data-id=\"8a19b4f\" data-element_type=\"container\" data-e-type=\"container\">\n\t\t\t\t\t<div class=\"e-con-inner\">\n\t\t\t\t<div class=\"elementor-element elementor-element-bc8498e elementor-widget elementor-widget-heading\" data-id=\"bc8498e\" data-element_type=\"widget\" data-e-type=\"widget\" data-widget_type=\"heading.default\">\n\t\t\t\t<div class=\"elementor-widget-container\">\n\t\t\t\t\t<h3 class=\"elementor-heading-title elementor-size-default\">Project Team<\/h3>\t\t\t\t<\/div>\n\t\t\t\t<\/div>\n\t\t\t\t\t<\/div>\n\t\t\t\t<\/div>\n\t\t<div class=\"elementor-element elementor-element-e506443 e-flex e-con-boxed e-con e-parent\" data-id=\"e506443\" data-element_type=\"container\" data-e-type=\"container\">\n\t\t\t\t\t<div class=\"e-con-inner\">\n\t\t\t\t<div class=\"elementor-element elementor-element-6a93313 elementor-widget-divider--view-line elementor-widget elementor-widget-divider\" data-id=\"6a93313\" data-element_type=\"widget\" data-e-type=\"widget\" data-widget_type=\"divider.default\">\n\t\t\t\t<div class=\"elementor-widget-container\">\n\t\t\t\t\t\t\t<div class=\"elementor-divider\">\n\t\t\t<span class=\"elementor-divider-separator\">\n\t\t\t\t\t\t<\/span>\n\t\t<\/div>\n\t\t\t\t\t\t<\/div>\n\t\t\t\t<\/div>\n\t\t\t\t\t<\/div>\n\t\t\t\t<\/div>\n\t\t<div class=\"elementor-element elementor-element-436eaa7 e-flex e-con-boxed e-con e-parent\" data-id=\"436eaa7\" data-element_type=\"container\" data-e-type=\"container\">\n\t\t\t\t\t<div class=\"e-con-inner\">\n\t\t\t\t<div class=\"elementor-element elementor-element-692e09c elementor-widget elementor-widget-text-editor\" data-id=\"692e09c\" data-element_type=\"widget\" data-e-type=\"widget\" data-widget_type=\"text-editor.default\">\n\t\t\t\t<div class=\"elementor-widget-container\">\n\t\t\t\t\t\t\t\t\t<ul><li>Asst. Prof. Elif Ak\u00e7al\u0131, Researcher<\/li><li>Asst. Prof. Ahu G\u00f6k\u00e7e, Researcher<\/li><li>Prof. Dr. Albert Ali Salah, Advisor<\/li><li>Dr. Re\u015fat Fuat \u00c7am, Post-Doc Researcher<\/li><li>Esen Tan, PhD Scholar<\/li><li>Samet Mert S\u00f6ylemez, MA Scholar<\/li><\/ul>\t\t\t\t\t\t\t\t<\/div>\n\t\t\t\t<\/div>\n\t\t\t\t\t<\/div>\n\t\t\t\t<\/div>\n\t\t<div class=\"elementor-element elementor-element-40f03bc e-flex e-con-boxed e-con e-parent\" data-id=\"40f03bc\" data-element_type=\"container\" data-e-type=\"container\">\n\t\t\t\t\t<div class=\"e-con-inner\">\n\t\t\t\t<div class=\"elementor-element elementor-element-2c2e207 elementor-widget elementor-widget-heading\" data-id=\"2c2e207\" data-element_type=\"widget\" data-e-type=\"widget\" data-widget_type=\"heading.default\">\n\t\t\t\t<div class=\"elementor-widget-container\">\n\t\t\t\t\t<h3 class=\"elementor-heading-title elementor-size-default\">Area of Research<\/h3>\t\t\t\t<\/div>\n\t\t\t\t<\/div>\n\t\t\t\t\t<\/div>\n\t\t\t\t<\/div>\n\t\t<div class=\"elementor-element elementor-element-738e47f e-flex e-con-boxed e-con e-parent\" data-id=\"738e47f\" data-element_type=\"container\" data-e-type=\"container\">\n\t\t\t\t\t<div class=\"e-con-inner\">\n\t\t\t\t<div class=\"elementor-element elementor-element-03fdfce elementor-widget-divider--view-line elementor-widget elementor-widget-divider\" data-id=\"03fdfce\" data-element_type=\"widget\" data-e-type=\"widget\" data-widget_type=\"divider.default\">\n\t\t\t\t<div class=\"elementor-widget-container\">\n\t\t\t\t\t\t\t<div class=\"elementor-divider\">\n\t\t\t<span class=\"elementor-divider-separator\">\n\t\t\t\t\t\t<\/span>\n\t\t<\/div>\n\t\t\t\t\t\t<\/div>\n\t\t\t\t<\/div>\n\t\t\t\t\t<\/div>\n\t\t\t\t<\/div>\n\t\t<div class=\"elementor-element elementor-element-732604e e-flex e-con-boxed e-con e-parent\" data-id=\"732604e\" data-element_type=\"container\" data-e-type=\"container\">\n\t\t\t\t\t<div class=\"e-con-inner\">\n\t\t\t\t<div class=\"elementor-element elementor-element-5cfb021 elementor-widget elementor-widget-text-editor\" data-id=\"5cfb021\" data-element_type=\"widget\" data-e-type=\"widget\" data-widget_type=\"text-editor.default\">\n\t\t\t\t<div class=\"elementor-widget-container\">\n\t\t\t\t\t\t\t\t\t<p>The project, funded by T\u00dcB\u0130TAK 1001 program,\u00a0 aims to generate applied and theoretical knowledge about VR practices, employing multidisciplinary theoretical and methodological frameworks. As audience research, deploying theoretical and methodological frameworks that have emerged from the interaction of cognitive cinema theory with psychology will examine how perceptive experience is shaped by attention mechanisms in VR.<\/p>\t\t\t\t\t\t\t\t<\/div>\n\t\t\t\t<\/div>\n\t\t\t\t\t<\/div>\n\t\t\t\t<\/div>\n\t\t\t\t<\/div>\n\t\t","protected":false},"excerpt":{"rendered":"<p>Coordinator Assoc. Prof. Melis Behlil Project Team Asst. Prof. Elif Ak\u00e7al\u0131, Researcher Asst. Prof. Ahu G\u00f6k\u00e7e, Researcher Prof. Dr. Albert Ali Salah, Advisor Dr. Re\u015fat Fuat \u00c7am, Post-Doc Researcher Esen Tan, PhD Scholar Samet Mert S\u00f6ylemez, MA Scholar Area of Research The project, funded by T\u00dcB\u0130TAK 1001 program,\u00a0 aims to generate applied and theoretical knowledge [&hellip;]<\/p>\n","protected":false},"author":6,"featured_media":0,"parent":0,"menu_order":0,"comment_status":"closed","ping_status":"closed","template":"","meta":{"slim_seo":{"title":"rts-POS-VR - Kadir Has University","description":"Coordinator Assoc. Prof. Melis Behlil Project Team Asst. Prof. Elif Ak\u00e7al\u0131, Researcher Asst. Prof. Ahu G\u00f6k\u00e7e, Researcher Prof. Dr. Albert Ali Salah, Advisor Dr."},"footnotes":""},"birimler":[77],"class_list":["post-16203","page","type-page","status-publish","hentry","birimler-rtc"],"_links":{"self":[{"href":"https:\/\/www.khas.edu.tr\/en\/wp-json\/wp\/v2\/pages\/16203","targetHints":{"allow":["GET"]}}],"collection":[{"href":"https:\/\/www.khas.edu.tr\/en\/wp-json\/wp\/v2\/pages"}],"about":[{"href":"https:\/\/www.khas.edu.tr\/en\/wp-json\/wp\/v2\/types\/page"}],"author":[{"embeddable":true,"href":"https:\/\/www.khas.edu.tr\/en\/wp-json\/wp\/v2\/users\/6"}],"replies":[{"embeddable":true,"href":"https:\/\/www.khas.edu.tr\/en\/wp-json\/wp\/v2\/comments?post=16203"}],"version-history":[{"count":7,"href":"https:\/\/www.khas.edu.tr\/en\/wp-json\/wp\/v2\/pages\/16203\/revisions"}],"predecessor-version":[{"id":16229,"href":"https:\/\/www.khas.edu.tr\/en\/wp-json\/wp\/v2\/pages\/16203\/revisions\/16229"}],"wp:attachment":[{"href":"https:\/\/www.khas.edu.tr\/en\/wp-json\/wp\/v2\/media?parent=16203"}],"wp:term":[{"taxonomy":"birimler","embeddable":true,"href":"https:\/\/www.khas.edu.tr\/en\/wp-json\/wp\/v2\/birimler?post=16203"}],"curies":[{"name":"wp","href":"https:\/\/api.w.org\/{rel}","templated":true}]}}