{"id":16095,"date":"2025-04-15T14:13:31","date_gmt":"2025-04-15T11:13:31","guid":{"rendered":"https:\/\/www.khas.edu.tr\/?page_id=16095"},"modified":"2025-07-21T14:51:17","modified_gmt":"2025-07-21T11:51:17","slug":"nm-nm-graduates","status":"publish","type":"page","link":"https:\/\/www.khas.edu.tr\/en\/nm-nm-graduates\/","title":{"rendered":"NM Graduates"},"content":{"rendered":"\t\t<div data-elementor-type=\"wp-page\" data-elementor-id=\"16095\" class=\"elementor elementor-16095 elementor-16087\">\n\t\t\t\t<div class=\"elementor-element elementor-element-329cc31 e-flex e-con-boxed e-con e-parent\" data-id=\"329cc31\" data-element_type=\"container\" data-e-type=\"container\">\n\t\t\t\t\t<div class=\"e-con-inner\">\n\t\t\t\t<div class=\"elementor-element elementor-element-3294986 elementor-widget elementor-widget-text-editor\" data-id=\"3294986\" data-element_type=\"widget\" data-e-type=\"widget\" data-widget_type=\"text-editor.default\">\n\t\t\t\t<div class=\"elementor-widget-container\">\n\t\t\t\t\t\t\t\t\t<p><strong>Ceren Kutg\u00fcn \/ Acun Medya<\/strong><br \/>Content Editor<br \/><br \/><strong>Duygu Eken \/ Otherwise<\/strong><br \/>Social Media Specialist<\/p><p><strong><br \/>\u00c7a\u011fla Ordu \/ Castrol<\/strong><br \/>Marketing Graduate<\/p><p><strong><br \/>Yasin \u0130lker Karacan \/ Bitci<\/strong><br \/>Digital Marketing Manager<\/p><p><strong><br \/>Nur Belen Softa \/ mc Group<\/strong><br \/>Social Media and Content Specialist<\/p><p><strong><br \/>\u0130nan Tosun \/ Tick Tock Boom<\/strong><br \/>New Media Analyst<\/p><p><strong><br \/>\u0130layda Aky\u0131ld\u0131r\u0131m \/ OMD Turkey<\/strong><br \/>Senior Account Executive<\/p><p><strong><br \/>Nazmiye Ceren Demirel \/ Unilever<\/strong><br \/>Algida Application Growth Solutions Lead<\/p><p><strong><br \/>Alara G\u00fcney \u00d6zl\u00fc \/ Ipsos T\u00fcrkiye<\/strong><br \/>Project Manager<\/p><p><strong><br \/>\u0130zzet Berker \/ Havas \u0130stanbul<\/strong><br \/>Digital Copywriter<\/p><p><strong><br \/>I\u015f\u0131l Cansen Yar\u0131mo\u011flu \/ Mondi Group (Mondi Oluklu T\u00fcrkiye)<\/strong><br \/>Corporate Communications Officer<\/p><p><strong><br \/>Ege Timurta\u015f \/ Asus<\/strong><br \/>Marketing Specialist<\/p><p><strong><br \/>G\u00f6rkem Pancaro\u011flu \/ Procter &amp; Gamble<\/strong><br \/>Social Media Specialist<\/p><p><strong><br \/>Dilruba Sahra Atila \/ Halk TV<\/strong><br \/>Journalist<\/p><p><strong><br \/>Simge Pekta\u015f \/ FLO Retailing<\/strong><br \/>Senior E\u2011commerce Category Specialist<\/p><p><strong><br \/>Zemzem Selin Oru\u00e7 \/ Istanbul Ni\u015fanta\u015f\u0131 University<\/strong><br \/>Research Assistant<\/p><p><strong><br \/>Ala Tokel \/ YouTuber<\/strong><br \/>YouTuber<\/p><p><strong><br \/>Zeynep Y\u0131lmaz \/ KOLAN Hospital<\/strong><br \/>Corporate Marketing Specialist<\/p><p><strong><br \/>Neslihan Ta\u015far Zorlu \/ Merzigo<\/strong><br \/>Account Manager<\/p><p><strong><br \/>Merve Turun\u00e7 \/ Havas \u0130stanbul<\/strong><br \/>Copywriter<\/p><p><strong><br \/>Berkay Kubilay \u0130lo\u011flu \/ Macolik<\/strong><br \/>Product Owner<\/p><p><strong><br \/>Burak \u015eahin (Burak Oyunda) \/ Influencer<\/strong><br \/>Founder and content creator of the Burak Oyunda YouTube channel<\/p><p><strong><br \/>Damla Nur Altun \/ Influencer<\/strong><br \/>Influencer<\/p><p><strong><br \/>Mehmet Salih Tokatl\u0131 \/ METRO T\u00fcrkiye<\/strong><br \/>Employer Branding and Internal Communication Specialist<\/p><p><strong><br \/>Ay\u015feg\u00fcl G\u00fcne\u015f \/ \u015eehir Hatlar\u0131 A\u015e<\/strong><br \/>Social Media Marketing Manager<\/p><p><strong><br \/>Burak Kaya \/ Bayer<\/strong><br \/>Corporate Communications Specialist<\/p><p><strong><br \/>Saliha Yi\u011fit \/ Turkish Airlines<\/strong><br \/>Process Architect and IT Governance Specialist<\/p><p><strong><br \/>Duru Dipburun \/ Weiss Creative<\/strong><\/p><p><strong><br \/>Melike Kurt \/ Mindshare Medya Hizmetleri A.\u015e.<\/strong><\/p>\t\t\t\t\t\t\t\t<\/div>\n\t\t\t\t<\/div>\n\t\t\t\t\t<\/div>\n\t\t\t\t<\/div>\n\t\t\t\t<\/div>\n\t\t","protected":false},"excerpt":{"rendered":"<p>Ceren Kutg\u00fcn \/ Acun MedyaContent Editor Duygu Eken \/ OtherwiseSocial Media Specialist \u00c7a\u011fla Ordu \/ CastrolMarketing Graduate Yasin \u0130lker Karacan \/ BitciDigital Marketing Manager Nur Belen Softa \/ mc GroupSocial Media and Content Specialist \u0130nan Tosun \/ Tick Tock BoomNew Media Analyst \u0130layda Aky\u0131ld\u0131r\u0131m \/ OMD TurkeySenior Account Executive Nazmiye Ceren Demirel \/ UnileverAlgida Application [&hellip;]<\/p>\n","protected":false},"author":2,"featured_media":0,"parent":0,"menu_order":0,"comment_status":"closed","ping_status":"closed","template":"","meta":{"slim_seo":{"title":"NM Graduates - Kadir Has University","description":"Ceren Kutg\u00fcn \/ Acun Medya Content Editor Duygu Eken \/ Otherwise Social Media Specialist \u00c7a\u011fla Ordu \/ Castrol Marketing Graduate Yasin \u0130lker Karacan \/ Bitci Digi"},"footnotes":""},"birimler":[75],"class_list":["post-16095","page","type-page","status-publish","hentry","birimler-new-media-communication"],"_links":{"self":[{"href":"https:\/\/www.khas.edu.tr\/en\/wp-json\/wp\/v2\/pages\/16095","targetHints":{"allow":["GET"]}}],"collection":[{"href":"https:\/\/www.khas.edu.tr\/en\/wp-json\/wp\/v2\/pages"}],"about":[{"href":"https:\/\/www.khas.edu.tr\/en\/wp-json\/wp\/v2\/types\/page"}],"author":[{"embeddable":true,"href":"https:\/\/www.khas.edu.tr\/en\/wp-json\/wp\/v2\/users\/2"}],"replies":[{"embeddable":true,"href":"https:\/\/www.khas.edu.tr\/en\/wp-json\/wp\/v2\/comments?post=16095"}],"version-history":[{"count":11,"href":"https:\/\/www.khas.edu.tr\/en\/wp-json\/wp\/v2\/pages\/16095\/revisions"}],"predecessor-version":[{"id":25506,"href":"https:\/\/www.khas.edu.tr\/en\/wp-json\/wp\/v2\/pages\/16095\/revisions\/25506"}],"wp:attachment":[{"href":"https:\/\/www.khas.edu.tr\/en\/wp-json\/wp\/v2\/media?parent=16095"}],"wp:term":[{"taxonomy":"birimler","embeddable":true,"href":"https:\/\/www.khas.edu.tr\/en\/wp-json\/wp\/v2\/birimler?post=16095"}],"curies":[{"name":"wp","href":"https:\/\/api.w.org\/{rel}","templated":true}]}}