{"id":16082,"date":"2025-04-15T13:59:20","date_gmt":"2025-04-15T10:59:20","guid":{"rendered":"https:\/\/www.khas.edu.tr\/?page_id=16082"},"modified":"2025-07-21T13:45:21","modified_gmt":"2025-07-21T10:45:21","slug":"nm-student-achievements","status":"publish","type":"page","link":"https:\/\/www.khas.edu.tr\/en\/nm-student-achievements\/","title":{"rendered":"Student Achievements"},"content":{"rendered":"\t\t<div data-elementor-type=\"wp-page\" data-elementor-id=\"16082\" class=\"elementor elementor-16082 elementor-16051\">\n\t\t\t\t<div class=\"elementor-element elementor-element-caed13e e-flex e-con-boxed e-con e-parent\" data-id=\"caed13e\" data-element_type=\"container\" data-e-type=\"container\">\n\t\t\t\t\t<div class=\"e-con-inner\">\n\t\t\t\t<div class=\"elementor-element elementor-element-5177fc7 elementor-widget elementor-widget-text-editor\" data-id=\"5177fc7\" data-element_type=\"widget\" data-e-type=\"widget\" data-widget_type=\"text-editor.default\">\n\t\t\t\t<div class=\"elementor-widget-container\">\n\t\t\t\t\t\t\t\t\t<p><strong>\u201cThe Truth Seekers\u201d Student Game Project Receives YEP InIDEA Support<\/strong><\/p><p><strong>Developed by Kadir Has University students as part of the NMD221 \u2013 Game Design Principles course conducted by Dr. Onur Sesig\u00fcr during the Fall semester of 2024\u20132025, the digital game project titled The Truth Seekers has been awarded financial support of 45,000 TL under the YEP InIDEA program. The Truth Seekers stands out as a strong example that reflects students\u2019 innovative and creative approaches in the field of interactive storytelling and game design.<\/strong><\/p>\t\t\t\t\t\t\t\t<\/div>\n\t\t\t\t<\/div>\n\t\t\t\t\t<\/div>\n\t\t\t\t<\/div>\n\t\t<div class=\"elementor-element elementor-element-227f442 e-flex e-con-boxed e-con e-parent\" data-id=\"227f442\" data-element_type=\"container\" data-e-type=\"container\">\n\t\t\t\t\t<div class=\"e-con-inner\">\n\t\t\t\t<div class=\"elementor-element elementor-element-822331d elementor-widget elementor-widget-text-editor\" data-id=\"822331d\" data-element_type=\"widget\" data-e-type=\"widget\" data-widget_type=\"text-editor.default\">\n\t\t\t\t<div class=\"elementor-widget-container\">\n\t\t\t\t\t\t\t\t\t<p><strong>Elif \u0130B\u0130\u015e \/ New Media<\/strong><\/p><p>Won an award by successfully completing the project briefing with her team as part of the &#8220;Hayata Var\u0131m&#8221; Project.<\/p><p><strong>Duru Dipburun \/ New Media<\/strong><\/p><p>Currently participating in the \u201cY\u0131ld\u0131z Kad\u0131nlar\u201d Mentorship Program.<\/p><p>\u00a0<strong>Buse Su Gedikli \/ New Media<\/strong><\/p><p>Contributed to branding processes and developed project ideas in the field of brand and project development at Cumhuriyet Gazetesi.<\/p><p>\u00a0<strong>Ayten Nur Ce\u015fen \/ New Media<\/strong><\/p><p>Joined the internship program at Do\u011fu\u015f Media Group.<\/p><p>\u00a0<strong>Simay \u00c7aylaksevdi \/ New Media<\/strong><\/p><p>Produced social media content and created advertising campaigns in the field of digital marketing at Lumi Sistem.<\/p><p>\u00a0<strong>Khagani Suleymanov \/ New Media<\/strong><\/p><p>Accepted into the internship program of SOCAR T\u00fcrkiye, operating in the energy sector.<\/p><p><strong>Ceyda Vardal \/ New Media<\/strong><\/p><p>Produced content and developed digital communication strategies for the Jakomeet platform at the digital media agency Olmad\u0131k Projeler. She is also the founder and content creator of the podcast channel \u201cAyr\u0131lsak da Podcast Kalal\u0131m.\u201d<\/p><p>\u00a0<strong>Do\u011fukan \u00c7evrim \/ New Media<\/strong><\/p><p>Conducted campaign analysis and prepared user satisfaction reports in the field of marketing and customer experience at E\u015farj.<\/p><p>\u00a0<strong>Burcu \u00d6z\u00fctemiz \/ New Media<\/strong><\/p><p>Worked as a field intern at Kidzania, assisting in children&#8217;s activity areas and visitor guidance.<\/p><p>\u00a0<strong>M\u0131sra P\u00f6ge \/ New Media<\/strong><\/p><p>Conducted market research and developed content strategies in the field of marketing at Dorabase.<\/p><p><strong>Selin G\u00fcndo\u011fdu \/ New Media<\/strong><\/p><p>Completed an internship in virtual journalism at Habert\u00fcrk and gained experience in the field of journalism.<\/p><p>\u00a0<strong>Karya Sekman \/ New Media<\/strong><\/p><p>Worked as an assistant director at ARC Film, contributing to set coordination, shoot preparation, and crew organization.<\/p><p>\u00a0<strong>M\u0131sra P\u00f6rge \/ New Media<\/strong><\/p><p>Currently completing her internship at Dorabase Data Center.<\/p><p>\u00a0<strong>Bat\u0131kan Korkmaz \/ New Media<\/strong><\/p><p>Enhancing his professional development through an internship at Brandistanbul PR Agency.<\/p><p>\u00a0<strong>Minel G\u00fcrel \/ New Media<\/strong><\/p><p>Gaining industry experience through an internship at Brandistanbul PR Agency.<\/p><p>\u00a0<strong>Petek U\u011fur \/ New Media<\/strong><\/p><p>Currently interning at Medyascope to gain hands-on experience in news production processes.<\/p><p>\u00a0<strong>Emre Aslan \/ New Media<\/strong><\/p><p>Continues his internship at Sempeak Digital Advertising Agency to gain experience in digital marketing.<\/p><p>\u00a0<strong>Selin \u00c7\u00fcmen \/ New Media<\/strong><\/p><p>Participated in the Erasmus Student Exchange Program at Hochschule RheinMain.<\/p><p>\u00a0<strong>Ceyda Vardal \/ New Media<\/strong><\/p><p>Joined Arteveldehogeschool for the Spring 2025 semester.<\/p><p>\u00a0<strong>Sudenur Ataba\u015f \/ New Media<\/strong><\/p><p>Studied at Mondragon Unibertsitatea during the Spring 2025 semester.<\/p><p>\u00a0<strong>Tara Ar\u0131 \/ New Media<\/strong><\/p><p>Participated in the Spring 2025 semester at SRH Hochschulen Berlin GmbH.<\/p><p>\u00a0<strong>Muammer Berkhan Avc\u0131 \/ New Media<\/strong><\/p><p>Attended Mondragon Unibertsitatea in the Spring 2025 semester.<\/p><p>\u00a0<strong>Nil Timurcio\u011flu \/ New Media<\/strong><\/p><p>Joined the exchange program at Mondragon Unibertsitatea in the Spring 2025 semester.<\/p><p>\u00a0<strong>Buse Su Gedikli \/ New Media<\/strong><\/p><p>Participated in the ADA University \/ Global Exchange Program during Spring 2025.<\/p><p>\u00a0<strong>Eda Gencer \/ New Media<\/strong><\/p><p>Currently working as a Digital Experience and Service Design Intern at DenizBank Headquarters.<\/p><p>\u00a0<strong>\u0130layda Nur \u0130nce \/ New Media<\/strong><\/p><p>Working as a Media Planning Intern at OMD T\u00fcrkiye.<\/p><p>\u00a0<strong>Liza Olgar \/ New Media<\/strong><\/p><p>Working as a Corporate Communications Intern at Migros Communications.<\/p><p>\u00a0<strong>Elif Usta \/ New Media<\/strong><\/p><p>Accepted as an intern at Bianet, supporting the news production process.<\/p><p>\u00a0<strong>Nil Timurcio\u011flu \/ New Media<\/strong><\/p><p>Currently serving as the President of the New Media Club.<\/p><p><strong>Simay \u00c7aylaksevdi \/ New Media<\/strong><\/p><p>Organizing club activities as the President of the New Media Club.<\/p>\t\t\t\t\t\t\t\t<\/div>\n\t\t\t\t<\/div>\n\t\t\t\t\t<\/div>\n\t\t\t\t<\/div>\n\t\t\t\t<\/div>\n\t\t","protected":false},"excerpt":{"rendered":"<p>\u201cThe Truth Seekers\u201d Student Game Project Receives YEP InIDEA Support Developed by Kadir Has University students as part of the NMD221 \u2013 Game Design Principles course conducted by Dr. Onur Sesig\u00fcr during the Fall semester of 2024\u20132025, the digital game project titled The Truth Seekers has been awarded financial support of 45,000 TL under the [&hellip;]<\/p>\n","protected":false},"author":2,"featured_media":0,"parent":0,"menu_order":0,"comment_status":"closed","ping_status":"closed","template":"","meta":{"slim_seo":{"title":"Student Achievements - Kadir Has University","description":"\u201cThe Truth Seekers\u201d Student Game Project Receives YEP InIDEA Support Developed by Kadir Has University students as part of the NMD221 \u2013 Game Design Principles c"},"footnotes":""},"birimler":[75],"class_list":["post-16082","page","type-page","status-publish","hentry","birimler-new-media-communication"],"_links":{"self":[{"href":"https:\/\/www.khas.edu.tr\/en\/wp-json\/wp\/v2\/pages\/16082","targetHints":{"allow":["GET"]}}],"collection":[{"href":"https:\/\/www.khas.edu.tr\/en\/wp-json\/wp\/v2\/pages"}],"about":[{"href":"https:\/\/www.khas.edu.tr\/en\/wp-json\/wp\/v2\/types\/page"}],"author":[{"embeddable":true,"href":"https:\/\/www.khas.edu.tr\/en\/wp-json\/wp\/v2\/users\/2"}],"replies":[{"embeddable":true,"href":"https:\/\/www.khas.edu.tr\/en\/wp-json\/wp\/v2\/comments?post=16082"}],"version-history":[{"count":8,"href":"https:\/\/www.khas.edu.tr\/en\/wp-json\/wp\/v2\/pages\/16082\/revisions"}],"predecessor-version":[{"id":25503,"href":"https:\/\/www.khas.edu.tr\/en\/wp-json\/wp\/v2\/pages\/16082\/revisions\/25503"}],"wp:attachment":[{"href":"https:\/\/www.khas.edu.tr\/en\/wp-json\/wp\/v2\/media?parent=16082"}],"wp:term":[{"taxonomy":"birimler","embeddable":true,"href":"https:\/\/www.khas.edu.tr\/en\/wp-json\/wp\/v2\/birimler?post=16082"}],"curies":[{"name":"wp","href":"https:\/\/api.w.org\/{rel}","templated":true}]}}