{"id":16024,"date":"2025-04-15T11:38:09","date_gmt":"2025-04-15T08:38:09","guid":{"rendered":"https:\/\/www.khas.edu.tr\/?page_id=16024"},"modified":"2025-07-21T13:16:44","modified_gmt":"2025-07-21T10:16:44","slug":"nm-why-khas-new-media","status":"publish","type":"page","link":"https:\/\/www.khas.edu.tr\/en\/nm-why-khas-new-media\/","title":{"rendered":"Why KHAS New Media?"},"content":{"rendered":"\t\t<div data-elementor-type=\"wp-page\" data-elementor-id=\"16024\" class=\"elementor elementor-16024 elementor-15938\">\n\t\t\t\t<div class=\"elementor-element elementor-element-f561ae6 e-flex e-con-boxed e-con e-parent\" data-id=\"f561ae6\" data-element_type=\"container\" data-e-type=\"container\">\n\t\t\t\t\t<div class=\"e-con-inner\">\n\t\t\t\t<div class=\"elementor-element elementor-element-840ec59 elementor-widget elementor-widget-text-editor\" data-id=\"840ec59\" data-element_type=\"widget\" data-e-type=\"widget\" data-widget_type=\"text-editor.default\">\n\t\t\t\t<div class=\"elementor-widget-container\">\n\t\t\t\t\t\t\t\t\t<p>The shaping of the department and the development of its curriculum involved the contributions of \u0130smail Hakk\u0131 Polat, Mithat Bereket, and \u00d6zer Bereket, as well as then-Rector Y\u00fccel Y\u0131lmaz, Associate Dean Levent Soysal, and faculty members Lemi Baruh and Murat Akser. The curriculum that was created subsequently served as a model for various newly established New Media and Communication departments, providing a general framework.<\/p><p>Due to the open-ended and constantly evolving nature of new media, the curriculum is regularly updated to keep pace with ongoing changes.<\/p>\t\t\t\t\t\t\t\t<\/div>\n\t\t\t\t<\/div>\n\t\t\t\t\t<\/div>\n\t\t\t\t<\/div>\n\t\t<div class=\"elementor-element elementor-element-653338b e-flex e-con-boxed e-con e-parent\" data-id=\"653338b\" data-element_type=\"container\" data-e-type=\"container\">\n\t\t\t\t\t<div class=\"e-con-inner\">\n\t\t<div class=\"elementor-element elementor-element-6a0dad1 e-con-full e-flex e-con e-child\" data-id=\"6a0dad1\" data-element_type=\"container\" data-e-type=\"container\">\n\t\t\t\t<div class=\"elementor-element elementor-element-0c2aa8d elementor-widget elementor-widget-image\" data-id=\"0c2aa8d\" data-element_type=\"widget\" data-e-type=\"widget\" data-widget_type=\"image.default\">\n\t\t\t\t<div class=\"elementor-widget-container\">\n\t\t\t\t\t\t\t\t\t\t\t\t\t\t\t<img fetchpriority=\"high\" decoding=\"async\" width=\"600\" height=\"450\" src=\"https:\/\/www.khas.edu.tr\/wp-content\/uploads\/2025\/04\/IMG_6732-scaled-1-1024x768.jpg\" class=\"attachment-large size-large wp-image-15941\" alt=\"\" srcset=\"https:\/\/www.khas.edu.tr\/wp-content\/uploads\/2025\/04\/IMG_6732-scaled-1-1024x768.jpg 1024w, https:\/\/www.khas.edu.tr\/wp-content\/uploads\/2025\/04\/IMG_6732-scaled-1-300x225.jpg 300w, https:\/\/www.khas.edu.tr\/wp-content\/uploads\/2025\/04\/IMG_6732-scaled-1-768x576.jpg 768w, https:\/\/www.khas.edu.tr\/wp-content\/uploads\/2025\/04\/IMG_6732-scaled-1-1536x1152.jpg 1536w, https:\/\/www.khas.edu.tr\/wp-content\/uploads\/2025\/04\/IMG_6732-scaled-1-2048x1536.jpg 2048w\" sizes=\"(max-width: 600px) 100vw, 600px\" \/>\t\t\t\t\t\t\t\t\t\t\t\t\t\t\t<\/div>\n\t\t\t\t<\/div>\n\t\t\t\t<\/div>\n\t\t<div class=\"elementor-element elementor-element-5c147ea e-con-full e-flex e-con e-child\" data-id=\"5c147ea\" data-element_type=\"container\" data-e-type=\"container\">\n\t\t\t\t<div class=\"elementor-element elementor-element-7676bd6 elementor-widget elementor-widget-image\" data-id=\"7676bd6\" data-element_type=\"widget\" data-e-type=\"widget\" data-widget_type=\"image.default\">\n\t\t\t\t<div class=\"elementor-widget-container\">\n\t\t\t\t\t\t\t\t\t\t\t\t\t\t\t<img decoding=\"async\" width=\"600\" height=\"450\" src=\"https:\/\/www.khas.edu.tr\/wp-content\/uploads\/2025\/04\/IMG_6717-scaled-1-1024x768.jpg\" class=\"attachment-large size-large wp-image-15943\" alt=\"\" srcset=\"https:\/\/www.khas.edu.tr\/wp-content\/uploads\/2025\/04\/IMG_6717-scaled-1-1024x768.jpg 1024w, https:\/\/www.khas.edu.tr\/wp-content\/uploads\/2025\/04\/IMG_6717-scaled-1-300x225.jpg 300w, https:\/\/www.khas.edu.tr\/wp-content\/uploads\/2025\/04\/IMG_6717-scaled-1-768x576.jpg 768w, https:\/\/www.khas.edu.tr\/wp-content\/uploads\/2025\/04\/IMG_6717-scaled-1-1536x1152.jpg 1536w, https:\/\/www.khas.edu.tr\/wp-content\/uploads\/2025\/04\/IMG_6717-scaled-1-2048x1536.jpg 2048w\" sizes=\"(max-width: 600px) 100vw, 600px\" \/>\t\t\t\t\t\t\t\t\t\t\t\t\t\t\t<\/div>\n\t\t\t\t<\/div>\n\t\t\t\t<\/div>\n\t\t<div class=\"elementor-element elementor-element-eed7e1b e-con-full e-flex e-con e-child\" data-id=\"eed7e1b\" data-element_type=\"container\" data-e-type=\"container\">\n\t\t\t\t<div class=\"elementor-element elementor-element-629ca61 elementor-widget elementor-widget-image\" data-id=\"629ca61\" data-element_type=\"widget\" data-e-type=\"widget\" data-widget_type=\"image.default\">\n\t\t\t\t<div class=\"elementor-widget-container\">\n\t\t\t\t\t\t\t\t\t\t\t\t\t\t\t<img decoding=\"async\" width=\"600\" height=\"450\" src=\"https:\/\/www.khas.edu.tr\/wp-content\/uploads\/2025\/04\/IMG_6713-scaled-1-1024x768.jpg\" class=\"attachment-large size-large wp-image-15946\" alt=\"\" srcset=\"https:\/\/www.khas.edu.tr\/wp-content\/uploads\/2025\/04\/IMG_6713-scaled-1-1024x768.jpg 1024w, https:\/\/www.khas.edu.tr\/wp-content\/uploads\/2025\/04\/IMG_6713-scaled-1-300x225.jpg 300w, https:\/\/www.khas.edu.tr\/wp-content\/uploads\/2025\/04\/IMG_6713-scaled-1-768x576.jpg 768w, https:\/\/www.khas.edu.tr\/wp-content\/uploads\/2025\/04\/IMG_6713-scaled-1-1536x1152.jpg 1536w, https:\/\/www.khas.edu.tr\/wp-content\/uploads\/2025\/04\/IMG_6713-scaled-1-2048x1536.jpg 2048w\" sizes=\"(max-width: 600px) 100vw, 600px\" \/>\t\t\t\t\t\t\t\t\t\t\t\t\t\t\t<\/div>\n\t\t\t\t<\/div>\n\t\t\t\t<\/div>\n\t\t\t\t\t<\/div>\n\t\t\t\t<\/div>\n\t\t<div class=\"elementor-element elementor-element-498b5cc e-flex e-con-boxed e-con e-parent\" data-id=\"498b5cc\" data-element_type=\"container\" data-e-type=\"container\">\n\t\t\t\t\t<div class=\"e-con-inner\">\n\t\t<div class=\"elementor-element elementor-element-d3e7693 e-con-full e-flex e-con e-child\" data-id=\"d3e7693\" data-element_type=\"container\" data-e-type=\"container\">\n\t\t\t\t<div class=\"elementor-element elementor-element-fc233fe elementor-widget elementor-widget-image\" data-id=\"fc233fe\" data-element_type=\"widget\" data-e-type=\"widget\" data-widget_type=\"image.default\">\n\t\t\t\t<div class=\"elementor-widget-container\">\n\t\t\t\t\t\t\t\t\t\t\t\t\t\t\t<img loading=\"lazy\" decoding=\"async\" width=\"600\" height=\"800\" src=\"https:\/\/www.khas.edu.tr\/wp-content\/uploads\/2025\/04\/IMG_6698-scaled-1-768x1024.jpg\" class=\"attachment-large size-large wp-image-15949\" alt=\"\" srcset=\"https:\/\/www.khas.edu.tr\/wp-content\/uploads\/2025\/04\/IMG_6698-scaled-1-768x1024.jpg 768w, https:\/\/www.khas.edu.tr\/wp-content\/uploads\/2025\/04\/IMG_6698-scaled-1-225x300.jpg 225w, https:\/\/www.khas.edu.tr\/wp-content\/uploads\/2025\/04\/IMG_6698-scaled-1-1152x1536.jpg 1152w, https:\/\/www.khas.edu.tr\/wp-content\/uploads\/2025\/04\/IMG_6698-scaled-1-1536x2048.jpg 1536w, https:\/\/www.khas.edu.tr\/wp-content\/uploads\/2025\/04\/IMG_6698-scaled-1.jpg 1920w\" sizes=\"(max-width: 600px) 100vw, 600px\" \/>\t\t\t\t\t\t\t\t\t\t\t\t\t\t\t<\/div>\n\t\t\t\t<\/div>\n\t\t\t\t<\/div>\n\t\t<div class=\"elementor-element elementor-element-de7df88 e-con-full e-flex e-con e-child\" data-id=\"de7df88\" data-element_type=\"container\" data-e-type=\"container\">\n\t\t\t\t<div class=\"elementor-element elementor-element-2135439 elementor-widget elementor-widget-text-editor\" data-id=\"2135439\" data-element_type=\"widget\" data-e-type=\"widget\" data-widget_type=\"text-editor.default\">\n\t\t\t\t<div class=\"elementor-widget-container\">\n\t\t\t\t\t\t\t\t\t<p>The curriculum of our department includes current topics such as:<\/p><ul><li>Social media expertise,<\/li><li>Big data and data visualization,<\/li><li>Digital content production and management,<\/li><li>Cryptocurrency and blockchain applications,<\/li><li>Digital application development workshops,<\/li><li>Search engines and algorithms.<\/li><\/ul><p>Within the framework of our University\u2019s New Education Model, following the Core Program, the departmental curriculum has been restructured to emphasize project-based and project-oriented courses. These courses are conducted through active student participation, either as project implementations or as modules adapted to specific projects, with industry professionals taking part as mentors.<br \/><br \/>\u0130smail Hakk\u0131 Polat and \u00d6zer Bereket, two of the founding members of the department and key figures whose professional experience has shaped its foundation, continue to teach and graduate students each year. In addition to the academic staff composed of experts in the field of new media, professionals from the industry also contribute to the program on a part-time basis. The language of instruction in our department is English.<\/p>\t\t\t\t\t\t\t\t<\/div>\n\t\t\t\t<\/div>\n\t\t\t\t<\/div>\n\t\t\t\t\t<\/div>\n\t\t\t\t<\/div>\n\t\t<div class=\"elementor-element elementor-element-c112e19 e-flex e-con-boxed e-con e-parent\" data-id=\"c112e19\" data-element_type=\"container\" data-e-type=\"container\">\n\t\t\t\t\t<div class=\"e-con-inner\">\n\t\t<div class=\"elementor-element elementor-element-7de9597 e-con-full e-flex e-con e-child\" data-id=\"7de9597\" data-element_type=\"container\" data-e-type=\"container\">\n\t\t<div class=\"elementor-element elementor-element-a28629d e-con-full e-flex e-con e-child\" data-id=\"a28629d\" data-element_type=\"container\" data-e-type=\"container\">\n\t\t\t\t<div class=\"elementor-element elementor-element-1544499 elementor-widget elementor-widget-text-editor\" data-id=\"1544499\" data-element_type=\"widget\" data-e-type=\"widget\" data-widget_type=\"text-editor.default\">\n\t\t\t\t<div class=\"elementor-widget-container\">\n\t\t\t\t\t\t\t\t\t<p><strong>New Media Lab<\/strong><\/p><p>Students use the New Media Lab as a center for production and development. The workshops and training sessions held in the New Media Lab support students in discovering their creative potential, bringing their ideas to life, and making a difference in the professional world.<\/p><p>In the New Media Lab, students can produce content for various digital platforms using next-generation technological equipment such as 360-degree cameras, gimbals, and GoPros; they can share their content by developing appropriate strategies and conduct its analysis; they can also design and develop mobile applications.<\/p>\t\t\t\t\t\t\t\t<\/div>\n\t\t\t\t<\/div>\n\t\t\t\t<\/div>\n\t\t<div class=\"elementor-element elementor-element-f6ec748 e-con-full e-flex e-con e-child\" data-id=\"f6ec748\" data-element_type=\"container\" data-e-type=\"container\">\n\t\t\t\t<div class=\"elementor-element elementor-element-e5e7a40 elementor-widget elementor-widget-image\" data-id=\"e5e7a40\" data-element_type=\"widget\" data-e-type=\"widget\" data-widget_type=\"image.default\">\n\t\t\t\t<div class=\"elementor-widget-container\">\n\t\t\t\t\t\t\t\t\t\t\t\t\t\t\t<img loading=\"lazy\" decoding=\"async\" width=\"600\" height=\"900\" src=\"https:\/\/www.khas.edu.tr\/wp-content\/uploads\/2025\/06\/thumbnail_5B2A9992-768x1152.jpg\" class=\"attachment-medium_large size-medium_large wp-image-23187\" alt=\"\" srcset=\"https:\/\/www.khas.edu.tr\/wp-content\/uploads\/2025\/06\/thumbnail_5B2A9992-768x1152.jpg 768w, https:\/\/www.khas.edu.tr\/wp-content\/uploads\/2025\/06\/thumbnail_5B2A9992-200x300.jpg 200w, https:\/\/www.khas.edu.tr\/wp-content\/uploads\/2025\/06\/thumbnail_5B2A9992-683x1024.jpg 683w, https:\/\/www.khas.edu.tr\/wp-content\/uploads\/2025\/06\/thumbnail_5B2A9992-1024x1536.jpg 1024w, https:\/\/www.khas.edu.tr\/wp-content\/uploads\/2025\/06\/thumbnail_5B2A9992.jpg 1280w\" sizes=\"(max-width: 600px) 100vw, 600px\" \/>\t\t\t\t\t\t\t\t\t\t\t\t\t\t\t<\/div>\n\t\t\t\t<\/div>\n\t\t\t\t<\/div>\n\t\t\t\t<\/div>\n\t\t\t\t\t<\/div>\n\t\t\t\t<\/div>\n\t\t\t\t<\/div>\n\t\t","protected":false},"excerpt":{"rendered":"<p>The shaping of the department and the development of its curriculum involved the contributions of \u0130smail Hakk\u0131 Polat, Mithat Bereket, and \u00d6zer Bereket, as well as then-Rector Y\u00fccel Y\u0131lmaz, Associate Dean Levent Soysal, and faculty members Lemi Baruh and Murat Akser. The curriculum that was created subsequently served as a model for various newly established [&hellip;]<\/p>\n","protected":false},"author":2,"featured_media":0,"parent":0,"menu_order":0,"comment_status":"closed","ping_status":"closed","template":"","meta":{"slim_seo":{"title":"Why KHAS New Media? - Kadir Has University","description":"The shaping of the department and the development of its curriculum involved the contributions of \u0130smail Hakk\u0131 Polat, Mithat Bereket, and \u00d6zer Bereket, as well"},"footnotes":""},"birimler":[75],"class_list":["post-16024","page","type-page","status-publish","hentry","birimler-new-media-communication"],"_links":{"self":[{"href":"https:\/\/www.khas.edu.tr\/en\/wp-json\/wp\/v2\/pages\/16024","targetHints":{"allow":["GET"]}}],"collection":[{"href":"https:\/\/www.khas.edu.tr\/en\/wp-json\/wp\/v2\/pages"}],"about":[{"href":"https:\/\/www.khas.edu.tr\/en\/wp-json\/wp\/v2\/types\/page"}],"author":[{"embeddable":true,"href":"https:\/\/www.khas.edu.tr\/en\/wp-json\/wp\/v2\/users\/2"}],"replies":[{"embeddable":true,"href":"https:\/\/www.khas.edu.tr\/en\/wp-json\/wp\/v2\/comments?post=16024"}],"version-history":[{"count":8,"href":"https:\/\/www.khas.edu.tr\/en\/wp-json\/wp\/v2\/pages\/16024\/revisions"}],"predecessor-version":[{"id":25495,"href":"https:\/\/www.khas.edu.tr\/en\/wp-json\/wp\/v2\/pages\/16024\/revisions\/25495"}],"wp:attachment":[{"href":"https:\/\/www.khas.edu.tr\/en\/wp-json\/wp\/v2\/media?parent=16024"}],"wp:term":[{"taxonomy":"birimler","embeddable":true,"href":"https:\/\/www.khas.edu.tr\/en\/wp-json\/wp\/v2\/birimler?post=16024"}],"curies":[{"name":"wp","href":"https:\/\/api.w.org\/{rel}","templated":true}]}}