{"id":15872,"date":"2025-04-15T09:57:11","date_gmt":"2025-04-15T06:57:11","guid":{"rendered":"https:\/\/www.khas.edu.tr\/?page_id=15872"},"modified":"2025-04-15T10:35:08","modified_gmt":"2025-04-15T07:35:08","slug":"rtc-our-achievements","status":"publish","type":"page","link":"https:\/\/www.khas.edu.tr\/en\/rtc-our-achievements\/","title":{"rendered":"rtc-Our Achievements"},"content":{"rendered":"\t\t<div data-elementor-type=\"wp-page\" data-elementor-id=\"15872\" class=\"elementor elementor-15872 elementor-15834\">\n\t\t\t\t<div class=\"elementor-element elementor-element-d7482fa e-flex e-con-boxed e-con e-parent\" data-id=\"d7482fa\" data-element_type=\"container\" data-e-type=\"container\">\n\t\t\t\t\t<div class=\"e-con-inner\">\n\t\t\t\t<div class=\"elementor-element elementor-element-4f58cbe elementor-widget elementor-widget-text-editor\" data-id=\"4f58cbe\" data-element_type=\"widget\" data-e-type=\"widget\" data-widget_type=\"text-editor.default\">\n\t\t\t\t<div class=\"elementor-widget-container\">\n\t\t\t\t\t\t\t\t\t<h3><strong>Awards<\/strong><\/h3><p><strong>F\u0131rat \u00d6zeler \/ \u201cKavur\u201d\u00a0<\/strong>(Under Development)<\/p><p>\u00a0 \u00a0 \u00a0Production Supported by the Ministry of Culture and Tourism<\/p><p>\u00a0 \u00a0 \u00a0Project Supported by the American Turkish Society<\/p><p><strong>\u00d6zg\u00fcr Utku Arslan (Director) &amp; O\u011fuz Kaan Tuygun (Screenwriter)<\/strong>\u00a0\/\u00a0<strong>\u201cMart\u0131\u201d<\/strong> (Under Development)<\/p><p>\u00a0 \u00a0 \u00a0First Prize at \u0130KSV 6th Meetings on the Bridge Short Film Workshop<\/p><p><strong>Baran Efe \u00d6zt\u00fcrk (Director) &amp; Melis Terlemez (Editor) \/ \u201cWeak\u201d (2022)<\/strong><\/p><p>\u00a0 \u00a0 Experimental Selection at 49th Montreal Concordia Film Festival<\/p><p><strong>Kaan Karata\u015f \/ \u201cD\u00f6rd\u00fcnc\u00fc Duvar\u201d (2021)<\/strong><\/p><p>\u00a0 \u00a0 \u00a0Best Director Award and Best Screenplay Award at Sinepark Short Film Festival<\/p><p>\u00a0 \u00a0 \u00a0Second Prize at 1st TAYF International Short Film Festival<\/p><p><strong>Can Merdan Do\u011fan \/ \u201cStiletto\u201d (2021)<\/strong><\/p><p>\u00a0 \u00a0 \u00a0Best Short Film Award at the National Short Film Competition, 32nd Ankara Film Festival<\/p><p>\u00a0 \u00a0 \u00a0Finalist at the National Short Film Competition, 58th Antalya Golden Orange Film Festival<\/p><p>\u00a0 \u00a0 \u00a0Second Prize at the National Fictional Film Competition, 22nd \u0130zmir Short Film Festival<\/p><p><strong>Merve Bozcu \/ \u201cPlastik R\u00fcya\u201d (2021)<\/strong><\/p><p>\u00a0 \u00a0 \u00a0Second Prize at the National Fictional Film Category, 14nd \u0130n\u00f6n\u00fc University Short Film Festival<\/p><p>\u00a0 \u00a0 \u00a0Honorable Mention at the National Short Film Competition, 18<sup>nd<\/sup> Akbank Short Film Festival<\/p><p>\u00a0 \u00a0 \u00a0Best Picture Award at the National Fictional Film Competition, 5<sup>th<\/sup> AFSAD Short Film Festival<\/p><p><strong>G\u00f6k\u015fin Do\u011fa Egesoy \/ \u201cYang\u0131n Bizim Evde De\u011fildi\u201d (2020)<\/strong><\/p><p>\u00a0 \u00a0 \u00a0Screenplay Mention Award at Sinemazon Female Directors Festival<\/p><p><strong>Ahmet Sag\u0131t \/ \u201cYalan Sanat\u0131\u201d (2019)<\/strong><\/p><p>\u00a0 \u00a0 \u00a0Finalist at the National Student Films Competition, Adana Golden Boll International Film Festival<\/p><p><strong>Kaan Karata\u015f \/ \u201cO Saatte Orada Ne \u0130\u015fi Varm\u0131\u015f?\u201d (2019)<\/strong><\/p><p>\u00a0 \u00a0 \u00a0Second Prize at Rofife Rotary Short Film Competition<\/p><h3><strong>Graduates<\/strong><\/h3><ul><li><strong>Ilg\u0131n Erdem \u201919<\/strong>, QA Specialist\/ Azerion<\/li><li><strong>\u0130stepan Hakverdi \u201918<\/strong>, Junior Visual Effects Artist \/ Bando Post Production House<\/li><li><strong>Huzeyfe Kurt \u201917<\/strong>, Video Director \/ Muse \u0130stanbul<\/li><li><strong>Okan \u00dczey \u201916<\/strong>, Co-Founder \/ Kalavara Film<\/li><li><strong>Ra\u015fit Kaya \u201916<\/strong>, Video Editor \/ SPI International<\/li><li><strong>Ka\u011fan Kerimo\u011flu \u201914<\/strong>,\u00a0Director of Cinematography<\/li><li><strong>G\u00fcrler Akg\u00fcn \u201911<\/strong>, Sports Correspondent \/ BeIN Sports<\/li><li><strong>\u00d6zlem Tu\u011f\u00e7e Kele\u015f \u201911<\/strong>, Academician \/ Head, Department of New Media and Communication, Ni\u015fanta\u015f\u0131 University<\/li><\/ul>\t\t\t\t\t\t\t\t<\/div>\n\t\t\t\t<\/div>\n\t\t\t\t\t<\/div>\n\t\t\t\t<\/div>\n\t\t\t\t<\/div>\n\t\t","protected":false},"excerpt":{"rendered":"<p>Awards F\u0131rat \u00d6zeler \/ \u201cKavur\u201d\u00a0(Under Development) \u00a0 \u00a0 \u00a0Production Supported by the Ministry of Culture and Tourism \u00a0 \u00a0 \u00a0Project Supported by the American Turkish Society \u00d6zg\u00fcr Utku Arslan (Director) &amp; O\u011fuz Kaan Tuygun (Screenwriter)\u00a0\/\u00a0\u201cMart\u0131\u201d (Under Development) \u00a0 \u00a0 \u00a0First Prize at \u0130KSV 6th Meetings on the Bridge Short Film Workshop Baran Efe \u00d6zt\u00fcrk (Director) [&hellip;]<\/p>\n","protected":false},"author":6,"featured_media":0,"parent":0,"menu_order":0,"comment_status":"closed","ping_status":"closed","template":"","meta":{"slim_seo":{"title":"rtc-Our Achievements - Kadir Has University","description":"Awards F\u0131rat \u00d6zeler \/ \u201cKavur\u201d\u00a0 (Under Development) \u00a0 \u00a0 \u00a0Production Supported by the Ministry of Culture and Tourism \u00a0 \u00a0 \u00a0Project Supported by the American Turki"},"footnotes":""},"birimler":[77],"class_list":["post-15872","page","type-page","status-publish","hentry","birimler-rtc"],"_links":{"self":[{"href":"https:\/\/www.khas.edu.tr\/en\/wp-json\/wp\/v2\/pages\/15872","targetHints":{"allow":["GET"]}}],"collection":[{"href":"https:\/\/www.khas.edu.tr\/en\/wp-json\/wp\/v2\/pages"}],"about":[{"href":"https:\/\/www.khas.edu.tr\/en\/wp-json\/wp\/v2\/types\/page"}],"author":[{"embeddable":true,"href":"https:\/\/www.khas.edu.tr\/en\/wp-json\/wp\/v2\/users\/6"}],"replies":[{"embeddable":true,"href":"https:\/\/www.khas.edu.tr\/en\/wp-json\/wp\/v2\/comments?post=15872"}],"version-history":[{"count":4,"href":"https:\/\/www.khas.edu.tr\/en\/wp-json\/wp\/v2\/pages\/15872\/revisions"}],"predecessor-version":[{"id":15876,"href":"https:\/\/www.khas.edu.tr\/en\/wp-json\/wp\/v2\/pages\/15872\/revisions\/15876"}],"wp:attachment":[{"href":"https:\/\/www.khas.edu.tr\/en\/wp-json\/wp\/v2\/media?parent=15872"}],"wp:term":[{"taxonomy":"birimler","embeddable":true,"href":"https:\/\/www.khas.edu.tr\/en\/wp-json\/wp\/v2\/birimler?post=15872"}],"curies":[{"name":"wp","href":"https:\/\/api.w.org\/{rel}","templated":true}]}}