{"id":15711,"date":"2025-04-14T15:48:12","date_gmt":"2025-04-14T12:48:12","guid":{"rendered":"https:\/\/www.khas.edu.tr\/?page_id=15711"},"modified":"2025-10-20T13:39:37","modified_gmt":"2025-10-20T10:39:37","slug":"id-id-graduates","status":"publish","type":"page","link":"https:\/\/www.khas.edu.tr\/en\/id-id-graduates\/","title":{"rendered":"id-ID Graduates"},"content":{"rendered":"\t\t<div data-elementor-type=\"wp-page\" data-elementor-id=\"15711\" class=\"elementor elementor-15711\">\n\t\t\t\t<div class=\"elementor-element elementor-element-ee99489 e-flex e-con-boxed e-con e-parent\" data-id=\"ee99489\" data-element_type=\"container\" data-e-type=\"container\">\n\t\t\t\t\t<div class=\"e-con-inner\">\n\t\t<div class=\"elementor-element elementor-element-d7d8d27 e-con-full e-flex e-con e-child\" data-id=\"d7d8d27\" data-element_type=\"container\" data-e-type=\"container\">\n\t\t\t\t<div class=\"elementor-element elementor-element-11386d8 elementor-widget elementor-widget-heading\" data-id=\"11386d8\" data-element_type=\"widget\" data-e-type=\"widget\" data-widget_type=\"heading.default\">\n\t\t\t\t<div class=\"elementor-widget-container\">\n\t\t\t\t\t<h2 class=\"elementor-heading-title elementor-size-default\">Emrecan A\u011fta\u015f '15<\/h2>\t\t\t\t<\/div>\n\t\t\t\t<\/div>\n\t\t\t\t<div class=\"elementor-element elementor-element-f0830a6 elementor-widget-divider--view-line elementor-widget elementor-widget-divider\" data-id=\"f0830a6\" data-element_type=\"widget\" data-e-type=\"widget\" data-widget_type=\"divider.default\">\n\t\t\t\t<div class=\"elementor-widget-container\">\n\t\t\t\t\t\t\t<div class=\"elementor-divider\">\n\t\t\t<span class=\"elementor-divider-separator\">\n\t\t\t\t\t\t<\/span>\n\t\t<\/div>\n\t\t\t\t\t\t<\/div>\n\t\t\t\t<\/div>\n\t\t<div class=\"elementor-element elementor-element-69ada6e e-con-full e-flex e-con e-child\" data-id=\"69ada6e\" data-element_type=\"container\" data-e-type=\"container\">\n\t\t<div class=\"elementor-element elementor-element-7aeb47f e-con-full e-flex e-con e-child\" data-id=\"7aeb47f\" data-element_type=\"container\" data-e-type=\"container\">\n\t\t\t\t<div class=\"elementor-element elementor-element-8cd56b3 elementor-widget elementor-widget-image\" data-id=\"8cd56b3\" data-element_type=\"widget\" data-e-type=\"widget\" data-widget_type=\"image.default\">\n\t\t\t\t<div class=\"elementor-widget-container\">\n\t\t\t\t\t\t\t\t\t\t\t\t\t\t\t<img fetchpriority=\"high\" decoding=\"async\" width=\"360\" height=\"360\" src=\"https:\/\/www.khas.edu.tr\/wp-content\/uploads\/2025\/04\/Resim1.jpg\" class=\"attachment-large size-large wp-image-15794\" alt=\"\" srcset=\"https:\/\/www.khas.edu.tr\/wp-content\/uploads\/2025\/04\/Resim1.jpg 360w, https:\/\/www.khas.edu.tr\/wp-content\/uploads\/2025\/04\/Resim1-300x300.jpg 300w, https:\/\/www.khas.edu.tr\/wp-content\/uploads\/2025\/04\/Resim1-150x150.jpg 150w\" sizes=\"(max-width: 360px) 100vw, 360px\" \/>\t\t\t\t\t\t\t\t\t\t\t\t\t\t\t<\/div>\n\t\t\t\t<\/div>\n\t\t\t\t<\/div>\n\t\t<div class=\"elementor-element elementor-element-270929a e-con-full e-flex e-con e-child\" data-id=\"270929a\" data-element_type=\"container\" data-e-type=\"container\">\n\t\t\t\t<div class=\"elementor-element elementor-element-3d46912 elementor-widget elementor-widget-text-editor\" data-id=\"3d46912\" data-element_type=\"widget\" data-e-type=\"widget\" data-widget_type=\"text-editor.default\">\n\t\t\t\t<div class=\"elementor-widget-container\">\n\t\t\t\t\t\t\t\t\t<p>Our 2015 graduate Emrecan A\u011fta\u015f began his career as Design Director at Hipo Stage after completing his undergraduate education at Kadir Has University. He continued as Design Director at Fikirbazzenger between 2016 and 2017.<\/p><p>He completed his master&#8217;s degree in Sonic Arts at Istanbul Technical University between 2017 and 2019. In 2019, he founded Zuhurat, a sound-centered design and production studio.<\/p><p>He currently runs his own brand and continues his career as Director of Imaging Products at CPF on a full-time basis.<\/p>\t\t\t\t\t\t\t\t<\/div>\n\t\t\t\t<\/div>\n\t\t\t\t<\/div>\n\t\t\t\t<\/div>\n\t\t\t\t<\/div>\n\t\t\t\t\t<\/div>\n\t\t\t\t<\/div>\n\t\t<div class=\"elementor-element elementor-element-205ff67 e-flex e-con-boxed e-con e-parent\" data-id=\"205ff67\" data-element_type=\"container\" data-e-type=\"container\">\n\t\t\t\t\t<div class=\"e-con-inner\">\n\t\t<div class=\"elementor-element elementor-element-8ba6209 e-con-full e-flex e-con e-child\" data-id=\"8ba6209\" data-element_type=\"container\" data-e-type=\"container\">\n\t\t\t\t<div class=\"elementor-element elementor-element-2613c29 elementor-widget elementor-widget-heading\" data-id=\"2613c29\" data-element_type=\"widget\" data-e-type=\"widget\" data-widget_type=\"heading.default\">\n\t\t\t\t<div class=\"elementor-widget-container\">\n\t\t\t\t\t<h2 class=\"elementor-heading-title elementor-size-default\">Haydar Bay\u0131nd\u0131r &amp; Safiye \u00d6zkan '20<\/h2>\t\t\t\t<\/div>\n\t\t\t\t<\/div>\n\t\t\t\t<div class=\"elementor-element elementor-element-97eb9a7 elementor-widget-divider--view-line elementor-widget elementor-widget-divider\" data-id=\"97eb9a7\" data-element_type=\"widget\" data-e-type=\"widget\" data-widget_type=\"divider.default\">\n\t\t\t\t<div class=\"elementor-widget-container\">\n\t\t\t\t\t\t\t<div class=\"elementor-divider\">\n\t\t\t<span class=\"elementor-divider-separator\">\n\t\t\t\t\t\t<\/span>\n\t\t<\/div>\n\t\t\t\t\t\t<\/div>\n\t\t\t\t<\/div>\n\t\t<div class=\"elementor-element elementor-element-c307e99 e-con-full e-flex e-con e-child\" data-id=\"c307e99\" data-element_type=\"container\" data-e-type=\"container\">\n\t\t<div class=\"elementor-element elementor-element-095832a e-con-full e-flex e-con e-child\" data-id=\"095832a\" data-element_type=\"container\" data-e-type=\"container\">\n\t\t\t\t<div class=\"elementor-element elementor-element-abc93ec elementor-widget elementor-widget-image\" data-id=\"abc93ec\" data-element_type=\"widget\" data-e-type=\"widget\" data-widget_type=\"image.default\">\n\t\t\t\t<div class=\"elementor-widget-container\">\n\t\t\t\t\t\t\t\t\t\t\t\t\t\t\t<img decoding=\"async\" width=\"360\" height=\"352\" src=\"https:\/\/www.khas.edu.tr\/wp-content\/uploads\/2025\/04\/Haydar-Bayindir-Safiye-Ozkan.jpg\" class=\"attachment-large size-large wp-image-15796\" alt=\"\" srcset=\"https:\/\/www.khas.edu.tr\/wp-content\/uploads\/2025\/04\/Haydar-Bayindir-Safiye-Ozkan.jpg 360w, https:\/\/www.khas.edu.tr\/wp-content\/uploads\/2025\/04\/Haydar-Bayindir-Safiye-Ozkan-300x293.jpg 300w\" sizes=\"(max-width: 360px) 100vw, 360px\" \/>\t\t\t\t\t\t\t\t\t\t\t\t\t\t\t<\/div>\n\t\t\t\t<\/div>\n\t\t\t\t<\/div>\n\t\t<div class=\"elementor-element elementor-element-72bbafa e-con-full e-flex e-con e-child\" data-id=\"72bbafa\" data-element_type=\"container\" data-e-type=\"container\">\n\t\t\t\t<div class=\"elementor-element elementor-element-280f0be elementor-widget elementor-widget-text-editor\" data-id=\"280f0be\" data-element_type=\"widget\" data-e-type=\"widget\" data-widget_type=\"text-editor.default\">\n\t\t\t\t<div class=\"elementor-widget-container\">\n\t\t\t\t\t\t\t\t\t<p>Our 2015 graduate Emrecan A\u011fta\u015f began his career as Design Director at Hipo Stage after completing his undergraduate education at Kadir Has University. He continued as Design Director at Fikirbazzenger between 2016 and 2017.<\/p><p>He completed his master&#8217;s degree in Sonic Arts at Istanbul Technical University between 2017 and 2019. In 2019, he founded Zuhurat, a sound-centered design and production studio.<\/p><p>He currently runs his own brand and continues his career as Director of Imaging Products at CPF on a full-time basis.<\/p>\t\t\t\t\t\t\t\t<\/div>\n\t\t\t\t<\/div>\n\t\t\t\t<\/div>\n\t\t\t\t<\/div>\n\t\t\t\t<\/div>\n\t\t\t\t\t<\/div>\n\t\t\t\t<\/div>\n\t\t<div class=\"elementor-element elementor-element-763ea85 e-flex e-con-boxed e-con e-parent\" data-id=\"763ea85\" data-element_type=\"container\" data-e-type=\"container\">\n\t\t\t\t\t<div class=\"e-con-inner\">\n\t\t<div class=\"elementor-element elementor-element-460107a e-con-full e-flex e-con e-child\" data-id=\"460107a\" data-element_type=\"container\" data-e-type=\"container\">\n\t\t\t\t<div class=\"elementor-element elementor-element-5632b3e elementor-widget elementor-widget-heading\" data-id=\"5632b3e\" data-element_type=\"widget\" data-e-type=\"widget\" data-widget_type=\"heading.default\">\n\t\t\t\t<div class=\"elementor-widget-container\">\n\t\t\t\t\t<h2 class=\"elementor-heading-title elementor-size-default\">Selin Ko\u015fa\u011fan '13<\/h2>\t\t\t\t<\/div>\n\t\t\t\t<\/div>\n\t\t\t\t<div class=\"elementor-element elementor-element-413abaa elementor-widget-divider--view-line elementor-widget elementor-widget-divider\" data-id=\"413abaa\" data-element_type=\"widget\" data-e-type=\"widget\" data-widget_type=\"divider.default\">\n\t\t\t\t<div class=\"elementor-widget-container\">\n\t\t\t\t\t\t\t<div class=\"elementor-divider\">\n\t\t\t<span class=\"elementor-divider-separator\">\n\t\t\t\t\t\t<\/span>\n\t\t<\/div>\n\t\t\t\t\t\t<\/div>\n\t\t\t\t<\/div>\n\t\t<div class=\"elementor-element elementor-element-94bb5f4 e-con-full e-flex e-con e-child\" data-id=\"94bb5f4\" data-element_type=\"container\" data-e-type=\"container\">\n\t\t<div class=\"elementor-element elementor-element-8d7178d e-con-full e-flex e-con e-child\" data-id=\"8d7178d\" data-element_type=\"container\" data-e-type=\"container\">\n\t\t\t\t<div class=\"elementor-element elementor-element-a48f3b7 elementor-widget elementor-widget-image\" data-id=\"a48f3b7\" data-element_type=\"widget\" data-e-type=\"widget\" data-widget_type=\"image.default\">\n\t\t\t\t<div class=\"elementor-widget-container\">\n\t\t\t\t\t\t\t\t\t\t\t\t\t\t\t<img decoding=\"async\" width=\"478\" height=\"498\" src=\"https:\/\/www.khas.edu.tr\/wp-content\/uploads\/2025\/04\/Selin-Kosagan-e1654516361252.jpg\" class=\"attachment-large size-large wp-image-15800\" alt=\"\" srcset=\"https:\/\/www.khas.edu.tr\/wp-content\/uploads\/2025\/04\/Selin-Kosagan-e1654516361252.jpg 478w, https:\/\/www.khas.edu.tr\/wp-content\/uploads\/2025\/04\/Selin-Kosagan-e1654516361252-288x300.jpg 288w\" sizes=\"(max-width: 478px) 100vw, 478px\" \/>\t\t\t\t\t\t\t\t\t\t\t\t\t\t\t<\/div>\n\t\t\t\t<\/div>\n\t\t\t\t<\/div>\n\t\t<div class=\"elementor-element elementor-element-46370ad e-con-full e-flex e-con e-child\" data-id=\"46370ad\" data-element_type=\"container\" data-e-type=\"container\">\n\t\t\t\t<div class=\"elementor-element elementor-element-3383430 elementor-widget elementor-widget-text-editor\" data-id=\"3383430\" data-element_type=\"widget\" data-e-type=\"widget\" data-widget_type=\"text-editor.default\">\n\t\t\t\t<div class=\"elementor-widget-container\">\n\t\t\t\t\t\t\t\t\t<p>Our 2013 graduate Selin Ko\u015fa\u011fan completed her undergraduate education at Kadir Has University and then pursued a master&#8217;s degree (MSc) in \u201cIndustrial Product Design-Innovation and Creativity\u201d at Coventry University between 2013 and 2014. Between 2014 and 2015, she worked as a freelance researcher and designer at The Enbead, where she was involved in a project calculating the energy consumption of buildings.<\/p><p>Between 2014 and 2017, he worked as a creative manager at OutWork Alternative Media and Event Company, continuing his career as an industrial designer at ASA\u015e Al\u00fcminyum in 2017-2018 and at Timsan GSE in 2019-2020.<\/p><p>Ko\u015fa\u011fan specialized in \u201cIndustrial Design-Service and Interface Design\u201d (MSc) at Mimar Sinan Fine Arts University between 2020 and 2022 and has been continuing his career at Userspots, where he has been working as a project manager since 2020.<\/p>\t\t\t\t\t\t\t\t<\/div>\n\t\t\t\t<\/div>\n\t\t\t\t<\/div>\n\t\t\t\t<\/div>\n\t\t\t\t<\/div>\n\t\t\t\t\t<\/div>\n\t\t\t\t<\/div>\n\t\t\t\t<\/div>\n\t\t","protected":false},"excerpt":{"rendered":"<p>Emrecan A\u011fta\u015f &#8217;15 Our 2015 graduate Emrecan A\u011fta\u015f began his career as Design Director at Hipo Stage after completing his undergraduate education at Kadir Has University. He continued as Design Director at Fikirbazzenger between 2016 and 2017. He completed his master&#8217;s degree in Sonic Arts at Istanbul Technical University between 2017 and 2019. In 2019, [&hellip;]<\/p>\n","protected":false},"author":2,"featured_media":0,"parent":0,"menu_order":0,"comment_status":"closed","ping_status":"closed","template":"","meta":{"slim_seo":{"title":"id-ID Graduates - Kadir Has University","description":"Emrecan A\u011fta\u015f '15 Our 2015 graduate Emrecan A\u011fta\u015f began his career as Design Director at Hipo Stage after completing his undergraduate education at Kadir Has Un"},"footnotes":""},"birimler":[66],"class_list":["post-15711","page","type-page","status-publish","hentry","birimler-id"],"_links":{"self":[{"href":"https:\/\/www.khas.edu.tr\/en\/wp-json\/wp\/v2\/pages\/15711","targetHints":{"allow":["GET"]}}],"collection":[{"href":"https:\/\/www.khas.edu.tr\/en\/wp-json\/wp\/v2\/pages"}],"about":[{"href":"https:\/\/www.khas.edu.tr\/en\/wp-json\/wp\/v2\/types\/page"}],"author":[{"embeddable":true,"href":"https:\/\/www.khas.edu.tr\/en\/wp-json\/wp\/v2\/users\/2"}],"replies":[{"embeddable":true,"href":"https:\/\/www.khas.edu.tr\/en\/wp-json\/wp\/v2\/comments?post=15711"}],"version-history":[{"count":4,"href":"https:\/\/www.khas.edu.tr\/en\/wp-json\/wp\/v2\/pages\/15711\/revisions"}],"predecessor-version":[{"id":29468,"href":"https:\/\/www.khas.edu.tr\/en\/wp-json\/wp\/v2\/pages\/15711\/revisions\/29468"}],"wp:attachment":[{"href":"https:\/\/www.khas.edu.tr\/en\/wp-json\/wp\/v2\/media?parent=15711"}],"wp:term":[{"taxonomy":"birimler","embeddable":true,"href":"https:\/\/www.khas.edu.tr\/en\/wp-json\/wp\/v2\/birimler?post=15711"}],"curies":[{"name":"wp","href":"https:\/\/api.w.org\/{rel}","templated":true}]}}