{"id":15696,"date":"2025-04-14T15:22:33","date_gmt":"2025-04-14T12:22:33","guid":{"rendered":"https:\/\/www.khas.edu.tr\/?page_id=15696"},"modified":"2025-07-03T11:44:54","modified_gmt":"2025-07-03T08:44:54","slug":"id-about-the-department","status":"publish","type":"page","link":"https:\/\/www.khas.edu.tr\/en\/id-about-the-department\/","title":{"rendered":"About the Department"},"content":{"rendered":"\t\t<div data-elementor-type=\"wp-page\" data-elementor-id=\"15696\" class=\"elementor elementor-15696 elementor-15691\">\n\t\t\t\t<div class=\"elementor-element elementor-element-6b1c0a0 e-flex e-con-boxed e-con e-parent\" data-id=\"6b1c0a0\" data-element_type=\"container\" data-e-type=\"container\">\n\t\t\t\t\t<div class=\"e-con-inner\">\n\t\t\t\t<div class=\"elementor-element elementor-element-476768b elementor-widget elementor-widget-text-editor\" data-id=\"476768b\" data-element_type=\"widget\" data-e-type=\"widget\" data-widget_type=\"text-editor.default\">\n\t\t\t\t<div class=\"elementor-widget-container\">\n\t\t\t\t\t\t\t\t\t<p><strong><span data-preserver-spaces=\"true\">The Industrial Design Program at Kadir Has University<\/span><\/strong><span data-preserver-spaces=\"true\">\u00a0focuses on the product development process integrated with the concept design development process. Aesthetic competencies and creativity required during the product design process are combined with product development, ergonomics, materials, environment, design management, and economy.<\/span><\/p><p><span data-preserver-spaces=\"true\">Instead of a static approach, this department carries out a program during which students are dynamically engaged, where designer candidates are present and practicing on the field, carry out design projects in cooperation with companies and organizations, and also attend various events such as factory visits, professional seminars, workshops, field research, etc. Since an Industrial Designer needs to understand the progress with a strategic point of view for businesses, we carry out Industrial Design Projects in cooperation with different companies and organizations. During the Undergraduate Program of Industrial Design, we work with significant professionals with comprehensive knowledge and experience in various fields. Students are able to attend internships or external projects in addition to the respective national and international projects during their education in design.<\/span><\/p><p><strong><span data-preserver-spaces=\"true\">KHAS Industrial Design Department\u00a0<\/span><\/strong><span data-preserver-spaces=\"true\">trains designers who are sensitive to all the changes and developments, capable of understanding the needs of users and manufacturers, able to structure the industrial requirements as a design problem, possess a skill of deep analysis, and develop creative and innovative solution proposals. We aim to train designers, who have critical, creative thinking, question what they experience, are capable of solving complex problems, entrepreneurs, follow technological and social developments, produce practical, participative, creative ideas, think analytically and intuitively, and are able to transfer their experience to the application areas making use of simple methods.<\/span><\/p><p><span data-preserver-spaces=\"true\">We have reinforced the Industrial Design program with our university&#8217;s New Education Model. We&#8217;ve integrated\u00a0<\/span><strong><span data-preserver-spaces=\"true\">the Core Program<\/span><\/strong><span data-preserver-spaces=\"true\">\u00a0and\u00a0<\/span><strong><span data-preserver-spaces=\"true\">Project-Based Education<\/span><\/strong><span data-preserver-spaces=\"true\">\u00a0with our education programs.<\/span><\/p><p><span data-preserver-spaces=\"true\">During the initial semester of the first year, the students at this department take the Code Program courses structured based on the New Education Model. The Core Program prioritizes a new system of action, through which the students are supported by a broad scope of elective courses that bring universal values, where there are no traditional exam methods so that the student can be individuals who question and freely think about learning all types of thinking ways, are actively engaged gaining personal experience and observance. Each of the faculty members acts as a &#8220;mentor.<\/span><\/p><p><span data-preserver-spaces=\"true\">As from the year 2, we focus on a curriculum offering professional experience created and carried out together with the significant industry representatives in the field of industrial design making use of the Project-Based Education developed together with the representatives from different industries, in particular, those working at R&amp;D departments, based on the New Education Model.<\/span><\/p><p><span data-preserver-spaces=\"true\">With the Project-Based Education Model, we&#8217;ve restructured all the theoretical and practical courses so that the students can get the professional competencies they need when working in the business world, focusing on real problems and situations on a university &amp; industry cooperation basis. We transfer all the academic and professional competencies to the students through the projects developed together with the industry&#8217;s leading business partners.<\/span><\/p><p><strong><span data-preserver-spaces=\"true\">KHAS Industrial Design Department<\/span><\/strong><span data-preserver-spaces=\"true\">\u00a0improves the education it gives depending on the current needs and requirements in parallel with the changing and transforming developments. We aim that our students can gain professional experience during their education. We provide them with such skills, professional knowledge, and competencies they will need to deliver economic and social values as they are expected to do.\u00a0<\/span><\/p><p><span data-preserver-spaces=\"true\">Graduates from this department have the chance to work in various industries such as furniture, household electrical appliances, durable consumer goods, medical products, automotive and yacht design, jewelry design, glass products, exhibition, and packaging. They take responsibility for the industrial design departments for our country&#8217;s leading companies. On the other hand, our graduates can serve as a researcher or experienced designers in digital product development, game design, wearable technologies, etc.<\/span><\/p><p><span data-preserver-spaces=\"true\">We pay utmost attention to cooperation with external stakeholders during the education offered at this department. We create opportunities regularly for our students to participate in professional projects in collaboration with industries. We carry out joint organizations with the leading industrial enterprises and design offices in Turkey including but not limited to: Cemer Kent Ekipmanlar\u0131, Accell Bisiklet, Anadolu K\u00fclt\u00fcrel Giri\u015fimcilik, B\u00fcrotime, Kelebek Mobilya, K\u00fctahya Porselen, Anima \u0130stanbul, Userspots, Hepsiburada, Sinbo K\u00fc\u00e7\u00fck Ev Aletleri, Vestel, Hexagon Design Studio, Viko, Panasonic.<\/span><\/p><p><span data-preserver-spaces=\"true\">The instruction at the department is in English.<\/span><\/p>\t\t\t\t\t\t\t\t<\/div>\n\t\t\t\t<\/div>\n\t\t\t\t\t<\/div>\n\t\t\t\t<\/div>\n\t\t\t\t<\/div>\n\t\t","protected":false},"excerpt":{"rendered":"<p>The Industrial Design Program at Kadir Has University\u00a0focuses on the product development process integrated with the concept design development process. Aesthetic competencies and creativity required during the product design process are combined with product development, ergonomics, materials, environment, design management, and economy. Instead of a static approach, this department carries out a program during which [&hellip;]<\/p>\n","protected":false},"author":2,"featured_media":0,"parent":0,"menu_order":0,"comment_status":"closed","ping_status":"closed","template":"","meta":{"slim_seo":{"title":"About the Department - Kadir Has University","description":"The Industrial Design Program at Kadir Has University \u00a0focuses on the product development process integrated with the concept design development process. Aesthe"},"footnotes":""},"birimler":[66],"class_list":["post-15696","page","type-page","status-publish","hentry","birimler-id"],"_links":{"self":[{"href":"https:\/\/www.khas.edu.tr\/en\/wp-json\/wp\/v2\/pages\/15696","targetHints":{"allow":["GET"]}}],"collection":[{"href":"https:\/\/www.khas.edu.tr\/en\/wp-json\/wp\/v2\/pages"}],"about":[{"href":"https:\/\/www.khas.edu.tr\/en\/wp-json\/wp\/v2\/types\/page"}],"author":[{"embeddable":true,"href":"https:\/\/www.khas.edu.tr\/en\/wp-json\/wp\/v2\/users\/2"}],"replies":[{"embeddable":true,"href":"https:\/\/www.khas.edu.tr\/en\/wp-json\/wp\/v2\/comments?post=15696"}],"version-history":[{"count":5,"href":"https:\/\/www.khas.edu.tr\/en\/wp-json\/wp\/v2\/pages\/15696\/revisions"}],"predecessor-version":[{"id":24669,"href":"https:\/\/www.khas.edu.tr\/en\/wp-json\/wp\/v2\/pages\/15696\/revisions\/24669"}],"wp:attachment":[{"href":"https:\/\/www.khas.edu.tr\/en\/wp-json\/wp\/v2\/media?parent=15696"}],"wp:term":[{"taxonomy":"birimler","embeddable":true,"href":"https:\/\/www.khas.edu.tr\/en\/wp-json\/wp\/v2\/birimler?post=15696"}],"curies":[{"name":"wp","href":"https:\/\/api.w.org\/{rel}","templated":true}]}}