{"id":15627,"date":"2025-04-14T13:45:52","date_gmt":"2025-04-14T10:45:52","guid":{"rendered":"https:\/\/www.khas.edu.tr\/?page_id=15627"},"modified":"2025-07-03T11:40:59","modified_gmt":"2025-07-03T08:40:59","slug":"id-industrial-partnerships","status":"publish","type":"page","link":"https:\/\/www.khas.edu.tr\/en\/id-industrial-partnerships\/","title":{"rendered":"Industrial Partnerships"},"content":{"rendered":"\t\t<div data-elementor-type=\"wp-page\" data-elementor-id=\"15627\" class=\"elementor elementor-15627 elementor-15616\">\n\t\t\t\t<div class=\"elementor-element elementor-element-8cbf359 e-flex e-con-boxed e-con e-parent\" data-id=\"8cbf359\" data-element_type=\"container\" data-e-type=\"container\">\n\t\t\t\t\t<div class=\"e-con-inner\">\n\t\t\t\t<div class=\"elementor-element elementor-element-febe205 elementor-widget elementor-widget-text-editor\" data-id=\"febe205\" data-element_type=\"widget\" data-e-type=\"widget\" data-widget_type=\"text-editor.default\">\n\t\t\t\t<div class=\"elementor-widget-container\">\n\t\t\t\t\t\t\t\t\t<ul><li>Accell Bisiklet<\/li><li>AKG<\/li><li>ARZUM<\/li><li>B&amp;T Mobilya<\/li><li>Bernard Van Leer<\/li><li>Foundation<\/li><li>B\/S\/H<\/li><li>Cemer<\/li><li>\u00c7ilek Mobilya<\/li><li>Design Week Turkey<\/li><li>Ernts &amp; Young<\/li><li>Fakir<\/li><li>FORD OTOSAN<\/li><li>Hexagon Design Studio<\/li><li>\u0130mece Platformu<\/li><li>LASDER (Lastik Sanayicileri Derne\u011fi) \/ 1. \u0130stanbul Tasar\u0131m Bienali<\/li><li>MAG ahalle Afet G\u00f6n\u00fcll\u00fcleri<\/li><li>RHM<\/li><li>SAHA Robotik<\/li><li>Sinbo K\u00fc\u00e7\u00fck Ev Aletleri<\/li><li>Slow-City (Seferihisar Belediyesi ile)<\/li><li>Slow-City (Tarakl\u0131 Belediyesi ile)<\/li><li>\u015ei\u015fecam A.\u015e.<\/li><li>Vestel<\/li><li>Viko Panasonic<\/li><\/ul>\t\t\t\t\t\t\t\t<\/div>\n\t\t\t\t<\/div>\n\t\t\t\t\t<\/div>\n\t\t\t\t<\/div>\n\t\t\t\t<\/div>\n\t\t","protected":false},"excerpt":{"rendered":"<p>Accell Bisiklet AKG ARZUM B&amp;T Mobilya Bernard Van Leer Foundation B\/S\/H Cemer \u00c7ilek Mobilya Design Week Turkey Ernts &amp; Young Fakir FORD OTOSAN Hexagon Design Studio \u0130mece Platformu LASDER (Lastik Sanayicileri Derne\u011fi) \/ 1. \u0130stanbul Tasar\u0131m Bienali MAG ahalle Afet G\u00f6n\u00fcll\u00fcleri RHM SAHA Robotik Sinbo K\u00fc\u00e7\u00fck Ev Aletleri Slow-City (Seferihisar Belediyesi ile) Slow-City (Tarakl\u0131 Belediyesi [&hellip;]<\/p>\n","protected":false},"author":2,"featured_media":0,"parent":0,"menu_order":0,"comment_status":"closed","ping_status":"closed","template":"","meta":{"slim_seo":{"title":"Industrial Partnerships - Kadir Has University","description":"Accell Bisiklet AKG ARZUM B&amp;T Mobilya Bernard Van Leer Foundation B\/S\/H Cemer \u00c7ilek Mobilya Design Week Turkey Ernts &amp; Young Fakir FORD OTOSAN Hexagon D"},"footnotes":""},"birimler":[66],"class_list":["post-15627","page","type-page","status-publish","hentry","birimler-id"],"_links":{"self":[{"href":"https:\/\/www.khas.edu.tr\/en\/wp-json\/wp\/v2\/pages\/15627","targetHints":{"allow":["GET"]}}],"collection":[{"href":"https:\/\/www.khas.edu.tr\/en\/wp-json\/wp\/v2\/pages"}],"about":[{"href":"https:\/\/www.khas.edu.tr\/en\/wp-json\/wp\/v2\/types\/page"}],"author":[{"embeddable":true,"href":"https:\/\/www.khas.edu.tr\/en\/wp-json\/wp\/v2\/users\/2"}],"replies":[{"embeddable":true,"href":"https:\/\/www.khas.edu.tr\/en\/wp-json\/wp\/v2\/comments?post=15627"}],"version-history":[{"count":8,"href":"https:\/\/www.khas.edu.tr\/en\/wp-json\/wp\/v2\/pages\/15627\/revisions"}],"predecessor-version":[{"id":24668,"href":"https:\/\/www.khas.edu.tr\/en\/wp-json\/wp\/v2\/pages\/15627\/revisions\/24668"}],"wp:attachment":[{"href":"https:\/\/www.khas.edu.tr\/en\/wp-json\/wp\/v2\/media?parent=15627"}],"wp:term":[{"taxonomy":"birimler","embeddable":true,"href":"https:\/\/www.khas.edu.tr\/en\/wp-json\/wp\/v2\/birimler?post=15627"}],"curies":[{"name":"wp","href":"https:\/\/api.w.org\/{rel}","templated":true}]}}