{"id":15533,"date":"2025-04-14T10:59:08","date_gmt":"2025-04-14T07:59:08","guid":{"rendered":"https:\/\/www.khas.edu.tr\/?page_id=15533"},"modified":"2025-04-14T11:41:18","modified_gmt":"2025-04-14T08:41:18","slug":"iaed-research-groups","status":"publish","type":"page","link":"https:\/\/www.khas.edu.tr\/en\/iaed-research-groups\/","title":{"rendered":"iaed-Research Groups"},"content":{"rendered":"\t\t<div data-elementor-type=\"wp-page\" data-elementor-id=\"15533\" class=\"elementor elementor-15533 elementor-15506\">\n\t\t\t\t<div class=\"elementor-element elementor-element-a374240 e-flex e-con-boxed e-con e-parent\" data-id=\"a374240\" data-element_type=\"container\" data-e-type=\"container\">\n\t\t\t\t\t<div class=\"e-con-inner\">\n\t\t\t\t<div class=\"elementor-element elementor-element-3ce645f elementor-widget elementor-widget-heading\" data-id=\"3ce645f\" data-element_type=\"widget\" data-e-type=\"widget\" data-widget_type=\"heading.default\">\n\t\t\t\t<div class=\"elementor-widget-container\">\n\t\t\t\t\t<h3 class=\"elementor-heading-title elementor-size-default\">DESIGNHUB-IST Tasar\u0131m, E\u011fitim ve Uygulama Merkezi<\/h3>\t\t\t\t<\/div>\n\t\t\t\t<\/div>\n\t\t\t\t<div class=\"elementor-element elementor-element-318186c elementor-widget elementor-widget-heading\" data-id=\"318186c\" data-element_type=\"widget\" data-e-type=\"widget\" data-widget_type=\"heading.default\">\n\t\t\t\t<div class=\"elementor-widget-container\">\n\t\t\t\t\t<h5 class=\"elementor-heading-title elementor-size-default\">Prof. Dr. Banu Manav<\/h5>\t\t\t\t<\/div>\n\t\t\t\t<\/div>\n\t\t\t\t<div class=\"elementor-element elementor-element-8a7983b elementor-widget elementor-widget-button\" data-id=\"8a7983b\" data-element_type=\"widget\" data-e-type=\"widget\" data-widget_type=\"button.default\">\n\t\t\t\t<div class=\"elementor-widget-container\">\n\t\t\t\t\t\t\t\t\t<div class=\"elementor-button-wrapper\">\n\t\t\t\t\t<a class=\"elementor-button elementor-button-link elementor-size-sm\" href=\"https:\/\/www.khas.edu.tr\/en\/iaed-designhub-ist-design-training-and-application-center\/\">\n\t\t\t\t\t\t<span class=\"elementor-button-content-wrapper\">\n\t\t\t\t\t\t\t\t\t<span class=\"elementor-button-text\">Detayl\u0131 Bilgi<\/span>\n\t\t\t\t\t<\/span>\n\t\t\t\t\t<\/a>\n\t\t\t\t<\/div>\n\t\t\t\t\t\t\t\t<\/div>\n\t\t\t\t<\/div>\n\t\t\t\t\t<\/div>\n\t\t\t\t<\/div>\n\t\t<div class=\"elementor-element elementor-element-08609ea e-flex e-con-boxed e-con e-parent\" data-id=\"08609ea\" data-element_type=\"container\" data-e-type=\"container\">\n\t\t\t\t\t<div class=\"e-con-inner\">\n\t\t\t\t\t<\/div>\n\t\t\t\t<\/div>\n\t\t\t\t<\/div>\n\t\t","protected":false},"excerpt":{"rendered":"<p>DESIGNHUB-IST Tasar\u0131m, E\u011fitim ve Uygulama Merkezi Prof. Dr. Banu Manav Detayl\u0131 Bilgi<\/p>\n","protected":false},"author":2,"featured_media":0,"parent":0,"menu_order":0,"comment_status":"closed","ping_status":"closed","template":"","meta":{"slim_seo":{"title":"iaed-Research Groups - Kadir Has University","description":"DESIGNHUB-IST Tasar\u0131m, E\u011fitim ve Uygulama Merkezi Prof. Dr. Banu Manav Detayl\u0131 Bilgi"},"footnotes":""},"birimler":[65],"class_list":["post-15533","page","type-page","status-publish","hentry","birimler-iaed"],"_links":{"self":[{"href":"https:\/\/www.khas.edu.tr\/en\/wp-json\/wp\/v2\/pages\/15533","targetHints":{"allow":["GET"]}}],"collection":[{"href":"https:\/\/www.khas.edu.tr\/en\/wp-json\/wp\/v2\/pages"}],"about":[{"href":"https:\/\/www.khas.edu.tr\/en\/wp-json\/wp\/v2\/types\/page"}],"author":[{"embeddable":true,"href":"https:\/\/www.khas.edu.tr\/en\/wp-json\/wp\/v2\/users\/2"}],"replies":[{"embeddable":true,"href":"https:\/\/www.khas.edu.tr\/en\/wp-json\/wp\/v2\/comments?post=15533"}],"version-history":[{"count":5,"href":"https:\/\/www.khas.edu.tr\/en\/wp-json\/wp\/v2\/pages\/15533\/revisions"}],"predecessor-version":[{"id":15539,"href":"https:\/\/www.khas.edu.tr\/en\/wp-json\/wp\/v2\/pages\/15533\/revisions\/15539"}],"wp:attachment":[{"href":"https:\/\/www.khas.edu.tr\/en\/wp-json\/wp\/v2\/media?parent=15533"}],"wp:term":[{"taxonomy":"birimler","embeddable":true,"href":"https:\/\/www.khas.edu.tr\/en\/wp-json\/wp\/v2\/birimler?post=15533"}],"curies":[{"name":"wp","href":"https:\/\/api.w.org\/{rel}","templated":true}]}}