{"id":15501,"date":"2025-04-14T10:39:54","date_gmt":"2025-04-14T07:39:54","guid":{"rendered":"https:\/\/www.khas.edu.tr\/?page_id=15501"},"modified":"2025-04-14T10:57:40","modified_gmt":"2025-04-14T07:57:40","slug":"iaed-publications","status":"publish","type":"page","link":"https:\/\/www.khas.edu.tr\/en\/iaed-publications\/","title":{"rendered":"iaed-Publications"},"content":{"rendered":"\t\t<div data-elementor-type=\"wp-page\" data-elementor-id=\"15501\" class=\"elementor elementor-15501 elementor-15481\">\n\t\t\t\t<div class=\"elementor-element elementor-element-2672cf0 e-flex e-con-boxed e-con e-parent\" data-id=\"2672cf0\" data-element_type=\"container\" data-e-type=\"container\">\n\t\t\t\t\t<div class=\"e-con-inner\">\n\t\t\t\t<div class=\"elementor-element elementor-element-4242459 elementor-widget elementor-widget-n-accordion\" data-id=\"4242459\" data-element_type=\"widget\" data-e-type=\"widget\" data-settings=\"{&quot;default_state&quot;:&quot;expanded&quot;,&quot;max_items_expended&quot;:&quot;one&quot;,&quot;n_accordion_animation_duration&quot;:{&quot;unit&quot;:&quot;ms&quot;,&quot;size&quot;:400,&quot;sizes&quot;:[]}}\" data-widget_type=\"nested-accordion.default\">\n\t\t\t\t<div class=\"elementor-widget-container\">\n\t\t\t\t\t\t\t<div class=\"e-n-accordion\" aria-label=\"Accordion. Open links with Enter or Space, close with Escape, and navigate with Arrow Keys\">\n\t\t\t\t\t\t<details id=\"e-n-accordion-item-6940\" class=\"e-n-accordion-item\" open>\n\t\t\t\t<summary class=\"e-n-accordion-item-title\" data-accordion-index=\"1\" tabindex=\"0\" aria-expanded=\"true\" aria-controls=\"e-n-accordion-item-6940\" >\n\t\t\t\t\t<span class='e-n-accordion-item-title-header'><h5 class=\"e-n-accordion-item-title-text\"> Articles Published in International \/ National Refereed Journals <\/h5><\/span>\n\t\t\t\t\t\t\t<span class='e-n-accordion-item-title-icon'>\n\t\t\t<span class='e-opened' ><svg aria-hidden=\"true\" class=\"e-font-icon-svg e-fas-minus\" viewBox=\"0 0 448 512\" xmlns=\"http:\/\/www.w3.org\/2000\/svg\"><path d=\"M416 208H32c-17.67 0-32 14.33-32 32v32c0 17.67 14.33 32 32 32h384c17.67 0 32-14.33 32-32v-32c0-17.67-14.33-32-32-32z\"><\/path><\/svg><\/span>\n\t\t\t<span class='e-closed'><svg aria-hidden=\"true\" class=\"e-font-icon-svg e-fas-plus\" viewBox=\"0 0 448 512\" xmlns=\"http:\/\/www.w3.org\/2000\/svg\"><path d=\"M416 208H272V64c0-17.67-14.33-32-32-32h-32c-17.67 0-32 14.33-32 32v144H32c-17.67 0-32 14.33-32 32v32c0 17.67 14.33 32 32 32h144v144c0 17.67 14.33 32 32 32h32c17.67 0 32-14.33 32-32V304h144c17.67 0 32-14.33 32-32v-32c0-17.67-14.33-32-32-32z\"><\/path><\/svg><\/span>\n\t\t<\/span>\n\n\t\t\t\t\t\t<\/summary>\n\t\t\t\t<div role=\"region\" aria-labelledby=\"e-n-accordion-item-6940\" class=\"elementor-element elementor-element-059663d e-con-full e-flex e-con e-child\" data-id=\"059663d\" data-element_type=\"container\" data-e-type=\"container\">\n\t\t<div role=\"region\" aria-labelledby=\"e-n-accordion-item-6940\" class=\"elementor-element elementor-element-3f61b76 e-flex e-con-boxed e-con e-child\" data-id=\"3f61b76\" data-element_type=\"container\" data-e-type=\"container\">\n\t\t\t\t\t<div class=\"e-con-inner\">\n\t\t\t\t<div class=\"elementor-element elementor-element-080cae8 elementor-widget elementor-widget-text-editor\" data-id=\"080cae8\" data-element_type=\"widget\" data-e-type=\"widget\" data-widget_type=\"text-editor.default\">\n\t\t\t\t<div class=\"elementor-widget-container\">\n\t\t\t\t\t\t\t\t\t<ul><li>Vishaal Ram, Laura P. Schaposnik, Nikos Konstantinou, Eliz Volkan, Marietta Papadatou-Pastou, Banu Manav, Domicele Jonauskaite, and Christine Mohr, \u2018Extrapolating continuous color emotions through deep learning\u2019, Phys. Rev. Research 2, 033350 \u2013 Published 2 September 2020<\/li><li>2019 K. Saher and B. Karab\u00f6ce; \u201cThe Effect of Reverberation Time and Signal-to-Noise Ratio On Word Recognition Scores By Adults and Children in Classrooms.\u201d Megaron, 14 (3), pg 385-396. (Indexed: Design and Applied Arts Index (DAAI), Avery Index to Architectural Periodicals, in Turkish)<\/li><li>2018 K. Saher; \u201cNoise and Sound in Planning While We are Urbanizing and the Cities are Transforming\u201d Izodergi (Journal of Heat, Water, Sound and Fire Insulation), September- October, Volume 133, pg 44-46. (in Turkish)<\/li><li>2018 K. Saher, D. Karaca and E. T\u00fcrkel; \u201cAuditory Dimension of Urban Planning: Eski\u015fehir.\u201d Mimarl\u0131k, 402 July- August, pg 39-43. (indexed: Design and Applied Arts Index (DAAI), Avery Index, in Turkish)<\/li><li>2017 M. \u00c7etin and K. Saher; \u201cBuilding for Capturing Public Mind through Ears: Evolution of Architectural Typology as a Mechanism of Auditory Deception and Urban Control.\u201d Journal of Civil Engineering and Architecture, Volume 11 (1), pg 67-80.<\/li><li>2016 K. Saher and M. \u00c7etin; \u201cThe Sounds of Crime and Punishment; a Review of Different Prison Types in Regard to Their Binary Soundscapes\u201d. IOSR Journal of Humanities and Social Science (IOSR-JHSS), Volume 21, Issue 11, Ver. 2, pg 57-67.<\/li><li>2016 K. Saher and M. \u00c7etin; \u201cMusic and Performance as Sonic Acts of Political Struggle; Counter Political Soundscapes in Urban Realm.\u201d Sociology Study, June 2016, Vol. 6, No. 6, pg 378-391.<\/li><li>2016 K. \u015eaher; &#8220;Battersea Gas Tanks.&#8221; Yap\u0131 Dergisi, Volume 414: pg 166-169. (indexed: Design and Applied Arts Index (DAAI), in Turkish)<\/li><li>2016 K. \u015eaher; &#8220;Mountain Bike Venue Test Event Noise Assessment London 2012 Olympic and Paralympic Games.&#8221; AKUSTIKA, Volume 25: pg 62-65. (indexed: Scopus)<\/li><li>Demir E., Kepez O., Rifki F. A. (2004)\u00a0<em>Evaluating (Dis) Continuity in Pedestrian Environments:<\/em><br \/><em>Comparison of Two North Carolina State University Campuses.\u00a0<\/em>(Special Issue of Journal of Applied Psychology-Eastern Europe Edition)<\/li><li>\u00a0<\/li><\/ul>\t\t\t\t\t\t\t\t<\/div>\n\t\t\t\t<\/div>\n\t\t\t\t\t<\/div>\n\t\t\t\t<\/div>\n\t\t\t\t<\/div>\n\t\t\t\t\t<\/details>\n\t\t\t\t\t\t<details id=\"e-n-accordion-item-6941\" class=\"e-n-accordion-item\" >\n\t\t\t\t<summary class=\"e-n-accordion-item-title\" data-accordion-index=\"2\" tabindex=\"-1\" aria-expanded=\"false\" aria-controls=\"e-n-accordion-item-6941\" >\n\t\t\t\t\t<span class='e-n-accordion-item-title-header'><h5 class=\"e-n-accordion-item-title-text\"> Books and Book Chapters <\/h5><\/span>\n\t\t\t\t\t\t\t<span class='e-n-accordion-item-title-icon'>\n\t\t\t<span class='e-opened' ><svg aria-hidden=\"true\" class=\"e-font-icon-svg e-fas-minus\" viewBox=\"0 0 448 512\" xmlns=\"http:\/\/www.w3.org\/2000\/svg\"><path d=\"M416 208H32c-17.67 0-32 14.33-32 32v32c0 17.67 14.33 32 32 32h384c17.67 0 32-14.33 32-32v-32c0-17.67-14.33-32-32-32z\"><\/path><\/svg><\/span>\n\t\t\t<span class='e-closed'><svg aria-hidden=\"true\" class=\"e-font-icon-svg e-fas-plus\" viewBox=\"0 0 448 512\" xmlns=\"http:\/\/www.w3.org\/2000\/svg\"><path d=\"M416 208H272V64c0-17.67-14.33-32-32-32h-32c-17.67 0-32 14.33-32 32v144H32c-17.67 0-32 14.33-32 32v32c0 17.67 14.33 32 32 32h144v144c0 17.67 14.33 32 32 32h32c17.67 0 32-14.33 32-32V304h144c17.67 0 32-14.33 32-32v-32c0-17.67-14.33-32-32-32z\"><\/path><\/svg><\/span>\n\t\t<\/span>\n\n\t\t\t\t\t\t<\/summary>\n\t\t\t\t<div role=\"region\" aria-labelledby=\"e-n-accordion-item-6941\" class=\"elementor-element elementor-element-4450fc0 e-con-full e-flex e-con e-child\" data-id=\"4450fc0\" data-element_type=\"container\" data-e-type=\"container\">\n\t\t<div role=\"region\" aria-labelledby=\"e-n-accordion-item-6941\" class=\"elementor-element elementor-element-d40d2bd e-flex e-con-boxed e-con e-child\" data-id=\"d40d2bd\" data-element_type=\"container\" data-e-type=\"container\">\n\t\t\t\t\t<div class=\"e-con-inner\">\n\t\t\t\t<div class=\"elementor-element elementor-element-37a7512 elementor-widget elementor-widget-text-editor\" data-id=\"37a7512\" data-element_type=\"widget\" data-e-type=\"widget\" data-widget_type=\"text-editor.default\">\n\t\t\t\t<div class=\"elementor-widget-container\">\n\t\t\t\t\t\t\t\t\t<ul><li>2015 S. Vergili, F. Ozis, F. Kutluk, C. Calli, K. Saher and T. Kose (2015): &#8220;Chapter 4: Music and Technology Evaluation of Reverberation Time Differences: An FmRi Study.&#8221; In Which Direction Music is Heading? (pg.123-132), Ed: F. Kutluk and U. Turmen, Cambridge: Cambridge Scholars Publishing.<\/li><li>Alper, M. (1992) \u201cAnadolu\u2019da Ev ve \u0130nsanEmlak Bankas\u0131, M. S\u00f6zen &amp; C. Eruzun (ed), Emlak Bankas\u0131, \u0130stanbul 1992 \u201cUrfa Evleri\u201d B\u00f6l\u00fcm\u00fc, s. 267- 276.<\/li><li>Alper, M. (1992) \u201cAnatolian Vernacular Houses\u201d, M. S\u00f6zen &amp; C. Eruzun (ed) Emlakbank, \u0130stanbul 1992, \u201cHouses of Urfa\u201d B\u00f6l\u00fcm\u00fc, s. 267- 276.<\/li><\/ul>\t\t\t\t\t\t\t\t<\/div>\n\t\t\t\t<\/div>\n\t\t\t\t\t<\/div>\n\t\t\t\t<\/div>\n\t\t\t\t<\/div>\n\t\t\t\t\t<\/details>\n\t\t\t\t\t\t<details id=\"e-n-accordion-item-6942\" class=\"e-n-accordion-item\" >\n\t\t\t\t<summary class=\"e-n-accordion-item-title\" data-accordion-index=\"3\" tabindex=\"-1\" aria-expanded=\"false\" aria-controls=\"e-n-accordion-item-6942\" >\n\t\t\t\t\t<span class='e-n-accordion-item-title-header'><h5 class=\"e-n-accordion-item-title-text\"> International Conference Papers <\/h5><\/span>\n\t\t\t\t\t\t\t<span class='e-n-accordion-item-title-icon'>\n\t\t\t<span class='e-opened' ><svg aria-hidden=\"true\" class=\"e-font-icon-svg e-fas-minus\" viewBox=\"0 0 448 512\" xmlns=\"http:\/\/www.w3.org\/2000\/svg\"><path d=\"M416 208H32c-17.67 0-32 14.33-32 32v32c0 17.67 14.33 32 32 32h384c17.67 0 32-14.33 32-32v-32c0-17.67-14.33-32-32-32z\"><\/path><\/svg><\/span>\n\t\t\t<span class='e-closed'><svg aria-hidden=\"true\" class=\"e-font-icon-svg e-fas-plus\" viewBox=\"0 0 448 512\" xmlns=\"http:\/\/www.w3.org\/2000\/svg\"><path d=\"M416 208H272V64c0-17.67-14.33-32-32-32h-32c-17.67 0-32 14.33-32 32v144H32c-17.67 0-32 14.33-32 32v32c0 17.67 14.33 32 32 32h144v144c0 17.67 14.33 32 32 32h32c17.67 0 32-14.33 32-32V304h144c17.67 0 32-14.33 32-32v-32c0-17.67-14.33-32-32-32z\"><\/path><\/svg><\/span>\n\t\t<\/span>\n\n\t\t\t\t\t\t<\/summary>\n\t\t\t\t<div role=\"region\" aria-labelledby=\"e-n-accordion-item-6942\" class=\"elementor-element elementor-element-b26979e e-con-full e-flex e-con e-child\" data-id=\"b26979e\" data-element_type=\"container\" data-e-type=\"container\">\n\t\t<div role=\"region\" aria-labelledby=\"e-n-accordion-item-6942\" class=\"elementor-element elementor-element-f60af71 e-flex e-con-boxed e-con e-child\" data-id=\"f60af71\" data-element_type=\"container\" data-e-type=\"container\">\n\t\t\t\t\t<div class=\"e-con-inner\">\n\t\t\t\t<div class=\"elementor-element elementor-element-01fd10e elementor-widget elementor-widget-text-editor\" data-id=\"01fd10e\" data-element_type=\"widget\" data-e-type=\"widget\" data-widget_type=\"text-editor.default\">\n\t\t\t\t<div class=\"elementor-widget-container\">\n\t\t\t\t\t\t\t\t\t<ul><li>2019 K. Saher; \u201cComparison of Phonetically Balanced Monosyllabic Word Recognition Tests in Adults And Children.\u201d 13th National Acoustic Congress, 17-18 October 2019, Dicle University, Diyarbakir, Turkey, pg 175-186. (in Turkish)<\/li><li>2019 S. Vergili, F. \u00d6zi\u015f and K. \u015eaher; \u201cSpeech Intelligibility as an Acoustic Evaluation Criteria in Hospital Emergency Departments.\u201d 13th National Acoustic Congress, 17-18 October 2019, Dicle University, Diyarbakir,Turkey, pg 165-173. (in Turkish)<\/li><li>2019 N. Balkir, K. Saher, and G. Mihci; \u201cBlending Science and Art: An Educational Perspective.\u201d EDULEARN19 Conference 1-3 July 2019, Palma, Mallorca, Spain, pg 1283-1288.<\/li><li>2019 K. Saher; \u201cLondon 2012 Noise Control of Greenwich Park Equestrian Event\u201d 14th National Service Engineering Congress, 17-20 April 2019, \u0130zmir, Turkey, pg 1702-1711. (in Turkish)<\/li><li>2018 K. Saher; \u201cRain Noise Sound Intensity Testing \u2013 London 2012 Olympics International Broadcasting Centre Case Study.\u201d 8th Congress of the Alps Adria Acoustics Association 20-21 September 2018, Zagreb, Croatia, pg 154-157.<\/li><li>2018 K. Saher; \u201cAcoustic Comfort Evaluation in Dining Halls &#8211; A Case Study.\u201d 3rd National Building Physics and Environmental Control Congress, 10-11 June 2018, \u0130stanbul Technical University, Ta\u015fk\u0131\u015fla, \u0130stanbul, Turkey, pg 123-130. (in Turkish)<\/li><li>2018 K. Saher; \u201cRain Impact Sound Insulation of London 2012 Olympics International Broadcasting Centre Roof \u201d 9th National Roof and Facade Conference, 12-13 April 2018, \u0130stanbul K\u00fclt\u00fcr University, \u0130stanbul, Turkey, pg 213-219. (in Turkish)<\/li><li>2017 K. Saher and Y. Ozgencil; \u201cAssessment of Auralizations in Music Practice Rooms for Piano and Guitar.\u201d 12th National Acoustic Congress, 14-15 September 2017, \u0130zmir Institute of Technology, Urla, \u0130zmir, Turkey. (in Turkish)<\/li><li>2017 K. Saher, B. Karaboce and S. Nas; \u201cAuralization of Phonetically Balanced Monosyllabic Word Lists in Classroom Acoustics.\u201d 12th National Acoustic Congress, 14-15 September 2017, \u0130zmir Institute of Technology, Urla, \u0130zmir, Turkey. (in Turkish)<\/li><li>2017 K. Saher, S. Nas, B. Karaboce, C. K\u0131rbas and E. Bilgic; \u201cComparison of Measurement and Simulation Values in the Reverberation Chamber.\u201d 12th National Acoustic Congress, 14-15 September 2017, \u0130zmir Institute of Technology, Urla, \u0130zmir, Turkey. (in Turkish)<\/li><li>2017 K. Saher and Y. Ozgencil; \u201cAssessment of Auralizations of Piano and Guitar for Music Practice Rooms.\u201d Proceedings of the 2017 International Symposium on Musical Acoustics, 18-22 June 2017, Montreal, Canada, pg 129-132.<\/li><li>2017 K. Saher and G. Mih\u00e7i; \u201cAuditory Exploration of Derinkuyu Underground City Cappadocia Turkey.\u201d Invisible Places 2017 Sound, Urbanism and Sense of Place, 7-9 April 2017, Sao Miguel Island, Azores, Portugal, pg 396-403.<\/li><li>2016 K. Saher, S. Nas, B. Karaboce, C. K\u0131rbas and E. Bilgic; \u201cRoom Acoustic Modelling Of a Reverberation Chamber.\u201d INTERNOISE 2016 45th International Congress and Exposition of Noise Control Engineering, 21.08.2016-24.08.2016, Hamburg, pg 1043-1049.<\/li><li>2016 K. Saher and B. Karab\u00f6ce; \u201cAuralizations Of Monosyllabic Word Lists for Hearing Impaired Students &#8211; A Preliminary Study.\u201d Euroregio 2016 9th Iberian Acoustic Congress 13-15 June 2016, Porto.<\/li><li>2016 K. Saher; \u201cLondon 2012 Olympic Equestrian Event Environmental Noise Assessment\u201d 2nd National Building Physics and Environmental Control Congress, 4-5 June 2016, \u0130stanbul Technical University, Ta\u015fk\u0131\u015fla, \u0130stanbul, Turkey. (in Turkish)<\/li><li>2015 K. Saher, D. Karaca, E. Turkel and A. Stimac; \u201cStrategic noise mapping of Eski\u015fehir pilot area\u201d. 11th National Acoustic Congress, 21-22 October 2015, \u0130stanbul, Turkey. (in Turkish)<\/li><li>2015 Y. Ozgencil and K. Saher; \u201cAssessment of Acoustic Properties of Rehearsal Rooms in Conservatories.\u201d 11th National Acoustic Congress, 21-22 October 2015, \u0130stanbul, Turkey. (in Turkish)<\/li><li>2015 K. Saher and A. Medley; \u201cBattersea Gas Holders Demolition Works Environmental Noise Impacts Study.\u201d ICOEST International Conference on Environmental Science and Technology 09-13 September 2015, Sarajevo.<\/li><li>2014 K. \u015eaher and B. Cahill; \u201cLondon 2012 Olympic and Paralympic Games \u2013 Acoustic Design Aspects of Temporary Venues\u201d, Forum Acusticum, Krakow, Poland, 7-12 December, 2014.<\/li><li>2014 K. \u015eaher, L. Nijs and T. Hordijk; \u201cAcoustic Design Guidelines for Adults with Intellectual Disability\u201d, Forum Acusticum, Krakow, Poland, 7-12 December, 2014.<\/li><li>2017 K. Saher and B. Karaboce; \u201cAssessment of Auralizations of Monosyllabic Words for Hearing Impaired Students.\u201d Acoustics \u201917, 173rd Meeting of the Acoustical Society of America and the 8th Forum Acusticum, 25-29 June 2017, Boston, USA.<\/li><li>2015 K. Saher and M. Cetin; \u201cBinary Soundscapes of Prisons.\u201d Soundscapes and Sonic Cultures in America, 42nd AAAS Conference, 6-8 November 2015, Graz, Austria.<\/li><li>2015 K. Saher and G. Mihci; \u201cExploration of Sonic Ecology of Derinkuyu Underground City in Turkey.\u201d ARCHEOACOUSTICS II, Second International Interdisciplinary Conference on the Archaeology of Sound, 30, 31 October and 1 November 2015, \u0130stanbul Technical University, Turkey.<\/li><li>Kepez, O., (2005)\u00a0<em>Environment and Gerontology: Evaluation of Environment and Behavior<\/em>\u00a0<em>Theories in Aging and Their Potential Applications for Turkey<\/em>\u00a0Symposium Book of 1<sup>st<\/sup>\u00a0International Gerontology Symposium, Antalya,Turkey May 10-12, 2005.<\/li><li>Demir E., Kepez O., Rifki F.A.(2004)\u00a0<em>(Dis)Continuities\u00a0<\/em>of Space:\u00a0<em>An Evaluation of Continuity in a Pedestrian Environment at North Carolina State University Centennial Campus<\/em>. Proceedings of ARCC-EAAE International Conference in Dublin, Ireland, June 4-8, 2004.<\/li><li>Kepez, O. (2011) DesignHEALS Project Part I: Introduction of a Field-Based Salutogenic Assessment Instrument for Assisted Living Facilities. p:303. In Proceedings of the 42nd Annual Conference of the Environmental Design Research Association. Eds: D. Mittleman and D. Middleton. Chicago: May 25-28. ISBN: 978-1-257-76543-0<\/li><li>Kepez, O. (2011) Tracking the Findings of Literature on Healing Environments in Traditional Anatolian Hospitals. p:303. In Proceedings of the 42nd Annual Conference of the Environmental Design Research Association. Eds: D. Mittleman and D. Middleton. Chicago: May 25-28. ISBN: 978-1-257-76543-0<\/li><li>Altinba\u015fak, E.; Kepez, O. (2011) Designing Active Playgrounds for Schools through Participatory Design.p:249. In Proceedings of the 42nd Annual Conference of the Environmental Design Research Association. Eds: D. Mittleman and D. Middleton. Chicago: May 25-28. ISBN: 978-1-257-76543-0<\/li><li>Kepez, O. (2010) An environmental assessment for small-scale home-like long term care settings.In\u00a0<em>Proceedings of 41<sup>st<\/sup>\u00a0Environmental Design Research Association Conference (EDRA 41: Policy and Environment, June 2-6 Washington DC)<\/em>, edited by Meldrena Chapin. p 192.\u00a0 Oklahoma: EDRA. ISBN 978-0-9827851-1-9.<\/li><li>Kepez, O. (2010) Use of Geographical Information and Global Positioning Systems during Field Data Collection: Issues, Challenges and Opportunities in Observation and Environmental Assessment of Assisted Living Facilities. In\u00a0<em>Proceedings of 41<sup>st<\/sup>\u00a0Environmental Design Research Association Conference (EDRA 41: Policy and Environment, June 2-6 Washington DC)<\/em>, edited by Meldrena Chapin. p 194.\u00a0 Oklahoma: EDRA. ISBN 978-0-9827851-1-9.<\/li><li>Kepez, O. (2010) Use of Behavior Mapping and Space Syntax Methods Inform Design of a Museum Path Located in University Building: Case Study of Rezan Has Museum in Kadir Has University. In<em>Proceedings of 41<sup>st<\/sup>\u00a0Environmental Design Research Association Conference (EDRA 41: Policy and Environment, June 2-6 Washington DC)<\/em>, edited by Meldrena Chapin. p 252.\u00a0 Oklahoma: EDRA. ISBN 978-0-9827851-1-9.<\/li><li>Kepez, O. \u201cDoes Location of the Day Room a Make Difference in Daily Lives of the Adult Care Home Residents?\u201d Abstract published, Environmental Design Research Association International Conference, Atlanta, GA, May 3-7, 2006.<\/li><li>Kepez, O. \u201cData Collection in Diverse Populations: Comparison of Two Instruments.\u201d Abstract published and paper presented, Environmental Design Research Association International Conference,Vancouver, Canada, April 27 &#8211; May 1, 2005.<\/li><li>Kepez, O. and Tector, O.J. \u201cExploring Universal Design Principles in a Single Family Detached House: Through an Objective Instrument Design.\u201d Environmental Design Research Association International Conference, Vancouver, Canada, April 27 &#8211; May 1, 2005.<\/li><li>Kepez, O. \u201cEffect of Diversity of Background among Architecture Students on Perception of High &amp; Popular Style Houses.\u201d Environmental Design Research Association International Conference, Vancouver, Canada, April 27 &#8211; May 1, 2005.<\/li><li>Kepez O. \u201cCross-Cultural Meaning of Architect and Non-Architect Designed Houses.\u201dEnvironmental Design Research Association International Conference, Albuquerque, NM, June 2-6, 2004.<\/li><li>Kepez O. and Demir E. \u201cThe Housing Preferences of Students Who Share Their Houses with Roommate(s): A Case Study in Student Housing Neighborhoods in NC.\u201d Environmental Design Research Association International Conference, Albuquerque, NM, June 2-6, 2004.<\/li><li>Kepez O. and Demir E. \u201cMy Home or My Shared House: The Housing Preferences of Students Who Share Their Houses with Roommate(s).\u201d International Association for People-Environment Studies International Conference, Vienna, Austria, July 7-10, 2004.<\/li><li>Kepez O. and Demir E. \u201cA Spatial Approach to Equity: Analysis of Resource Distribution at<br \/>NCSU Campus.\u201d International Association for People-Environment Studies International Conference, Vienna, Austria, July 7-10, 2004.<\/li><li>Demir E. and Kepez O. \u201cA Study on the Role of Densit(ies) on Perceived Neighborhood Quality: Case of Off-campus Student Housing Neighborhoods in North Carolina, USA.\u201d International Association for People-Environment Studies International Conference, Vienna, Austria, July 7-10, 2004.<\/li><li>Demir E. and Kepez O. \u201cThe (R)Evolution of the concept of Sustainability: An Analysis of Definitions and Indicators of Sustainability\u201d. International Association for People-Environment Studies International Conference, Vienna, Austria, July 7-10, 2004.<\/li><li>Demir E., Kepez O., and Rifki F.A. \u201cEvaluating (Dis) Continuity in Pedestrian Environments: Comparison of Two North Carolina State University Campuses\u201d. International Association for People-Environment Studies International Conference, Vienna, Austria, July 7-10, 2004.<\/li><li>Kepez, O. and Zengin, F. \u201cA Project Proposal for Redesigning Schoolyards for After-School<br \/>Playgrounds.\u201d 1st International Symposium on Children, Istanbul, Turkey, June 26-27, 2000.<\/li><\/ul>\t\t\t\t\t\t\t\t<\/div>\n\t\t\t\t<\/div>\n\t\t\t\t\t<\/div>\n\t\t\t\t<\/div>\n\t\t\t\t<\/div>\n\t\t\t\t\t<\/details>\n\t\t\t\t\t<\/div>\n\t\t\t\t\t\t<\/div>\n\t\t\t\t<\/div>\n\t\t\t\t\t<\/div>\n\t\t\t\t<\/div>\n\t\t\t\t<\/div>\n\t\t","protected":false},"excerpt":{"rendered":"<p>Articles Published in International \/ National Refereed Journals Vishaal Ram, Laura P. Schaposnik, Nikos Konstantinou, Eliz Volkan, Marietta Papadatou-Pastou, Banu Manav, Domicele Jonauskaite, and Christine Mohr, \u2018Extrapolating continuous color emotions through deep learning\u2019, Phys. Rev. Research 2, 033350 \u2013 Published 2 September 2020 2019 K. Saher and B. Karab\u00f6ce; \u201cThe Effect of Reverberation Time and [&hellip;]<\/p>\n","protected":false},"author":2,"featured_media":0,"parent":0,"menu_order":0,"comment_status":"closed","ping_status":"closed","template":"","meta":{"slim_seo":{"title":"iaed-Publications - Kadir Has University","description":"Articles Published in International \/ National Refereed Journals Vishaal Ram, Laura P. Schaposnik, Nikos Konstantinou, Eliz Volkan, Marietta Papadatou-Pastou, B"},"footnotes":""},"birimler":[65],"class_list":["post-15501","page","type-page","status-publish","hentry","birimler-iaed"],"_links":{"self":[{"href":"https:\/\/www.khas.edu.tr\/en\/wp-json\/wp\/v2\/pages\/15501","targetHints":{"allow":["GET"]}}],"collection":[{"href":"https:\/\/www.khas.edu.tr\/en\/wp-json\/wp\/v2\/pages"}],"about":[{"href":"https:\/\/www.khas.edu.tr\/en\/wp-json\/wp\/v2\/types\/page"}],"author":[{"embeddable":true,"href":"https:\/\/www.khas.edu.tr\/en\/wp-json\/wp\/v2\/users\/2"}],"replies":[{"embeddable":true,"href":"https:\/\/www.khas.edu.tr\/en\/wp-json\/wp\/v2\/comments?post=15501"}],"version-history":[{"count":4,"href":"https:\/\/www.khas.edu.tr\/en\/wp-json\/wp\/v2\/pages\/15501\/revisions"}],"predecessor-version":[{"id":15505,"href":"https:\/\/www.khas.edu.tr\/en\/wp-json\/wp\/v2\/pages\/15501\/revisions\/15505"}],"wp:attachment":[{"href":"https:\/\/www.khas.edu.tr\/en\/wp-json\/wp\/v2\/media?parent=15501"}],"wp:term":[{"taxonomy":"birimler","embeddable":true,"href":"https:\/\/www.khas.edu.tr\/en\/wp-json\/wp\/v2\/birimler?post=15501"}],"curies":[{"name":"wp","href":"https:\/\/api.w.org\/{rel}","templated":true}]}}