{"id":15464,"date":"2025-04-14T10:25:48","date_gmt":"2025-04-14T07:25:48","guid":{"rendered":"https:\/\/www.khas.edu.tr\/?page_id=15464"},"modified":"2025-05-29T10:03:44","modified_gmt":"2025-05-29T07:03:44","slug":"iaed-industrial-partnerships","status":"publish","type":"page","link":"https:\/\/www.khas.edu.tr\/en\/iaed-industrial-partnerships\/","title":{"rendered":"iaed-Industrial Partnerships"},"content":{"rendered":"\t\t<div data-elementor-type=\"wp-page\" data-elementor-id=\"15464\" class=\"elementor elementor-15464 elementor-15434\">\n\t\t\t\t<div class=\"elementor-element elementor-element-42bf49a e-flex e-con-boxed e-con e-parent\" data-id=\"42bf49a\" data-element_type=\"container\" data-e-type=\"container\">\n\t\t\t\t\t<div class=\"e-con-inner\">\n\t\t\t\t<div class=\"elementor-element elementor-element-5ce2e25 elementor-widget elementor-widget-heading\" data-id=\"5ce2e25\" data-element_type=\"widget\" data-e-type=\"widget\" data-widget_type=\"heading.default\">\n\t\t\t\t<div class=\"elementor-widget-container\">\n\t\t\t\t\t<h2 class=\"elementor-heading-title elementor-size-default\">Current Sectoral Collaborations (2024-25 \/PROJECT-BASED EDUCATION)<\/h2>\t\t\t\t<\/div>\n\t\t\t\t<\/div>\n\t\t\t\t\t<\/div>\n\t\t\t\t<\/div>\n\t\t<div class=\"elementor-element elementor-element-409f705 e-flex e-con-boxed e-con e-parent\" data-id=\"409f705\" data-element_type=\"container\" data-e-type=\"container\">\n\t\t\t\t\t<div class=\"e-con-inner\">\n\t\t\t\t<div class=\"elementor-element elementor-element-65639a3 elementor-widget elementor-widget-text-editor\" data-id=\"65639a3\" data-element_type=\"widget\" data-e-type=\"widget\" data-widget_type=\"text-editor.default\">\n\t\t\t\t<div class=\"elementor-widget-container\">\n\t\t\t\t\t\t\t\t\t<ul><li>ABRA Design Studio<\/li><li>ALFA | BIM SOLUTIONS<\/li><li>Alt\u0131parmak Mimarl\u0131k<\/li><li>Avc\u0131 Mimarl\u0131k<\/li><li>Barn Mimarl\u0131k<\/li><li>DAIKIN<\/li><li>Dodofis Mimarl\u0131k<\/li><li>FGA Mimarl\u0131k<\/li><li>G\u00f6nye Tasar\u0131m<\/li><li>HAfele<\/li><li>\u0130BB Bas\u0131n Dan\u0131\u015fmanl\u0131\u011f\u0131<\/li><li>Kilsan<\/li><li>Kolektif House\u00a0<\/li><li>LINE LIGHTING<\/li><li>Mansouri Mimarlik<\/li><li>Myconom<\/li><li>Radicon Yap\u0131<\/li><li>SERANIT<\/li><li>TASARIMHANE<\/li><li>TONER M\u0130MARLIK<\/li><li>Zeynep Fad\u0131ll\u0131o\u011flu Design<\/li><li><strong><u>\u00a0<\/u><\/strong><\/li><\/ul>\t\t\t\t\t\t\t\t<\/div>\n\t\t\t\t<\/div>\n\t\t\t\t\t<\/div>\n\t\t\t\t<\/div>\n\t\t\t\t<\/div>\n\t\t","protected":false},"excerpt":{"rendered":"<p>Current Sectoral Collaborations (2024-25 \/PROJECT-BASED EDUCATION) ABRA Design Studio ALFA | BIM SOLUTIONS Alt\u0131parmak Mimarl\u0131k Avc\u0131 Mimarl\u0131k Barn Mimarl\u0131k DAIKIN Dodofis Mimarl\u0131k FGA Mimarl\u0131k G\u00f6nye Tasar\u0131m HAfele \u0130BB Bas\u0131n Dan\u0131\u015fmanl\u0131\u011f\u0131 Kilsan Kolektif House\u00a0 LINE LIGHTING Mansouri Mimarlik Myconom Radicon Yap\u0131 SERANIT TASARIMHANE TONER M\u0130MARLIK Zeynep Fad\u0131ll\u0131o\u011flu Design \u00a0<\/p>\n","protected":false},"author":2,"featured_media":0,"parent":0,"menu_order":0,"comment_status":"closed","ping_status":"closed","template":"","meta":{"slim_seo":{"title":"iaed-Industrial Partnerships - Kadir Has University","description":"Current Sectoral Collaborations (2024-25 \/PROJECT-BASED EDUCATION) ABRA Design Studio ALFA | BIM SOLUTIONS Alt\u0131parmak Mimarl\u0131k Avc\u0131 Mimarl\u0131k Barn Mimarl\u0131k DAIKI"},"footnotes":""},"birimler":[65],"class_list":["post-15464","page","type-page","status-publish","hentry","birimler-iaed"],"_links":{"self":[{"href":"https:\/\/www.khas.edu.tr\/en\/wp-json\/wp\/v2\/pages\/15464","targetHints":{"allow":["GET"]}}],"collection":[{"href":"https:\/\/www.khas.edu.tr\/en\/wp-json\/wp\/v2\/pages"}],"about":[{"href":"https:\/\/www.khas.edu.tr\/en\/wp-json\/wp\/v2\/types\/page"}],"author":[{"embeddable":true,"href":"https:\/\/www.khas.edu.tr\/en\/wp-json\/wp\/v2\/users\/2"}],"replies":[{"embeddable":true,"href":"https:\/\/www.khas.edu.tr\/en\/wp-json\/wp\/v2\/comments?post=15464"}],"version-history":[{"count":4,"href":"https:\/\/www.khas.edu.tr\/en\/wp-json\/wp\/v2\/pages\/15464\/revisions"}],"predecessor-version":[{"id":22537,"href":"https:\/\/www.khas.edu.tr\/en\/wp-json\/wp\/v2\/pages\/15464\/revisions\/22537"}],"wp:attachment":[{"href":"https:\/\/www.khas.edu.tr\/en\/wp-json\/wp\/v2\/media?parent=15464"}],"wp:term":[{"taxonomy":"birimler","embeddable":true,"href":"https:\/\/www.khas.edu.tr\/en\/wp-json\/wp\/v2\/birimler?post=15464"}],"curies":[{"name":"wp","href":"https:\/\/api.w.org\/{rel}","templated":true}]}}