{"id":15183,"date":"2025-04-10T13:37:33","date_gmt":"2025-04-10T10:37:33","guid":{"rendered":"https:\/\/www.khas.edu.tr\/?page_id=15183"},"modified":"2025-06-18T08:46:40","modified_gmt":"2025-06-18T05:46:40","slug":"itf-working-papers","status":"publish","type":"page","link":"https:\/\/www.khas.edu.tr\/en\/itf-working-papers\/","title":{"rendered":"Working Papers"},"content":{"rendered":"\t\t<div data-elementor-type=\"wp-page\" data-elementor-id=\"15183\" class=\"elementor elementor-15183 elementor-15178\">\n\t\t\t\t<div class=\"elementor-element elementor-element-575415e e-flex e-con-boxed e-con e-parent\" data-id=\"575415e\" data-element_type=\"container\" data-e-type=\"container\">\n\t\t\t\t\t<div class=\"e-con-inner\">\n\t\t\t\t<div class=\"elementor-element elementor-element-9819456 elementor-widget elementor-widget-text-editor\" data-id=\"9819456\" data-element_type=\"widget\" data-e-type=\"widget\" data-widget_type=\"text-editor.default\">\n\t\t\t\t<div class=\"elementor-widget-container\">\n\t\t\t\t\t\t\t\t\t<h2><strong>2022<\/strong><\/h2><ul><li><strong>&#8220;<\/strong>PINstimation: An R package for estimating models of probability of informed trading&#8221;, Montasser Ghachem and <strong>Oguz Ersan<\/strong>\u00a0<\/li><\/ul><p><a href=\"https:\/\/papers.ssrn.com\/sol3\/papers.cfm?abstract_id=4117946\">https:\/\/papers.ssrn.com\/sol3\/papers.cfm?abstract_id=4117946<\/a>\u00a0<\/p><ul><li>&#8220;Identifying information types in probability of informed trading (PIN) models: An improved algorithm&#8221;, Montasser Ghachem and <strong>Oguz Ersan<\/strong>\u00a0<\/li><\/ul><p><a href=\"https:\/\/papers.ssrn.com\/sol3\/papers.cfm?abstract_id=4117956\">https:\/\/papers.ssrn.com\/sol3\/papers.cfm?abstract_id=4117956<\/a>\u00a0<\/p><ul><li>&#8220;Estimation of the probability of informed trading models via an expectation-conditional maximization algorithm&#8221;, Montasser Ghachem and <strong>Oguz Ersan<\/strong>\u00a0<\/li><\/ul><p><a href=\"https:\/\/papers.ssrn.com\/sol3\/papers.cfm?abstract_id=4117952\">https:\/\/papers.ssrn.com\/sol3\/papers.cfm?abstract_id=4117952<\/a>\u00a0<\/p><ul><li>&#8220;A methodological approach to the computational problems in the estimation of adjusted PIN model&#8221;, <strong>Oguz Ersan<\/strong> and Montasser Ghachem<\/li><\/ul><p><a href=\"https:\/\/papers.ssrn.com\/sol3\/papers.cfm?abstract_id=4117954\">https:\/\/papers.ssrn.com\/sol3\/papers.cfm?abstract_id=4117954<\/a>\u00a0<\/p><ul><li>&#8220;ESG activity and bank lending during financial crises&#8221;, <strong>Gamze Ozturk Danisman<\/strong> and Amine Tarazi<\/li><\/ul><p><a href=\"https:\/\/papers.ssrn.com\/sol3\/papers.cfm?abstract_id=4013766\">https:\/\/papers.ssrn.com\/sol3\/papers.cfm?abstract_id=4013766<\/a><\/p><ul><li>\u201cAdverse selection in cryptocurrency markets\u201d, <strong>Murat Tini\u00e7<\/strong>, Ahmet \u015eensoy, Erdinc Akyildirim, Shaen Corbet<\/li><\/ul><p><a href=\"https:\/\/papers.ssrn.com\/sol3\/papers.cfm?abstract_id=4175306\">https:\/\/papers.ssrn.com\/sol3\/papers.cfm?abstract_id=4175306<\/a><\/p><ul><li>\u201cInformation Shocks and the Cross-section of Expected Returns\u201d, Tanseli Savaser, <strong>Murat Tini\u00e7<\/strong><\/li><\/ul><p><a href=\"https:\/\/papers.ssrn.com\/sol3\/papers.cfm?abstract_id=4152244\">https:\/\/papers.ssrn.com\/sol3\/papers.cfm?abstract_id=4152244<\/a><\/p><ul><li>\u201cBroker Network Connectivity and the Cross-Section of Expected Stock Returns\u201d, <strong>Murat Tini\u00e7,<\/strong> Ahmet \u015eensoy, Muge Demir, Duc Khuong Nguyen<\/li><\/ul><p><a href=\"https:\/\/papers.ssrn.com\/sol3\/papers.cfm?abstract_id=4066241\">https:\/\/papers.ssrn.com\/sol3\/papers.cfm?abstract_id=4066241<\/a><\/p><ul><li>Proprietary Trading and the Information Advantage of Brokers in Order-Driven Markets\u201d, <strong>Murat Tini\u00e7,<\/strong> Tanseli Savaser, Asl\u0131han Salih<\/li><\/ul><p><a href=\"https:\/\/papers.ssrn.com\/sol3\/papers.cfm?abstract_id=4152249\">https:\/\/papers.ssrn.com\/sol3\/papers.cfm?abstract_id=4152249<\/a><\/p>\t\t\t\t\t\t\t\t<\/div>\n\t\t\t\t<\/div>\n\t\t\t\t\t<\/div>\n\t\t\t\t<\/div>\n\t\t<div class=\"elementor-element elementor-element-4be01d0 e-flex e-con-boxed e-con e-parent\" data-id=\"4be01d0\" data-element_type=\"container\" data-e-type=\"container\">\n\t\t\t\t\t<div class=\"e-con-inner\">\n\t\t\t\t<div class=\"elementor-element elementor-element-f7466d5 elementor-widget elementor-widget-text-editor\" data-id=\"f7466d5\" data-element_type=\"widget\" data-e-type=\"widget\" data-widget_type=\"text-editor.default\">\n\t\t\t\t<div class=\"elementor-widget-container\">\n\t\t\t\t\t\t\t\t\t<h2><strong>2021<\/strong><\/h2><ul><li>&#8220;Economic Consequences of Demographic Engineering : Turkey and WWI&#8221;, Ay\u00e7a Akar\u00e7ay, <b>Nurhan Davutyan<\/b> and Sezgin Polat<\/li><\/ul><p><a href=\"https:\/\/papers.ssrn.com\/sol3\/papers.cfm?abstract_id=3828518\">https:\/\/papers.ssrn.com\/sol3\/papers.cfm?abstract_id=3828518<\/a><\/p><ul><li>&#8220;The Penetration of European Banking into Ottoman Lands during the Second Half of the Nineteenth Century&#8221;, <strong>Nurhan Davutyan<\/strong><\/li><\/ul><p><a href=\"https:\/\/papers.ssrn.com\/sol3\/papers.cfm?abstract_id=3919715\">https:\/\/papers.ssrn.com\/sol3\/papers.cfm?abstract_id=3919715<\/a><\/p><ul><li>&#8220;Ottoman Commercial Agriculture and Its Determinants on the Eve of World War One&#8221;, <b>Nurhan Davutyan<\/b>, Hasan Tekg\u00fc\u00e7, Elmas Yald\u0131z Hanedar and Avni \u00d6nder Hanedar<\/li><\/ul><p><a href=\"https:\/\/papers.ssrn.com\/sol3\/papers.cfm?abstract_id=3884434\">https:\/\/papers.ssrn.com\/sol3\/papers.cfm?abstract_id=3884434<\/a><\/p><ul><li>&#8220;High-Frequency Trading and its Impact on Market Liquidity: A Review of Literature&#8221;, <b>Oguz Ersan<\/b>, <a href=\"https:\/\/papers.ssrn.com\/sol3\/cf_dev\/AbsByAuth.cfm?per_id=4533064\">Nihan Dalgic<\/a>,\u00a0<a href=\"https:\/\/papers.ssrn.com\/sol3\/cf_dev\/AbsByAuth.cfm?per_id=2723747\">Cumhur Ekinci<\/a>\u00a0and\u00a0<a href=\"https:\/\/papers.ssrn.com\/sol3\/cf_dev\/AbsByAuth.cfm?per_id=4533065\">Mehmet Bodur<\/a><\/li><\/ul><p><a href=\"https:\/\/papers.ssrn.com\/sol3\/papers.cfm?abstract_id=3756596\">https:\/\/papers.ssrn.com\/sol3\/papers.cfm?abstract_id=3756596<\/a><\/p><ul><li>Economic Policy Uncertainty and Bank Stability&#8221;, <strong>Gamze Ozturk Danisman<\/strong> and Amine Tarazi<\/li><\/ul><p><a href=\"https:\/\/papers.ssrn.com\/sol3\/papers.cfm?abstract_id=3855469\">https:\/\/papers.ssrn.com\/sol3\/papers.cfm?abstract_id=3855469<\/a><\/p><ul><li>&#8220;Contagion of Fear: Is the Impact of COVID-19 on Sovereign Risk Really Indiscriminate?&#8221; Serhan Cevik and <strong>Belma Ozturkkal<\/strong><\/li><\/ul><p><a href=\"https:\/\/papers.ssrn.com\/sol3\/papers.cfm?abstract_id=3772467\">https:\/\/papers.ssrn.com\/sol3\/papers.cfm?abstract_id=3772467<\/a><\/p><ul><li>&#8220;Colonial Pathways, Access to Finance and Firm Performance&#8221;, <strong>Asli Togan Egrican<\/strong> and Lawrence Ngalim<\/li><\/ul><p><a href=\"https:\/\/papers.ssrn.com\/sol3\/papers.cfm?abstract_id=3942356\">https:\/\/papers.ssrn.com\/sol3\/papers.cfm?abstract_id=3942356<\/a><\/p>\t\t\t\t\t\t\t\t<\/div>\n\t\t\t\t<\/div>\n\t\t\t\t\t<\/div>\n\t\t\t\t<\/div>\n\t\t<div class=\"elementor-element elementor-element-db74b27 e-flex e-con-boxed e-con e-parent\" data-id=\"db74b27\" data-element_type=\"container\" data-e-type=\"container\">\n\t\t\t\t\t<div class=\"e-con-inner\">\n\t\t\t\t<div class=\"elementor-element elementor-element-2c86e04 elementor-widget elementor-widget-text-editor\" data-id=\"2c86e04\" data-element_type=\"widget\" data-e-type=\"widget\" data-widget_type=\"text-editor.default\">\n\t\t\t\t<div class=\"elementor-widget-container\">\n\t\t\t\t\t\t\t\t\t<h2><strong>2020<\/strong><\/h2><ul><li>&#8220;The Speed of Stock Price Adjustment to Corporate Announcements: Insights from Turkey&#8221;, <b>Oguz Ersan<\/b>, Serif Aziz Simsir, Koray D. Simsek and Afan Hasan<\/li><\/ul><p><a href=\"https:\/\/papers.ssrn.com\/sol3\/papers.cfm?abstract_id=3733475\">https:\/\/papers.ssrn.com\/sol3\/papers.cfm?abstract_id=3733475<\/a><\/p><ul><li>&#8220;Banking Sector Reactions to the COVID-19: The Role of Bank-Specific Factors and Government Policy Responses&#8221;, Ender Demir and <b>Gamze Ozturk Danisman<\/b><\/li><\/ul><p><a href=\"https:\/\/papers.ssrn.com\/sol3\/papers.cfm?abstract_id=3628261\">https:\/\/papers.ssrn.com\/sol3\/papers.cfm?abstract_id=3628261<\/a><\/p><ul><li>&#8220;The Effect of Pandemics on Domestic Credit: A Cross-country Analysis&#8221;, <b>Gamze Ozturk Danisman<\/b> and Ender Demir<\/li><\/ul><p><a href=\"https:\/\/papers.ssrn.com\/sol3\/papers.cfm?abstract_id=3610785\">https:\/\/papers.ssrn.com\/sol3\/papers.cfm?abstract_id=3610785<\/a><\/p><ul><li>&#8220;The Impact of Economic Uncertainty and Geopolitical Risks on Bank Credit: Evidence from Emerging Economies&#8221;, Ender Demir and <strong>Gamze Ozturk Danisman<\/strong><\/li><\/ul><p><a href=\"https:\/\/papers.ssrn.com\/sol3\/papers.cfm?abstract_id=3647157\">https:\/\/papers.ssrn.com\/sol3\/papers.cfm?abstract_id=3647157<\/a><\/p><ul><li>Economic Uncertainty and Bank Stability: Conventional vs. Islamic Banking&#8221;, Mehmet Huseyin Bilgin, <strong>Gamze Ozturk Danisman<\/strong>, Ender Demir and Amine Tarazi<\/li><\/ul><p><a href=\"https:\/\/papers.ssrn.com\/sol3\/papers.cfm?abstract_id=3708098\">https:\/\/papers.ssrn.com\/sol3\/papers.cfm?abstract_id=3708098<\/a><\/p><ul><li>&#8220;Financial Inclusion and Bank Stability: Evidence from Europe&#8221;, <b>Gamze Ozturk Danisman<\/b> and <a href=\"https:\/\/papers.ssrn.com\/sol3\/cf_dev\/AbsByAuth.cfm?per_id=454624\">Amine Tarazi<\/a><\/li><\/ul><p><a href=\"https:\/\/papers.ssrn.com\/sol3\/papers.cfm?abstract_id=3610453\">https:\/\/papers.ssrn.com\/sol3\/papers.cfm?abstract_id=3610453<\/a><\/p><ul><li>&#8220;Loan Loss Provisioning of US Banks: Economic Policy Uncertainty and Discretionary Behavior&#8221;, <strong>Gamze Ozturk Danisman,<\/strong> Ender Demir and Peterson K Ozili<\/li><\/ul><p><a href=\"https:\/\/papers.ssrn.com\/sol3\/papers.cfm?abstract_id=3610761\">https:\/\/papers.ssrn.com\/sol3\/papers.cfm?abstract_id=3610761<\/a><\/p><ul><li>&#8220;Bank Credit in Uncertain Times: Islamic vs. Conventional Banks&#8221;, Mehmet Huseyin Bilgin, <strong>Gamze Ozturk Danisman<\/strong>, Ender Demir and Amine Tarazi<\/li><\/ul><p><a href=\"https:\/\/papers.ssrn.com\/sol3\/papers.cfm?abstract_id=3537214\">https:\/\/papers.ssrn.com\/sol3\/papers.cfm?abstract_id=3537214<\/a><\/p><ul><li>&#8220;Overlapping Board Connections with Banker Directors and Corporate Loan Terms: Evidence from Syndicated Loans&#8221;, <b>Asli Togan Egrican<\/b><\/li><\/ul><p><a href=\"https:\/\/papers.ssrn.com\/sol3\/papers.cfm?abstract_id=3518445\">https:\/\/papers.ssrn.com\/sol3\/papers.cfm?abstract_id=3518445<\/a><\/p><ul><li>Shareholder Coordination, Investment Horizon and Hedge Fund Activism&#8221;, <strong>Asli Togan Egrican<\/strong><\/li><\/ul><p><a href=\"https:\/\/papers.ssrn.com\/sol3\/papers.cfm?abstract_id=3626568\">https:\/\/papers.ssrn.com\/sol3\/papers.cfm?abstract_id=3626568<\/a><\/p><ul><li>&#8220;Voluntary Private Pension Funds and Capital Market Development in Turkey&#8221;, <strong>Asli Togan Egrican<\/strong> and Fatih Kayhan<\/li><\/ul><p><a href=\"https:\/\/papers.ssrn.com\/sol3\/papers.cfm?abstract_id=3518442\">https:\/\/papers.ssrn.com\/sol3\/papers.cfm?abstract_id=3518442<\/a><\/p>\t\t\t\t\t\t\t\t<\/div>\n\t\t\t\t<\/div>\n\t\t\t\t\t<\/div>\n\t\t\t\t<\/div>\n\t\t<div class=\"elementor-element elementor-element-66f7533 e-flex e-con-boxed e-con e-parent\" data-id=\"66f7533\" data-element_type=\"container\" data-e-type=\"container\">\n\t\t\t\t\t<div class=\"e-con-inner\">\n\t\t\t\t<div class=\"elementor-element elementor-element-2c4aa62 elementor-widget elementor-widget-text-editor\" data-id=\"2c4aa62\" data-element_type=\"widget\" data-e-type=\"widget\" data-widget_type=\"text-editor.default\">\n\t\t\t\t<div class=\"elementor-widget-container\">\n\t\t\t\t\t\t\t\t\t<h2><strong>2019<\/strong><\/h2><ul><li>&#8220;Daily and Intraday Herding within Different Types of Investors in Borsa Istanbul&#8221;, Nihan Dalgic, Cumhur Ekinci and <b>Oguz Ersan<\/b><\/li><\/ul><p><a href=\"https:\/\/papers.ssrn.com\/sol3\/papers.cfm?abstract_id=3823749\">https:\/\/papers.ssrn.com\/sol3\/papers.cfm?abstract_id=3823749<\/a><\/p><ul><li>&#8220;Eco-Innovation and Firm Growth in the Circular Economy: Evidence from European SMEs&#8221;, Pelin Demirel and <strong>Gamze Ozturk Danisman<\/strong><\/li><\/ul><p><a href=\"https:\/\/papers.ssrn.com\/sol3\/papers.cfm?abstract_id=3414320\">https:\/\/papers.ssrn.com\/sol3\/papers.cfm?abstract_id=3414320<\/a>\u00a0<\/p><ul><li>&#8220;Art Investment: Hedging or Safe Haven through Financial Crises&#8221;, <strong>Belma Ozturkkal, and Asli Togan Egrican<\/strong><\/li><\/ul><p><a href=\"https:\/\/papers.ssrn.com\/sol3\/papers.cfm?abstract_id=3407362\">https:\/\/papers.ssrn.com\/sol3\/papers.cfm?abstract_id=3407362<\/a><\/p><ul><li>&#8220;Managerial Activism&#8221;, Senay Agca and <strong>Asli Togan Egrican<\/strong><\/li><\/ul><p><a href=\"https:\/\/papers.ssrn.com\/sol3\/papers.cfm?abstract_id=3378792\">https:\/\/papers.ssrn.com\/sol3\/papers.cfm?abstract_id=3378792<\/a><\/p>\t\t\t\t\t\t\t\t<\/div>\n\t\t\t\t<\/div>\n\t\t\t\t\t<\/div>\n\t\t\t\t<\/div>\n\t\t<div class=\"elementor-element elementor-element-0f9f82f e-flex e-con-boxed e-con e-parent\" data-id=\"0f9f82f\" data-element_type=\"container\" data-e-type=\"container\">\n\t\t\t\t\t<div class=\"e-con-inner\">\n\t\t\t\t<div class=\"elementor-element elementor-element-c729d2d elementor-widget elementor-widget-text-editor\" data-id=\"c729d2d\" data-element_type=\"widget\" data-e-type=\"widget\" data-widget_type=\"text-editor.default\">\n\t\t\t\t<div class=\"elementor-widget-container\">\n\t\t\t\t\t\t\t\t\t<h2><strong>2018 and older<\/strong><\/h2><ul><li>&#8220;Determinants of Saving-Borrowing Decisions and Financial Inclusion in a High Middle Income Country: The Turkish Case&#8221;,\u00a0<strong>Nurhan Davutyan and Belma Ozturkkal\u00a0<\/strong><\/li><\/ul><p><a href=\"https:\/\/papers.ssrn.com\/sol3\/papers.cfm?abstract_id=2575423\">https:\/\/papers.ssrn.com\/sol3\/papers.cfm?abstract_id=2575423<\/a><\/p><ul><li>&#8220;Multilayer probability of informed trading&#8221;, <strong>Oguz Ersan\u00a0<\/strong><\/li><\/ul><p><a href=\"https:\/\/papers.ssrn.com\/sol3\/papers.cfm?abstract_id=2874420\">https:\/\/papers.ssrn.com\/sol3\/papers.cfm?abstract_id=2874420<\/a><\/p><ul><li>&#8220;A New Approach for Detecting High-Frequency Trading from Order and Trade Data&#8221;,\u00a0Cumhur Ekinci and <strong>Oguz Ersan<\/strong><\/li><\/ul><p><a href=\"https:\/\/papers.ssrn.com\/sol3\/papers.cfm?abstract_id=2997509\">https:\/\/papers.ssrn.com\/sol3\/papers.cfm?abstract_id=2997509<\/a><\/p><ul><li>&#8220;A Behavioural Analysis of Investor Diversification&#8221;,\u00a0<a href=\"https:\/\/papers.ssrn.com\/sol3\/cf_dev\/AbsByAuth.cfm?per_id=148992\">Ana-Maria Fuertes<\/a>,\u00a0<a href=\"Yaz%20Gulnur%20Muradoglu\">Yaz Gulnur Muradoglu<\/a>,\u00a0<strong>Belma Ozturkkal<\/strong><\/li><\/ul><p><a href=\"https:\/\/papers.ssrn.com\/sol3\/papers.cfm?abstract_id=2056393\">https:\/\/papers.ssrn.com\/sol3\/papers.cfm?abstract_id=2056393<\/a><\/p><ul><li>&#8220;Institutional Herding and Mood&#8221;, Konstantinos Gavriilidis, Vasileios Kallinterakis, <strong>Belma Ozturkkal<\/strong><\/li><\/ul><p><a href=\"https:\/\/papers.ssrn.com\/sol3\/papers.cfm?abstract_id=3062670\"><strong>https:\/\/papers.ssrn.com\/sol3\/papers.cfm?abstract_id=3062670<\/strong><\/a><\/p><ul><li>&#8220;An Analysis and Risk Modeling on Mortgage Payment Defaults in an Emerging Market&#8221;, Omer Gebizlioglu and <strong>Belma Ozturkkal<\/strong><\/li><\/ul><p><a href=\"https:\/\/papers.ssrn.com\/sol3\/papers.cfm?abstract_id=2621384\">https:\/\/papers.ssrn.com\/sol3\/papers.cfm?abstract_id=2621384<\/a><\/p><ul><li>&#8220;Portfolio Risk Choices of Finance Sector Professionals in Turkey&#8221;, <strong>Belma Ozturkkal<\/strong> and K. Ali Akkemik<\/li><\/ul><p><a href=\"https:\/\/papers.ssrn.com\/sol3\/papers.cfm?abstract_id=2358443\">https:\/\/papers.ssrn.com\/sol3\/papers.cfm?abstract_id=2358443<\/a><\/p><ul><li>&#8220;Financial Assessments and Investigation of Indicators of Financial Well-Being in an Emerging Market&#8221;, Halil Kiymaz and <strong>Belma Ozturkkal<\/strong><\/li><\/ul><p><a href=\"https:\/\/papers.ssrn.com\/sol3\/papers.cfm?abstract_id=3030382\"><strong>https:\/\/papers.ssrn.com\/sol3\/papers.cfm?abstract_id=3030382<\/strong><\/a><\/p><ul><li>&#8220;A Simulation Set-Up to Observe the Effects of the Emotional Factor on Capital Markets&#8221;, <strong>Belma Ozturkkal<\/strong><\/li><\/ul><p><a href=\"https:\/\/papers.ssrn.com\/sol3\/papers.cfm?abstract_id=1907152\">https:\/\/papers.ssrn.com\/sol3\/papers.cfm?abstract_id=1907152<\/a><\/p>\t\t\t\t\t\t\t\t<\/div>\n\t\t\t\t<\/div>\n\t\t\t\t\t<\/div>\n\t\t\t\t<\/div>\n\t\t<div class=\"elementor-element elementor-element-7a9bcc3 e-flex e-con-boxed e-con e-parent\" data-id=\"7a9bcc3\" data-element_type=\"container\" data-e-type=\"container\">\n\t\t\t\t\t<div class=\"e-con-inner\">\n\t\t\t\t<div class=\"elementor-element elementor-element-a5c033e elementor-widget elementor-widget-text-editor\" data-id=\"a5c033e\" data-element_type=\"widget\" data-e-type=\"widget\" data-widget_type=\"text-editor.default\">\n\t\t\t\t<div class=\"elementor-widget-container\">\n\t\t\t\t\t\t\t\t\t<h2><strong>Author Links<\/strong><\/h2><ul><li>Nurhan Davutyan \u00a0\u00a0 \u00a0<a href=\"https:\/\/papers.ssrn.com\/sol3\/cf_dev\/AbsByAuth.cfm?per_id=4673914\">SSRN<\/a> \u00a0\u00a0 \u00a0<a href=\"https:\/\/ideas.repec.org\/f\/pda511.html\">IDEAS\/Repec<\/a><\/li><li>O\u011fuz Ersan \u00a0\u00a0 \u00a0<a href=\"https:\/\/papers.ssrn.com\/sol3\/cf_dev\/AbsByAuth.cfm?per_id=2567504\">SSRN<\/a><\/li><li>Gamze \u00d6zturk Dan\u0131\u015fman \u00a0\u00a0 \u00a0<a href=\"https:\/\/papers.ssrn.com\/sol3\/cf_dev\/AbsByAuth.cfm?per_id=3598237\">SSRN<\/a><\/li><li>Belma \u00d6zt\u00fcrkkal \u00a0\u00a0 \u00a0<a href=\"https:\/\/papers.ssrn.com\/sol3\/cf_dev\/AbsByAuth.cfm?per_id=645519\">SSRN<\/a> \u00a0<\/li><li>Asl\u0131 Togan E\u011frican \u00a0\u00a0 \u00a0<a href=\"https:\/\/papers.ssrn.com\/sol3\/cf_dev\/AbsByAuth.cfm?per_id=732958\">SSRN<\/a> \u00a0\u00a0 \u00a0<a href=\"https:\/\/ideas.repec.org\/f\/pto530.html\">IDEAS\/Repec<\/a>\u00a0\u00a0\u00a0\u00a0\u00a0\u00a0\u00a0\u00a0<\/li><li>Murat Tini\u00e7\u00a0 \u00a0 \u00a0<a href=\"https:\/\/papers.ssrn.com\/sol3\/cf_dev\/AbsByAuth.cfm?per_id=2415269\">SSRN<\/a>\u00a0 \u00a0<\/li><\/ul>\t\t\t\t\t\t\t\t<\/div>\n\t\t\t\t<\/div>\n\t\t\t\t\t<\/div>\n\t\t\t\t<\/div>\n\t\t\t\t<\/div>\n\t\t","protected":false},"excerpt":{"rendered":"<p>2022 &#8220;PINstimation: An R package for estimating models of probability of informed trading&#8221;, Montasser Ghachem and Oguz Ersan\u00a0 https:\/\/papers.ssrn.com\/sol3\/papers.cfm?abstract_id=4117946\u00a0 &#8220;Identifying information types in probability of informed trading (PIN) models: An improved algorithm&#8221;, Montasser Ghachem and Oguz Ersan\u00a0 https:\/\/papers.ssrn.com\/sol3\/papers.cfm?abstract_id=4117956\u00a0 &#8220;Estimation of the probability of informed trading models via an expectation-conditional maximization algorithm&#8221;, Montasser Ghachem and Oguz [&hellip;]<\/p>\n","protected":false},"author":2,"featured_media":0,"parent":0,"menu_order":0,"comment_status":"closed","ping_status":"closed","template":"","meta":{"slim_seo":{"title":"Working Papers - Kadir Has University","description":"2022 \" PINstimation: An R package for estimating models of probability of informed trading\", Montasser Ghachem and Oguz Ersan \u00a0 https:\/\/papers.ssrn.com\/sol3\/pap"},"footnotes":""},"birimler":[82],"class_list":["post-15183","page","type-page","status-publish","hentry","birimler-itf"],"_links":{"self":[{"href":"https:\/\/www.khas.edu.tr\/en\/wp-json\/wp\/v2\/pages\/15183","targetHints":{"allow":["GET"]}}],"collection":[{"href":"https:\/\/www.khas.edu.tr\/en\/wp-json\/wp\/v2\/pages"}],"about":[{"href":"https:\/\/www.khas.edu.tr\/en\/wp-json\/wp\/v2\/types\/page"}],"author":[{"embeddable":true,"href":"https:\/\/www.khas.edu.tr\/en\/wp-json\/wp\/v2\/users\/2"}],"replies":[{"embeddable":true,"href":"https:\/\/www.khas.edu.tr\/en\/wp-json\/wp\/v2\/comments?post=15183"}],"version-history":[{"count":5,"href":"https:\/\/www.khas.edu.tr\/en\/wp-json\/wp\/v2\/pages\/15183\/revisions"}],"predecessor-version":[{"id":23603,"href":"https:\/\/www.khas.edu.tr\/en\/wp-json\/wp\/v2\/pages\/15183\/revisions\/23603"}],"wp:attachment":[{"href":"https:\/\/www.khas.edu.tr\/en\/wp-json\/wp\/v2\/media?parent=15183"}],"wp:term":[{"taxonomy":"birimler","embeddable":true,"href":"https:\/\/www.khas.edu.tr\/en\/wp-json\/wp\/v2\/birimler?post=15183"}],"curies":[{"name":"wp","href":"https:\/\/api.w.org\/{rel}","templated":true}]}}