{"id":15121,"date":"2025-04-08T16:53:24","date_gmt":"2025-04-08T13:53:24","guid":{"rendered":"https:\/\/www.khas.edu.tr\/?page_id=15121"},"modified":"2025-06-18T14:49:37","modified_gmt":"2025-06-18T11:49:37","slug":"mgmt-conference-papers","status":"publish","type":"page","link":"https:\/\/www.khas.edu.tr\/en\/mgmt-conference-papers\/","title":{"rendered":"Conference Papers"},"content":{"rendered":"\t\t<div data-elementor-type=\"wp-page\" data-elementor-id=\"15121\" class=\"elementor elementor-15121 elementor-14769\">\n\t\t\t\t<div class=\"elementor-element elementor-element-014462d e-flex e-con-boxed e-con e-parent\" data-id=\"014462d\" data-element_type=\"container\" data-e-type=\"container\">\n\t\t\t\t\t<div class=\"e-con-inner\">\n\t\t\t\t<div class=\"elementor-element elementor-element-ad0d5f3 elementor-widget elementor-widget-text-editor\" data-id=\"ad0d5f3\" data-element_type=\"widget\" data-e-type=\"widget\" data-widget_type=\"text-editor.default\">\n\t\t\t\t<div class=\"elementor-widget-container\">\n\t\t\t\t\t\t\t\t\t<div class=\"clearfix text-formatted field field--name-field-body field--type-text-long field--label-hidden field__item\"><ul><li><div class=\"clearfix text-formatted field field--name-field-body field--type-text-long field--label-hidden field__item\"><ul><li>2020. Topaler, Ba\u015fak and K\u00fcp, Ey\u00fcp Tolunay. Judgments of capability and conformity as distinct types of social evaluations, and the way they interact to shape evaluator impressions. <em>36th EGOS (European Group for Organizational Studies) Colloquium, Hamburg, Germany, 2-4 July<\/em>.<\/li><li>2019. <b>K\u0131yg\u0131-\u00c7all\u0131, Meltem; Merdin-Uygur, Ezgi<\/b>; Onden, Abdullah &amp; Mahr, Dominik. (2019). \u201cA Sentiment \u2013 Based Understanding of Happiness in Digital Space: Evidence from Online Support Accounts\u201d, EMAC 48th Annual Conference, (special session), Hamburg, Germany.<\/li><li>2018. Ozturkcan, S. &amp;\u00a0<b>Ezgi Merdin-Uygur<\/b>\u00a0(2018). &#8220;Will robots conquer services? Attitudes towards anthropomorphic service robots\u201d, in 9th International Research Symposium in Service Management (IRSSM), (extended abstract), Ljubljana, Slovenia.<\/li><li>2018. Karaday\u0131, M.A., \u00dclengin, F., Akkan, C\u00e7., Ekinci, Y.,\u00a0<strong>Uray, N<\/strong>., Karaosmano\u011flu, E. \u201cAcil Servis Birimlerinin Operasyonel Etkinlik ve Hizmet Kalitesinin B\u00fct\u00fcnle\u015fik Analizi\u201d,\u00a0<em>YAEM<\/em><em>,\u00a0<\/em>Anadolu \u00dcniversitesi, Eski\u015fehir<strong>.<\/strong><\/li><li>2018.\u00a0<strong>Ezgi Merdin-Uygur<\/strong>, Gulen Sarial Abi, Zeynep Gurhan Canli, and Ozlem Hesapci. &#8220;How Does Self-Concept Clarity Influence Happiness in Experiential Settings? The Role of Strangers versus Friends&#8221;, in European &#8211; Advances in Consumer Research (e-ACR) Conference, (extended abstract), Ghent.<\/li><li>2018.\u00a0<strong>Cetinkaya, S.<\/strong>,\u00a0<strong>Kiygi-Calli, M.<\/strong>, and\u00a0<strong>Imer, H. P.\u00a0<\/strong>Understanding the Sectoral Innovation Trends in Turkey, International Research, Development, Innovation and Technology Management Congress, Istanbul, TR.<\/li><li>2018.\u00a0<strong>Kiygi-Calli, M.<\/strong>, and Onden, A. Effects of Product Innovativeness and Engagement with Online Users on Branding Strategies: Evidence from Twitter, Informs Marketing Science Conference, Philadelphia, USA.<\/li><li>2018.\u00a0<strong>Topaler, Ba\u015fak<\/strong>, and Behl\u00fcl \u00dcsdiken. Practices diffuse so do hybrid alternatives. 34th EGOS (European Group for Organizational Studies) Colloquium, Tallinn, Estonia.<\/li><\/ul><\/div><\/li><\/ul><\/div>\t\t\t\t\t\t\t\t<\/div>\n\t\t\t\t<\/div>\n\t\t\t\t\t<\/div>\n\t\t\t\t<\/div>\n\t\t<div class=\"elementor-element elementor-element-8082ce3 e-flex e-con-boxed e-con e-parent\" data-id=\"8082ce3\" data-element_type=\"container\" data-e-type=\"container\">\n\t\t\t\t\t<div class=\"e-con-inner\">\n\t\t\t\t<div class=\"elementor-element elementor-element-07ff3e8 elementor-widget elementor-widget-heading\" data-id=\"07ff3e8\" data-element_type=\"widget\" data-e-type=\"widget\" data-widget_type=\"heading.default\">\n\t\t\t\t<div class=\"elementor-widget-container\">\n\t\t\t\t\t<h4 class=\"elementor-heading-title elementor-size-default\"><a href=\"https:\/\/www.khas.edu.tr\/birimler\/isletme\/akademisyenlerimiz\/\">Please click for other works of our faculty members.<\/a><\/h4>\t\t\t\t<\/div>\n\t\t\t\t<\/div>\n\t\t\t\t\t<\/div>\n\t\t\t\t<\/div>\n\t\t\t\t<\/div>\n\t\t","protected":false},"excerpt":{"rendered":"<p>2020. Topaler, Ba\u015fak and K\u00fcp, Ey\u00fcp Tolunay. Judgments of capability and conformity as distinct types of social evaluations, and the way they interact to shape evaluator impressions. 36th EGOS (European Group for Organizational Studies) Colloquium, Hamburg, Germany, 2-4 July. 2019. K\u0131yg\u0131-\u00c7all\u0131, Meltem; Merdin-Uygur, Ezgi; Onden, Abdullah &amp; Mahr, Dominik. (2019). \u201cA Sentiment \u2013 Based Understanding [&hellip;]<\/p>\n","protected":false},"author":2,"featured_media":0,"parent":0,"menu_order":0,"comment_status":"closed","ping_status":"closed","template":"","meta":{"slim_seo":{"title":"Conference Papers - Kadir Has University","description":"2020. Topaler, Ba\u015fak and K\u00fcp, Ey\u00fcp Tolunay. Judgments of capability and conformity as distinct types of social evaluations, and the way they interact to shape e"},"footnotes":""},"birimler":[85],"class_list":["post-15121","page","type-page","status-publish","hentry","birimler-mgmt"],"_links":{"self":[{"href":"https:\/\/www.khas.edu.tr\/en\/wp-json\/wp\/v2\/pages\/15121","targetHints":{"allow":["GET"]}}],"collection":[{"href":"https:\/\/www.khas.edu.tr\/en\/wp-json\/wp\/v2\/pages"}],"about":[{"href":"https:\/\/www.khas.edu.tr\/en\/wp-json\/wp\/v2\/types\/page"}],"author":[{"embeddable":true,"href":"https:\/\/www.khas.edu.tr\/en\/wp-json\/wp\/v2\/users\/2"}],"replies":[{"embeddable":true,"href":"https:\/\/www.khas.edu.tr\/en\/wp-json\/wp\/v2\/comments?post=15121"}],"version-history":[{"count":5,"href":"https:\/\/www.khas.edu.tr\/en\/wp-json\/wp\/v2\/pages\/15121\/revisions"}],"predecessor-version":[{"id":23691,"href":"https:\/\/www.khas.edu.tr\/en\/wp-json\/wp\/v2\/pages\/15121\/revisions\/23691"}],"wp:attachment":[{"href":"https:\/\/www.khas.edu.tr\/en\/wp-json\/wp\/v2\/media?parent=15121"}],"wp:term":[{"taxonomy":"birimler","embeddable":true,"href":"https:\/\/www.khas.edu.tr\/en\/wp-json\/wp\/v2\/birimler?post=15121"}],"curies":[{"name":"wp","href":"https:\/\/api.w.org\/{rel}","templated":true}]}}