{"id":13190,"date":"2025-03-14T08:43:15","date_gmt":"2025-03-14T05:43:15","guid":{"rendered":"https:\/\/www.khas.edu.tr\/?page_id=13190"},"modified":"2025-04-08T13:33:43","modified_gmt":"2025-04-08T10:33:43","slug":"rd-about-us","status":"publish","type":"page","link":"https:\/\/www.khas.edu.tr\/en\/rd-about-us\/","title":{"rendered":"R&amp;D-About Us"},"content":{"rendered":"\t\t<div data-elementor-type=\"wp-page\" data-elementor-id=\"13190\" class=\"elementor elementor-13190\">\n\t\t\t\t<div class=\"elementor-element elementor-element-d62f5e5 e-flex e-con-boxed e-con e-parent\" data-id=\"d62f5e5\" data-element_type=\"container\" data-e-type=\"container\">\n\t\t\t\t\t<div class=\"e-con-inner\">\n\t\t<div class=\"elementor-element elementor-element-51ea885 e-con-full e-flex e-con e-child\" data-id=\"51ea885\" data-element_type=\"container\" data-e-type=\"container\">\n\t\t<div class=\"elementor-element elementor-element-5470ecb e-grid e-con-full e-con e-child\" data-id=\"5470ecb\" data-element_type=\"container\" data-e-type=\"container\">\n\t\t\t\t<div class=\"elementor-element elementor-element-dd81d77 elementor-position-top elementor-widget elementor-widget-image-box\" data-id=\"dd81d77\" data-element_type=\"widget\" data-e-type=\"widget\" data-widget_type=\"image-box.default\">\n\t\t\t\t<div class=\"elementor-widget-container\">\n\t\t\t\t\t<div class=\"elementor-image-box-wrapper\"><figure class=\"elementor-image-box-img\"><img decoding=\"async\" src=\"https:\/\/my.khas.edu.tr\/uploads\/images\/cv\/aydogan-ozdemir.jpg\" title=\"\" alt=\"\" loading=\"lazy\" \/><\/figure><div class=\"elementor-image-box-content\"><h3 class=\"elementor-image-box-title\">Prof. Dr. AYDO\u011eAN \u00d6ZDEM\u0130R<\/h3><p class=\"elementor-image-box-description\">Director<\/p><\/div><\/div>\t\t\t\t<\/div>\n\t\t\t\t<\/div>\n\t\t\t\t<\/div>\n\t\t\t\t<\/div>\n\t\t\t\t\t<\/div>\n\t\t\t\t<\/div>\n\t\t<div class=\"elementor-element elementor-element-5c6b711 e-flex e-con-boxed e-con e-parent\" data-id=\"5c6b711\" data-element_type=\"container\" data-e-type=\"container\">\n\t\t\t\t\t<div class=\"e-con-inner\">\n\t\t<div class=\"elementor-element elementor-element-1ec6831 e-con-full e-flex e-con e-child\" data-id=\"1ec6831\" data-element_type=\"container\" data-e-type=\"container\">\n\t\t<div class=\"elementor-element elementor-element-6402f12 e-con-full e-flex e-con e-child\" data-id=\"6402f12\" data-element_type=\"container\" data-e-type=\"container\" data-settings=\"{&quot;background_background&quot;:&quot;classic&quot;}\">\n\t\t\t\t<div class=\"elementor-element elementor-element-efeb372 elementor-widget elementor-widget-thim-ekits-heading\" data-id=\"efeb372\" data-element_type=\"widget\" data-e-type=\"widget\" data-widget_type=\"thim-ekits-heading.default\">\n\t\t\t\t<div class=\"elementor-widget-container\">\n\t\t\t\t\t<div class=\"thim-ekits-heading thim-ekit__heading\"><h3 class=\"title\">Project Development Office<\/h3><\/div>\t\t\t\t<\/div>\n\t\t\t\t<\/div>\n\t\t<div class=\"elementor-element elementor-element-71e52df e-grid e-con-full e-con e-child\" data-id=\"71e52df\" data-element_type=\"container\" data-e-type=\"container\">\n\t\t\t\t<div class=\"elementor-element elementor-element-2b44d76 elementor-widget__width-initial elementor-position-top elementor-widget elementor-widget-image-box\" data-id=\"2b44d76\" data-element_type=\"widget\" data-e-type=\"widget\" data-widget_type=\"image-box.default\">\n\t\t\t\t<div class=\"elementor-widget-container\">\n\t\t\t\t\t<div class=\"elementor-image-box-wrapper\"><figure class=\"elementor-image-box-img\"><img decoding=\"async\" width=\"200\" height=\"200\" src=\"https:\/\/www.khas.edu.tr\/wp-content\/uploads\/2025\/04\/mert.onan_.jpg\" class=\"attachment-full size-full wp-image-14292\" alt=\"Mert.onan .jpg\" srcset=\"https:\/\/www.khas.edu.tr\/wp-content\/uploads\/2025\/04\/mert.onan_.jpg 200w, https:\/\/www.khas.edu.tr\/wp-content\/uploads\/2025\/04\/mert.onan_-150x150.jpg 150w\" sizes=\"(max-width: 200px) 100vw, 200px\" \/><\/figure><div class=\"elementor-image-box-content\"><h3 class=\"elementor-image-box-title\">Mert ONAN<\/h3><p class=\"elementor-image-box-description\">Project Development Competent Expert<\/p><\/div><\/div>\t\t\t\t<\/div>\n\t\t\t\t<\/div>\n\t\t\t\t<div class=\"elementor-element elementor-element-12b3909 elementor-position-top elementor-widget elementor-widget-image-box\" data-id=\"12b3909\" data-element_type=\"widget\" data-e-type=\"widget\" data-widget_type=\"image-box.default\">\n\t\t\t\t<div class=\"elementor-widget-container\">\n\t\t\t\t\t<div class=\"elementor-image-box-wrapper\"><figure class=\"elementor-image-box-img\"><img decoding=\"async\" width=\"200\" height=\"200\" src=\"https:\/\/www.khas.edu.tr\/wp-content\/uploads\/2025\/04\/oznur.demirbilek.jpg\" class=\"attachment-full size-full wp-image-14294\" alt=\"Oznur.demirbilek.jpg\" srcset=\"https:\/\/www.khas.edu.tr\/wp-content\/uploads\/2025\/04\/oznur.demirbilek.jpg 200w, https:\/\/www.khas.edu.tr\/wp-content\/uploads\/2025\/04\/oznur.demirbilek-150x150.jpg 150w\" sizes=\"(max-width: 200px) 100vw, 200px\" \/><\/figure><div class=\"elementor-image-box-content\"><h3 class=\"elementor-image-box-title\">\u00d6znur DEM\u0130RB\u0130LEK<\/h3><p class=\"elementor-image-box-description\">Project Development Competent Specialist<\/p><\/div><\/div>\t\t\t\t<\/div>\n\t\t\t\t<\/div>\n\t\t\t\t<div class=\"elementor-element elementor-element-f9b96d8 elementor-position-top elementor-widget elementor-widget-image-box\" data-id=\"f9b96d8\" data-element_type=\"widget\" data-e-type=\"widget\" data-widget_type=\"image-box.default\">\n\t\t\t\t<div class=\"elementor-widget-container\">\n\t\t\t\t\t<div class=\"elementor-image-box-wrapper\"><figure class=\"elementor-image-box-img\"><img decoding=\"async\" width=\"150\" height=\"150\" src=\"https:\/\/www.khas.edu.tr\/wp-content\/uploads\/2025\/04\/IMG-20250327-WA0015-150x150.jpg\" class=\"attachment-thumbnail size-thumbnail wp-image-14296\" alt=\"IMG 20250327 WA0015.jpg\" \/><\/figure><div class=\"elementor-image-box-content\"><h3 class=\"elementor-image-box-title\">Hilal YAL\u00c7IN<\/h3><p class=\"elementor-image-box-description\">Project Development Specialist<\/p><\/div><\/div>\t\t\t\t<\/div>\n\t\t\t\t<\/div>\n\t\t\t\t<\/div>\n\t\t\t\t<\/div>\n\t\t<div class=\"elementor-element elementor-element-fc48fe2 e-con-full e-flex e-con e-child\" data-id=\"fc48fe2\" data-element_type=\"container\" data-e-type=\"container\" data-settings=\"{&quot;background_background&quot;:&quot;classic&quot;}\">\n\t\t\t\t<div class=\"elementor-element elementor-element-6ba4d4d elementor-widget elementor-widget-thim-ekits-heading\" data-id=\"6ba4d4d\" data-element_type=\"widget\" data-e-type=\"widget\" data-widget_type=\"thim-ekits-heading.default\">\n\t\t\t\t<div class=\"elementor-widget-container\">\n\t\t\t\t\t<div class=\"thim-ekits-heading thim-ekit__heading\"><h3 class=\"title\">Project Management Office<\/h3><\/div>\t\t\t\t<\/div>\n\t\t\t\t<\/div>\n\t\t<div class=\"elementor-element elementor-element-1399cf0 e-grid e-con-full e-con e-child\" data-id=\"1399cf0\" data-element_type=\"container\" data-e-type=\"container\">\n\t\t\t\t<div class=\"elementor-element elementor-element-789bc60 elementor-position-top elementor-widget elementor-widget-image-box\" data-id=\"789bc60\" data-element_type=\"widget\" data-e-type=\"widget\" data-widget_type=\"image-box.default\">\n\t\t\t\t<div class=\"elementor-widget-container\">\n\t\t\t\t\t<div class=\"elementor-image-box-wrapper\"><figure class=\"elementor-image-box-img\"><img loading=\"lazy\" decoding=\"async\" width=\"150\" height=\"150\" src=\"https:\/\/www.khas.edu.tr\/wp-content\/uploads\/2025\/04\/IMG-20250327-WA0016-150x150.jpg\" class=\"attachment-thumbnail size-thumbnail wp-image-14298\" alt=\"IMG 20250327 WA0016.jpg\" \/><\/figure><div class=\"elementor-image-box-content\"><h3 class=\"elementor-image-box-title\">Sel\u00e7uk TUNCER<\/h3><p class=\"elementor-image-box-description\">Project Management Competent Specialist<\/p><\/div><\/div>\t\t\t\t<\/div>\n\t\t\t\t<\/div>\n\t\t\t\t<div class=\"elementor-element elementor-element-7f2fee2 elementor-position-top elementor-widget elementor-widget-image-box\" data-id=\"7f2fee2\" data-element_type=\"widget\" data-e-type=\"widget\" data-widget_type=\"image-box.default\">\n\t\t\t\t<div class=\"elementor-widget-container\">\n\t\t\t\t\t<div class=\"elementor-image-box-wrapper\"><figure class=\"elementor-image-box-img\"><img loading=\"lazy\" decoding=\"async\" width=\"200\" height=\"200\" src=\"https:\/\/www.khas.edu.tr\/wp-content\/uploads\/2025\/04\/Adsiz-tasarim-2.png\" class=\"attachment-full size-full wp-image-14300\" alt=\"Adsiz tasarim 2.png\" srcset=\"https:\/\/www.khas.edu.tr\/wp-content\/uploads\/2025\/04\/Adsiz-tasarim-2.png 200w, https:\/\/www.khas.edu.tr\/wp-content\/uploads\/2025\/04\/Adsiz-tasarim-2-150x150.png 150w\" sizes=\"(max-width: 200px) 100vw, 200px\" \/><\/figure><div class=\"elementor-image-box-content\"><h3 class=\"elementor-image-box-title\">Meltem ARCA<\/h3><p class=\"elementor-image-box-description\">Project Management Assistant Specialist<\/p><\/div><\/div>\t\t\t\t<\/div>\n\t\t\t\t<\/div>\n\t\t\t\t<\/div>\n\t\t\t\t<\/div>\n\t\t<div class=\"elementor-element elementor-element-3286de6 e-con-full e-flex e-con e-child\" data-id=\"3286de6\" data-element_type=\"container\" data-e-type=\"container\" data-settings=\"{&quot;background_background&quot;:&quot;classic&quot;}\">\n\t\t\t\t<div class=\"elementor-element elementor-element-38a78ce elementor-widget elementor-widget-thim-ekits-heading\" data-id=\"38a78ce\" data-element_type=\"widget\" data-e-type=\"widget\" data-widget_type=\"thim-ekits-heading.default\">\n\t\t\t\t<div class=\"elementor-widget-container\">\n\t\t\t\t\t<div class=\"thim-ekits-heading thim-ekit__heading\"><h3 class=\"title\">Industrial Relations and TTO <\/h3><\/div>\t\t\t\t<\/div>\n\t\t\t\t<\/div>\n\t\t<div class=\"elementor-element elementor-element-2ff1ae4 e-grid e-con-full e-con e-child\" data-id=\"2ff1ae4\" data-element_type=\"container\" data-e-type=\"container\">\n\t\t\t\t<div class=\"elementor-element elementor-element-8b6aff3 elementor-position-top elementor-widget elementor-widget-image-box\" data-id=\"8b6aff3\" data-element_type=\"widget\" data-e-type=\"widget\" data-widget_type=\"image-box.default\">\n\t\t\t\t<div class=\"elementor-widget-container\">\n\t\t\t\t\t<div class=\"elementor-image-box-wrapper\"><figure class=\"elementor-image-box-img\"><img loading=\"lazy\" decoding=\"async\" width=\"1162\" height=\"1203\" src=\"https:\/\/www.khas.edu.tr\/wp-content\/uploads\/2025\/04\/IMG-20250327-WA0017.jpg\" class=\"attachment-full size-full wp-image-14302\" alt=\"IMG 20250327 WA0017.jpg\" srcset=\"https:\/\/www.khas.edu.tr\/wp-content\/uploads\/2025\/04\/IMG-20250327-WA0017.jpg 1162w, https:\/\/www.khas.edu.tr\/wp-content\/uploads\/2025\/04\/IMG-20250327-WA0017-290x300.jpg 290w, https:\/\/www.khas.edu.tr\/wp-content\/uploads\/2025\/04\/IMG-20250327-WA0017-989x1024.jpg 989w, https:\/\/www.khas.edu.tr\/wp-content\/uploads\/2025\/04\/IMG-20250327-WA0017-768x795.jpg 768w\" sizes=\"(max-width: 1162px) 100vw, 1162px\" \/><\/figure><div class=\"elementor-image-box-content\"><h3 class=\"elementor-image-box-title\">Didem T\u00dcRK\u00d6Z<\/h3><p class=\"elementor-image-box-description\">Industrial Relations and TTO Manager<\/p><\/div><\/div>\t\t\t\t<\/div>\n\t\t\t\t<\/div>\n\t\t\t\t<\/div>\n\t\t\t\t<\/div>\n\t\t\t\t<\/div>\n\t\t\t\t\t<\/div>\n\t\t\t\t<\/div>\n\t\t\t\t<\/div>\n\t\t","protected":false},"excerpt":{"rendered":"<p>Prof. Dr. AYDO\u011eAN \u00d6ZDEM\u0130R Director Project Development Office Mert ONAN Project Development Competent Expert \u00d6znur DEM\u0130RB\u0130LEK Project Development Competent Specialist Hilal YAL\u00c7IN Project Development Specialist Project Management Office Sel\u00e7uk TUNCER Project Management Competent Specialist Meltem ARCA Project Management Assistant Specialist Industrial Relations and TTO Didem T\u00dcRK\u00d6Z Industrial Relations and TTO Manager<\/p>\n","protected":false},"author":2,"featured_media":0,"parent":0,"menu_order":0,"comment_status":"closed","ping_status":"closed","template":"","meta":{"slim_seo":{"title":"R&amp;D-About Us - Kadir Has University","description":"Prof. Dr. AYDO\u011eAN \u00d6ZDEM\u0130R Director Project Development Office Mert ONAN Project Development Competent Expert \u00d6znur DEM\u0130RB\u0130LEK Project Development Competent Spec"},"footnotes":""},"birimler":[120,123],"class_list":["post-13190","page","type-page","status-publish","hentry","birimler-arge","birimler-rd"],"_links":{"self":[{"href":"https:\/\/www.khas.edu.tr\/en\/wp-json\/wp\/v2\/pages\/13190","targetHints":{"allow":["GET"]}}],"collection":[{"href":"https:\/\/www.khas.edu.tr\/en\/wp-json\/wp\/v2\/pages"}],"about":[{"href":"https:\/\/www.khas.edu.tr\/en\/wp-json\/wp\/v2\/types\/page"}],"author":[{"embeddable":true,"href":"https:\/\/www.khas.edu.tr\/en\/wp-json\/wp\/v2\/users\/2"}],"replies":[{"embeddable":true,"href":"https:\/\/www.khas.edu.tr\/en\/wp-json\/wp\/v2\/comments?post=13190"}],"version-history":[{"count":40,"href":"https:\/\/www.khas.edu.tr\/en\/wp-json\/wp\/v2\/pages\/13190\/revisions"}],"predecessor-version":[{"id":14601,"href":"https:\/\/www.khas.edu.tr\/en\/wp-json\/wp\/v2\/pages\/13190\/revisions\/14601"}],"wp:attachment":[{"href":"https:\/\/www.khas.edu.tr\/en\/wp-json\/wp\/v2\/media?parent=13190"}],"wp:term":[{"taxonomy":"birimler","embeddable":true,"href":"https:\/\/www.khas.edu.tr\/en\/wp-json\/wp\/v2\/birimler?post=13190"}],"curies":[{"name":"wp","href":"https:\/\/api.w.org\/{rel}","templated":true}]}}