{"id":12983,"date":"2025-03-17T14:56:34","date_gmt":"2025-03-17T11:56:34","guid":{"rendered":"https:\/\/www.khas.edu.tr\/?page_id=12983"},"modified":"2026-04-10T08:32:44","modified_gmt":"2026-04-10T05:32:44","slug":"coursera-presentation","status":"publish","type":"page","link":"https:\/\/www.khas.edu.tr\/en\/coursera-presentation\/","title":{"rendered":"Coursera Presentation"},"content":{"rendered":"\t\t<div data-elementor-type=\"wp-page\" data-elementor-id=\"12983\" class=\"elementor elementor-12983 elementor-12963\">\n\t\t\t\t<div class=\"elementor-element elementor-element-13331a5 e-flex e-con-boxed e-con e-parent\" data-id=\"13331a5\" data-element_type=\"container\" data-e-type=\"container\">\n\t\t\t\t\t<div class=\"e-con-inner\">\n\t\t<div class=\"elementor-element elementor-element-88bc83c e-con-full e-flex e-con e-child\" data-id=\"88bc83c\" data-element_type=\"container\" data-e-type=\"container\">\n\t\t\t\t<div class=\"elementor-element elementor-element-ce123fb elementor-widget elementor-widget-text-editor\" data-id=\"ce123fb\" data-element_type=\"widget\" data-e-type=\"widget\" data-widget_type=\"text-editor.default\">\n\t\t\t\t<div class=\"elementor-widget-container\">\n\t\t\t\t\t\t\t\t\t<div>\u00a0<\/div><ul><li><a href=\"https:\/\/www.khas.edu.tr\/wp-content\/uploads\/2025\/05\/KHAS-Lisans-Coursera-Sunum_EN.pdf\" target=\"_blank\" rel=\"noopener\">Click here for the KHAS Undergraduate COURSERA Presentation.<\/a><\/li><\/ul><p>\u00a0<\/p>\t\t\t\t\t\t\t\t<\/div>\n\t\t\t\t<\/div>\n\t\t\t\t<\/div>\n\t\t<div class=\"elementor-element elementor-element-177cc71 e-con-full e-flex e-con e-child\" data-id=\"177cc71\" data-element_type=\"container\" data-e-type=\"container\">\n\t\t\t\t<div class=\"elementor-element elementor-element-b122757 elementor-widget elementor-widget-shortcode\" data-id=\"b122757\" data-element_type=\"widget\" data-e-type=\"widget\" data-widget_type=\"shortcode.default\">\n\t\t\t\t<div class=\"elementor-widget-container\">\n\t\t\t\t\t\t\t<div class=\"elementor-shortcode\"><ul class=\"navbar-nav px-4 py-2\" style=\"border-left:1px solid #3d3d3d20;\"><li class=\"nav-item my-0\"><a class=\"nav-link d-flex align-items-center rounded-pill \" href=\"https:\/\/www.khas.edu.tr\/ogrenci-isleri-direktorlugu\/\" ><span class=\"fw-bold\">\u00d6\u011frenci \u0130\u015fleri Direkt\u00f6rl\u00fc\u011f\u00fc<\/span><\/a><\/li><li class=\"nav-item my-0\"><a class=\"nav-link d-flex align-items-center rounded-pill \" href=\"https:\/\/akademiktakvim.khas.edu.tr\/\" ><span class=\"fw-bold\">Akademik Takvim<\/span><\/a><\/li><li class=\"nav-item my-0\"><a class=\"nav-link d-flex align-items-center rounded-pill \" href=\"https:\/\/www.khas.edu.tr\/azami-sure\/\" ><span class=\"fw-bold\">Azami S\u00fcre<\/span><\/a><\/li><li class=\"nav-item my-0\"><a class=\"nav-link d-flex align-items-center rounded-pill collapsed\" href=\"#sidebar-menu-item-12904\" data-bs-toggle=\"collapse\" role=\"button\" aria-expanded=\"false\" aria-controls=\"sidebar-menu-item-12904\"><span class=\"fw-bold\">Coursera<\/span><i class=\"bi bi-chevron-down ms-auto dropdown-icon\"><\/i><\/a><div class=\"collapse\" id=\"sidebar-menu-item-12904\" style=\"\"><ul class=\"nav nav-sm flex-column mt-1 mb-2 ps-1\"><li class=\"nav-item\"><a href=\"https:\/\/www.khas.edu.tr\/coursera-hakkinda\/\" class=\" my-0 py-0 nav-link\"><i class=\"bi bi-dash\"><\/i> Coursera Hakk\u0131nda<\/a><\/li><li class=\"nav-item\"><a href=\"https:\/\/www.khas.edu.tr\/coursera-sikca-sorulan-sorular\/\" class=\" my-0 py-0 nav-link\"><i class=\"bi bi-dash\"><\/i> Coursera\u00a0S\u0131k\u00e7a Sorulan Sorular<\/a><\/li><li class=\"nav-item\"><a href=\"https:\/\/www.khas.edu.tr\/coursera-sunum\/\" class=\" my-0 py-0 nav-link\"><i class=\"bi bi-dash\"><\/i> Coursera Sunum<\/a><\/li><\/ul><\/div><\/li><li class=\"nav-item my-0\"><a class=\"nav-link d-flex align-items-center rounded-pill collapsed\" href=\"#sidebar-menu-item-12903\" data-bs-toggle=\"collapse\" role=\"button\" aria-expanded=\"false\" aria-controls=\"sidebar-menu-item-12903\"><span class=\"fw-bold\">\u00c7ift Anadal \u2013 Yandal<\/span><i class=\"bi bi-chevron-down ms-auto dropdown-icon\"><\/i><\/a><div class=\"collapse\" id=\"sidebar-menu-item-12903\" style=\"\"><ul class=\"nav nav-sm flex-column mt-1 mb-2 ps-1\"><li class=\"nav-item\"><a href=\"https:\/\/www.khas.edu.tr\/basvuru\/\" class=\" my-0 py-0 nav-link\"><i class=\"bi bi-dash\"><\/i> Ba\u015fvuru<\/a><\/li><li class=\"nav-item\"><a href=\"https:\/\/www.khas.edu.tr\/cift-anadal-yandal\/\" class=\" my-0 py-0 nav-link\"><i class=\"bi bi-dash\"><\/i> \u00c7ap \u2013 Yandal Hakk\u0131nda<\/a><\/li><li class=\"nav-item\"><a href=\"https:\/\/www.khas.edu.tr\/cap-yandal-sikca-sorulan-sorular\/\" class=\" my-0 py-0 nav-link\"><i class=\"bi bi-dash\"><\/i> \u00c7ap \u2013 Yandal S\u0131k\u00e7a Sorulan Sorular<\/a><\/li><li class=\"nav-item\"><a href=\"https:\/\/www.khas.edu.tr\/cap-yandal-sunum\/\" class=\" my-0 py-0 nav-link\"><i class=\"bi bi-dash\"><\/i> \u00c7ap \u2013 Yandal Sunum<\/a><\/li><li class=\"nav-item\"><a href=\"https:\/\/www.khas.edu.tr\/iletisim-ve-program-koordinatorleri\/\" class=\" my-0 py-0 nav-link\"><i class=\"bi bi-dash\"><\/i> \u0130leti\u015fim ve Program Koordinat\u00f6rleri<\/a><\/li><li class=\"nav-item\"><a href=\"https:\/\/www.khas.edu.tr\/kontenjanlar\/\" class=\" my-0 py-0 nav-link\"><i class=\"bi bi-dash\"><\/i> Kontenjanlar<\/a><\/li><li class=\"nav-item\"><a href=\"https:\/\/www.khas.edu.tr\/muafiyet-islemleri\/\" class=\" my-0 py-0 nav-link\"><i class=\"bi bi-dash\"><\/i> Muafiyet \u0130\u015flemleri<\/a><\/li><li class=\"nav-item\"><a href=\"https:\/\/www.khas.edu.tr\/programlar-ve-mufredatlar\/\" class=\" my-0 py-0 nav-link\"><i class=\"bi bi-dash\"><\/i> Programlar ve M\u00fcfredatlar<\/a><\/li><\/ul><\/div><\/li><li class=\"nav-item my-0\"><a class=\"nav-link d-flex align-items-center rounded-pill \" href=\"https:\/\/www.khas.edu.tr\/ogrenci-isleri-direktorlugu\/ders-kayit\/\" ><span class=\"fw-bold\">Ders Kay\u0131t<\/span><\/a><\/li><li class=\"nav-item my-0\"><a class=\"nav-link d-flex align-items-center rounded-pill \" href=\"https:\/\/www.khas.edu.tr\/dersten-cekilme\/\" ><span class=\"fw-bold\">Dersten \u00c7ekilme<\/span><\/a><\/li><li class=\"nav-item my-0\"><a class=\"nav-link d-flex align-items-center rounded-pill \" href=\"https:\/\/www.khas.edu.tr\/wp-content\/uploads\/2026\/02\/Disiplin-Surecleri-1.pdf\" ><span class=\"fw-bold\">Disiplin S\u00fcre\u00e7leri<\/span><\/a><\/li><li class=\"nav-item my-0\"><a class=\"nav-link d-flex align-items-center rounded-pill \" href=\"https:\/\/www.khas.edu.tr\/ogrenci-isleri-direktorlugu-iletisim\/\" ><span class=\"fw-bold\">Ekibimiz<\/span><\/a><\/li><li class=\"nav-item my-0\"><a class=\"nav-link d-flex align-items-center rounded-pill collapsed\" href=\"#sidebar-menu-item-14330\" data-bs-toggle=\"collapse\" role=\"button\" aria-expanded=\"false\" aria-controls=\"sidebar-menu-item-14330\"><span class=\"fw-bold\">Erasmus \u2013 Exchange<\/span><i class=\"bi bi-chevron-down ms-auto dropdown-icon\"><\/i><\/a><div class=\"collapse\" id=\"sidebar-menu-item-14330\" style=\"\"><ul class=\"nav nav-sm flex-column mt-1 mb-2 ps-1\"><li class=\"nav-item\"><a href=\"https:\/\/www.khas.edu.tr\/gelen-ogrenci-surecleri\/\" class=\" my-0 py-0 nav-link\"><i class=\"bi bi-dash\"><\/i> Gelen \u00d6\u011frenci S\u00fcre\u00e7leri<\/a><\/li><li class=\"nav-item\"><a href=\"https:\/\/www.khas.edu.tr\/gelen-ogrenci-sunumu\/\" class=\" my-0 py-0 nav-link\"><i class=\"bi bi-dash\"><\/i> Gelen \u00d6\u011frenci Sunumu<\/a><\/li><li class=\"nav-item\"><a href=\"https:\/\/www.khas.edu.tr\/giden-ogrenci-surecleri\/\" class=\" my-0 py-0 nav-link\"><i class=\"bi bi-dash\"><\/i> Giden \u00d6\u011frenci S\u00fcre\u00e7leri<\/a><\/li><\/ul><\/div><\/li><li class=\"nav-item my-0\"><a class=\"nav-link d-flex align-items-center rounded-pill \" href=\"https:\/\/www.khas.edu.tr\/intibak-ders-listesi\/\" ><span class=\"fw-bold\">\u0130ntibak Ders Listesi<\/span><\/a><\/li><li class=\"nav-item my-0\"><a class=\"nav-link d-flex align-items-center rounded-pill \" href=\"https:\/\/www.khas.edu.tr\/kayit-dondurma\/\" ><span class=\"fw-bold\">Kay\u0131t Dondurma<\/span><\/a><\/li><li class=\"nav-item my-0\"><a class=\"nav-link d-flex align-items-center rounded-pill collapsed\" href=\"#sidebar-menu-item-38452\" data-bs-toggle=\"collapse\" role=\"button\" aria-expanded=\"false\" aria-controls=\"sidebar-menu-item-38452\"><span class=\"fw-bold\">Kay\u0131t \u0130\u015flemleri<\/span><i class=\"bi bi-chevron-down ms-auto dropdown-icon\"><\/i><\/a><div class=\"collapse\" id=\"sidebar-menu-item-38452\" style=\"\"><ul class=\"nav nav-sm flex-column mt-1 mb-2 ps-1\"><li class=\"nav-item\"><a href=\"https:\/\/www.khas.edu.tr\/yks-kayit\/\" class=\" my-0 py-0 nav-link\"><i class=\"bi bi-dash\"><\/i> YKS Kay\u0131t<\/a><\/li><li class=\"nav-item\"><a href=\"https:\/\/www.khas.edu.tr\/ozel-yetenek-kayit\/\" class=\" my-0 py-0 nav-link\"><i class=\"bi bi-dash\"><\/i> \u00d6zel Yetenek Kay\u0131t<\/a><\/li><li class=\"nav-item\"><a href=\"https:\/\/www.khas.edu.tr\/uluslararasi-ogrenci-kayit\/\" class=\" my-0 py-0 nav-link\"><i class=\"bi bi-dash\"><\/i> Uluslararas\u0131 \u00d6\u011frenci Kay\u0131t<\/a><\/li><\/ul><\/div><\/li><li class=\"nav-item my-0\"><a class=\"nav-link d-flex align-items-center rounded-pill \" href=\"https:\/\/www.khas.edu.tr\/kayit-yenileme\/\" ><span class=\"fw-bold\">Kay\u0131t Yenileme<\/span><\/a><\/li><li class=\"nav-item my-0\"><a class=\"nav-link d-flex align-items-center rounded-pill \" href=\"https:\/\/www.khas.edu.tr\/mezuniyet-sureci\/\" ><span class=\"fw-bold\">Mezuniyet S\u00fcreci<\/span><\/a><\/li><li class=\"nav-item my-0\"><a class=\"nav-link d-flex align-items-center rounded-pill \" href=\"https:\/\/www.khas.edu.tr\/online-islemler-ve-basvuru-formlari\/\" ><span class=\"fw-bold\">Online \u0130\u015flemler ve Ba\u015fvuru Formlar\u0131<\/span><\/a><\/li><li class=\"nav-item my-0\"><a class=\"nav-link d-flex align-items-center rounded-pill \" href=\"https:\/\/www.khas.edu.tr\/ozel-ogrenci\/\" ><span class=\"fw-bold\">\u00d6zel \u00d6\u011frenci<\/span><\/a><\/li><li class=\"nav-item my-0\"><a class=\"nav-link d-flex align-items-center rounded-pill \" href=\"https:\/\/www.khas.edu.tr\/sikca-sorulan-sorular\/\" ><span class=\"fw-bold\">S\u0131k\u00e7a Sorulan Sorular<\/span><\/a><\/li><li class=\"nav-item my-0\"><a class=\"nav-link d-flex align-items-center rounded-pill \" href=\"https:\/\/www.khas.edu.tr\/wp-content\/uploads\/2024\/12\/Tek-Ders-ve-Not-Yukseltme-Infografi.pdf\" ><span class=\"fw-bold\">Tek Ders ve Not Y\u00fckseltme S\u0131navlar\u0131<\/span><\/a><\/li><li class=\"nav-item my-0\"><a class=\"nav-link d-flex align-items-center rounded-pill \" href=\"https:\/\/www.khas.edu.tr\/yardim-dokumanlari\/\" ><span class=\"fw-bold\">Yard\u0131m Dok\u00fcmanlar\u0131<\/span><\/a><\/li><li class=\"nav-item my-0\"><a class=\"nav-link d-flex align-items-center rounded-pill \" href=\"https:\/\/www.khas.edu.tr\/yatay-gecis\/\" ><span class=\"fw-bold\">Yatay Ge\u00e7i\u015f<\/span><\/a><\/li><li class=\"nav-item my-0\"><a class=\"nav-link d-flex align-items-center rounded-pill \" href=\"https:\/\/www.khas.edu.tr\/yaz-ogretimi\/\" ><span class=\"fw-bold\">Yaz \u00d6\u011fretimi<\/span><\/a><\/li><li class=\"nav-item my-0\"><a class=\"nav-link d-flex align-items-center rounded-pill \" href=\"https:\/\/www.khas.edu.tr\/yonetmelikler-ve-yonergeler\/\" ><span class=\"fw-bold\">Y\u00f6netmelikler ve Y\u00f6nergeler<\/span><\/a><\/li><\/ul><\/div>\n\t\t\t\t\t\t<\/div>\n\t\t\t\t<\/div>\n\t\t\t\t<\/div>\n\t\t\t\t\t<\/div>\n\t\t\t\t<\/div>\n\t\t\t\t<\/div>\n\t\t","protected":false},"excerpt":{"rendered":"<p>\u00a0 Click here for the KHAS Undergraduate COURSERA Presentation. \u00a0<\/p>\n","protected":false},"author":2,"featured_media":0,"parent":0,"menu_order":0,"comment_status":"closed","ping_status":"closed","template":"","meta":{"slim_seo":{"title":"Coursera Presentation - Kadir Has University","description":"\u00a0 Click here for the KHAS Undergraduate COURSERA Presentation. \u00a0 \u00d6\u011frenci \u0130\u015fleri Direkt\u00f6rl\u00fc\u011f\u00fc Akademik Takvim Azami S\u00fcre Coursera Coursera Hakk\u0131nda Coursera\u00a0S\u0131k\u00e7"},"footnotes":""},"birimler":[37],"class_list":["post-12983","page","type-page","status-publish","hentry","birimler-khas-anasayfa"],"_links":{"self":[{"href":"https:\/\/www.khas.edu.tr\/en\/wp-json\/wp\/v2\/pages\/12983","targetHints":{"allow":["GET"]}}],"collection":[{"href":"https:\/\/www.khas.edu.tr\/en\/wp-json\/wp\/v2\/pages"}],"about":[{"href":"https:\/\/www.khas.edu.tr\/en\/wp-json\/wp\/v2\/types\/page"}],"author":[{"embeddable":true,"href":"https:\/\/www.khas.edu.tr\/en\/wp-json\/wp\/v2\/users\/2"}],"replies":[{"embeddable":true,"href":"https:\/\/www.khas.edu.tr\/en\/wp-json\/wp\/v2\/comments?post=12983"}],"version-history":[{"count":19,"href":"https:\/\/www.khas.edu.tr\/en\/wp-json\/wp\/v2\/pages\/12983\/revisions"}],"predecessor-version":[{"id":22911,"href":"https:\/\/www.khas.edu.tr\/en\/wp-json\/wp\/v2\/pages\/12983\/revisions\/22911"}],"wp:attachment":[{"href":"https:\/\/www.khas.edu.tr\/en\/wp-json\/wp\/v2\/media?parent=12983"}],"wp:term":[{"taxonomy":"birimler","embeddable":true,"href":"https:\/\/www.khas.edu.tr\/en\/wp-json\/wp\/v2\/birimler?post=12983"}],"curies":[{"name":"wp","href":"https:\/\/api.w.org\/{rel}","templated":true}]}}