{"id":12431,"date":"2025-03-11T10:13:47","date_gmt":"2025-03-11T07:13:47","guid":{"rendered":"https:\/\/www.khas.edu.tr\/?page_id=12431"},"modified":"2025-05-16T12:00:48","modified_gmt":"2025-05-16T09:00:48","slug":"social-areas","status":"publish","type":"page","link":"https:\/\/www.khas.edu.tr\/en\/social-areas\/","title":{"rendered":"Social Areas"},"content":{"rendered":"\n<p>Kadir Has University\u2019s Cibali Campus offers a wide range of facilities that support not only the academic but also the social needs of students. Various on-campus dining options provide welcoming spaces where students can relax, socialize, and enjoy meals throughout the day.<\/p>\n\n\n\n<p>On-campus food and beverage venues include:<\/p>\n\n\n\n<ul class=\"wp-block-list\">\n<li><strong>BCC Catering Cafeteria<\/strong><\/li>\n\n\n\n<li><strong>BCC Catering Restaurant<\/strong><\/li>\n\n\n\n<li><strong>Starbucks<\/strong><\/li>\n\n\n\n<li><strong>EspressoLab<\/strong><\/li>\n\n\n\n<li><strong>Coffy<\/strong><\/li>\n\n\n\n<li><strong>Simit\u00e7i D\u00fcnyas\u0131<\/strong><\/li>\n\n\n\n<li><strong>Kamp\u00fcs Ekspress<\/strong><\/li>\n\n\n\n<li><strong>Vendoline Food &amp; Beverage Vending Machines<\/strong><\/li>\n<\/ul>\n\n\n\n<p>In addition, students benefit from the campus\u2019s central location in Cibali, which offers easy access to a variety of caf\u00e9s and restaurants within walking distance. Whether you&#8217;re looking for a quick coffee break or a place to unwind with friends, there are plenty of options nearby to suit every taste.<\/p>\n\n\n\n<br>\n","protected":false},"excerpt":{"rendered":"<p>Kadir Has University\u2019s Cibali Campus offers a wide range of facilities that support not only the academic but also the social needs of students. Various on-campus dining options provide welcoming spaces where students can relax, socialize, and enjoy meals throughout the day. On-campus food and beverage venues include: In addition, students benefit from the campus\u2019s [&hellip;]<\/p>\n","protected":false},"author":2,"featured_media":0,"parent":0,"menu_order":0,"comment_status":"closed","ping_status":"closed","template":"","meta":{"slim_seo":{"title":"Social Areas - Kadir Has University","description":"Kadir Has University\u2019s Cibali Campus offers a wide range of facilities that support not only the academic but also the social needs of students. Various on-camp"},"footnotes":""},"birimler":[38],"class_list":["post-12431","page","type-page","status-publish","hentry","birimler-khas-homepage"],"_links":{"self":[{"href":"https:\/\/www.khas.edu.tr\/en\/wp-json\/wp\/v2\/pages\/12431","targetHints":{"allow":["GET"]}}],"collection":[{"href":"https:\/\/www.khas.edu.tr\/en\/wp-json\/wp\/v2\/pages"}],"about":[{"href":"https:\/\/www.khas.edu.tr\/en\/wp-json\/wp\/v2\/types\/page"}],"author":[{"embeddable":true,"href":"https:\/\/www.khas.edu.tr\/en\/wp-json\/wp\/v2\/users\/2"}],"replies":[{"embeddable":true,"href":"https:\/\/www.khas.edu.tr\/en\/wp-json\/wp\/v2\/comments?post=12431"}],"version-history":[{"count":2,"href":"https:\/\/www.khas.edu.tr\/en\/wp-json\/wp\/v2\/pages\/12431\/revisions"}],"predecessor-version":[{"id":20057,"href":"https:\/\/www.khas.edu.tr\/en\/wp-json\/wp\/v2\/pages\/12431\/revisions\/20057"}],"wp:attachment":[{"href":"https:\/\/www.khas.edu.tr\/en\/wp-json\/wp\/v2\/media?parent=12431"}],"wp:term":[{"taxonomy":"birimler","embeddable":true,"href":"https:\/\/www.khas.edu.tr\/en\/wp-json\/wp\/v2\/birimler?post=12431"}],"curies":[{"name":"wp","href":"https:\/\/api.w.org\/{rel}","templated":true}]}}