{"id":12321,"date":"2025-03-11T10:05:17","date_gmt":"2025-03-11T07:05:17","guid":{"rendered":"https:\/\/www.khas.edu.tr\/?page_id=12321"},"modified":"2026-04-09T14:54:04","modified_gmt":"2026-04-09T11:54:04","slug":"student-clubs-union-and-executive-board","status":"publish","type":"page","link":"https:\/\/www.khas.edu.tr\/en\/student-clubs-union-and-executive-board\/","title":{"rendered":"Student Clubs Union and Executive Board"},"content":{"rendered":"\t\t<div data-elementor-type=\"wp-page\" data-elementor-id=\"12321\" class=\"elementor elementor-12321 elementor-12309\">\n\t\t\t\t<div class=\"elementor-element elementor-element-3f682f6 e-flex e-con-boxed e-con e-parent\" data-id=\"3f682f6\" data-element_type=\"container\" data-e-type=\"container\">\n\t\t\t\t\t<div class=\"e-con-inner\">\n\t\t\t\t<div class=\"elementor-element elementor-element-54bcd3f elementor-widget elementor-widget-text-editor\" data-id=\"54bcd3f\" data-element_type=\"widget\" data-e-type=\"widget\" data-widget_type=\"text-editor.default\">\n\t\t\t\t<div class=\"elementor-widget-container\">\n\t\t\t\t\t\t\t\t\t<section class=\"clubs-union\">\n  Kadir Has University Student Clubs Union is an organization that encourages students to actively participate in scientific, social, cultural, and athletic activities, while bringing together student clubs within the university under a unified structure. The Student Clubs Union aims to ensure effective communication among clubs, foster collaboration, and support the organized planning and execution of their activities. The event plans, budgets, and activity reports of the clubs are evaluated by the Executive Board of the Student Clubs Union and submitted to the Steering Committee.\n\n  The Steering Committee, under the coordination of the Office of Campus Life, works together with the Student Clubs Union Executive Board, which is composed of students, as well as academic and administrative staff members. The Steering Committee supervises student club activities, evaluates budget requests, and manages the necessary approval processes. It also reviews new club applications and follows up on event permission procedures. This structure serves as an important platform that enables students to use their time outside of classes efficiently, develop creative projects, and enhance their personal competencies in public settings. It makes a valuable contribution to university life.\n  <h3>2025\u20132026 Student Clubs Union Steering Committee Members<\/h3>\n  <ul class=\"clubs-union__list\">\n    <li><strong>Assoc. Prof. Dr. Emrah Karao\u011fuz<\/strong> \u2013 Dean of Students<\/li>\n    <li><strong>Asst. Prof. Dr. Ahmet Ayar<\/strong> \u2013 Faculty of Law<\/li>\n    <li><strong>Assoc. Prof. Dr. Taner Arsan<\/strong> \u2013 Secretary General<\/li>\n    <li><strong>Asl\u0131 Y\u0131ld\u0131r\u0131m<\/strong> \u2013 <span data-teams=\"true\">Office of the Dean of Students<\/span><\/li>\n    <li><strong>Alper G\u00fcltekin Dikmen<\/strong> \u2013 President of the Student Clubs Union<\/li>\n    <li><strong>\u00d6mer Bertan Atik<\/strong> \u2013 Vice President of the Student Clubs Union<\/li>\n    <li><strong>Ovsanna Artan<\/strong> \u2013 Secretary of the Student Clubs Union (Representative of the Architecture Club)<\/li>\n    <li><strong>Elif Karaman<\/strong> \u2013 Board Member<\/li>\n    <li><strong>Ay\u015fe Karmen Bilgin<\/strong> \u2013 Board Member<\/li>\n  <\/ul>\n<\/section>\t\t\t\t\t\t\t\t<\/div>\n\t\t\t\t<\/div>\n\t\t\t\t\t<\/div>\n\t\t\t\t<\/div>\n\t\t\t\t<\/div>\n\t\t","protected":false},"excerpt":{"rendered":"<p>Kadir Has University Student Clubs Union is an organization that encourages students to actively participate in scientific, social, cultural, and athletic activities, while bringing together student clubs within the university under a unified structure. The Student Clubs Union aims to ensure effective communication among clubs, foster collaboration, and support the organized planning and execution of [&hellip;]<\/p>\n","protected":false},"author":2,"featured_media":0,"parent":0,"menu_order":0,"comment_status":"closed","ping_status":"closed","template":"","meta":{"slim_seo":{"title":"Student Clubs Union and Executive Board - Kadir Has University","description":"Kadir Has University Student Clubs Union is an organization that encourages students to actively participate in scientific, social, cultural, and athletic activ"},"footnotes":""},"birimler":[38],"class_list":["post-12321","page","type-page","status-publish","hentry","birimler-khas-homepage"],"_links":{"self":[{"href":"https:\/\/www.khas.edu.tr\/en\/wp-json\/wp\/v2\/pages\/12321","targetHints":{"allow":["GET"]}}],"collection":[{"href":"https:\/\/www.khas.edu.tr\/en\/wp-json\/wp\/v2\/pages"}],"about":[{"href":"https:\/\/www.khas.edu.tr\/en\/wp-json\/wp\/v2\/types\/page"}],"author":[{"embeddable":true,"href":"https:\/\/www.khas.edu.tr\/en\/wp-json\/wp\/v2\/users\/2"}],"replies":[{"embeddable":true,"href":"https:\/\/www.khas.edu.tr\/en\/wp-json\/wp\/v2\/comments?post=12321"}],"version-history":[{"count":11,"href":"https:\/\/www.khas.edu.tr\/en\/wp-json\/wp\/v2\/pages\/12321\/revisions"}],"predecessor-version":[{"id":39328,"href":"https:\/\/www.khas.edu.tr\/en\/wp-json\/wp\/v2\/pages\/12321\/revisions\/39328"}],"wp:attachment":[{"href":"https:\/\/www.khas.edu.tr\/en\/wp-json\/wp\/v2\/media?parent=12321"}],"wp:term":[{"taxonomy":"birimler","embeddable":true,"href":"https:\/\/www.khas.edu.tr\/en\/wp-json\/wp\/v2\/birimler?post=12321"}],"curies":[{"name":"wp","href":"https:\/\/api.w.org\/{rel}","templated":true}]}}