{"id":11951,"date":"2025-03-05T15:37:22","date_gmt":"2025-03-05T12:37:22","guid":{"rendered":"https:\/\/www.khas.edu.tr\/?page_id=11951"},"modified":"2026-04-01T15:12:47","modified_gmt":"2026-04-01T12:12:47","slug":"quality-commission","status":"publish","type":"page","link":"https:\/\/www.khas.edu.tr\/en\/quality-commission\/","title":{"rendered":"Quality Commission"},"content":{"rendered":"\t\t<div data-elementor-type=\"wp-page\" data-elementor-id=\"11951\" class=\"elementor elementor-11951 elementor-11899\">\n\t\t\t\t<div class=\"elementor-element elementor-element-4d2e3386 e-flex e-con-boxed e-con e-parent\" data-id=\"4d2e3386\" data-element_type=\"container\" data-e-type=\"container\">\n\t\t\t\t\t<div class=\"e-con-inner\">\n\t\t\t\t<div class=\"elementor-element elementor-element-5dc8538 elementor-widget elementor-widget-text-editor\" data-id=\"5dc8538\" data-element_type=\"widget\" data-e-type=\"widget\" data-widget_type=\"text-editor.default\">\n\t\t\t\t<div class=\"elementor-widget-container\">\n\t\t\t\t\t\t\t\t\t<h3>Quality and Strategy Development Commission<\/h3><p style=\"text-align: justify;\">The <strong>Quality and Strategy Development Commission<\/strong> of Kadir Has University is a commission that operates to integrate all processes related to the university\u2019s quality assurance into the institutional structure and to ensure continuous improvement. The main duties of the commission include ensuring the implementation of quality assurance processes (such as evaluating and improving the quality of education, research activities, and administrative services in line with the university&#8217;s strategic plan and objectives, establishing internal and external quality assurance systems, determining institutional indicators, monitoring the quality system, carrying out activities in accordance with the procedures and principles set by the Higher Education Quality Council (Y\u00d6KAK), and submitting the results to the Senate for approval) within the framework determined by the Academic Council, strengthening the university&#8217;s quality management system, and coordinating internal evaluation processes.<\/p><table style=\"border-collapse: collapse; margin-top: 20px;\" border=\"1\" width=\"100%\"><thead><tr><th style=\"border: 1px solid black; padding: 8px; text-align: left;\" width=\"50%\">Name-Surname<\/th><th style=\"border: 1px solid black; padding: 8px; text-align: left;\" width=\"50%\">Position<\/th><\/tr><\/thead><tbody><tr><td style=\"border: 1px solid black; padding: 8px;\">Prof. Dr. Nilay ARAT<\/td><td style=\"border: 1px solid black; padding: 8px;\">Vice Rector \/ President<\/td><\/tr><tr><td style=\"border: 1px solid black; padding: 8px;\">Prof. Dr. Banu MANAV<\/td><td style=\"border: 1px solid black; padding: 8px;\">Representative of Faculty Deans<\/td><\/tr><tr><td style=\"border: 1px solid black; padding: 8px;\">Prof. Dr. \u015eevket Volkan ED\u0130GER<\/td><td style=\"border: 1px solid black; padding: 8px;\">Representative of Research Centers<\/td><\/tr><tr><td style=\"border: 1px solid black; padding: 8px;\">Do\u00e7. Dr. H\u00fcseyin Emrah KARAO\u011eUZ<\/td><td style=\"border: 1px solid black; padding: 8px;\">Student Dean\u2019s Office Representative<\/td><\/tr><tr><td style=\"border: 1px solid black; padding: 8px;\">Do\u00e7. Dr. Petek TOSUN<\/td><td style=\"border: 1px solid black; padding: 8px;\">Faculty of Economics, Administrative and Social Sciences Representative<\/td><\/tr><tr><td style=\"border: 1px solid black; padding: 8px;\">Dr. \u00d6\u011fr. \u00dcyesi Mine BERTAN YILMAZ<\/td><td style=\"border: 1px solid black; padding: 8px;\">Faculty of Communication Representative<\/td><\/tr><tr><td style=\"border: 1px solid black; padding: 8px;\">Dr. \u00d6\u011fr. \u00dcyesi Yal\u00e7\u0131n \u015eAD\u0130<\/td><td style=\"border: 1px solid black; padding: 8px;\">Faculty of Engineering and Natural Sciences Representative<\/td><\/tr><tr><td style=\"border: 1px solid black; padding: 8px;\">Dr. \u00d6\u011fr. \u00dcyesi Burcu \u00c7i\u011fdem YILMAZ<\/td><td style=\"border: 1px solid black; padding: 8px;\">Faculty of Art and Design Representative<\/td><\/tr><tr><td style=\"border: 1px solid black; padding: 8px;\">Dr. \u00d6\u011fr. \u00dcyesi Ba\u015fak EK\u0130NC\u0130<\/td><td style=\"border: 1px solid black; padding: 8px;\">Faculty of Law Representative<\/td><\/tr><tr><td style=\"border: 1px solid black; padding: 8px;\">Dr. \u00d6\u011fr. \u00dcyesi Aysun ALTUNKA\u015e<\/td><td style=\"border: 1px solid black; padding: 8px;\">Graduate School Representative<\/td><\/tr><tr><td style=\"border: 1px solid black; padding: 8px;\">\u00d6\u011fr. G\u00f6r. G\u00fcrsel KAHRAMAN<\/td><td style=\"border: 1px solid black; padding: 8px;\">School of Foreign Languages Representative<\/td><\/tr><tr><td style=\"border: 1px solid black; padding: 8px;\">\u00d6\u011fr. G\u00f6r. Zeynep Tunay G\u00dcL<\/td><td style=\"border: 1px solid black; padding: 8px;\">Common Courses Department Representative<\/td><\/tr><tr><td style=\"border: 1px solid black; padding: 8px;\">Do\u00e7. Dr. Taner ARSAN<\/td><td style=\"border: 1px solid black; padding: 8px;\">Secretary General<\/td><\/tr><tr><td style=\"border: 1px solid black; padding: 8px;\">Mehmet MANYAS<\/td><td style=\"border: 1px solid black; padding: 8px;\">Library Directorate and Institutional Communication and Marketing Directorate Representative<\/td><\/tr><tr><td style=\"border: 1px solid black; padding: 8px;\">\u0130smail KO\u00c7<\/td><td style=\"border: 1px solid black; padding: 8px;\">Information Technologies and Digital Transformation Directorate and Human Resources Directorate Representative<\/td><\/tr><tr><td style=\"border: 1px solid black; padding: 8px;\">Volkan Osman ARAS<\/td><td style=\"border: 1px solid black; padding: 8px;\">Quality and Strategy Development Directorate Representative<\/td><\/tr><tr><td style=\"border: 1px solid black; padding: 8px;\">Didem T\u00dcRK\u00d6Z<\/td><td style=\"border: 1px solid black; padding: 8px;\">R&amp;D Resources Directorate Representative<\/td><\/tr><tr><td style=\"border: 1px solid black; padding: 8px;\">\u00d6\u011fr. G\u00f6r. Elif AKKOR<\/td><td style=\"border: 1px solid black; padding: 8px;\">CELT Representative<\/td><\/tr><tr><td style=\"border: 1px solid black; padding: 8px;\">G\u00fcl\u015fen AY\u00c7\u0130\u00c7EK<\/td><td style=\"border: 1px solid black; padding: 8px;\">Technopark Representative<\/td><\/tr><tr><td style=\"border: 1px solid black; padding: 8px;\">Ebru DAL\u011eAKIRAN DEM\u0130R<\/td><td style=\"border: 1px solid black; padding: 8px;\">Reporter<\/td><\/tr><tr><td style=\"border: 1px solid black; padding: 8px;\">Melik\u015fah KATIRA\u011e<\/td><td style=\"border: 1px solid black; padding: 8px;\">Student Representative \/ Faculty of Law<\/td><\/tr><\/tbody><\/table>\t\t\t\t\t\t\t\t<\/div>\n\t\t\t\t<\/div>\n\t\t\t\t\t<\/div>\n\t\t\t\t<\/div>\n\t\t\t\t<\/div>\n\t\t","protected":false},"excerpt":{"rendered":"<p>Quality and Strategy Development Commission The Quality and Strategy Development Commission of Kadir Has University is a commission that operates to integrate all processes related to the university\u2019s quality assurance into the institutional structure and to ensure continuous improvement. The main duties of the commission include ensuring the implementation of quality assurance processes (such as [&hellip;]<\/p>\n","protected":false},"author":2,"featured_media":0,"parent":0,"menu_order":0,"comment_status":"closed","ping_status":"closed","template":"","meta":{"slim_seo":{"title":"Quality Commission - Kadir Has University","description":"Quality and Strategy Development Commission The Quality and Strategy Development Commission of Kadir Has University is a commission that operates to integrate a"},"footnotes":""},"birimler":[38],"class_list":["post-11951","page","type-page","status-publish","hentry","birimler-khas-homepage"],"_links":{"self":[{"href":"https:\/\/www.khas.edu.tr\/en\/wp-json\/wp\/v2\/pages\/11951","targetHints":{"allow":["GET"]}}],"collection":[{"href":"https:\/\/www.khas.edu.tr\/en\/wp-json\/wp\/v2\/pages"}],"about":[{"href":"https:\/\/www.khas.edu.tr\/en\/wp-json\/wp\/v2\/types\/page"}],"author":[{"embeddable":true,"href":"https:\/\/www.khas.edu.tr\/en\/wp-json\/wp\/v2\/users\/2"}],"replies":[{"embeddable":true,"href":"https:\/\/www.khas.edu.tr\/en\/wp-json\/wp\/v2\/comments?post=11951"}],"version-history":[{"count":34,"href":"https:\/\/www.khas.edu.tr\/en\/wp-json\/wp\/v2\/pages\/11951\/revisions"}],"predecessor-version":[{"id":38607,"href":"https:\/\/www.khas.edu.tr\/en\/wp-json\/wp\/v2\/pages\/11951\/revisions\/38607"}],"wp:attachment":[{"href":"https:\/\/www.khas.edu.tr\/en\/wp-json\/wp\/v2\/media?parent=11951"}],"wp:term":[{"taxonomy":"birimler","embeddable":true,"href":"https:\/\/www.khas.edu.tr\/en\/wp-json\/wp\/v2\/birimler?post=11951"}],"curies":[{"name":"wp","href":"https:\/\/api.w.org\/{rel}","templated":true}]}}