{"id":11547,"date":"2025-03-03T11:37:20","date_gmt":"2025-03-03T08:37:20","guid":{"rendered":"https:\/\/www.khas.edu.tr\/?page_id=11547"},"modified":"2026-04-08T15:44:55","modified_gmt":"2026-04-08T12:44:55","slug":"administrative-offices","status":"publish","type":"page","link":"https:\/\/www.khas.edu.tr\/en\/administrative-offices\/","title":{"rendered":"Administrative Offices"},"content":{"rendered":"\t\t<div data-elementor-type=\"wp-page\" data-elementor-id=\"11547\" class=\"elementor elementor-11547 elementor-11409\">\n\t\t\t\t<div class=\"elementor-element elementor-element-3125085 e-con-full e-flex e-con e-parent\" data-id=\"3125085\" data-element_type=\"container\" data-e-type=\"container\">\n\t\t<div class=\"elementor-element elementor-element-f46c6cd e-con-full e-flex e-con e-child\" data-id=\"f46c6cd\" data-element_type=\"container\" data-e-type=\"container\">\n\t\t\t\t<div class=\"elementor-element elementor-element-ae1d9f6 elementor-widget elementor-widget-n-accordion\" data-id=\"ae1d9f6\" data-element_type=\"widget\" data-e-type=\"widget\" data-settings=\"{&quot;default_state&quot;:&quot;all_collapsed&quot;,&quot;max_items_expended&quot;:&quot;one&quot;,&quot;n_accordion_animation_duration&quot;:{&quot;unit&quot;:&quot;ms&quot;,&quot;size&quot;:400,&quot;sizes&quot;:[]}}\" data-widget_type=\"nested-accordion.default\">\n\t\t\t\t<div class=\"elementor-widget-container\">\n\t\t\t\t\t\t\t<div class=\"e-n-accordion\" aria-label=\"Accordion. Open links with Enter or Space, close with Escape, and navigate with Arrow Keys\">\n\t\t\t\t\t\t<details id=\"e-n-accordion-item-1820\" class=\"e-n-accordion-item\" >\n\t\t\t\t<summary class=\"e-n-accordion-item-title\" data-accordion-index=\"1\" tabindex=\"0\" aria-expanded=\"false\" aria-controls=\"e-n-accordion-item-1820\" >\n\t\t\t\t\t<span class='e-n-accordion-item-title-header'><div class=\"e-n-accordion-item-title-text\"> Units Under the Secretary General <\/div><\/span>\n\t\t\t\t\t\t\t<span class='e-n-accordion-item-title-icon'>\n\t\t\t<span class='e-opened' ><svg aria-hidden=\"true\" class=\"e-font-icon-svg e-fas-minus\" viewBox=\"0 0 448 512\" xmlns=\"http:\/\/www.w3.org\/2000\/svg\"><path d=\"M416 208H32c-17.67 0-32 14.33-32 32v32c0 17.67 14.33 32 32 32h384c17.67 0 32-14.33 32-32v-32c0-17.67-14.33-32-32-32z\"><\/path><\/svg><\/span>\n\t\t\t<span class='e-closed'><svg aria-hidden=\"true\" class=\"e-font-icon-svg e-fas-plus\" viewBox=\"0 0 448 512\" xmlns=\"http:\/\/www.w3.org\/2000\/svg\"><path d=\"M416 208H272V64c0-17.67-14.33-32-32-32h-32c-17.67 0-32 14.33-32 32v144H32c-17.67 0-32 14.33-32 32v32c0 17.67 14.33 32 32 32h144v144c0 17.67 14.33 32 32 32h32c17.67 0 32-14.33 32-32V304h144c17.67 0 32-14.33 32-32v-32c0-17.67-14.33-32-32-32z\"><\/path><\/svg><\/span>\n\t\t<\/span>\n\n\t\t\t\t\t\t<\/summary>\n\t\t\t\t<div role=\"region\" aria-labelledby=\"e-n-accordion-item-1820\" class=\"elementor-element elementor-element-d9e8f24 e-con-full e-flex e-con e-child\" data-id=\"d9e8f24\" data-element_type=\"container\" data-e-type=\"container\">\n\t\t<div role=\"region\" aria-labelledby=\"e-n-accordion-item-1820\" class=\"elementor-element elementor-element-313d17f e-flex e-con-boxed e-con e-child\" data-id=\"313d17f\" data-element_type=\"container\" data-e-type=\"container\">\n\t\t\t\t\t<div class=\"e-con-inner\">\n\t\t\t\t<div class=\"elementor-element elementor-element-3e05c93 elementor-widget elementor-widget-html\" data-id=\"3e05c93\" data-element_type=\"widget\" data-e-type=\"widget\" data-widget_type=\"html.default\">\n\t\t\t\t<div class=\"elementor-widget-container\">\n\t\t\t\t\t<div class=\"column\">\r\n      <div class=\"chief-box\">\r\n        <div class=\"photo-wrap\">\r\n          <img decoding=\"async\" src=\"https:\/\/www.khas.edu.tr\/wp-content\/uploads\/2026\/01\/Taner_Arsan-Sec_Gen-Photo.png\" class=\"photo-circle\" alt=\"Assoc.Prof.Dr. Taner ARSAN\">\r\n        <\/div>\r\n        <span class=\"person-name\">Assoc.Prof.Dr. Taner ARSAN<\/span>\r\n        <span class=\"person-role\">Secretary General<\/span>\r\n        <span class=\"person-mail\">\r\n          <a href=\"mailto:arsan@khas.edu.tr\">arsan@khas.edu.tr<\/a>\r\n        <\/span>\r\n        <div class=\"orange-divider\"><\/div>\r\n      <\/div>\r\n      <div class=\"sub-grid\">\r\n        <!-- \u0130SMA\u0130L KO\u00c7 -->\r\n        <div class=\"deputy-section\">\r\n          <div class=\"deputy-header\">\r\n            <div class=\"photo-wrap deputy-photo\">\r\n              <img decoding=\"async\" src=\"https:\/\/www.khas.edu.tr\/wp-content\/uploads\/2026\/02\/ismail-koc-1802.jpg\" class=\"photo-circle\" alt=\"Asst.Prof.Dr. \u0130smail KO\u00c7\">\r\n            <\/div> Asst.Prof.Dr. \u0130smail KO\u00c7 <br>\r\n            <small>Deputy Secretary General<\/small>\r\n          <\/div>\r\n          <div class=\"unit-card\">\r\n            <span class=\"unit-title-main\">\r\n              <a class=\"unit-link\" href=\"https:\/\/www.khas.edu.tr\/en\/it\/\" target=\"_blank\" rel=\"noopener\"> Directorate of Information Technologies and Digital Transformation<\/a>\r\n            <\/span>\r\n            <span class=\"person-name\"><\/span>\r\n            <span class=\"person-role\"><\/span>\r\n            <div class=\"orange-divider\"><\/div>\r\n          <\/div>\r\n          <div class=\"unit-card\">\r\n            <span class=\"unit-title-main\">\r\n              <a class=\"unit-link\" href=\"https:\/\/www.khas.edu.tr\/en\/directorate-of-human-resources\/\" target=\"_blank\" rel=\"noopener\"> Directorate of Human Resources <\/a>\r\n            <\/span>\r\n            <span class=\"person-name\">Eda GED\u0130K<\/span>\r\n            <span class=\"person-role\">Director of Human Resources<\/span>\r\n            <div class=\"orange-divider\"><\/div>\r\n          <\/div>\r\n          <div class=\"unit-card\">\r\n            <span class=\"unit-title-main\">Office of Purchasing<\/span>\r\n            <span class=\"person-name\">Selin TOPSAKAL<\/span>\r\n            <span class=\"person-role\">Purchasing Manager<\/span>\r\n            <div class=\"orange-divider\"><\/div>\r\n          <\/div>\r\n        <\/div>\r\n        <!-- MEHMET MANYAS -->\r\n        <div class=\"deputy-section\">\r\n          <div class=\"deputy-header\">\r\n            <div class=\"photo-wrap deputy-photo\">\r\n              <img decoding=\"async\" src=\"https:\/\/www.khas.edu.tr\/wp-content\/uploads\/2026\/02\/mehmet-manyas-1802.jpg\" class=\"photo-circle\" alt=\"Mehmet MANYAS\">\r\n            <\/div> Mehmet MANYAS <br>\r\n            <small>Deputy Secretary General<\/small>\r\n          <\/div>\r\n          <div class=\"unit-card\">\r\n            <span class=\"unit-title-main\">\r\n              <a class=\"unit-link\" href=\"https:\/\/www.khas.edu.tr\/en\/directorate-of-corporate-communications-and-marketing\/\" target=\"_blank\" rel=\"noopener\"> Directorate of Corporate Communications and Promotion<\/a>\r\n            <\/span>\r\n            <span class=\"person-name\">Ali YILMAZ<\/span>\r\n            <span class=\"person-role\">Director of Corporate Communications and Promotion<\/span>\r\n            <div class=\"orange-divider\"><\/div>\r\n          <\/div>\r\n          <div class=\"unit-card\">\r\n            <span class=\"unit-title-main\">\r\n              <a class=\"unit-link\" href=\"https:\/\/bilgimerkezi.khas.edu.tr\/\" target=\"_blank\" rel=\"noopener\">Directorate of Library<\/a>\r\n            <\/span>\r\n            <span class=\"person-name\">Mehmet MANYAS<\/span>\r\n            <span class=\"person-role\">Director of Library<\/span>\r\n            <div class=\"orange-divider\"><\/div>\r\n          <\/div>\r\n          <div class=\"unit-card\">\r\n            <span class=\"unit-title-main\">\r\n              <a class=\"unit-link\" href=\"https:\/\/www.khas.edu.tr\/mezunlarofisi\/\" target=\"_blank\" rel=\"noopener\"> Alumni Office <\/a>\r\n            <\/span>\r\n            <span class=\"person-name\">Sibel \u00dclker KUSEYR\u0130O\u011eLU<\/span>\r\n            <span class=\"person-role\">Alumni Relations Manager<\/span>\r\n            <div class=\"orange-divider\"><\/div>\r\n          <\/div>\r\n        <\/div>\r\n        <!-- DIRECTLY AFFILIATED UNITS -->\r\n        <div class=\"direct-full text-center\">\r\n          <div class=\"unit-card\">\r\n            <span class=\"unit-title-main\">Directorate of Construction, Technical and Operations<\/span>\r\n            <span class=\"person-name\">Sel\u00e7uk T\u00dcRKSOY<\/span>\r\n            <span class=\"person-role\">Director of Construction, Technical and Operations<\/span>\r\n            <div class=\"orange-divider\"><\/div>\r\n          <\/div>\r\n          <div class=\"unit-card\">\r\n            <span class=\"unit-title-main\">\r\n              <a class=\"unit-link\" href=\"https:\/\/www.rhm.org.tr\/\" target=\"_blank\" rel=\"noopener\">Rezan Has Museum<\/a>\r\n            <\/span>\r\n            <span class=\"person-name\">Ay\u015fe Ahu HASO\u011eLU<\/span>\r\n            <span class=\"person-role\">Director of Rezan Has Museum<\/span>\r\n            <div class=\"orange-divider\"><\/div>\r\n          <\/div>\r\n          <div class=\"unit-card\">\r\n            <span class=\"unit-title-main\">Events Unit<\/span>\r\n            <div class=\"orange-divider\"><\/div>\r\n          <\/div>\r\n        <\/div>\r\n      <\/div>\r\n    <\/div>\t\t\t\t<\/div>\n\t\t\t\t<\/div>\n\t\t\t\t\t<\/div>\n\t\t\t\t<\/div>\n\t\t\t\t<\/div>\n\t\t\t\t\t<\/details>\n\t\t\t\t\t\t<details id=\"e-n-accordion-item-1821\" class=\"e-n-accordion-item\" >\n\t\t\t\t<summary class=\"e-n-accordion-item-title\" data-accordion-index=\"2\" tabindex=\"-1\" aria-expanded=\"false\" aria-controls=\"e-n-accordion-item-1821\" >\n\t\t\t\t\t<span class='e-n-accordion-item-title-header'><div class=\"e-n-accordion-item-title-text\"> Units Under the Finance Group Presidency <\/div><\/span>\n\t\t\t\t\t\t\t<span class='e-n-accordion-item-title-icon'>\n\t\t\t<span class='e-opened' ><svg aria-hidden=\"true\" class=\"e-font-icon-svg e-fas-minus\" viewBox=\"0 0 448 512\" xmlns=\"http:\/\/www.w3.org\/2000\/svg\"><path d=\"M416 208H32c-17.67 0-32 14.33-32 32v32c0 17.67 14.33 32 32 32h384c17.67 0 32-14.33 32-32v-32c0-17.67-14.33-32-32-32z\"><\/path><\/svg><\/span>\n\t\t\t<span class='e-closed'><svg aria-hidden=\"true\" class=\"e-font-icon-svg e-fas-plus\" viewBox=\"0 0 448 512\" xmlns=\"http:\/\/www.w3.org\/2000\/svg\"><path d=\"M416 208H272V64c0-17.67-14.33-32-32-32h-32c-17.67 0-32 14.33-32 32v144H32c-17.67 0-32 14.33-32 32v32c0 17.67 14.33 32 32 32h144v144c0 17.67 14.33 32 32 32h32c17.67 0 32-14.33 32-32V304h144c17.67 0 32-14.33 32-32v-32c0-17.67-14.33-32-32-32z\"><\/path><\/svg><\/span>\n\t\t<\/span>\n\n\t\t\t\t\t\t<\/summary>\n\t\t\t\t<div role=\"region\" aria-labelledby=\"e-n-accordion-item-1821\" class=\"elementor-element elementor-element-834360f e-con-full e-flex e-con e-child\" data-id=\"834360f\" data-element_type=\"container\" data-e-type=\"container\">\n\t\t<div role=\"region\" aria-labelledby=\"e-n-accordion-item-1821\" class=\"elementor-element elementor-element-132f0a7 e-flex e-con-boxed e-con e-child\" data-id=\"132f0a7\" data-element_type=\"container\" data-e-type=\"container\">\n\t\t\t\t\t<div class=\"e-con-inner\">\n\t\t\t\t<div class=\"elementor-element elementor-element-d9c8e16 elementor-widget elementor-widget-html\" data-id=\"d9c8e16\" data-element_type=\"widget\" data-e-type=\"widget\" data-widget_type=\"html.default\">\n\t\t\t\t<div class=\"elementor-widget-container\">\n\t\t\t\t\t<div class=\"column\">\n  <div class=\"chief-box\">\n    <div class=\"photo-wrap\">\n      <img decoding=\"async\" src=\"https:\/\/www.khas.edu.tr\/wp-content\/uploads\/2025\/03\/mnn-1.png\" class=\"photo-circle\" alt=\"Hasan H\u00fcseyin AKTA\u015e\">\n    <\/div>\n    <span class=\"person-name\">Hasan H\u00fcseyin AKTA\u015e<\/span>\n    <span class=\"person-role\">Finance Group President<\/span>\n    <span class=\"person-mail\">\n      <a href=\"mailto:hasan.aktas@khas.edu.tr\">hasan.aktas@khas.edu.tr<\/a>\n    <\/span>\n    <div class=\"orange-divider\"><\/div>\n  <\/div>\n  <div class=\"deputy-section\">\n    <div class=\"unit-card\">\n      <span class=\"unit-title-main\">Directorate of Financial\nControl<\/span>\n      <span class=\"person-name\">Fulya YENER<\/span>\n      <span class=\"person-role\">Director of Financial Control<\/span>\n      <div class=\"orange-divider\"><\/div>\n    <\/div>\n    <div class=\"mini-note\">\n      <div class=\"mini-title\">\n        <a href=\"https:\/\/3414khas.com\/\" target=\"_blank\" rel=\"noopener\">34-14<\/a>\n      <\/div>\n      <span class=\"mini-mail\">\n        <a href=\"mailto:3414@khas.edu.tr\">3414@khas.edu.tr<\/a>\n      <\/span>\n    <\/div>\n  <\/div>\n<\/div>\t\t\t\t<\/div>\n\t\t\t\t<\/div>\n\t\t\t\t\t<\/div>\n\t\t\t\t<\/div>\n\t\t\t\t<\/div>\n\t\t\t\t\t<\/details>\n\t\t\t\t\t\t<details id=\"e-n-accordion-item-1822\" class=\"e-n-accordion-item\" >\n\t\t\t\t<summary class=\"e-n-accordion-item-title\" data-accordion-index=\"3\" tabindex=\"-1\" aria-expanded=\"false\" aria-controls=\"e-n-accordion-item-1822\" >\n\t\t\t\t\t<span class='e-n-accordion-item-title-header'><div class=\"e-n-accordion-item-title-text\"> Units Under the Vice Rector <\/div><\/span>\n\t\t\t\t\t\t\t<span class='e-n-accordion-item-title-icon'>\n\t\t\t<span class='e-opened' ><svg aria-hidden=\"true\" class=\"e-font-icon-svg e-fas-minus\" viewBox=\"0 0 448 512\" xmlns=\"http:\/\/www.w3.org\/2000\/svg\"><path d=\"M416 208H32c-17.67 0-32 14.33-32 32v32c0 17.67 14.33 32 32 32h384c17.67 0 32-14.33 32-32v-32c0-17.67-14.33-32-32-32z\"><\/path><\/svg><\/span>\n\t\t\t<span class='e-closed'><svg aria-hidden=\"true\" class=\"e-font-icon-svg e-fas-plus\" viewBox=\"0 0 448 512\" xmlns=\"http:\/\/www.w3.org\/2000\/svg\"><path d=\"M416 208H272V64c0-17.67-14.33-32-32-32h-32c-17.67 0-32 14.33-32 32v144H32c-17.67 0-32 14.33-32 32v32c0 17.67 14.33 32 32 32h144v144c0 17.67 14.33 32 32 32h32c17.67 0 32-14.33 32-32V304h144c17.67 0 32-14.33 32-32v-32c0-17.67-14.33-32-32-32z\"><\/path><\/svg><\/span>\n\t\t<\/span>\n\n\t\t\t\t\t\t<\/summary>\n\t\t\t\t<div role=\"region\" aria-labelledby=\"e-n-accordion-item-1822\" class=\"elementor-element elementor-element-cf52cc0 e-con-full e-flex e-con e-child\" data-id=\"cf52cc0\" data-element_type=\"container\" data-e-type=\"container\">\n\t\t<div role=\"region\" aria-labelledby=\"e-n-accordion-item-1822\" class=\"elementor-element elementor-element-bddb977 e-flex e-con-boxed e-con e-child\" data-id=\"bddb977\" data-element_type=\"container\" data-e-type=\"container\">\n\t\t\t\t\t<div class=\"e-con-inner\">\n\t\t\t\t<div class=\"elementor-element elementor-element-df934c2 elementor-widget elementor-widget-html\" data-id=\"df934c2\" data-element_type=\"widget\" data-e-type=\"widget\" data-widget_type=\"html.default\">\n\t\t\t\t<div class=\"elementor-widget-container\">\n\t\t\t\t\t<div class=\"sub-units\">\r\n  <div class=\"sub-unit\">\r\n    <span class=\"unit-title-main\">Vice Rector<br>for Academic Affairs <\/span>\r\n    <div class=\"deputy-header\">\r\n      <div class=\"photo-wrap deputy-photo\">\r\n        <img decoding=\"async\" src=\"https:\/\/www.khas.edu.tr\/wp-content\/uploads\/2025\/02\/MicrosoftTeams-image-5-200x200-1.jpg\" class=\"photo-circle\" alt=\"Prof. Mitat \u00c7EL\u0130KPALA\">\r\n      <\/div>\r\n      Prof. Mitat \u00c7EL\u0130KPALA <br>\r\n      <small>Vice Rector<\/small>\r\n    <\/div>\r\n\r\n    <span class=\"unit-title-main\">\r\n      <a class=\"unit-link\" href=\"https:\/\/www.khas.edu.tr\/en\/directorate-of-student-affairs\/\" target=\"_blank\" rel=\"noopener\">\r\n        Directorate of Student Affairs\r\n      <\/a>\r\n    <\/span>\r\n    <span class=\"person-name\">Merve TEK\u0130N<\/span>\r\n    <span class=\"person-role\">Director of Student Affairs<\/span>\r\n    <div class=\"orange-divider\"><\/div>\r\n\r\n    <span class=\"unit-title-main\">\r\n      <a class=\"unit-link\" href=\"https:\/\/www.khas.edu.tr\/en\/dean-of-students\/\" target=\"_blank\" rel=\"noopener\">\r\n        Dean of Students\r\n      <\/a>\r\n    <\/span>\r\n    <span class=\"person-name\">Assoc.Prof.Dr. H\u00fcseyin Emrah KARAO\u011eUZ<\/span>\r\n    <span class=\"person-role\">Dean of Students<\/span>\r\n    <div class=\"orange-divider\"><\/div>\r\n\r\n    <span class=\"unit-title-main\">Center for Excellence in Learning and Teaching (CELT)<\/span>\r\n    <span class=\"person-name\">Prof. Mitat \u00c7EL\u0130KPALA<\/span>\r\n    <span class=\"person-role\">Director of Center for Excellence in Learning and Teaching (CELT)<\/span>\r\n    <div class=\"orange-divider\"><\/div>\r\n  <\/div>\r\n\r\n  <div class=\"sub-unit\">\r\n    <span class=\"unit-title-main\">Vice Rector<br>for Research<\/span>\r\n    <div class=\"deputy-header\">\r\n      <div class=\"photo-wrap deputy-photo\">\r\n        <img decoding=\"async\" src=\"https:\/\/www.khas.edu.tr\/wp-content\/uploads\/2026\/03\/aysin-ertuzun-img.jpg\" class=\"photo-circle\" alt=\"Prof. Ay\u015f\u0131n ERT\u00dcZ\u00dcN\">\r\n      <\/div>\r\n      Prof. Ay\u015f\u0131n ERT\u00dcZ\u00dcN <br>\r\n      <small>Vice Rector<\/small>\r\n    <\/div>\r\n    <span class=\"unit-title-main\"><a class=\"unit-link\" href=\"https:\/\/www.khas.edu.tr\/en\/research-centers\/\" target=\"_blank\" rel=\"noopener\">Research Centers<\/a><\/span>\r\n    <div class=\"orange-divider\"><\/div>\r\n    <span class=\"unit-title-main\"><a class=\"unit-link\" href=\"https:\/\/www.khas.edu.tr\/arge\/\" target=\"_blank\" rel=\"noopener\">Directorate of R&D Resources<\/a><\/span>\r\n    <span class=\"person-name\">Prof. Ay\u015f\u0131n ERT\u00dcZ\u00dcN<\/span>\r\n    <span class=\"person-role\">Director of R&D Resources<\/span>\r\n    <div class=\"orange-divider\"><\/div>\r\n    <span class=\"unit-title-main\">\r\n        <a class=\"unit-link\" href=\"https:\/\/khasteknopark.com.tr\/\" target=\"_blank\" rel=\"noopener\">Kadir Has University Silivri Technopark<\/a><\/span>\r\n    <span class=\"person-name\">Latif ULU<\/span>\r\n    <span class=\"person-role\">General Manager<\/span>\r\n    <div class=\"orange-divider\"><\/div>\r\n  <\/div>\r\n\r\n  <div class=\"sub-unit\">\r\n    <span class=\"unit-title-main\">Vice Rector of Law, Ethics and Legal Compliance, Quality and Internal Audit<\/span>\r\n    <div class=\"deputy-header\">\r\n      <div class=\"photo-wrap deputy-photo\">\r\n        <img decoding=\"async\" src=\"https:\/\/www.khas.edu.tr\/wp-content\/uploads\/2026\/03\/nilay-arat.jpg\" class=\"photo-circle\" alt=\"Prof. Nilay ARAT\">\r\n      <\/div>\r\n      Prof. Nilay ARAT <br>\r\n      <small>Vice Rector<\/small>\r\n    <\/div>\r\n    <span class=\"unit-title-main\">Quality and Strategy Improvement Directorate<\/span>\r\n    <span class=\"person-name\">Prof. Nilay ARAT<\/span>\r\n    <span class=\"person-role\">Director of Quality and Strategy Improvement<\/span>\r\n    <div class=\"orange-divider\"><\/div>\r\n  <\/div>\r\n<\/div>\t\t\t\t<\/div>\n\t\t\t\t<\/div>\n\t\t\t\t\t<\/div>\n\t\t\t\t<\/div>\n\t\t\t\t<\/div>\n\t\t\t\t\t<\/details>\n\t\t\t\t\t\t<details id=\"e-n-accordion-item-1823\" class=\"e-n-accordion-item\" >\n\t\t\t\t<summary class=\"e-n-accordion-item-title\" data-accordion-index=\"4\" tabindex=\"-1\" aria-expanded=\"false\" aria-controls=\"e-n-accordion-item-1823\" >\n\t\t\t\t\t<span class='e-n-accordion-item-title-header'><div class=\"e-n-accordion-item-title-text\"> Units Under the Advisor to the Rector <\/div><\/span>\n\t\t\t\t\t\t\t<span class='e-n-accordion-item-title-icon'>\n\t\t\t<span class='e-opened' ><svg aria-hidden=\"true\" class=\"e-font-icon-svg e-fas-minus\" viewBox=\"0 0 448 512\" xmlns=\"http:\/\/www.w3.org\/2000\/svg\"><path d=\"M416 208H32c-17.67 0-32 14.33-32 32v32c0 17.67 14.33 32 32 32h384c17.67 0 32-14.33 32-32v-32c0-17.67-14.33-32-32-32z\"><\/path><\/svg><\/span>\n\t\t\t<span class='e-closed'><svg aria-hidden=\"true\" class=\"e-font-icon-svg e-fas-plus\" viewBox=\"0 0 448 512\" xmlns=\"http:\/\/www.w3.org\/2000\/svg\"><path d=\"M416 208H272V64c0-17.67-14.33-32-32-32h-32c-17.67 0-32 14.33-32 32v144H32c-17.67 0-32 14.33-32 32v32c0 17.67 14.33 32 32 32h144v144c0 17.67 14.33 32 32 32h32c17.67 0 32-14.33 32-32V304h144c17.67 0 32-14.33 32-32v-32c0-17.67-14.33-32-32-32z\"><\/path><\/svg><\/span>\n\t\t<\/span>\n\n\t\t\t\t\t\t<\/summary>\n\t\t\t\t<div role=\"region\" aria-labelledby=\"e-n-accordion-item-1823\" class=\"elementor-element elementor-element-c3cf113 e-flex e-con-boxed e-con e-child\" data-id=\"c3cf113\" data-element_type=\"container\" data-e-type=\"container\">\n\t\t\t\t\t<div class=\"e-con-inner\">\n\t\t<div role=\"region\" aria-labelledby=\"e-n-accordion-item-1823\" class=\"elementor-element elementor-element-b43f866 e-con-full e-flex e-con e-child\" data-id=\"b43f866\" data-element_type=\"container\" data-e-type=\"container\">\n\t\t\t\t<div class=\"elementor-element elementor-element-704408f elementor-widget elementor-widget-html\" data-id=\"704408f\" data-element_type=\"widget\" data-e-type=\"widget\" data-widget_type=\"html.default\">\n\t\t\t\t<div class=\"elementor-widget-container\">\n\t\t\t\t\t<div class=\"sub-unit\">\r\n  <span class=\"unit-title-main\">Advisor to the Rector<\/span>\r\n  <div class=\"deputy-header\">\r\n    <div class=\"photo-wrap deputy-photo\">\r\n      <img decoding=\"async\" src=\"https:\/\/www.khas.edu.tr\/wp-content\/uploads\/2026\/03\/mustafa-aydin.jpg\" class=\"photo-circle\" alt=\"Prof. Dr. Mustafa AYDIN\">\r\n    <\/div>\r\n    Prof.Dr. Mustafa AYDIN <br>\r\n    <small>Advisor to the Rector<\/small>\r\n  <\/div>\r\n  <div class=\"orange-divider\"><\/div>\r\n\r\n  <span class=\"unit-title-main\">International Partnerships<\/span>\r\n  <div class=\"orange-divider\"><\/div>\r\n\r\n  <span class=\"unit-title-main\">Corporate Donations and Partnerships Unit<\/span>\r\n  <div class=\"orange-divider\"><\/div>\r\n\r\n  <span class=\"unit-title-main\">Lifelong Learning Center<\/span>\r\n  <div class=\"orange-divider\"><\/div>        \r\n<\/div>\t\t\t\t<\/div>\n\t\t\t\t<\/div>\n\t\t\t\t<\/div>\n\t\t\t\t\t<\/div>\n\t\t\t\t<\/div>\n\t\t\t\t\t<\/details>\n\t\t\t\t\t<\/div>\n\t\t\t\t\t\t<\/div>\n\t\t\t\t<\/div>\n\t\t\t\t<\/div>\n\t\t\t\t<\/div>\n\t\t\t\t<\/div>\n\t\t","protected":false},"excerpt":{"rendered":"<p>Units Under the Secretary General Assoc.Prof.Dr. Taner ARSAN Secretary General arsan@khas.edu.tr Asst.Prof.Dr. \u0130smail KO\u00c7 Deputy Secretary General Directorate of Information Technologies and Digital Transformation Directorate of Human Resources Eda GED\u0130K Director of Human Resources Office of Purchasing Selin TOPSAKAL Purchasing Manager Mehmet MANYAS Deputy Secretary General Directorate of Corporate Communications and Promotion Ali YILMAZ Director [&hellip;]<\/p>\n","protected":false},"author":2,"featured_media":0,"parent":0,"menu_order":0,"comment_status":"closed","ping_status":"closed","template":"","meta":{"slim_seo":{"title":"Administrative Offices - Kadir Has University","description":"Units Under the Secretary General Assoc.Prof.Dr. Taner ARSAN Secretary General arsan@khas.edu.tr Asst.Prof.Dr. \u0130smail KO\u00c7 Deputy Secretary General Directorate o"},"footnotes":""},"birimler":[38],"class_list":["post-11547","page","type-page","status-publish","hentry","birimler-khas-homepage"],"_links":{"self":[{"href":"https:\/\/www.khas.edu.tr\/en\/wp-json\/wp\/v2\/pages\/11547","targetHints":{"allow":["GET"]}}],"collection":[{"href":"https:\/\/www.khas.edu.tr\/en\/wp-json\/wp\/v2\/pages"}],"about":[{"href":"https:\/\/www.khas.edu.tr\/en\/wp-json\/wp\/v2\/types\/page"}],"author":[{"embeddable":true,"href":"https:\/\/www.khas.edu.tr\/en\/wp-json\/wp\/v2\/users\/2"}],"replies":[{"embeddable":true,"href":"https:\/\/www.khas.edu.tr\/en\/wp-json\/wp\/v2\/comments?post=11547"}],"version-history":[{"count":94,"href":"https:\/\/www.khas.edu.tr\/en\/wp-json\/wp\/v2\/pages\/11547\/revisions"}],"predecessor-version":[{"id":39207,"href":"https:\/\/www.khas.edu.tr\/en\/wp-json\/wp\/v2\/pages\/11547\/revisions\/39207"}],"wp:attachment":[{"href":"https:\/\/www.khas.edu.tr\/en\/wp-json\/wp\/v2\/media?parent=11547"}],"wp:term":[{"taxonomy":"birimler","embeddable":true,"href":"https:\/\/www.khas.edu.tr\/en\/wp-json\/wp\/v2\/birimler?post=11547"}],"curies":[{"name":"wp","href":"https:\/\/api.w.org\/{rel}","templated":true}]}}