{"id":10571,"date":"2025-02-19T13:31:31","date_gmt":"2025-02-19T10:31:31","guid":{"rendered":"https:\/\/www.khas.edu.tr\/?page_id=10571"},"modified":"2025-02-19T14:21:32","modified_gmt":"2025-02-19T11:21:32","slug":"feedback-suggestion-form","status":"publish","type":"page","link":"https:\/\/www.khas.edu.tr\/en\/feedback-suggestion-form\/","title":{"rendered":"Feedback \/ Suggestion Form"},"content":{"rendered":"<div id=\"khas-form-message-3\" style=\"display:none;\" class=\"alert\" role=\"alert\"><\/div><form id=\"khas-form-3\" class=\"khas-smtp-form\" method=\"post\"><input type=\"hidden\" name=\"form_id\" value=\"3\"><div class=\"container py-5\">\r\n    <div class=\"row justify-content-center\">\r\n        <div class=\"col-12\">\r\n            <div class=\"card shadow-sm\">\r\n                <div class=\"card-body p-4\">\r\n                    <div class=\"row g-3\">\r\n                        <div class=\"col-md-6\">\r\n                            <label for=\"first-name\" class=\"form-label\">First Name<\/label>\r\n                            <input type=\"text\" class=\"form-control\" name=\"first-name\" id=\"first-name\" required>\r\n                        <\/div>\r\n                        <div class=\"col-md-6\">\r\n                            <label for=\"last-name\" class=\"form-label\">Last Name<\/label>\r\n                            <input type=\"text\" class=\"form-control\" name=\"last-name\" id=\"last-name\" required>\r\n                        <\/div>\r\n                        <div class=\"col-12\">\r\n                            <label for=\"email\" class=\"form-label\">Email Address<\/label>\r\n                            <input type=\"email\" class=\"form-control\" name=\"email\" id=\"email\" required>\r\n                        <\/div>\r\n                        <div class=\"col-12\">\r\n                            <label for=\"message\" class=\"form-label\">Feedback \/ Suggestion<\/label>\r\n                            <textarea class=\"form-control\" name=\"message\" id=\"message\" rows=\"4\" required><\/textarea>\r\n                        <\/div>\r\n                        <div class=\"col-12\">\r\n                            \n    <div class=\"row\">\n        <div class=\"col-12\">\n            <div class=\"form-check mb-3\">\n                <input class=\"form-check-input\" type=\"checkbox\" id=\"kvkkCheck\" required>\n                <label class=\"form-check-label\" style=\"font-size:14px;\" for=\"kvkkCheck\">\n                    I have read and approved the <a href=\"\" target=\"_blank\" style=\"color: blue; text-decoration: underline;\">Informative and Clarification Text<\/a> within the scope of \"Personal Data Protection Law\".\n                <\/label>\n            <\/div>\n        <\/div>\n    <\/div>\n    <div class=\"g-recaptcha mb-3\" data-sitekey=\"6Le49tsqAAAAACAmj8gGpsEccVk9QZiIAZlXjcPO\"><\/div>\r\n                        <\/div>\r\n                        <div class=\"col-12\">\r\n                            <button type=\"submit\" class=\"btn btn-secondary\">Submit<\/button>\r\n                        <\/div>\r\n                    <\/div>\r\n                <\/div>\r\n            <\/div>\r\n        <\/div>\r\n    <\/div>\r\n<\/div><\/form>\n    <script>\n    jQuery(document).ready(function($) {\n        $('#khas-form-3').on('submit', function(e) {\n            e.preventDefault();\n            \n            if (grecaptcha.getResponse() == '') {\n                alert('L\u00fctfen robot olmad\u0131\u011f\u0131n\u0131z\u0131 do\u011frulay\u0131n.');\n                return false;\n            }\n\n            var form = $(this);\n            var messageDiv = $('#khas-form-message-3');\n            var submitButton = form.find('button[type=\"submit\"]');\n            var formData = new FormData(this);\n            \n            \/\/ AJAX verilerini ekle\n            formData.append('action', 'khas_smtp_send_mail');\n            formData.append('g-recaptcha-response', grecaptcha.getResponse());\n            \n            \/\/ Submit butonunu devre d\u0131\u015f\u0131 b\u0131rak\n            submitButton.prop('disabled', true);\n            submitButton.html('G\u00f6nderiliyor...');\n            \n            $.ajax({\n                url: 'https:\/\/www.khas.edu.tr\/wp-admin\/admin-ajax.php',\n                type: 'POST',\n                data: formData,\n                processData: false,\n                contentType: false,\n                success: function(response) {\n                    if (response.success) {\n                        messageDiv.removeClass('alert-danger').addClass('alert-success');\n                        messageDiv.html('Mesaj\u0131n\u0131z ba\u015far\u0131yla g\u00f6nderildi.');\n                        form[0].reset();\n                        grecaptcha.reset();\n                    } else {\n                        messageDiv.removeClass('alert-success').addClass('alert-danger');\n                        messageDiv.html(response.data.message || 'Bir hata olu\u015ftu.');\n                    }\n                },\n                error: function() {\n                    messageDiv.removeClass('alert-success').addClass('alert-danger');\n                    messageDiv.html('Bir hata olu\u015ftu. L\u00fctfen daha sonra tekrar deneyin.');\n                },\n                complete: function() {\n                    messageDiv.show();\n                    submitButton.prop('disabled', false);\n                    submitButton.html('G\u00f6nder');\n                }\n            });\n        });\n    });\n    <\/script>\n","protected":false},"excerpt":{"rendered":"","protected":false},"author":1,"featured_media":0,"parent":0,"menu_order":0,"comment_status":"closed","ping_status":"closed","template":"","meta":{"slim_seo":{"title":"Feedback \/ Suggestion Form - Kadir Has University","description":""},"footnotes":""},"birimler":[37],"class_list":["post-10571","page","type-page","status-publish","hentry","birimler-khas-anasayfa"],"_links":{"self":[{"href":"https:\/\/www.khas.edu.tr\/en\/wp-json\/wp\/v2\/pages\/10571","targetHints":{"allow":["GET"]}}],"collection":[{"href":"https:\/\/www.khas.edu.tr\/en\/wp-json\/wp\/v2\/pages"}],"about":[{"href":"https:\/\/www.khas.edu.tr\/en\/wp-json\/wp\/v2\/types\/page"}],"author":[{"embeddable":true,"href":"https:\/\/www.khas.edu.tr\/en\/wp-json\/wp\/v2\/users\/1"}],"replies":[{"embeddable":true,"href":"https:\/\/www.khas.edu.tr\/en\/wp-json\/wp\/v2\/comments?post=10571"}],"version-history":[{"count":2,"href":"https:\/\/www.khas.edu.tr\/en\/wp-json\/wp\/v2\/pages\/10571\/revisions"}],"predecessor-version":[{"id":10574,"href":"https:\/\/www.khas.edu.tr\/en\/wp-json\/wp\/v2\/pages\/10571\/revisions\/10574"}],"wp:attachment":[{"href":"https:\/\/www.khas.edu.tr\/en\/wp-json\/wp\/v2\/media?parent=10571"}],"wp:term":[{"taxonomy":"birimler","embeddable":true,"href":"https:\/\/www.khas.edu.tr\/en\/wp-json\/wp\/v2\/birimler?post=10571"}],"curies":[{"name":"wp","href":"https:\/\/api.w.org\/{rel}","templated":true}]}}