{"id":10340,"date":"2025-02-19T02:32:17","date_gmt":"2025-02-18T23:32:17","guid":{"rendered":"https:\/\/www.khas.edu.tr\/?page_id=10340"},"modified":"2026-03-06T08:07:52","modified_gmt":"2026-03-06T05:07:52","slug":"fad-industrial-partnerships","status":"publish","type":"page","link":"https:\/\/www.khas.edu.tr\/en\/fad-industrial-partnerships\/","title":{"rendered":"Industrial Partnerships"},"content":{"rendered":"\t\t<div data-elementor-type=\"wp-page\" data-elementor-id=\"10340\" class=\"elementor elementor-10340 elementor-10335\">\n\t\t\t\t<div class=\"elementor-element elementor-element-a155022 e-flex e-con-boxed e-con e-parent\" data-id=\"a155022\" data-element_type=\"container\" data-e-type=\"container\">\n\t\t\t\t\t<div class=\"e-con-inner\">\n\t\t\t\t<div class=\"elementor-element elementor-element-c99ade7 elementor-widget elementor-widget-text-editor\" data-id=\"c99ade7\" data-element_type=\"widget\" data-e-type=\"widget\" data-widget_type=\"text-editor.default\">\n\t\t\t\t<div class=\"elementor-widget-container\">\n\t\t\t\t\t\t\t\t\t<h2><strong>Architecture<\/strong><\/h2><ul><li>Tabanl\u0131o\u011flu Architects (TA)<\/li><li>At\u00f6lye GizemAk\u0131n<\/li><li>PATTU<\/li><li>ENKA<\/li><li>Fibrobeton<\/li><li>ERA Mimarl\u0131k<\/li><li>SALT<\/li><li>HILTI<\/li><li>Reynaers<\/li><\/ul><h2><strong>Industrial Design<\/strong><\/h2><ul><li>Studio Sahil Rezzan Haso\u011flu<\/li><li>\u015ei\u015fecam<\/li><li>TO_Tanju \u00d6zelgin Design Studio<\/li><li>Anadolu K\u00fclt\u00fcrel Giri\u015fimcilik<\/li><li>DesignUM<\/li><li>Userspots<\/li><li>\u0130stanbul Ara\u015ft\u0131rmalar\u0131 Enstit\u00fcs\u00fc<\/li><\/ul><h2><strong>Interior Architecture and Environmental Design<\/strong><\/h2><ul><li>Okta Mimarl\u0131k<\/li><li>SPM Proje Y\u00f6netim ve Dan\u0131\u015fmanl\u0131k<\/li><li>Zetnep Fad\u0131ll\u0131o\u011flu Design<\/li><li>Soundteria<\/li><li>Autodesk<\/li><li>Tecr\u00fcbeli Mermer Granit Dekorasyon<\/li><li>RADICON<\/li><\/ul><h2><strong>Theatre<\/strong><\/h2><ul><li>\u00c7\u0131plak Ayaklar Toplulu\u011fu<\/li><li>\u0130stanbul \u015eehir Tiyatrolar\u0131<\/li><li>L&#8217;Oltrarno Scuola, the National Theatre School of Acting of Tuscany<\/li><li>Tiyatro Pera Toplulu\u011fu<\/li><li>\u0130KSV<\/li><li>Talimhane Tiyatrosu<\/li><li>Arcola Theatre<\/li><\/ul>\t\t\t\t\t\t\t\t<\/div>\n\t\t\t\t<\/div>\n\t\t\t\t\t<\/div>\n\t\t\t\t<\/div>\n\t\t\t\t<\/div>\n\t\t","protected":false},"excerpt":{"rendered":"<p>Architecture Tabanl\u0131o\u011flu Architects (TA) At\u00f6lye GizemAk\u0131n PATTU ENKA Fibrobeton ERA Mimarl\u0131k SALT HILTI Reynaers Industrial Design Studio Sahil Rezzan Haso\u011flu \u015ei\u015fecam TO_Tanju \u00d6zelgin Design Studio Anadolu K\u00fclt\u00fcrel Giri\u015fimcilik DesignUM Userspots \u0130stanbul Ara\u015ft\u0131rmalar\u0131 Enstit\u00fcs\u00fc Interior Architecture and Environmental Design Okta Mimarl\u0131k SPM Proje Y\u00f6netim ve Dan\u0131\u015fmanl\u0131k Zetnep Fad\u0131ll\u0131o\u011flu Design Soundteria Autodesk Tecr\u00fcbeli Mermer Granit Dekorasyon RADICON [&hellip;]<\/p>\n","protected":false},"author":2,"featured_media":0,"parent":0,"menu_order":0,"comment_status":"closed","ping_status":"closed","template":"","meta":{"slim_seo":{"title":"Industrial Partnerships - Kadir Has University","description":"Architecture Tabanl\u0131o\u011flu Architects (TA) At\u00f6lye GizemAk\u0131n PATTU ENKA Fibrobeton ERA Mimarl\u0131k SALT HILTI Reynaers Industrial Design Studio Sahil Rezzan Haso\u011flu \u015e"},"footnotes":""},"birimler":[57],"class_list":["post-10340","page","type-page","status-publish","hentry","birimler-stf"],"_links":{"self":[{"href":"https:\/\/www.khas.edu.tr\/en\/wp-json\/wp\/v2\/pages\/10340","targetHints":{"allow":["GET"]}}],"collection":[{"href":"https:\/\/www.khas.edu.tr\/en\/wp-json\/wp\/v2\/pages"}],"about":[{"href":"https:\/\/www.khas.edu.tr\/en\/wp-json\/wp\/v2\/types\/page"}],"author":[{"embeddable":true,"href":"https:\/\/www.khas.edu.tr\/en\/wp-json\/wp\/v2\/users\/2"}],"replies":[{"embeddable":true,"href":"https:\/\/www.khas.edu.tr\/en\/wp-json\/wp\/v2\/comments?post=10340"}],"version-history":[{"count":5,"href":"https:\/\/www.khas.edu.tr\/en\/wp-json\/wp\/v2\/pages\/10340\/revisions"}],"predecessor-version":[{"id":37572,"href":"https:\/\/www.khas.edu.tr\/en\/wp-json\/wp\/v2\/pages\/10340\/revisions\/37572"}],"wp:attachment":[{"href":"https:\/\/www.khas.edu.tr\/en\/wp-json\/wp\/v2\/media?parent=10340"}],"wp:term":[{"taxonomy":"birimler","embeddable":true,"href":"https:\/\/www.khas.edu.tr\/en\/wp-json\/wp\/v2\/birimler?post=10340"}],"curies":[{"name":"wp","href":"https:\/\/api.w.org\/{rel}","templated":true}]}}