{"id":10288,"date":"2025-02-19T02:06:22","date_gmt":"2025-02-18T23:06:22","guid":{"rendered":"https:\/\/www.khas.edu.tr\/?page_id=10288"},"modified":"2026-03-06T09:19:42","modified_gmt":"2026-03-06T06:19:42","slug":"fad-research-projects","status":"publish","type":"page","link":"https:\/\/www.khas.edu.tr\/en\/fad-research-projects\/","title":{"rendered":"Research Projects"},"content":{"rendered":"\t\t<div data-elementor-type=\"wp-page\" data-elementor-id=\"10288\" class=\"elementor elementor-10288 elementor-10283\">\n\t\t\t\t<div class=\"elementor-element elementor-element-697cdc6 e-flex e-con-boxed e-con e-parent\" data-id=\"697cdc6\" data-element_type=\"container\" data-e-type=\"container\">\n\t\t\t\t\t<div class=\"e-con-inner\">\n\t\t\t\t<div class=\"elementor-element elementor-element-39fa0b7 elementor-widget elementor-widget-heading\" data-id=\"39fa0b7\" data-element_type=\"widget\" data-e-type=\"widget\" data-widget_type=\"heading.default\">\n\t\t\t\t<div class=\"elementor-widget-container\">\n\t\t\t\t\t<h2 class=\"elementor-heading-title elementor-size-default\">DESIGNHUB-IST Design, Training and Application Center<\/h2>\t\t\t\t<\/div>\n\t\t\t\t<\/div>\n\t\t\t\t<div class=\"elementor-element elementor-element-67cfd55 elementor-widget elementor-widget-text-editor\" data-id=\"67cfd55\" data-element_type=\"widget\" data-e-type=\"widget\" data-widget_type=\"text-editor.default\">\n\t\t\t\t<div class=\"elementor-widget-container\">\n\t\t\t\t\t\t\t\t\t<p><strong>Coordinator<\/strong>: Prof. Dr. Banu Manav, Interior Architecture and Environmental Design<\/p><p><b>Project Team: <\/b><\/p><ul><li>Assoc. Prof. Konca \u015eaher (Advisor, Acoustic)<\/li><li>Asst. Prof. Ayhan En\u015fici (Advisor, Industrial Design)<\/li><li>Asst. Prof. Sabri G\u00f6kmen (Advisor, Architectural Digital Design)<\/li><li>Zeynep Ac\u0131rl\u0131, PhD Candidate<\/li><li>Zainab Nadher Abdulridha Al-Rubaye, Undergrad Student<\/li><\/ul><p><strong>Supported by: <\/strong>Istanbul Development Agency (IDA)\u00a0Financial Support Program, 2021<\/p><p><strong>Project Website:<\/strong>\u00a0 <a href=\"https:\/\/designhubist.com\/\">https:\/\/designhubist.com\/<\/a><\/p>\t\t\t\t\t\t\t\t<\/div>\n\t\t\t\t<\/div>\n\t\t\t\t<div class=\"elementor-element elementor-element-4dfabcb elementor-widget-divider--view-line elementor-widget elementor-widget-divider\" data-id=\"4dfabcb\" data-element_type=\"widget\" data-e-type=\"widget\" data-widget_type=\"divider.default\">\n\t\t\t\t<div class=\"elementor-widget-container\">\n\t\t\t\t\t\t\t<div class=\"elementor-divider\">\n\t\t\t<span class=\"elementor-divider-separator\">\n\t\t\t\t\t\t<\/span>\n\t\t<\/div>\n\t\t\t\t\t\t<\/div>\n\t\t\t\t<\/div>\n\t\t\t\t\t<\/div>\n\t\t\t\t<\/div>\n\t\t<div class=\"elementor-element elementor-element-b77ce4e e-flex e-con-boxed e-con e-parent\" data-id=\"b77ce4e\" data-element_type=\"container\" data-e-type=\"container\">\n\t\t\t\t\t<div class=\"e-con-inner\">\n\t\t\t\t<div class=\"elementor-element elementor-element-af4fb32 elementor-widget elementor-widget-heading\" data-id=\"af4fb32\" data-element_type=\"widget\" data-e-type=\"widget\" data-widget_type=\"heading.default\">\n\t\t\t\t<div class=\"elementor-widget-container\">\n\t\t\t\t\t<h2 class=\"elementor-heading-title elementor-size-default\">Sustainable Management of Industrial Heritage as a Resource for Urban Development (CONSIDER)<\/h2>\t\t\t\t<\/div>\n\t\t\t\t<\/div>\n\t\t\t\t<div class=\"elementor-element elementor-element-5a13628 elementor-widget elementor-widget-text-editor\" data-id=\"5a13628\" data-element_type=\"widget\" data-e-type=\"widget\" data-widget_type=\"text-editor.default\">\n\t\t\t\t<div class=\"elementor-widget-container\">\n\t\t\t\t\t\t\t\t\t<p><strong>Coordinator:<\/strong> Prof. Dr. Yonca Erkan, Architecture\u00a0<\/p><p><strong>Project Team:<\/strong><\/p><ul><li>Assoc. Prof. Birge Y\u0131ld\u0131r\u0131m OKTA (Senior Researcher)<\/li><li>Assoc. Prof. Konca \u015eaher (Senior Researcher)<\/li><li>\u0130rem \u0130nce Keller (Researcher)<\/li><\/ul><p><strong>Supported by: <\/strong>Horizon2020_MSCA_RISE, 2021-2025<\/p><p><strong>Project Website:<\/strong> <a href=\"https:\/\/considerproject.eu\/\">https:\/\/considerproject.eu\/<\/a><\/p>\t\t\t\t\t\t\t\t<\/div>\n\t\t\t\t<\/div>\n\t\t\t\t<div class=\"elementor-element elementor-element-700e650 elementor-widget-divider--view-line elementor-widget elementor-widget-divider\" data-id=\"700e650\" data-element_type=\"widget\" data-e-type=\"widget\" data-widget_type=\"divider.default\">\n\t\t\t\t<div class=\"elementor-widget-container\">\n\t\t\t\t\t\t\t<div class=\"elementor-divider\">\n\t\t\t<span class=\"elementor-divider-separator\">\n\t\t\t\t\t\t<\/span>\n\t\t<\/div>\n\t\t\t\t\t\t<\/div>\n\t\t\t\t<\/div>\n\t\t\t\t\t<\/div>\n\t\t\t\t<\/div>\n\t\t<div class=\"elementor-element elementor-element-992c65c e-flex e-con-boxed e-con e-parent\" data-id=\"992c65c\" data-element_type=\"container\" data-e-type=\"container\">\n\t\t\t\t\t<div class=\"e-con-inner\">\n\t\t\t\t<div class=\"elementor-element elementor-element-0e55973 elementor-widget elementor-widget-heading\" data-id=\"0e55973\" data-element_type=\"widget\" data-e-type=\"widget\" data-widget_type=\"heading.default\">\n\t\t\t\t<div class=\"elementor-widget-container\">\n\t\t\t\t\t<h2 class=\"elementor-heading-title elementor-size-default\">In the context of Urban-Rural Continuity, Web-GIS-based Integrated Site Management Model for Historic Cities: The Case of \u0130znik<\/h2>\t\t\t\t<\/div>\n\t\t\t\t<\/div>\n\t\t\t\t<div class=\"elementor-element elementor-element-7af85dd elementor-widget elementor-widget-text-editor\" data-id=\"7af85dd\" data-element_type=\"widget\" data-e-type=\"widget\" data-widget_type=\"text-editor.default\">\n\t\t\t\t<div class=\"elementor-widget-container\">\n\t\t\t\t\t\t\t\t\t<p><strong>Coordinator:<\/strong> Prof. Dr. Yonca Erkan, Architecture\u00a0<\/p><p><strong>Project Team:<\/strong><\/p><ul><li>Prof. Dr. Murat G\u00fcven\u00e7 (Researcher)<\/li><li>Prof. Dr. E. F\u00fcsun Alio\u011flu (Researcher)<\/li><li>Dr. Mahmut \u00c7avuro\u011flu (Researcher)<\/li><li>Dr. Nazl\u0131 Song\u00fclen (Post-doc Scholar)<\/li><li>Amine Alkan Reis (PhD Scholar)<\/li><li>G\u00f6rkem Akdur (PhD Scholar)<\/li><li>Damla Pilevne (Master&#8217;s Scholar)<\/li><li>Nazl\u0131 Do\u011fan Talyak (Master&#8217;s Scholar)<\/li><li>Burak Ayd\u0131n (Undergrad Scholar)<\/li><li>\u015eeyma Yava\u015f (Undergrad Scholar)<\/li><li>Selen Yaren Demir (Undergrad Scholar)<\/li><li>Gizem Demirk\u0131ran (Architect, Volunteer Researcher)<\/li><\/ul><p><strong>Supported by: <\/strong>T\u00dcB\u0130TAK ARDEB 1001 Program, 2020-2023<\/p><p><strong>Project Website: <\/strong><a href=\"https:\/\/iznikkorumaprojesi.com\">https:\/\/iznikkorumaprojesi.com<\/a><\/p>\t\t\t\t\t\t\t\t<\/div>\n\t\t\t\t<\/div>\n\t\t\t\t<div class=\"elementor-element elementor-element-010fc0e elementor-widget-divider--view-line elementor-widget elementor-widget-divider\" data-id=\"010fc0e\" data-element_type=\"widget\" data-e-type=\"widget\" data-widget_type=\"divider.default\">\n\t\t\t\t<div class=\"elementor-widget-container\">\n\t\t\t\t\t\t\t<div class=\"elementor-divider\">\n\t\t\t<span class=\"elementor-divider-separator\">\n\t\t\t\t\t\t<\/span>\n\t\t<\/div>\n\t\t\t\t\t\t<\/div>\n\t\t\t\t<\/div>\n\t\t\t\t\t<\/div>\n\t\t\t\t<\/div>\n\t\t<div class=\"elementor-element elementor-element-f2ac17e e-flex e-con-boxed e-con e-parent\" data-id=\"f2ac17e\" data-element_type=\"container\" data-e-type=\"container\">\n\t\t\t\t\t<div class=\"e-con-inner\">\n\t\t\t\t<div class=\"elementor-element elementor-element-788c451 elementor-widget elementor-widget-heading\" data-id=\"788c451\" data-element_type=\"widget\" data-e-type=\"widget\" data-widget_type=\"heading.default\">\n\t\t\t\t<div class=\"elementor-widget-container\">\n\t\t\t\t\t<h2 class=\"elementor-heading-title elementor-size-default\">Gendered Dynamics of High-Skilled Labour Migration in Istanbul<\/h2>\t\t\t\t<\/div>\n\t\t\t\t<\/div>\n\t\t\t\t<div class=\"elementor-element elementor-element-8cdf9c0 elementor-widget elementor-widget-text-editor\" data-id=\"8cdf9c0\" data-element_type=\"widget\" data-e-type=\"widget\" data-widget_type=\"text-editor.default\">\n\t\t\t\t<div class=\"elementor-widget-container\">\n\t\t\t\t\t\t\t\t\t<p><strong>Coordinator:<\/strong> Assoc. Prof. Ezgi Tuncer, Architecture\u00a0<\/p><p><b>Researcher: <\/b>Prof. Dr. Eleonore Kofman (Middlesex University)<\/p><p><strong style=\"font-family: var( --e-global-typography-text-font-family ), Sans-serif;\">Supported by: <\/strong>T\u00dcB\u0130TAK ARDEB 1001 Program, 2021<\/p>\t\t\t\t\t\t\t\t<\/div>\n\t\t\t\t<\/div>\n\t\t\t\t<div class=\"elementor-element elementor-element-9957cad elementor-widget-divider--view-line elementor-widget elementor-widget-divider\" data-id=\"9957cad\" data-element_type=\"widget\" data-e-type=\"widget\" data-widget_type=\"divider.default\">\n\t\t\t\t<div class=\"elementor-widget-container\">\n\t\t\t\t\t\t\t<div class=\"elementor-divider\">\n\t\t\t<span class=\"elementor-divider-separator\">\n\t\t\t\t\t\t<\/span>\n\t\t<\/div>\n\t\t\t\t\t\t<\/div>\n\t\t\t\t<\/div>\n\t\t\t\t\t<\/div>\n\t\t\t\t<\/div>\n\t\t\t\t<\/div>\n\t\t","protected":false},"excerpt":{"rendered":"<p>DESIGNHUB-IST Design, Training and Application Center Coordinator: Prof. Dr. Banu Manav, Interior Architecture and Environmental Design Project Team: Assoc. Prof. Konca \u015eaher (Advisor, Acoustic) Asst. Prof. Ayhan En\u015fici (Advisor, Industrial Design) Asst. Prof. Sabri G\u00f6kmen (Advisor, Architectural Digital Design) Zeynep Ac\u0131rl\u0131, PhD Candidate Zainab Nadher Abdulridha Al-Rubaye, Undergrad Student Supported by: Istanbul Development Agency (IDA)\u00a0Financial [&hellip;]<\/p>\n","protected":false},"author":2,"featured_media":0,"parent":0,"menu_order":0,"comment_status":"closed","ping_status":"closed","template":"","meta":{"slim_seo":{"title":"Research Projects - Kadir Has University","description":"DESIGNHUB-IST Design, Training and Application Center Coordinator : Prof. Dr. Banu Manav, Interior Architecture and Environmental Design Project Team: Assoc. Pr"},"footnotes":""},"birimler":[57],"class_list":["post-10288","page","type-page","status-publish","hentry","birimler-stf"],"_links":{"self":[{"href":"https:\/\/www.khas.edu.tr\/en\/wp-json\/wp\/v2\/pages\/10288","targetHints":{"allow":["GET"]}}],"collection":[{"href":"https:\/\/www.khas.edu.tr\/en\/wp-json\/wp\/v2\/pages"}],"about":[{"href":"https:\/\/www.khas.edu.tr\/en\/wp-json\/wp\/v2\/types\/page"}],"author":[{"embeddable":true,"href":"https:\/\/www.khas.edu.tr\/en\/wp-json\/wp\/v2\/users\/2"}],"replies":[{"embeddable":true,"href":"https:\/\/www.khas.edu.tr\/en\/wp-json\/wp\/v2\/comments?post=10288"}],"version-history":[{"count":12,"href":"https:\/\/www.khas.edu.tr\/en\/wp-json\/wp\/v2\/pages\/10288\/revisions"}],"predecessor-version":[{"id":37500,"href":"https:\/\/www.khas.edu.tr\/en\/wp-json\/wp\/v2\/pages\/10288\/revisions\/37500"}],"wp:attachment":[{"href":"https:\/\/www.khas.edu.tr\/en\/wp-json\/wp\/v2\/media?parent=10288"}],"wp:term":[{"taxonomy":"birimler","embeddable":true,"href":"https:\/\/www.khas.edu.tr\/en\/wp-json\/wp\/v2\/birimler?post=10288"}],"curies":[{"name":"wp","href":"https:\/\/api.w.org\/{rel}","templated":true}]}}