{"id":10149,"date":"2025-02-18T22:48:05","date_gmt":"2025-02-18T19:48:05","guid":{"rendered":"https:\/\/www.khas.edu.tr\/?page_id=10149"},"modified":"2025-07-03T10:29:09","modified_gmt":"2025-07-03T07:29:09","slug":"comm-administration","status":"publish","type":"page","link":"https:\/\/www.khas.edu.tr\/en\/comm-administration\/","title":{"rendered":"Administration"},"content":{"rendered":"\t\t<div data-elementor-type=\"wp-page\" data-elementor-id=\"10149\" class=\"elementor elementor-10149\">\n\t\t\t\t<div class=\"elementor-element elementor-element-6e6e470 e-flex e-con-boxed e-con e-parent\" data-id=\"6e6e470\" data-element_type=\"container\" data-e-type=\"container\">\n\t\t\t\t\t<div class=\"e-con-inner\">\n\t\t\t\t<div class=\"elementor-element elementor-element-133f744 elementor-widget elementor-widget-heading\" data-id=\"133f744\" data-element_type=\"widget\" data-e-type=\"widget\" data-widget_type=\"heading.default\">\n\t\t\t\t<div class=\"elementor-widget-container\">\n\t\t\t\t\t<h2 class=\"elementor-heading-title elementor-size-default\">Dean's Office\n<\/h2>\t\t\t\t<\/div>\n\t\t\t\t<\/div>\n\t\t\t\t<div class=\"elementor-element elementor-element-9c8f328 elementor-widget elementor-widget-text-editor\" data-id=\"9c8f328\" data-element_type=\"widget\" data-e-type=\"widget\" data-widget_type=\"text-editor.default\">\n\t\t\t\t<div class=\"elementor-widget-container\">\n\t\t\t\t\t\t\t\t\t<p><strong>Prof. Dr. Metin Kozak<\/strong><br>Dekan<\/p>\n<p><strong>Dr. \u00d6\u011fr. \u00dcyesi \u0130dil Ak\u0131n<br><\/strong>Vice Dean<\/p>\n<div class=\"elementor-element elementor-element-4effb62 elementor-widget-divider--view-line elementor-widget elementor-widget-divider\" data-id=\"4effb62\" data-element_type=\"widget\" data-widget_type=\"divider.default\">\n<div class=\"elementor-widget-container\">\n<div class=\"elementor-divider\"><br><\/div>\n<\/div>\n<\/div>\t\t\t\t\t\t\t\t<\/div>\n\t\t\t\t<\/div>\n\t\t\t\t<div class=\"elementor-element elementor-element-1c666a2 elementor-widget-divider--view-line elementor-widget elementor-widget-divider\" data-id=\"1c666a2\" data-element_type=\"widget\" data-e-type=\"widget\" data-widget_type=\"divider.default\">\n\t\t\t\t<div class=\"elementor-widget-container\">\n\t\t\t\t\t\t\t<div class=\"elementor-divider\">\n\t\t\t<span class=\"elementor-divider-separator\">\n\t\t\t\t\t\t<\/span>\n\t\t<\/div>\n\t\t\t\t\t\t<\/div>\n\t\t\t\t<\/div>\n\t\t\t\t<div class=\"elementor-element elementor-element-5e595ee elementor-widget elementor-widget-heading\" data-id=\"5e595ee\" data-element_type=\"widget\" data-e-type=\"widget\" data-widget_type=\"heading.default\">\n\t\t\t\t<div class=\"elementor-widget-container\">\n\t\t\t\t\t<h2 class=\"elementor-heading-title elementor-size-default\">Faculty Secretariat\n<\/h2>\t\t\t\t<\/div>\n\t\t\t\t<\/div>\n\t\t\t\t<div class=\"elementor-element elementor-element-6e3af76 elementor-widget elementor-widget-text-editor\" data-id=\"6e3af76\" data-element_type=\"widget\" data-e-type=\"widget\" data-widget_type=\"text-editor.default\">\n\t\t\t\t<div class=\"elementor-widget-container\">\n\t\t\t\t\t\t\t\t\t<p><strong>Ayfer Vatansever<\/strong> | Specialist<br \/><a href=\"mailto:ayfer.vatansever@khas.edu.tr\">ayfer.vatansever@khas.edu.tr<\/a> | Ext: 1501<\/p>\t\t\t\t\t\t\t\t<\/div>\n\t\t\t\t<\/div>\n\t\t\t\t\t<\/div>\n\t\t\t\t<\/div>\n\t\t\t\t<\/div>\n\t\t","protected":false},"excerpt":{"rendered":"<p>Dean&#8217;s Office Prof. Dr. Metin KozakDekan Dr. \u00d6\u011fr. \u00dcyesi \u0130dil Ak\u0131nVice Dean Faculty Secretariat Ayfer Vatansever | Specialistayfer.vatansever@khas.edu.tr | Ext: 1501<\/p>\n","protected":false},"author":2,"featured_media":0,"parent":0,"menu_order":0,"comment_status":"closed","ping_status":"closed","template":"","meta":{"slim_seo":{"title":"Administration - Kadir Has University","description":"Dean's Office Prof. Dr. Metin Kozak Dekan Dr. \u00d6\u011fr. \u00dcyesi \u0130dil Ak\u0131n Vice Dean Faculty Secretariat Ayfer Vatansever | Specialist ayfer.vatansever@khas.edu.tr | Ex"},"footnotes":""},"birimler":[80],"class_list":["post-10149","page","type-page","status-publish","hentry","birimler-comm"],"_links":{"self":[{"href":"https:\/\/www.khas.edu.tr\/en\/wp-json\/wp\/v2\/pages\/10149","targetHints":{"allow":["GET"]}}],"collection":[{"href":"https:\/\/www.khas.edu.tr\/en\/wp-json\/wp\/v2\/pages"}],"about":[{"href":"https:\/\/www.khas.edu.tr\/en\/wp-json\/wp\/v2\/types\/page"}],"author":[{"embeddable":true,"href":"https:\/\/www.khas.edu.tr\/en\/wp-json\/wp\/v2\/users\/2"}],"replies":[{"embeddable":true,"href":"https:\/\/www.khas.edu.tr\/en\/wp-json\/wp\/v2\/comments?post=10149"}],"version-history":[{"count":5,"href":"https:\/\/www.khas.edu.tr\/en\/wp-json\/wp\/v2\/pages\/10149\/revisions"}],"predecessor-version":[{"id":24656,"href":"https:\/\/www.khas.edu.tr\/en\/wp-json\/wp\/v2\/pages\/10149\/revisions\/24656"}],"wp:attachment":[{"href":"https:\/\/www.khas.edu.tr\/en\/wp-json\/wp\/v2\/media?parent=10149"}],"wp:term":[{"taxonomy":"birimler","embeddable":true,"href":"https:\/\/www.khas.edu.tr\/en\/wp-json\/wp\/v2\/birimler?post=10149"}],"curies":[{"name":"wp","href":"https:\/\/api.w.org\/{rel}","templated":true}]}}